{"id":133,"date":"2022-06-06T09:28:11","date_gmt":"2022-06-06T07:28:11","guid":{"rendered":"https:\/\/site.educa.madrid.org\/ies.alfonsomoreno.brunete\/?page_id=133"},"modified":"2026-05-11T12:15:24","modified_gmt":"2026-05-11T10:15:24","slug":"proceso-de-admision","status":"publish","type":"page","link":"https:\/\/site.educa.madrid.org\/ies.alfonsomoreno.brunete\/index.php\/secretaria\/proceso-de-admision\/","title":{"rendered":"Admisi\u00f3n curso 26-27"},"content":{"rendered":"\n<h1 class=\"wp-block-heading has-medium-font-size\"><strong><mark style=\"background-color:rgba(0, 0, 0, 0)\" class=\"has-inline-color has-pale-pink-color\">ADMISI\u00d3N EN ESO Y BACHILLERATO<\/mark><\/strong><\/h1>\n\n\n\n<p><strong>El periodo de presentaci\u00f3n de solicitudes de admisi\u00f3n para el curso 26-27 ser\u00e1 del 11 al 25 de marzo de 2026.<\/strong><\/p>\n\n\n\n<p>Toda la informaci\u00f3n acerca del periodo de ADMISI\u00d3N en la web: <a href=\"https:\/\/www.comunidad.madrid\/servicios\/educacion\/solicita-tu-admision-educacion-infantil-obligatoria-bachillerato\">https:\/\/www.comunidad.madrid\/servicios\/educacion\/solicita-tu-admision-educacion-infantil-obligatoria-bachillerato<\/a><\/p>\n\n\n\n<p>Preferentemente las solicitudes se presentan telem\u00e1ticamente a trav\u00e9s de la secretar\u00eda virtual: <a href=\"https:\/\/raices.madrid.org\/secretariavirtual\/\">https:\/\/raices.madrid.org\/secretariavirtual\/<\/a><\/p>\n\n\n\n<p>Si no es posible presentar la solicitud de manera telem\u00e1tica, se podr\u00e1 presentar presencialmente en el centro solicitado en primer lugar. <\/p>\n\n\n\n<p><mark style=\"background-color:#7bdcb5\" class=\"has-inline-color\">\u00bfQUI\u00c9N TIENE QUE PRESENTAR SOLICITUD EN PERIODO DE ADMISI\u00d3N EN EL IES ALFONSO MORENO?<\/mark><\/p>\n\n\n\n<ul class=\"wp-block-list\">\n<li>TODOS los alumnos que quieran acceder a 1\u00baESO a la SECCI\u00d3N LING\u00dc\u00cdSTICA DE FRANC\u00c9S (SLF), independientemente de en qu\u00e9 centro hayan cursado 6\u00ba de primaria. Si quieres cursar 1\u00baESO en nuestro centro aunque no tengas plaza en SLF, debes marcar en segunda opci\u00f3n, IES Alfonso Moreno sin SLF.<\/li>\n\n\n\n<li>Los alumnos que quieran cursar 1\u00baESO en nuestro centro y procedan del Colegio Batalla de Brunete<\/li>\n\n\n\n<li>Cualquier alumno que quiera solicitar plaza en nuestro centro en cualquiera de los cursos de la ESO o Bachillerato y proceda de otro centro.<\/li>\n<\/ul>\n\n\n\n<p><mark style=\"background-color:#7bdcb5\" class=\"has-inline-color\">TENDR\u00c1N PLAZA RESERVADA SIN TENER QUE PRESENTAR SOLICITUD:<\/mark><\/p>\n\n\n\n<ul class=\"wp-block-list\">\n<li>Alumnos que proceden de 6\u00ba de primaria del Colegio \u00c1gora y no quieren cursar SLF<\/li>\n\n\n\n<li>Alumnos que est\u00e1n cursando 4\u00baESO en nuestro centro y quieren continuar estudiando Bachillerato aqu\u00ed<\/li>\n<\/ul>\n\n\n\n<p><\/p>\n\n\n\n<p><strong>INFORMACI\u00d3N B\u00c1SICA DEL PROCESO DE ASMISI\u00d3N Y PUNTUACI\u00d3N CRITERIO COMPLEMENTARIO<\/strong><\/p>\n\n\n\n<div data-wp-interactive=\"core\/file\" class=\"wp-block-file\"><object data-wp-bind--hidden=\"!state.hasPdfPreview\" hidden class=\"wp-block-file__embed\" data=\"https:\/\/site.educa.madrid.org\/ies.alfonsomoreno.brunete\/\/wp-content\/uploads\/ies.alfonsomoreno.brunete\/2026\/03\/Documento_de_informacion_basica_sobre_el_proceso_de_admision-1.pdf\" type=\"application\/pdf\" style=\"width:100%;height:600px\" aria-label=\"Incrustado de Documento_de_informacion_basica_sobre_el_proceso_de_admision (1).\"><\/object><a id=\"wp-block-file--media-2469ce07-12af-423c-93ce-e49239139721\" href=\"https:\/\/site.educa.madrid.org\/ies.alfonsomoreno.brunete\/\/wp-content\/uploads\/ies.alfonsomoreno.brunete\/2026\/03\/Documento_de_informacion_basica_sobre_el_proceso_de_admision-1.pdf\">Documento_de_informacion_basica_sobre_el_proceso_de_admision (1)<\/a><a href=\"https:\/\/site.educa.madrid.org\/ies.alfonsomoreno.brunete\/\/wp-content\/uploads\/ies.alfonsomoreno.brunete\/2026\/03\/Documento_de_informacion_basica_sobre_el_proceso_de_admision-1.pdf\" class=\"wp-block-file__button wp-element-button\" download aria-describedby=\"wp-block-file--media-2469ce07-12af-423c-93ce-e49239139721\">Descarga<\/a><\/div>\n\n\n\n<p><strong>CENTROS ADSCRITOS:<\/strong><\/p>\n\n\n\n<div data-wp-interactive=\"core\/file\" class=\"wp-block-file\"><object data-wp-bind--hidden=\"!state.hasPdfPreview\" hidden class=\"wp-block-file__embed\" data=\"https:\/\/site.educa.madrid.org\/ies.alfonsomoreno.brunete\/\/wp-content\/uploads\/ies.alfonsomoreno.brunete\/2026\/03\/Centros_adscritos_a_nivel_inferior_a_efectos_de_escolarizacion-1.pdf\" type=\"application\/pdf\" style=\"width:100%;height:600px\" aria-label=\"Incrustado de Centros_adscritos_a_nivel_inferior_a_efectos_de_escolarizacion (1).\"><\/object><a id=\"wp-block-file--media-36e5fcd6-a690-4233-963e-3dca356e8907\" href=\"https:\/\/site.educa.madrid.org\/ies.alfonsomoreno.brunete\/\/wp-content\/uploads\/ies.alfonsomoreno.brunete\/2026\/03\/Centros_adscritos_a_nivel_inferior_a_efectos_de_escolarizacion-1.pdf\">Centros_adscritos_a_nivel_inferior_a_efectos_de_escolarizacion (1)<\/a><a href=\"https:\/\/site.educa.madrid.org\/ies.alfonsomoreno.brunete\/\/wp-content\/uploads\/ies.alfonsomoreno.brunete\/2026\/03\/Centros_adscritos_a_nivel_inferior_a_efectos_de_escolarizacion-1.pdf\" class=\"wp-block-file__button wp-element-button\" download aria-describedby=\"wp-block-file--media-36e5fcd6-a690-4233-963e-3dca356e8907\">Descarga<\/a><\/div>\n\n\n\n<p><strong>OFERTA DE VACANTES<\/strong><\/p>\n\n\n\n<p>Se publican, con fecha 9 de marzo, las vacantes autorizadas por la DAT:<\/p>\n\n\n\n<div data-wp-interactive=\"core\/file\" class=\"wp-block-file\"><object data-wp-bind--hidden=\"!state.hasPdfPreview\" hidden class=\"wp-block-file__embed\" data=\"https:\/\/site.educa.madrid.org\/ies.alfonsomoreno.brunete\/\/wp-content\/uploads\/ies.alfonsomoreno.brunete\/2026\/03\/Anexo_I._Plazas_vacantes_ofertadas_Publicable.pdf\" type=\"application\/pdf\" style=\"width:100%;height:600px\" aria-label=\"Incrustado de Anexo_I._Plazas_vacantes_ofertadas_(Publicable).\"><\/object><a id=\"wp-block-file--media-0f21c84b-823f-4516-8ead-08c0c4d114d0\" href=\"https:\/\/site.educa.madrid.org\/ies.alfonsomoreno.brunete\/\/wp-content\/uploads\/ies.alfonsomoreno.brunete\/2026\/03\/Anexo_I._Plazas_vacantes_ofertadas_Publicable.pdf\">Anexo_I._Plazas_vacantes_ofertadas_(Publicable)<\/a><a href=\"https:\/\/site.educa.madrid.org\/ies.alfonsomoreno.brunete\/\/wp-content\/uploads\/ies.alfonsomoreno.brunete\/2026\/03\/Anexo_I._Plazas_vacantes_ofertadas_Publicable.pdf\" class=\"wp-block-file__button wp-element-button\" download aria-describedby=\"wp-block-file--media-0f21c84b-823f-4516-8ead-08c0c4d114d0\">Descarga<\/a><\/div>\n\n\n\n<p class=\"has-medium-font-size\"><mark style=\"background-color:rgba(0, 0, 0, 0)\" class=\"has-inline-color has-pale-pink-color\"><strong>ADMISI\u00d3N EN CICLO FORMATIVO DE GRADO MEDIO. GESTI\u00d3N ADMINISTRATIVA<\/strong>-MODALIDAD PRESENCIAL DIURNA.<\/mark><\/p>\n\n\n\n<p>Pr\u00f3ximamente se publicar\u00e1 la informaci\u00f3n relativa al periodo de admisi\u00f3n para los estudios de Formaci\u00f3n Profesional, que suele ser a finales de JUNIO.<\/p>\n\n\n\n<p>M\u00e1s informaci\u00f3n sobre los estudios de Formaci\u00f3n Profesional en la Comunidad de Madrid aqu\u00ed: <\/p>\n\n\n\n<p><a href=\"https:\/\/www.comunidad.madrid\/servicios\/educacion\/admision-formacion-profesional\">https:\/\/www.comunidad.madrid\/servicios\/educacion\/admision-formacion-profesional<\/a><\/p>\n\n\n\n<p><\/p>\n\n\n\n<h1 class=\"wp-block-heading has-medium-font-size\"><\/h1>\n\n\n\n<p><\/p>\n\n\n\n<h1 class=\"wp-block-heading\">ADMISI\u00d3N CURSO 25-26 Periodo extraordinario<\/h1>\n\n\n\n<p>La solicitud para participar en el&nbsp;<strong>proceso extraordinario&nbsp;<\/strong>de admisi\u00f3n para el curso 2025\/2026,&nbsp;podr\u00e1 presentarse de forma presencial o telem\u00e1tica&nbsp;<strong>hasta el 14&nbsp;de mayo de 2026<\/strong>. Enlace a solicitud en periodo extraordinario: <a href=\"https:\/\/www.comunidad.madrid\/sites\/default\/files\/25_26_solicitud_extraordinaria_regimen_general.pdf\">pincha aqu\u00ed.<\/a><\/p>\n\n\n\n<p><\/p>\n\n\n\n<h2 class=\"wp-block-heading\">Sede del SAE (Servicio de apoyo a la escolarizaci\u00f3n)<\/h2>\n\n\n\n<p>La sede del <strong>SAE de la localidad de Brunete<\/strong> se encuentra en nuestro propio centro:<\/p>\n\n\n\n<p>IES Alfonso Moreno<\/p>\n\n\n\n<p>Calle Estudiantes, 3. 28690. Brunete.<\/p>\n\n\n\n<p>918138371 <\/p>\n\n\n\n<p>ies.alfonsomoreno.brunete@educa.madrid.org<\/p>\n\n\n\n<p><\/p>\n\n\n\n<p><\/p>\n\n\n\n<div class=\"wp-block-group is-layout-flow wp-block-group-is-layout-flow\">\n<div class=\"wp-block-columns is-layout-flex wp-container-core-columns-is-layout-28f84493 wp-block-columns-is-layout-flex\">\n<div class=\"wp-block-column is-layout-flow wp-block-column-is-layout-flow\" style=\"flex-basis:100%\"><\/div>\n<\/div>\n\n\n\n<div class=\"wp-block-columns is-layout-flex wp-container-core-columns-is-layout-28f84493 wp-block-columns-is-layout-flex\">\n<div class=\"wp-block-column is-layout-flow wp-block-column-is-layout-flow\"><\/div>\n<\/div>\n<\/div>\n\n\n\n<p><\/p>\n","protected":false},"excerpt":{"rendered":"<p>ADMISI\u00d3N EN ESO Y BACHILLERATO El periodo de presentaci\u00f3n de solicitudes de admisi\u00f3n para el curso 26-27 ser\u00e1 del 11 al 25 de marzo de 2026. Toda la informaci\u00f3n acerca del periodo de ADMISI\u00d3N en la web: https:\/\/www.comunidad.madrid\/servicios\/educacion\/solicita-tu-admision-educacion-infantil-obligatoria-bachillerato Preferentemente las solicitudes se presentan telem\u00e1ticamente a trav\u00e9s de la secretar\u00eda virtual: https:\/\/raices.madrid.org\/secretariavirtual\/ Si no es posible [&hellip;]<\/p>\n","protected":false},"author":5,"featured_media":0,"parent":130,"menu_order":0,"comment_status":"closed","ping_status":"closed","template":"","meta":{"footnotes":""},"folder":[],"class_list":["post-133","page","type-page","status-publish","hentry"],"rttpg_featured_image_url":null,"rttpg_author":{"display_name":"Cuenta Admin-educamadrid","author_link":"https:\/\/site.educa.madrid.org\/ies.alfonsomoreno.brunete\/index.php\/author\/cuenta_admin-educamadrid\/"},"rttpg_comment":0,"rttpg_category":false,"rttpg_excerpt":"ADMISI\u00d3N EN ESO Y BACHILLERATO El periodo de presentaci\u00f3n de solicitudes de admisi\u00f3n para el curso 26-27 ser\u00e1 del 11 al 25 de marzo de 2026. Toda la informaci\u00f3n acerca del periodo de ADMISI\u00d3N en la web: https:\/\/www.comunidad.madrid\/servicios\/educacion\/solicita-tu-admision-educacion-infantil-obligatoria-bachillerato Preferentemente las solicitudes se presentan telem\u00e1ticamente a trav\u00e9s de la secretar\u00eda virtual: https:\/\/raices.madrid.org\/secretariavirtual\/ Si no es posible&hellip;","post_mailing_queue_ids":[],"_links":{"self":[{"href":"https:\/\/site.educa.madrid.org\/ies.alfonsomoreno.brunete\/index.php\/wp-json\/wp\/v2\/pages\/133","targetHints":{"allow":["GET"]}}],"collection":[{"href":"https:\/\/site.educa.madrid.org\/ies.alfonsomoreno.brunete\/index.php\/wp-json\/wp\/v2\/pages"}],"about":[{"href":"https:\/\/site.educa.madrid.org\/ies.alfonsomoreno.brunete\/index.php\/wp-json\/wp\/v2\/types\/page"}],"author":[{"embeddable":true,"href":"https:\/\/site.educa.madrid.org\/ies.alfonsomoreno.brunete\/index.php\/wp-json\/wp\/v2\/users\/5"}],"replies":[{"embeddable":true,"href":"https:\/\/site.educa.madrid.org\/ies.alfonsomoreno.brunete\/index.php\/wp-json\/wp\/v2\/comments?post=133"}],"version-history":[{"count":49,"href":"https:\/\/site.educa.madrid.org\/ies.alfonsomoreno.brunete\/index.php\/wp-json\/wp\/v2\/pages\/133\/revisions"}],"predecessor-version":[{"id":2763,"href":"https:\/\/site.educa.madrid.org\/ies.alfonsomoreno.brunete\/index.php\/wp-json\/wp\/v2\/pages\/133\/revisions\/2763"}],"up":[{"embeddable":true,"href":"https:\/\/site.educa.madrid.org\/ies.alfonsomoreno.brunete\/index.php\/wp-json\/wp\/v2\/pages\/130"}],"wp:attachment":[{"href":"https:\/\/site.educa.madrid.org\/ies.alfonsomoreno.brunete\/index.php\/wp-json\/wp\/v2\/media?parent=133"}],"wp:term":[{"taxonomy":"folder","embeddable":true,"href":"https:\/\/site.educa.madrid.org\/ies.alfonsomoreno.brunete\/index.php\/wp-json\/wp\/v2\/folder?post=133"}],"curies":[{"name":"wp","href":"https:\/\/api.w.org\/{rel}","templated":true}]}}