{"id":134,"date":"2022-06-06T09:28:11","date_gmt":"2022-06-06T07:28:11","guid":{"rendered":"https:\/\/site.educa.madrid.org\/ies.alfonsomoreno.brunete\/?page_id=134"},"modified":"2025-06-19T14:09:53","modified_gmt":"2025-06-19T12:09:53","slug":"matricula","status":"publish","type":"page","link":"https:\/\/site.educa.madrid.org\/ies.alfonsomoreno.brunete\/index.php\/secretaria\/matricula\/","title":{"rendered":"Matr\u00edcula"},"content":{"rendered":"\n<p>El periodo ordinario de matriculaci\u00f3n para <strong>ESO y Bachillerato<\/strong> tendr\u00e1 lugar<strong> del 20 al 27 de junio de 2025.<\/strong><\/p>\n\n\n\n<p>Durante el plazo de matr\u00edcula se presentar\u00e1 tambi\u00e9n la solicitud de participaci\u00f3n en el programa de pr\u00e9stamos de libros ACCEDE para el alumnado de la ESO. TODOS los alumnos que quieran participar en el programa ACCEDE en el curso 25-26 deben presentar el impreso de solicitud, independientemente de haber sido beneficiarios o no del programa durante el curso 24-25.<\/p>\n\n\n\n<p>Pr\u00f3ximamente se publicar\u00e1n las instrucciones y los impresos de matr\u00edcula.<\/p>\n\n\n\n<p>El plazo ordinario de matriculaci\u00f3n para <strong>Ciclo Formativo de Grado Medio<\/strong> se publicar\u00e1 m\u00e1s adelante.<\/p>\n\n\n\n<p><\/p>\n\n\n\n<p>La matr\u00edcula se presentar\u00e1:<\/p>\n\n\n\n<ul class=\"wp-block-list\">\n<li><strong><strong>Preferentemente a trav\u00e9s de la Secretar\u00eda virtual de Ra\u00edces,<\/strong> accediendo a trav\u00e9s de la web <a href=\"https:\/\/raices.madrid.org\/secretariavirtual\/\">https:\/\/raices.madrid.org\/secretariavirtual\/<\/a><\/strong>. No es necesario descargar desde aqu\u00ed los documentos, se descarga todo directamente desde la secretar\u00eda virtual.<\/li>\n\n\n\n<li><strong><strong>Por correo electr\u00f3nico<\/strong><\/strong>, enviando la documentaci\u00f3n que se indica en las instrucciones a: <a href=\"mailto:secretaria.ies.alfonsomoreno.brunete@educa.madrid.org\"><\/a><a href=\"mailto:secretaria.ies.alfonsomoreno.brunete@educa.madrid.org\">secretaria.ies.alfonsomoreno.brunete@educa.madrid.org<\/a>.<\/li>\n\n\n\n<li>En <strong>casos excepcionales<\/strong> de imposibilidad de presentaci\u00f3n telem\u00e1tica, se podr\u00e1 presentar la matr\u00edcula en la secretar\u00eda del instituto en horario de 9:00 a 13:00h.<\/li>\n<\/ul>\n\n\n\n<p><\/p>\n\n\n\n<p class=\"has-luminous-vivid-orange-color has-text-color has-link-color has-medium-font-size wp-elements-781b4dcc3c14ca56b1c325c471017ed1\"><\/p>\n\n\n\n<h3 class=\"wp-block-heading\">Formularios de matr\u00edcula<\/h3>\n\n\n\n<p><a href=\"https:\/\/site.educa.madrid.org\/ies.alfonsomoreno.brunete\/\/wp-content\/uploads\/ies.alfonsomoreno.brunete\/2025\/06\/Instrucciones_matriculacion_25-26.docx.pdf\">INSTRUCCIONES DE MATRICULACI\u00d3N<\/a><\/p>\n\n\n\n<p><a href=\"https:\/\/site.educa.madrid.org\/ies.alfonsomoreno.brunete\/\/wp-content\/uploads\/ies.alfonsomoreno.brunete\/2025\/06\/1a-ESO-Matricula-2025-26-1-1.pdf\">1\u00ba ESO<\/a><\/p>\n\n\n\n<p><a href=\"https:\/\/site.educa.madrid.org\/ies.alfonsomoreno.brunete\/\/wp-content\/uploads\/ies.alfonsomoreno.brunete\/2025\/06\/2-ESO-FORM-matricula-25-26-1.pdf\">2\u00ba ESO<\/a><\/p>\n\n\n\n<p><a href=\"https:\/\/site.educa.madrid.org\/ies.alfonsomoreno.brunete\/\/wp-content\/uploads\/ies.alfonsomoreno.brunete\/2025\/06\/3-ESO-FORM-matricula-25-26-1.pdf\">3\u00ba ESO<\/a><\/p>\n\n\n\n<p><a href=\"https:\/\/site.educa.madrid.org\/ies.alfonsomoreno.brunete\/\/wp-content\/uploads\/ies.alfonsomoreno.brunete\/2025\/06\/4o-ESO-FORM-matricula-25-26-DEF.pdf\">4\u00ba ESO<\/a><\/p>\n\n\n\n<p><a href=\"https:\/\/site.educa.madrid.org\/ies.alfonsomoreno.brunete\/\/wp-content\/uploads\/ies.alfonsomoreno.brunete\/2025\/06\/1BTO-FORM-matricula-25-26.pdf\">1\u00ba BACHILLERATO<\/a><\/p>\n\n\n\n<p><a href=\"https:\/\/site.educa.madrid.org\/ies.alfonsomoreno.brunete\/\/wp-content\/uploads\/ies.alfonsomoreno.brunete\/2025\/06\/2BTO-FORM-matricula-25_26.pdf\">2\u00ba BACHILLERATO<\/a><\/p>\n\n\n\n<hr class=\"wp-block-separator has-text-color has-vivid-cyan-blue-color has-css-opacity has-vivid-cyan-blue-background-color has-background is-style-default\"\/>\n\n\n\n<div class=\"wp-block-group is-layout-constrained wp-block-group-is-layout-constrained\">\n<p><a href=\"https:\/\/site.educa.madrid.org\/ies.alfonsomoreno.brunete\/\/wp-content\/uploads\/ies.alfonsomoreno.brunete\/2025\/06\/solicitud_ACCEDE_2025_2026-1-1.pdf\">Programa ACCEDE<\/a><\/p>\n\n\n\n<p><a href=\"https:\/\/site.educa.madrid.org\/ies.alfonsomoreno.brunete\/\/wp-content\/uploads\/ies.alfonsomoreno.brunete\/2025\/06\/AMPA-Inscripcion-25-26.pdf\">Inscripci\u00f3n AMPA<\/a><\/p>\n\n\n\n<p><a href=\"https:\/\/site.educa.madrid.org\/ies.alfonsomoreno.brunete\/\/wp-content\/uploads\/ies.alfonsomoreno.brunete\/2025\/06\/Inscripcion-IPAFD-25-26.pdf\">Inscripci\u00f3n IPAFD<\/a><\/p>\n<\/div>\n\n\n\n<h4 class=\"wp-block-heading\">Informaci\u00f3n materias optativas<\/h4>\n\n\n\n<p>\u27a1\ufe0f 2\u00baESO<\/p>\n\n\n\n<ul class=\"wp-block-list\">\n<li><a href=\"https:\/\/site.educa.madrid.org\/ies.alfonsomoreno.brunete\/\/wp-content\/uploads\/ies.alfonsomoreno.brunete\/2023\/06\/Taller-de-Musica-2oESO.pdf\">Taller de M\u00fasica<\/a><\/li>\n<\/ul>\n\n\n\n<p>\u27a1\ufe0f 3\u00baESO<\/p>\n\n\n\n<ul class=\"wp-block-list\">\n<li><a href=\"https:\/\/site.educa.madrid.org\/ies.alfonsomoreno.brunete\/\/wp-content\/uploads\/ies.alfonsomoreno.brunete\/2023\/06\/Proyecto-en-Botanica-aplicada-y-Huerto-escolar-3oESO.pdf\">Proyecto en Bot\u00e1nica aplicada y huerto escolar<\/a><\/li>\n\n\n\n<li><a href=\"https:\/\/site.educa.madrid.org\/ies.alfonsomoreno.brunete\/\/wp-content\/uploads\/ies.alfonsomoreno.brunete\/2023\/06\/poster-practicas-laboratorio-3o-eso.pdf\">Proyecto en Pr\u00e1cticas de laboratorio de Biolog\u00eda y Geolog\u00eda<\/a><\/li>\n\n\n\n<li><a href=\"https:\/\/site.educa.madrid.org\/ies.alfonsomoreno.brunete\/\/wp-content\/uploads\/ies.alfonsomoreno.brunete\/2023\/06\/Taller-de-Literatura-Juvenil-3ESO.pdf\">Taller de literatura juvenil<\/a><\/li>\n\n\n\n<li><a href=\"https:\/\/site.educa.madrid.org\/ies.alfonsomoreno.brunete\/\/wp-content\/uploads\/ies.alfonsomoreno.brunete\/2023\/06\/Taller-de-Teatro-3ESO.pdf\">Taller de Teatro<\/a><\/li>\n\n\n\n<li><a href=\"https:\/\/site.educa.madrid.org\/ies.alfonsomoreno.brunete\/\/wp-content\/uploads\/ies.alfonsomoreno.brunete\/2023\/05\/Proyecto-en-comunicacion-visual.jpg\">Proyecto en Comunicaci\u00f3n visual y audiovisual<\/a><\/li>\n<\/ul>\n\n\n\n<p>\u27a1\ufe0f 4\u00baESO<\/p>\n\n\n\n<ul class=\"wp-block-list\">\n<li><a href=\"https:\/\/site.educa.madrid.org\/ies.alfonsomoreno.brunete\/\/wp-content\/uploads\/ies.alfonsomoreno.brunete\/2023\/06\/FILOSOFIA-4o-ESO.pdf\">Filosof\u00eda<\/a><\/li>\n\n\n\n<li><a href=\"https:\/\/site.educa.madrid.org\/ies.alfonsomoreno.brunete\/\/wp-content\/uploads\/ies.alfonsomoreno.brunete\/2023\/06\/Proyecto-de-cultura-cientifica-4oESO.pdf\">Proyecto en Cultura Cient\u00edfica<\/a><\/li>\n\n\n\n<li><a href=\"https:\/\/site.educa.madrid.org\/ies.alfonsomoreno.brunete\/\/wp-content\/uploads\/ies.alfonsomoreno.brunete\/2023\/06\/Proyecto-en-ampliacion-y-prac%F4%80%86%9Fcas-de-laboratorio-de-Biologia-y-Geologia-4oESO.pdf\">Proyecto en Ampliaci\u00f3n y pr\u00e1cticas de laboratorio de Biolog\u00eda y Geolog\u00eda<\/a><\/li>\n\n\n\n<li><a href=\"https:\/\/site.educa.madrid.org\/ies.alfonsomoreno.brunete\/\/wp-content\/uploads\/ies.alfonsomoreno.brunete\/2023\/06\/Periodismo-y-Comunicacion-4ESO.pdf\">Taller de Periodismo<\/a><\/li>\n\n\n\n<li><a href=\"https:\/\/site.educa.madrid.org\/ies.alfonsomoreno.brunete\/\/wp-content\/uploads\/ies.alfonsomoreno.brunete\/2023\/06\/Proyecto-Taller-de-Radio-4oESO.pdf\">Proyecto en Taller de Radio y Montajes Sonoros<\/a><\/li>\n\n\n\n<li><a href=\"https:\/\/site.educa.madrid.org\/ies.alfonsomoreno.brunete\/\/wp-content\/uploads\/ies.alfonsomoreno.brunete\/2023\/05\/pintura-mural.jpg\">Proyecto en Pintura Mural<\/a><\/li>\n\n\n\n<li>Proyecto en Dibujo T\u00e9cnico<\/li>\n\n\n\n<li>Cultura Cl\u00e1sica<\/li>\n\n\n\n<li>Deporte<\/li>\n\n\n\n<li><a href=\"https:\/\/site.educa.madrid.org\/ies.alfonsomoreno.brunete\/\/wp-content\/uploads\/ies.alfonsomoreno.brunete\/2023\/06\/Taller-de-comunicacion-en-Frances-1.jpg\">Proyecto COMUNICACI\u00d3N ORAL en Franc\u00e9s <\/a> (no requiere conocimientos previos del idioma)<\/li>\n<\/ul>\n\n\n\n<p>\u27a1\ufe0f 1\u00baBachillerato<\/p>\n\n\n\n<ul class=\"wp-block-list\">\n<li><a href=\"https:\/\/site.educa.madrid.org\/ies.alfonsomoreno.brunete\/\/wp-content\/uploads\/ies.alfonsomoreno.brunete\/2024\/02\/PRESENTATION-SLF-2.pdf\">Segunda Lengua Extranjera: Franc\u00e9s<\/a> (no requiere conocimientos previos del idioma)<\/li>\n\n\n\n<li><a href=\"https:\/\/site.educa.madrid.org\/ies.alfonsomoreno.brunete\/\/wp-content\/uploads\/ies.alfonsomoreno.brunete\/2023\/06\/LITERATURA-UNIVERSAL-1BACH..pdf\">Literatura Universal<\/a><\/li>\n\n\n\n<li><a href=\"https:\/\/site.educa.madrid.org\/ies.alfonsomoreno.brunete\/\/wp-content\/uploads\/ies.alfonsomoreno.brunete\/2023\/06\/Lenguaje-y-practica-musical-1oBachillerato.pdf\">Lenguaje y Pr\u00e1ctica Musical<\/a><\/li>\n\n\n\n<li><a href=\"https:\/\/site.educa.madrid.org\/ies.alfonsomoreno.brunete\/\/wp-content\/uploads\/ies.alfonsomoreno.brunete\/2023\/06\/Fundamentos-1oBTO.pdf\">Fundamentos l\u00e9xicos y mitol\u00f3gicos grecolatinos en las Artes, las Ciencias y la Tecnolog\u00eda<\/a><\/li>\n<\/ul>\n\n\n\n<p>\u27a1\ufe0f 2\u00ba Bachillerato<\/p>\n\n\n\n<ul class=\"wp-block-list\">\n<li><a href=\"https:\/\/site.educa.madrid.org\/ies.alfonsomoreno.brunete\/\/wp-content\/uploads\/ies.alfonsomoreno.brunete\/2023\/06\/Literatura-Dramatica-2Bach.pdf\">Literatura Dram\u00e1tica<\/a><\/li>\n\n\n\n<li><a href=\"https:\/\/site.educa.madrid.org\/ies.alfonsomoreno.brunete\/\/wp-content\/uploads\/ies.alfonsomoreno.brunete\/2023\/06\/Historia-de-la-Musica-y-la-Danza-2oBTO.pdf\">Historia de la M\u00fasica y la Danza<\/a><\/li>\n\n\n\n<li><a href=\"https:\/\/site.educa.madrid.org\/ies.alfonsomoreno.brunete\/\/wp-content\/uploads\/ies.alfonsomoreno.brunete\/2023\/06\/FILOSOFIA-4o-ESO.pdf\">Psicolog\u00eda<\/a><\/li>\n<\/ul>\n\n\n\n<hr class=\"wp-block-separator has-text-color has-vivid-cyan-blue-color has-css-opacity has-vivid-cyan-blue-background-color has-background is-style-wide\"\/>\n","protected":false},"excerpt":{"rendered":"<p>El periodo ordinario de matriculaci\u00f3n para ESO y Bachillerato tendr\u00e1 lugar del 20 al 27 de junio de 2025. Durante el plazo de matr\u00edcula se presentar\u00e1 tambi\u00e9n la solicitud de participaci\u00f3n en el programa de pr\u00e9stamos de libros ACCEDE para el alumnado de la ESO. TODOS los alumnos que quieran participar en el programa ACCEDE [&hellip;]<\/p>\n","protected":false},"author":5,"featured_media":0,"parent":130,"menu_order":0,"comment_status":"closed","ping_status":"closed","template":"","meta":{"footnotes":""},"folder":[],"class_list":["post-134","page","type-page","status-publish","hentry"],"rttpg_featured_image_url":null,"rttpg_author":{"display_name":"Cuenta Admin-educamadrid","author_link":"https:\/\/site.educa.madrid.org\/ies.alfonsomoreno.brunete\/index.php\/author\/cuenta_admin-educamadrid\/"},"rttpg_comment":0,"rttpg_category":false,"rttpg_excerpt":"El periodo ordinario de matriculaci\u00f3n para ESO y Bachillerato tendr\u00e1 lugar del 20 al 27 de junio de 2025. Durante el plazo de matr\u00edcula se presentar\u00e1 tambi\u00e9n la solicitud de participaci\u00f3n en el programa de pr\u00e9stamos de libros ACCEDE para el alumnado de la ESO. TODOS los alumnos que quieran participar en el programa ACCEDE&hellip;","post_mailing_queue_ids":[],"_links":{"self":[{"href":"https:\/\/site.educa.madrid.org\/ies.alfonsomoreno.brunete\/index.php\/wp-json\/wp\/v2\/pages\/134","targetHints":{"allow":["GET"]}}],"collection":[{"href":"https:\/\/site.educa.madrid.org\/ies.alfonsomoreno.brunete\/index.php\/wp-json\/wp\/v2\/pages"}],"about":[{"href":"https:\/\/site.educa.madrid.org\/ies.alfonsomoreno.brunete\/index.php\/wp-json\/wp\/v2\/types\/page"}],"author":[{"embeddable":true,"href":"https:\/\/site.educa.madrid.org\/ies.alfonsomoreno.brunete\/index.php\/wp-json\/wp\/v2\/users\/5"}],"replies":[{"embeddable":true,"href":"https:\/\/site.educa.madrid.org\/ies.alfonsomoreno.brunete\/index.php\/wp-json\/wp\/v2\/comments?post=134"}],"version-history":[{"count":48,"href":"https:\/\/site.educa.madrid.org\/ies.alfonsomoreno.brunete\/index.php\/wp-json\/wp\/v2\/pages\/134\/revisions"}],"predecessor-version":[{"id":2479,"href":"https:\/\/site.educa.madrid.org\/ies.alfonsomoreno.brunete\/index.php\/wp-json\/wp\/v2\/pages\/134\/revisions\/2479"}],"up":[{"embeddable":true,"href":"https:\/\/site.educa.madrid.org\/ies.alfonsomoreno.brunete\/index.php\/wp-json\/wp\/v2\/pages\/130"}],"wp:attachment":[{"href":"https:\/\/site.educa.madrid.org\/ies.alfonsomoreno.brunete\/index.php\/wp-json\/wp\/v2\/media?parent=134"}],"wp:term":[{"taxonomy":"folder","embeddable":true,"href":"https:\/\/site.educa.madrid.org\/ies.alfonsomoreno.brunete\/index.php\/wp-json\/wp\/v2\/folder?post=134"}],"curies":[{"name":"wp","href":"https:\/\/api.w.org\/{rel}","templated":true}]}}