{"id":2559,"date":"2025-12-09T13:25:19","date_gmt":"2025-12-09T12:25:19","guid":{"rendered":"https:\/\/site.educa.madrid.org\/ies.alfonsomoreno.brunete\/?page_id=2559"},"modified":"2026-03-20T14:15:00","modified_gmt":"2026-03-20T13:15:00","slug":"erasmus","status":"publish","type":"page","link":"https:\/\/site.educa.madrid.org\/ies.alfonsomoreno.brunete\/index.php\/erasmus\/","title":{"rendered":"Erasmus +"},"content":{"rendered":"\n<figure class=\"wp-block-image size-full is-resized\"><img loading=\"lazy\" decoding=\"async\" width=\"293\" height=\"171\" src=\"https:\/\/site.educa.madrid.org\/ies.alfonsomoreno.brunete\/\/wp-content\/uploads\/ies.alfonsomoreno.brunete\/2025\/12\/DEF94982-4C83-456D-96F3-BDAA2AFA0BA5.png\" alt=\"\" class=\"wp-image-2564\" style=\"width:358px;height:auto\"\/><\/figure>\n\n\n\n<p>\u00a1Nuestro proyecto Erasmus + ha sido seleccionado en la convocatoria de 2025!<\/p>\n\n\n\n<p><\/p>\n\n\n\n<p>Durante los pr\u00f3ximos 18 meses tendremos la oportunidad de participar en movilidades e intercambios con alumnado y profesorado de centros educativos europeos. Toda la informaci\u00f3n del programa Erasmus + ser\u00e1 publicada&nbsp;en esta web.<\/p>\n\n\n\n<p>La movilidad a Toulouse ya est\u00e1 en marcha y ahora&#8230; <\/p>\n\n\n\n<p><mark style=\"background-color:#00d084\" class=\"has-inline-color\">2\u00aa MOVILIDAD: ESLOVAQUIA<\/mark><\/p>\n\n\n\n<p><strong> \u00a1\u00a110 alumnos\/as de Bachillerato podr\u00e1n ir a Eslovaquia en el mes de junio!!\u00a0<\/strong><\/p>\n\n\n\n<p>Se ha publicado en el tabl\u00f3 de anuncios de secretar\u00eda los alumnos que han pasado a la siguiente fase de selecci\u00f3n. Si est\u00e1s entre ellos, lee el siguiente documento y acude el martes 24 de marzo a 7\u00aa hora al sal\u00f3n de actos para escribir la carta de motivaci\u00f3n y poder pasar a la siguiente fase<\/p>\n\n\n\n<p> \u00a1\u00a1Mucha suerte!!<\/p>\n\n\n\n<div data-wp-interactive=\"core\/file\" class=\"wp-block-file\"><object data-wp-bind--hidden=\"!state.hasPdfPreview\" hidden class=\"wp-block-file__embed\" data=\"https:\/\/site.educa.madrid.org\/ies.alfonsomoreno.brunete\/\/wp-content\/uploads\/ies.alfonsomoreno.brunete\/2026\/03\/INSTRUCCIONES-CARTA-MOTIVACION-PARA-MANDAR.pdf\" type=\"application\/pdf\" style=\"width:100%;height:600px\" aria-label=\"Incrustado de INSTRUCCIONES CARTA MOTIVACI\u00d3N PARA MANDAR.\"><\/object><a id=\"wp-block-file--media-2eac5c23-035a-49d8-ba9e-6a95fd8ce530\" href=\"https:\/\/site.educa.madrid.org\/ies.alfonsomoreno.brunete\/\/wp-content\/uploads\/ies.alfonsomoreno.brunete\/2026\/03\/INSTRUCCIONES-CARTA-MOTIVACION-PARA-MANDAR.pdf\">INSTRUCCIONES CARTA MOTIVACI\u00d3N PARA MANDAR<\/a><a href=\"https:\/\/site.educa.madrid.org\/ies.alfonsomoreno.brunete\/\/wp-content\/uploads\/ies.alfonsomoreno.brunete\/2026\/03\/INSTRUCCIONES-CARTA-MOTIVACION-PARA-MANDAR.pdf\" class=\"wp-block-file__button wp-element-button\" download aria-describedby=\"wp-block-file--media-2eac5c23-035a-49d8-ba9e-6a95fd8ce530\">Descarga<\/a><\/div>\n\n\n\n<p><mark style=\"background-color:#fcb900\" class=\"has-inline-color has-black-color\">1\u00aa MOVILIDAD: 1\u00baESO TOULOUSE:<\/mark><\/p>\n\n\n\n<div data-wp-interactive=\"core\/file\" class=\"wp-block-file\"><object data-wp-bind--hidden=\"!state.hasPdfPreview\" hidden class=\"wp-block-file__embed\" data=\"https:\/\/site.educa.madrid.org\/ies.alfonsomoreno.brunete\/\/wp-content\/uploads\/ies.alfonsomoreno.brunete\/2026\/02\/TOULOUSE.pdf\" type=\"application\/pdf\" style=\"width:100%;height:600px\" aria-label=\"Incrustado de TOULOUSE.\"><\/object><a id=\"wp-block-file--media-a47d70fa-42db-4b47-bcb9-4e419f1431d2\" href=\"https:\/\/site.educa.madrid.org\/ies.alfonsomoreno.brunete\/\/wp-content\/uploads\/ies.alfonsomoreno.brunete\/2026\/02\/TOULOUSE.pdf\">TOULOUSE<\/a><a href=\"https:\/\/site.educa.madrid.org\/ies.alfonsomoreno.brunete\/\/wp-content\/uploads\/ies.alfonsomoreno.brunete\/2026\/02\/TOULOUSE.pdf\" class=\"wp-block-file__button wp-element-button\" download aria-describedby=\"wp-block-file--media-a47d70fa-42db-4b47-bcb9-4e419f1431d2\">Descarga<\/a><\/div>\n\n\n\n<p><mark style=\"background-color:#fcb900\" class=\"has-inline-color has-black-color\">CONOCE NUESTRO PROYECTO ERASMUS:<\/mark><\/p>\n\n\n\n<div data-wp-interactive=\"core\/file\" class=\"wp-block-file\"><object data-wp-bind--hidden=\"!state.hasPdfPreview\" hidden class=\"wp-block-file__embed\" data=\"https:\/\/site.educa.madrid.org\/ies.alfonsomoreno.brunete\/\/wp-content\/uploads\/ies.alfonsomoreno.brunete\/2026\/02\/Erasmus-familias.pdf\" type=\"application\/pdf\" style=\"width:100%;height:600px\" aria-label=\"Incrustado de Erasmus+ familias.\"><\/object><a id=\"wp-block-file--media-d7569970-52f5-4ace-bac0-d533e93463ef\" href=\"https:\/\/site.educa.madrid.org\/ies.alfonsomoreno.brunete\/\/wp-content\/uploads\/ies.alfonsomoreno.brunete\/2026\/02\/Erasmus-familias.pdf\">Erasmus+ familias<\/a><a href=\"https:\/\/site.educa.madrid.org\/ies.alfonsomoreno.brunete\/\/wp-content\/uploads\/ies.alfonsomoreno.brunete\/2026\/02\/Erasmus-familias.pdf\" class=\"wp-block-file__button wp-element-button\" download aria-describedby=\"wp-block-file--media-d7569970-52f5-4ace-bac0-d533e93463ef\">Descarga<\/a><\/div>\n","protected":false},"excerpt":{"rendered":"<p>\u00a1Nuestro proyecto Erasmus + ha sido seleccionado en la convocatoria de 2025! Durante los pr\u00f3ximos 18 meses tendremos la oportunidad de participar en movilidades e intercambios con alumnado y profesorado de centros educativos europeos. Toda la informaci\u00f3n del programa Erasmus + ser\u00e1 publicada&nbsp;en esta web. La movilidad a Toulouse ya est\u00e1 en marcha y ahora&#8230; [&hellip;]<\/p>\n","protected":false},"author":3,"featured_media":2564,"parent":0,"menu_order":0,"comment_status":"closed","ping_status":"closed","template":"","meta":{"footnotes":""},"folder":[],"class_list":["post-2559","page","type-page","status-publish","has-post-thumbnail","hentry"],"rttpg_featured_image_url":{"full":["https:\/\/site.educa.madrid.org\/ies.alfonsomoreno.brunete\/\/wp-content\/uploads\/ies.alfonsomoreno.brunete\/2025\/12\/DEF94982-4C83-456D-96F3-BDAA2AFA0BA5.png",293,171,false],"landscape":["https:\/\/site.educa.madrid.org\/ies.alfonsomoreno.brunete\/\/wp-content\/uploads\/ies.alfonsomoreno.brunete\/2025\/12\/DEF94982-4C83-456D-96F3-BDAA2AFA0BA5.png",293,171,false],"portraits":["https:\/\/site.educa.madrid.org\/ies.alfonsomoreno.brunete\/\/wp-content\/uploads\/ies.alfonsomoreno.brunete\/2025\/12\/DEF94982-4C83-456D-96F3-BDAA2AFA0BA5.png",293,171,false],"thumbnail":["https:\/\/site.educa.madrid.org\/ies.alfonsomoreno.brunete\/\/wp-content\/uploads\/ies.alfonsomoreno.brunete\/2025\/12\/DEF94982-4C83-456D-96F3-BDAA2AFA0BA5-150x150.png",150,150,true],"medium":["https:\/\/site.educa.madrid.org\/ies.alfonsomoreno.brunete\/\/wp-content\/uploads\/ies.alfonsomoreno.brunete\/2025\/12\/DEF94982-4C83-456D-96F3-BDAA2AFA0BA5.png",293,171,false],"large":["https:\/\/site.educa.madrid.org\/ies.alfonsomoreno.brunete\/\/wp-content\/uploads\/ies.alfonsomoreno.brunete\/2025\/12\/DEF94982-4C83-456D-96F3-BDAA2AFA0BA5.png",293,171,false],"thumblist":["https:\/\/site.educa.madrid.org\/ies.alfonsomoreno.brunete\/\/wp-content\/uploads\/ies.alfonsomoreno.brunete\/2025\/12\/DEF94982-4C83-456D-96F3-BDAA2AFA0BA5.png",293,171,false],"thumbrelated":["https:\/\/site.educa.madrid.org\/ies.alfonsomoreno.brunete\/\/wp-content\/uploads\/ies.alfonsomoreno.brunete\/2025\/12\/DEF94982-4C83-456D-96F3-BDAA2AFA0BA5.png",293,171,false],"meccarouselthumb":["https:\/\/site.educa.madrid.org\/ies.alfonsomoreno.brunete\/\/wp-content\/uploads\/ies.alfonsomoreno.brunete\/2025\/12\/DEF94982-4C83-456D-96F3-BDAA2AFA0BA5.png",293,171,false],"gridsquare":["https:\/\/site.educa.madrid.org\/ies.alfonsomoreno.brunete\/\/wp-content\/uploads\/ies.alfonsomoreno.brunete\/2025\/12\/DEF94982-4C83-456D-96F3-BDAA2AFA0BA5.png",293,171,false],"tileview":["https:\/\/site.educa.madrid.org\/ies.alfonsomoreno.brunete\/\/wp-content\/uploads\/ies.alfonsomoreno.brunete\/2025\/12\/DEF94982-4C83-456D-96F3-BDAA2AFA0BA5.png",293,171,false],"1536x1536":["https:\/\/site.educa.madrid.org\/ies.alfonsomoreno.brunete\/\/wp-content\/uploads\/ies.alfonsomoreno.brunete\/2025\/12\/DEF94982-4C83-456D-96F3-BDAA2AFA0BA5.png",293,171,false],"2048x2048":["https:\/\/site.educa.madrid.org\/ies.alfonsomoreno.brunete\/\/wp-content\/uploads\/ies.alfonsomoreno.brunete\/2025\/12\/DEF94982-4C83-456D-96F3-BDAA2AFA0BA5.png",293,171,false],"total-portfolio-thumb":["https:\/\/site.educa.madrid.org\/ies.alfonsomoreno.brunete\/\/wp-content\/uploads\/ies.alfonsomoreno.brunete\/2025\/12\/DEF94982-4C83-456D-96F3-BDAA2AFA0BA5.png",293,171,false],"total-team-thumb":["https:\/\/site.educa.madrid.org\/ies.alfonsomoreno.brunete\/\/wp-content\/uploads\/ies.alfonsomoreno.brunete\/2025\/12\/DEF94982-4C83-456D-96F3-BDAA2AFA0BA5.png",293,171,false],"total-blog-thumb":["https:\/\/site.educa.madrid.org\/ies.alfonsomoreno.brunete\/\/wp-content\/uploads\/ies.alfonsomoreno.brunete\/2025\/12\/DEF94982-4C83-456D-96F3-BDAA2AFA0BA5.png",293,171,false],"total-thumb":["https:\/\/site.educa.madrid.org\/ies.alfonsomoreno.brunete\/\/wp-content\/uploads\/ies.alfonsomoreno.brunete\/2025\/12\/DEF94982-4C83-456D-96F3-BDAA2AFA0BA5-100x100.png",100,100,true],"total-blog-header":["https:\/\/site.educa.madrid.org\/ies.alfonsomoreno.brunete\/\/wp-content\/uploads\/ies.alfonsomoreno.brunete\/2025\/12\/DEF94982-4C83-456D-96F3-BDAA2AFA0BA5.png",293,171,false],"sow-carousel-default":["https:\/\/site.educa.madrid.org\/ies.alfonsomoreno.brunete\/\/wp-content\/uploads\/ies.alfonsomoreno.brunete\/2025\/12\/DEF94982-4C83-456D-96F3-BDAA2AFA0BA5-272x171.png",272,171,true],"sow-post-carousel-overlay-theme":["https:\/\/site.educa.madrid.org\/ies.alfonsomoreno.brunete\/\/wp-content\/uploads\/ies.alfonsomoreno.brunete\/2025\/12\/DEF94982-4C83-456D-96F3-BDAA2AFA0BA5.png",293,171,false],"sow-post-carousel-cards-theme":["https:\/\/site.educa.madrid.org\/ies.alfonsomoreno.brunete\/\/wp-content\/uploads\/ies.alfonsomoreno.brunete\/2025\/12\/DEF94982-4C83-456D-96F3-BDAA2AFA0BA5.png",293,171,false],"rt_custom":["https:\/\/site.educa.madrid.org\/ies.alfonsomoreno.brunete\/\/wp-content\/uploads\/ies.alfonsomoreno.brunete\/2025\/12\/DEF94982-4C83-456D-96F3-BDAA2AFA0BA5.png",293,171,false]},"rttpg_author":{"display_name":"ies.alfonsomoreno.brunete","author_link":"https:\/\/site.educa.madrid.org\/ies.alfonsomoreno.brunete\/index.php\/author\/cuenta_ies-alfonsomoreno-brunete\/"},"rttpg_comment":0,"rttpg_category":false,"rttpg_excerpt":"\u00a1Nuestro proyecto Erasmus + ha sido seleccionado en la convocatoria de 2025! Durante los pr\u00f3ximos 18 meses tendremos la oportunidad de participar en movilidades e intercambios con alumnado y profesorado de centros educativos europeos. Toda la informaci\u00f3n del programa Erasmus + ser\u00e1 publicada&nbsp;en esta web. La movilidad a Toulouse ya est\u00e1 en marcha y ahora&#8230;&hellip;","post_mailing_queue_ids":[],"_links":{"self":[{"href":"https:\/\/site.educa.madrid.org\/ies.alfonsomoreno.brunete\/index.php\/wp-json\/wp\/v2\/pages\/2559","targetHints":{"allow":["GET"]}}],"collection":[{"href":"https:\/\/site.educa.madrid.org\/ies.alfonsomoreno.brunete\/index.php\/wp-json\/wp\/v2\/pages"}],"about":[{"href":"https:\/\/site.educa.madrid.org\/ies.alfonsomoreno.brunete\/index.php\/wp-json\/wp\/v2\/types\/page"}],"author":[{"embeddable":true,"href":"https:\/\/site.educa.madrid.org\/ies.alfonsomoreno.brunete\/index.php\/wp-json\/wp\/v2\/users\/3"}],"replies":[{"embeddable":true,"href":"https:\/\/site.educa.madrid.org\/ies.alfonsomoreno.brunete\/index.php\/wp-json\/wp\/v2\/comments?post=2559"}],"version-history":[{"count":9,"href":"https:\/\/site.educa.madrid.org\/ies.alfonsomoreno.brunete\/index.php\/wp-json\/wp\/v2\/pages\/2559\/revisions"}],"predecessor-version":[{"id":2691,"href":"https:\/\/site.educa.madrid.org\/ies.alfonsomoreno.brunete\/index.php\/wp-json\/wp\/v2\/pages\/2559\/revisions\/2691"}],"wp:featuredmedia":[{"embeddable":true,"href":"https:\/\/site.educa.madrid.org\/ies.alfonsomoreno.brunete\/index.php\/wp-json\/wp\/v2\/media\/2564"}],"wp:attachment":[{"href":"https:\/\/site.educa.madrid.org\/ies.alfonsomoreno.brunete\/index.php\/wp-json\/wp\/v2\/media?parent=2559"}],"wp:term":[{"taxonomy":"folder","embeddable":true,"href":"https:\/\/site.educa.madrid.org\/ies.alfonsomoreno.brunete\/index.php\/wp-json\/wp\/v2\/folder?post=2559"}],"curies":[{"name":"wp","href":"https:\/\/api.w.org\/{rel}","templated":true}]}}