{"id":509,"date":"2022-06-29T10:19:10","date_gmt":"2022-06-29T08:19:10","guid":{"rendered":"https:\/\/site.educa.madrid.org\/ies.alfonsomoreno.brunete\/?page_id=509"},"modified":"2024-02-05T18:32:30","modified_gmt":"2024-02-05T17:32:30","slug":"biologia-y-geologia","status":"publish","type":"page","link":"https:\/\/site.educa.madrid.org\/ies.alfonsomoreno.brunete\/index.php\/inicio\/quienes-somos\/equipo-docente\/biologia-y-geologia\/","title":{"rendered":"Biolog\u00eda y Geolog\u00eda"},"content":{"rendered":"<p>Nuestro Departamento pretende <strong>poner al alcance de los alumnos la cultura cient\u00edfica<\/strong> necesaria para que puedan desenvolverse en una sociedad en la que cada vez tienen m\u00e1s peso los aspectos relacionados con la ciencia y la tecnolog\u00eda.<\/p>\n<p>Pretendemos conseguir <strong>tres grandes finalidades:<\/strong><\/p>\n<ul>\n<li>Que los alumnos conozcan <strong>aspectos generales de los temas cient\u00edficos actuales,<\/strong> analizando noticias o textos cient\u00edficos, buscando informaci\u00f3n mediante las tecnolog\u00edas de la informaci\u00f3n y comunicando los resultados obtenidos al resto de la comunidad educativa.<\/li>\n<li>Que se <strong>familiaricen con la naturaleza y con los procesos<\/strong> que tienen lugar en ella mediante la observaci\u00f3n y la recogida de datos en la propia naturaleza y su posterior estudio en el laboratorio.<\/li>\n<li>Que <strong>adquieran actitudes de curiosidad, tolerancia y de respeto<\/strong> a las personas y al medio ambiente, trabajando en grupo, favoreciendo la escucha de unos a otros y respetando opiniones diferentes.<\/li>\n<\/ul>\n<p><strong>Criterios de calificaci\u00f3n<\/strong><\/p>\n<p><a href=\"https:\/\/site.educa.madrid.org\/ies.alfonsomoreno.brunete\/\/wp-content\/uploads\/ies.alfonsomoreno.brunete\/2024\/02\/procedimientos-e-instrumentos-de-evaluacion-y-recuperacion-dep-biologia-23-24.pdf\">Biolog\u00eda y Geolog\u00eda<\/a><\/p>\n","protected":false},"excerpt":{"rendered":"<p>Nuestro Departamento pretende poner al alcance de los alumnos la cultura cient\u00edfica necesaria para que puedan desenvolverse en una sociedad en la que cada vez tienen m\u00e1s peso los aspectos relacionados con la ciencia y la tecnolog\u00eda. Pretendemos conseguir tres grandes finalidades: Que los alumnos conozcan aspectos generales de los temas cient\u00edficos actuales, analizando noticias [&hellip;]<\/p>\n","protected":false},"author":5,"featured_media":0,"parent":121,"menu_order":7,"comment_status":"closed","ping_status":"closed","template":"","meta":{"footnotes":""},"folder":[],"class_list":["post-509","page","type-page","status-publish","hentry"],"rttpg_featured_image_url":null,"rttpg_author":{"display_name":"Cuenta Admin-educamadrid","author_link":"https:\/\/site.educa.madrid.org\/ies.alfonsomoreno.brunete\/index.php\/author\/cuenta_admin-educamadrid\/"},"rttpg_comment":0,"rttpg_category":false,"rttpg_excerpt":"Nuestro Departamento pretende poner al alcance de los alumnos la cultura cient\u00edfica necesaria para que puedan desenvolverse en una sociedad en la que cada vez tienen m\u00e1s peso los aspectos relacionados con la ciencia y la tecnolog\u00eda. Pretendemos conseguir tres grandes finalidades: Que los alumnos conozcan aspectos generales de los temas cient\u00edficos actuales, analizando noticias&hellip;","post_mailing_queue_ids":[],"_links":{"self":[{"href":"https:\/\/site.educa.madrid.org\/ies.alfonsomoreno.brunete\/index.php\/wp-json\/wp\/v2\/pages\/509","targetHints":{"allow":["GET"]}}],"collection":[{"href":"https:\/\/site.educa.madrid.org\/ies.alfonsomoreno.brunete\/index.php\/wp-json\/wp\/v2\/pages"}],"about":[{"href":"https:\/\/site.educa.madrid.org\/ies.alfonsomoreno.brunete\/index.php\/wp-json\/wp\/v2\/types\/page"}],"author":[{"embeddable":true,"href":"https:\/\/site.educa.madrid.org\/ies.alfonsomoreno.brunete\/index.php\/wp-json\/wp\/v2\/users\/5"}],"replies":[{"embeddable":true,"href":"https:\/\/site.educa.madrid.org\/ies.alfonsomoreno.brunete\/index.php\/wp-json\/wp\/v2\/comments?post=509"}],"version-history":[{"count":6,"href":"https:\/\/site.educa.madrid.org\/ies.alfonsomoreno.brunete\/index.php\/wp-json\/wp\/v2\/pages\/509\/revisions"}],"predecessor-version":[{"id":1955,"href":"https:\/\/site.educa.madrid.org\/ies.alfonsomoreno.brunete\/index.php\/wp-json\/wp\/v2\/pages\/509\/revisions\/1955"}],"up":[{"embeddable":true,"href":"https:\/\/site.educa.madrid.org\/ies.alfonsomoreno.brunete\/index.php\/wp-json\/wp\/v2\/pages\/121"}],"wp:attachment":[{"href":"https:\/\/site.educa.madrid.org\/ies.alfonsomoreno.brunete\/index.php\/wp-json\/wp\/v2\/media?parent=509"}],"wp:term":[{"taxonomy":"folder","embeddable":true,"href":"https:\/\/site.educa.madrid.org\/ies.alfonsomoreno.brunete\/index.php\/wp-json\/wp\/v2\/folder?post=509"}],"curies":[{"name":"wp","href":"https:\/\/api.w.org\/{rel}","templated":true}]}}