{"id":511,"date":"2022-06-29T10:20:09","date_gmt":"2022-06-29T08:20:09","guid":{"rendered":"https:\/\/site.educa.madrid.org\/ies.alfonsomoreno.brunete\/?page_id=511"},"modified":"2025-02-06T13:15:36","modified_gmt":"2025-02-06T12:15:36","slug":"educacion-fisica","status":"publish","type":"page","link":"https:\/\/site.educa.madrid.org\/ies.alfonsomoreno.brunete\/index.php\/inicio\/quienes-somos\/equipo-docente\/educacion-fisica\/","title":{"rendered":"Educaci\u00f3n f\u00edsica"},"content":{"rendered":"<p class=\"Textbody\">La materia de Educaci\u00f3n f\u00edsica tiene como finalidad no s\u00f3lo desarrollar las capacidades instrumentales y generar <strong><span class=\"StrongEmphasis\">h\u00e1bitos de pr\u00e1ctica continuada de la actividad f\u00edsica<\/span><\/strong>, sino que, adem\u00e1s, educar en los alumnos una <strong><span class=\"StrongEmphasis\">escala de valores, actitudes y normas<\/span><\/strong>, y concienciarlos sobre los<strong> <span class=\"StrongEmphasis\">efectos que tiene sobre el desarrollo personal<\/span>,<\/strong> contribuyendo de esta forma al logro de los objetivos generales de la etapa.<\/p>\n<p class=\"Textbody\">Este Departamento enfoca la actividad f\u00edsica de manera que contribuya a la <strong><span class=\"StrongEmphasis\">conservaci\u00f3n y mejora de la salud y el estado f\u00edsico<\/span>, a la <span class=\"StrongEmphasis\">prevenci\u00f3n de determinadas enfermedades y disfunciones<\/span> y al <span class=\"StrongEmphasis\">equilibrio ps\u00edquico.<\/span> <\/strong>Todo ello resulta incluso m\u00e1s necesario dado el papel del deporte para compensar las restricciones del medio y el sedentarismo habitual de la sociedad actual. La materia de Educaci\u00f3n f\u00edsica act\u00faa en este sentido como factor de prevenci\u00f3n de primer orden.<\/p>\n<p class=\"Textbody\"><b><span style=\"font-size: 14.0pt; line-height: 115%;\">Criterios de calificaci\u00f3n de la materias<\/span><\/b><\/p>\n<p class=\"Textbody\"><a href=\"https:\/\/site.educa.madrid.org\/ies.alfonsomoreno.brunete\/\/wp-content\/uploads\/ies.alfonsomoreno.brunete\/2025\/02\/EF-Info-familias-web.docx.pdf\">Educaci\u00f3n F\u00edsica<\/a><\/p>\n<p><a href=\"https:\/\/site.educa.madrid.org\/ies.alfonsomoreno.brunete\/\/wp-content\/uploads\/ies.alfonsomoreno.brunete\/2024\/06\/Inscripcion-IPAFD-24-25.pdf\">IPAF<\/a><\/p>\n","protected":false},"excerpt":{"rendered":"<p>La materia de Educaci\u00f3n f\u00edsica tiene como finalidad no s\u00f3lo desarrollar las capacidades instrumentales y generar h\u00e1bitos de pr\u00e1ctica continuada de la actividad f\u00edsica, sino que, adem\u00e1s, educar en los alumnos una escala de valores, actitudes y normas, y concienciarlos sobre los efectos que tiene sobre el desarrollo personal, contribuyendo de esta forma al logro [&hellip;]<\/p>\n","protected":false},"author":5,"featured_media":0,"parent":121,"menu_order":4,"comment_status":"closed","ping_status":"closed","template":"","meta":{"footnotes":""},"folder":[],"class_list":["post-511","page","type-page","status-publish","hentry"],"rttpg_featured_image_url":null,"rttpg_author":{"display_name":"Cuenta Admin-educamadrid","author_link":"https:\/\/site.educa.madrid.org\/ies.alfonsomoreno.brunete\/index.php\/author\/cuenta_admin-educamadrid\/"},"rttpg_comment":0,"rttpg_category":false,"rttpg_excerpt":"La materia de Educaci\u00f3n f\u00edsica tiene como finalidad no s\u00f3lo desarrollar las capacidades instrumentales y generar h\u00e1bitos de pr\u00e1ctica continuada de la actividad f\u00edsica, sino que, adem\u00e1s, educar en los alumnos una escala de valores, actitudes y normas, y concienciarlos sobre los efectos que tiene sobre el desarrollo personal, contribuyendo de esta forma al logro&hellip;","post_mailing_queue_ids":[],"_links":{"self":[{"href":"https:\/\/site.educa.madrid.org\/ies.alfonsomoreno.brunete\/index.php\/wp-json\/wp\/v2\/pages\/511","targetHints":{"allow":["GET"]}}],"collection":[{"href":"https:\/\/site.educa.madrid.org\/ies.alfonsomoreno.brunete\/index.php\/wp-json\/wp\/v2\/pages"}],"about":[{"href":"https:\/\/site.educa.madrid.org\/ies.alfonsomoreno.brunete\/index.php\/wp-json\/wp\/v2\/types\/page"}],"author":[{"embeddable":true,"href":"https:\/\/site.educa.madrid.org\/ies.alfonsomoreno.brunete\/index.php\/wp-json\/wp\/v2\/users\/5"}],"replies":[{"embeddable":true,"href":"https:\/\/site.educa.madrid.org\/ies.alfonsomoreno.brunete\/index.php\/wp-json\/wp\/v2\/comments?post=511"}],"version-history":[{"count":7,"href":"https:\/\/site.educa.madrid.org\/ies.alfonsomoreno.brunete\/index.php\/wp-json\/wp\/v2\/pages\/511\/revisions"}],"predecessor-version":[{"id":2274,"href":"https:\/\/site.educa.madrid.org\/ies.alfonsomoreno.brunete\/index.php\/wp-json\/wp\/v2\/pages\/511\/revisions\/2274"}],"up":[{"embeddable":true,"href":"https:\/\/site.educa.madrid.org\/ies.alfonsomoreno.brunete\/index.php\/wp-json\/wp\/v2\/pages\/121"}],"wp:attachment":[{"href":"https:\/\/site.educa.madrid.org\/ies.alfonsomoreno.brunete\/index.php\/wp-json\/wp\/v2\/media?parent=511"}],"wp:term":[{"taxonomy":"folder","embeddable":true,"href":"https:\/\/site.educa.madrid.org\/ies.alfonsomoreno.brunete\/index.php\/wp-json\/wp\/v2\/folder?post=511"}],"curies":[{"name":"wp","href":"https:\/\/api.w.org\/{rel}","templated":true}]}}