{"id":513,"date":"2022-06-29T10:20:37","date_gmt":"2022-06-29T08:20:37","guid":{"rendered":"https:\/\/site.educa.madrid.org\/ies.alfonsomoreno.brunete\/?page_id=513"},"modified":"2024-04-02T11:57:42","modified_gmt":"2024-04-02T09:57:42","slug":"educacion-plastica-y-visual","status":"publish","type":"page","link":"https:\/\/site.educa.madrid.org\/ies.alfonsomoreno.brunete\/index.php\/inicio\/quienes-somos\/equipo-docente\/educacion-plastica-y-visual\/","title":{"rendered":"Educaci\u00f3n Pl\u00e1stica y Visual"},"content":{"rendered":"<p class=\"Textbody\">La Educaci\u00f3n Art\u00edstica se puede convertir en un viaje apasionante. La <span class=\"StrongEmphasis\">importancia de la asignatura<\/span> en los procesos de aprendizaje es un hecho que ha quedado plenamente reconocido en todos los campos de la ense\u00f1anza, por no mencionar los incontables beneficios para el equilibrio y desarrollo personal que tiene la expresi\u00f3n pl\u00e1stica. Por ello, en este centro, desde el Departamento de Educaci\u00f3n Pl\u00e1stica y Visual se hace posible que los alumnos <strong><span class=\"StrongEmphasis\">se expresen dibujando, pintando o mediante el volumen y muestren el mundo a trav\u00e9s de sus ojos<\/span>.<\/strong><\/p>\n<p class=\"Textbody\">Si bien est\u00e1 claro que no todos se van a dedicar a profesiones creativas, tambi\u00e9n es cierto que la creatividad siempre formar\u00e1 parte de sus vidas y su futuro.<\/p>\n<p class=\"Textbody\"><a href=\"https:\/\/site.educa.madrid.org\/ies.alfonsomoreno.brunete\/\/wp-content\/uploads\/ies.alfonsomoreno.brunete\/2024\/04\/CRITERIOSDIBUJO.pdf\"><b><span style=\"font-size: 14.0pt; line-height: 115%;\">Criterios de calificaci\u00f3n<\/span><\/b><\/a><\/p>\n\n\n<p>Optativas:<\/p>\n\n\n\n<ul class=\"wp-block-list\">\n<li><a href=\"https:\/\/site.educa.madrid.org\/ies.alfonsomoreno.brunete\/\/wp-content\/uploads\/ies.alfonsomoreno.brunete\/2023\/05\/Dibujo-Artistico.jpg\">Dibujo Art\u00edstico<\/a><\/li>\n\n\n\n<li><a href=\"https:\/\/site.educa.madrid.org\/ies.alfonsomoreno.brunete\/\/wp-content\/uploads\/ies.alfonsomoreno.brunete\/2023\/05\/Proyecto-en-comunicacion-visual.jpg\">Proyecto en comunicaci\u00f3n visual<\/a><\/li>\n\n\n\n<li><a href=\"https:\/\/site.educa.madrid.org\/ies.alfonsomoreno.brunete\/\/wp-content\/uploads\/ies.alfonsomoreno.brunete\/2023\/05\/pintura-mural.jpg\">Pintura<\/a><\/li>\n<\/ul>\n","protected":false},"excerpt":{"rendered":"<p>La Educaci\u00f3n Art\u00edstica se puede convertir en un viaje apasionante. La importancia de la asignatura en los procesos de aprendizaje es un hecho que ha quedado plenamente reconocido en todos los campos de la ense\u00f1anza, por no mencionar los incontables beneficios para el equilibrio y desarrollo personal que tiene la expresi\u00f3n pl\u00e1stica. Por ello, en [&hellip;]<\/p>\n","protected":false},"author":5,"featured_media":0,"parent":121,"menu_order":3,"comment_status":"closed","ping_status":"closed","template":"","meta":{"footnotes":""},"folder":[],"class_list":["post-513","page","type-page","status-publish","hentry"],"rttpg_featured_image_url":null,"rttpg_author":{"display_name":"Cuenta Admin-educamadrid","author_link":"https:\/\/site.educa.madrid.org\/ies.alfonsomoreno.brunete\/index.php\/author\/cuenta_admin-educamadrid\/"},"rttpg_comment":0,"rttpg_category":false,"rttpg_excerpt":"La Educaci\u00f3n Art\u00edstica se puede convertir en un viaje apasionante. La importancia de la asignatura en los procesos de aprendizaje es un hecho que ha quedado plenamente reconocido en todos los campos de la ense\u00f1anza, por no mencionar los incontables beneficios para el equilibrio y desarrollo personal que tiene la expresi\u00f3n pl\u00e1stica. Por ello, en&hellip;","post_mailing_queue_ids":[],"_links":{"self":[{"href":"https:\/\/site.educa.madrid.org\/ies.alfonsomoreno.brunete\/index.php\/wp-json\/wp\/v2\/pages\/513","targetHints":{"allow":["GET"]}}],"collection":[{"href":"https:\/\/site.educa.madrid.org\/ies.alfonsomoreno.brunete\/index.php\/wp-json\/wp\/v2\/pages"}],"about":[{"href":"https:\/\/site.educa.madrid.org\/ies.alfonsomoreno.brunete\/index.php\/wp-json\/wp\/v2\/types\/page"}],"author":[{"embeddable":true,"href":"https:\/\/site.educa.madrid.org\/ies.alfonsomoreno.brunete\/index.php\/wp-json\/wp\/v2\/users\/5"}],"replies":[{"embeddable":true,"href":"https:\/\/site.educa.madrid.org\/ies.alfonsomoreno.brunete\/index.php\/wp-json\/wp\/v2\/comments?post=513"}],"version-history":[{"count":5,"href":"https:\/\/site.educa.madrid.org\/ies.alfonsomoreno.brunete\/index.php\/wp-json\/wp\/v2\/pages\/513\/revisions"}],"predecessor-version":[{"id":2010,"href":"https:\/\/site.educa.madrid.org\/ies.alfonsomoreno.brunete\/index.php\/wp-json\/wp\/v2\/pages\/513\/revisions\/2010"}],"up":[{"embeddable":true,"href":"https:\/\/site.educa.madrid.org\/ies.alfonsomoreno.brunete\/index.php\/wp-json\/wp\/v2\/pages\/121"}],"wp:attachment":[{"href":"https:\/\/site.educa.madrid.org\/ies.alfonsomoreno.brunete\/index.php\/wp-json\/wp\/v2\/media?parent=513"}],"wp:term":[{"taxonomy":"folder","embeddable":true,"href":"https:\/\/site.educa.madrid.org\/ies.alfonsomoreno.brunete\/index.php\/wp-json\/wp\/v2\/folder?post=513"}],"curies":[{"name":"wp","href":"https:\/\/api.w.org\/{rel}","templated":true}]}}