{"id":517,"date":"2022-06-29T10:21:42","date_gmt":"2022-06-29T08:21:42","guid":{"rendered":"https:\/\/site.educa.madrid.org\/ies.alfonsomoreno.brunete\/?page_id=517"},"modified":"2023-10-19T19:58:50","modified_gmt":"2023-10-19T17:58:50","slug":"filosofia","status":"publish","type":"page","link":"https:\/\/site.educa.madrid.org\/ies.alfonsomoreno.brunete\/index.php\/inicio\/quienes-somos\/equipo-docente\/filosofia\/","title":{"rendered":"Filosof\u00eda"},"content":{"rendered":"<p class=\"Textbody\">El objetivo fundamental de la asignatura es el <b>desarrollo de la actitud reflexiva y cr\u00edtica en los alumnos<\/b>. Por este motivo, las principales metodolog\u00edas est\u00e1n enfocadas en estimular y provocar actitudes reflexivas en las que se sometan a consideraci\u00f3n y an\u00e1lisis tanto la diversidad de aspectos de nuestra experiencia, cuanto los problemas fundamentales que plantean cada uno de ellos y sus relaciones.<\/p>\n<p class=\"Textbody\">El enfoque, por lo tanto, ser\u00e1 <span class=\"StrongEmphasis\"><strong>dotar al alumno de unos conocimientos que le permitan analizar y comprender el entorno social y cultural<\/strong> en<\/span> el que se va a desenvolver su vida, as\u00ed como prepararle para que pueda acceder sin problemas a los estudios superiores.<\/p>\n<p class=\"Textbody\"><b><span style=\"font-size: 14.0pt; line-height: 115%;\">Criterios de calificaci\u00f3n de la materias<\/span><\/b><\/p>\n<p class=\"Textbody\"><a href=\"https:\/\/site.educa.madrid.org\/ies.alfonsomoreno.brunete\/\/wp-content\/uploads\/ies.alfonsomoreno.brunete\/2023\/10\/INFORMACION-A-LAS-FAMILIAS-DEPARTAMENTO-DE-fILOSOFIA.pdf\">Criterios de calificaci\u00f3n<\/a><\/p>\n","protected":false},"excerpt":{"rendered":"<p>El objetivo fundamental de la asignatura es el desarrollo de la actitud reflexiva y cr\u00edtica en los alumnos. Por este motivo, las principales metodolog\u00edas est\u00e1n enfocadas en estimular y provocar actitudes reflexivas en las que se sometan a consideraci\u00f3n y an\u00e1lisis tanto la diversidad de aspectos de nuestra experiencia, cuanto los problemas fundamentales que plantean [&hellip;]<\/p>\n","protected":false},"author":5,"featured_media":0,"parent":121,"menu_order":15,"comment_status":"closed","ping_status":"closed","template":"","meta":{"footnotes":""},"folder":[],"class_list":["post-517","page","type-page","status-publish","hentry"],"rttpg_featured_image_url":null,"rttpg_author":{"display_name":"Cuenta Admin-educamadrid","author_link":"https:\/\/site.educa.madrid.org\/ies.alfonsomoreno.brunete\/index.php\/author\/cuenta_admin-educamadrid\/"},"rttpg_comment":0,"rttpg_category":false,"rttpg_excerpt":"El objetivo fundamental de la asignatura es el desarrollo de la actitud reflexiva y cr\u00edtica en los alumnos. Por este motivo, las principales metodolog\u00edas est\u00e1n enfocadas en estimular y provocar actitudes reflexivas en las que se sometan a consideraci\u00f3n y an\u00e1lisis tanto la diversidad de aspectos de nuestra experiencia, cuanto los problemas fundamentales que plantean&hellip;","post_mailing_queue_ids":[],"_links":{"self":[{"href":"https:\/\/site.educa.madrid.org\/ies.alfonsomoreno.brunete\/index.php\/wp-json\/wp\/v2\/pages\/517","targetHints":{"allow":["GET"]}}],"collection":[{"href":"https:\/\/site.educa.madrid.org\/ies.alfonsomoreno.brunete\/index.php\/wp-json\/wp\/v2\/pages"}],"about":[{"href":"https:\/\/site.educa.madrid.org\/ies.alfonsomoreno.brunete\/index.php\/wp-json\/wp\/v2\/types\/page"}],"author":[{"embeddable":true,"href":"https:\/\/site.educa.madrid.org\/ies.alfonsomoreno.brunete\/index.php\/wp-json\/wp\/v2\/users\/5"}],"replies":[{"embeddable":true,"href":"https:\/\/site.educa.madrid.org\/ies.alfonsomoreno.brunete\/index.php\/wp-json\/wp\/v2\/comments?post=517"}],"version-history":[{"count":4,"href":"https:\/\/site.educa.madrid.org\/ies.alfonsomoreno.brunete\/index.php\/wp-json\/wp\/v2\/pages\/517\/revisions"}],"predecessor-version":[{"id":1799,"href":"https:\/\/site.educa.madrid.org\/ies.alfonsomoreno.brunete\/index.php\/wp-json\/wp\/v2\/pages\/517\/revisions\/1799"}],"up":[{"embeddable":true,"href":"https:\/\/site.educa.madrid.org\/ies.alfonsomoreno.brunete\/index.php\/wp-json\/wp\/v2\/pages\/121"}],"wp:attachment":[{"href":"https:\/\/site.educa.madrid.org\/ies.alfonsomoreno.brunete\/index.php\/wp-json\/wp\/v2\/media?parent=517"}],"wp:term":[{"taxonomy":"folder","embeddable":true,"href":"https:\/\/site.educa.madrid.org\/ies.alfonsomoreno.brunete\/index.php\/wp-json\/wp\/v2\/folder?post=517"}],"curies":[{"name":"wp","href":"https:\/\/api.w.org\/{rel}","templated":true}]}}