{"id":523,"date":"2022-06-29T10:23:47","date_gmt":"2022-06-29T08:23:47","guid":{"rendered":"https:\/\/site.educa.madrid.org\/ies.alfonsomoreno.brunete\/?page_id=523"},"modified":"2024-01-23T12:47:53","modified_gmt":"2024-01-23T11:47:53","slug":"geografia-e-historia","status":"publish","type":"page","link":"https:\/\/site.educa.madrid.org\/ies.alfonsomoreno.brunete\/index.php\/inicio\/quienes-somos\/equipo-docente\/geografia-e-historia\/","title":{"rendered":"Geograf\u00eda e Historia"},"content":{"rendered":"<p><em>A la tarea de recomponer la conciencia cr\u00edtica, de devolver alguna esperanza y de reanimar la capacidad de acci\u00f3n colectiva hemos de contribuir todos. Quienes nos dedicamos a la ense\u00f1anza, y en especial a la de las ciencias sociales, tenemos una funci\u00f3n esencial. Por desconcertados que nos sintamos, sabemos que nuestra obligaci\u00f3n es ayudar a que se mantenga viva la capacidad de las nuevas generaciones para razonar, preguntar, criticar, mientras, entre todos, reconstruimos los programas para una nueva esperanza y evitamos que, con la excusa del fin de la historia, lo que paren de verdad sean nuestras posibilidades de cambiar el presente y construir un futuro mejor.<\/em><\/p>\n<p style=\"text-align: right;\"><strong>Josep Fontana<\/strong><em>, \u00ab<\/em>\u00bfQu\u00e9 historia para ma\u00f1ana?\u00bb<\/p>\n<p style=\"text-align: right;\">En<em> La historia despu\u00e9s del fin de la historia. <\/em>Ed Cr\u00edtica<\/p>\n<p><strong>Criterios de calificaci\u00f3n\u00a0<\/strong><\/p>\n<p><a href=\"https:\/\/site.educa.madrid.org\/ies.alfonsomoreno.brunete\/\/wp-content\/uploads\/ies.alfonsomoreno.brunete\/2024\/01\/Resumen-criterios.pdf\">ESO y Bachillerato<\/a><\/p>\n","protected":false},"excerpt":{"rendered":"<p>A la tarea de recomponer la conciencia cr\u00edtica, de devolver alguna esperanza y de reanimar la capacidad de acci\u00f3n colectiva hemos de contribuir todos. Quienes nos dedicamos a la ense\u00f1anza, y en especial a la de las ciencias sociales, tenemos una funci\u00f3n esencial. Por desconcertados que nos sintamos, sabemos que nuestra obligaci\u00f3n es ayudar a [&hellip;]<\/p>\n","protected":false},"author":5,"featured_media":0,"parent":121,"menu_order":5,"comment_status":"closed","ping_status":"closed","template":"","meta":{"footnotes":""},"folder":[],"class_list":["post-523","page","type-page","status-publish","hentry"],"rttpg_featured_image_url":null,"rttpg_author":{"display_name":"Cuenta Admin-educamadrid","author_link":"https:\/\/site.educa.madrid.org\/ies.alfonsomoreno.brunete\/index.php\/author\/cuenta_admin-educamadrid\/"},"rttpg_comment":0,"rttpg_category":false,"rttpg_excerpt":"A la tarea de recomponer la conciencia cr\u00edtica, de devolver alguna esperanza y de reanimar la capacidad de acci\u00f3n colectiva hemos de contribuir todos. Quienes nos dedicamos a la ense\u00f1anza, y en especial a la de las ciencias sociales, tenemos una funci\u00f3n esencial. Por desconcertados que nos sintamos, sabemos que nuestra obligaci\u00f3n es ayudar a&hellip;","post_mailing_queue_ids":[],"_links":{"self":[{"href":"https:\/\/site.educa.madrid.org\/ies.alfonsomoreno.brunete\/index.php\/wp-json\/wp\/v2\/pages\/523","targetHints":{"allow":["GET"]}}],"collection":[{"href":"https:\/\/site.educa.madrid.org\/ies.alfonsomoreno.brunete\/index.php\/wp-json\/wp\/v2\/pages"}],"about":[{"href":"https:\/\/site.educa.madrid.org\/ies.alfonsomoreno.brunete\/index.php\/wp-json\/wp\/v2\/types\/page"}],"author":[{"embeddable":true,"href":"https:\/\/site.educa.madrid.org\/ies.alfonsomoreno.brunete\/index.php\/wp-json\/wp\/v2\/users\/5"}],"replies":[{"embeddable":true,"href":"https:\/\/site.educa.madrid.org\/ies.alfonsomoreno.brunete\/index.php\/wp-json\/wp\/v2\/comments?post=523"}],"version-history":[{"count":4,"href":"https:\/\/site.educa.madrid.org\/ies.alfonsomoreno.brunete\/index.php\/wp-json\/wp\/v2\/pages\/523\/revisions"}],"predecessor-version":[{"id":1939,"href":"https:\/\/site.educa.madrid.org\/ies.alfonsomoreno.brunete\/index.php\/wp-json\/wp\/v2\/pages\/523\/revisions\/1939"}],"up":[{"embeddable":true,"href":"https:\/\/site.educa.madrid.org\/ies.alfonsomoreno.brunete\/index.php\/wp-json\/wp\/v2\/pages\/121"}],"wp:attachment":[{"href":"https:\/\/site.educa.madrid.org\/ies.alfonsomoreno.brunete\/index.php\/wp-json\/wp\/v2\/media?parent=523"}],"wp:term":[{"taxonomy":"folder","embeddable":true,"href":"https:\/\/site.educa.madrid.org\/ies.alfonsomoreno.brunete\/index.php\/wp-json\/wp\/v2\/folder?post=523"}],"curies":[{"name":"wp","href":"https:\/\/api.w.org\/{rel}","templated":true}]}}