{"id":529,"date":"2022-06-29T10:25:59","date_gmt":"2022-06-29T08:25:59","guid":{"rendered":"https:\/\/site.educa.madrid.org\/ies.alfonsomoreno.brunete\/?page_id=529"},"modified":"2023-10-19T19:40:31","modified_gmt":"2023-10-19T17:40:31","slug":"latin-y-griego","status":"publish","type":"page","link":"https:\/\/site.educa.madrid.org\/ies.alfonsomoreno.brunete\/index.php\/inicio\/quienes-somos\/equipo-docente\/latin-y-griego\/","title":{"rendered":"Lat\u00edn"},"content":{"rendered":"<p>Obviar el conocimiento que nos aportan las lenguas cl\u00e1sicas supone renegar no solo de los or\u00edgenes de nuestra sociedad, sino tambi\u00e9n de las bases de las dem\u00e1s disciplinas. Podr\u00edamos pensar cu\u00e1ntas de ellas beben de la pol\u00edtica, de la filosof\u00eda, del teatro, de las matem\u00e1ticas \u2014indisociables del mundo hel\u00e9nico\u2014, de las obras de ingenier\u00eda romanas, de la arquitectura, de la ret\u00f3rica o del Derecho Romano. <strong>Tambi\u00e9n podr\u00edamos decir que, en parte, el hecho de que escribamos as\u00ed y no de otra manera se lo debemos al alfabeto latino, que a su vez es una adaptaci\u00f3n del griego.<\/strong><\/p>\n<p>Quiz\u00e1 el mayor legado que nos ofrece el estudio de las lenguas cl\u00e1sicas sea el poder leer a Homero, Plat\u00f3n, Arist\u00f3teles, Cicer\u00f3n, S\u00e9neca o Virgilio. No ser\u00edamos capaces de entender nuestra cultura y nuestros imaginarios sin la filosof\u00eda y la literatura grecolatinas. Dec\u00eda Alfred North Whitehead, fil\u00f3sofo y matem\u00e1tico ingl\u00e9s, que <strong>toda la filosof\u00eda occidental es una serie de notas a pie de p\u00e1gina de la filosof\u00eda plat\u00f3nica.<\/strong> Y tampoco tenemos que olvidarnos del \u00e1mbito de las matem\u00e1ticas: Euclides, Pit\u00e1goras, Arqu\u00edmedes o Tales de Mileto fueron algunos de los matem\u00e1ticos m\u00e1s conspicuos de la Antigua Grecia. Por eso, en el campo de la matem\u00e1tica (del griego <em>\u03bc\u03ac\u03b8\u03b7\u03bc\u03b1 <\/em>\u2018conocimiento\u2019, \u2018ciencia\u2019) a\u00fan hablamos de los teoremas de Tales, Euclides o Pit\u00e1goras o del principio de Arqu\u00edmedes.<\/p>\n<p>En definitiva, los cl\u00e1sicos nunca caducan; en realidad, llevan m\u00e1s tiempo que nadie siendo actuales. Como dice<strong> Irene Vallejo<\/strong>, \u201dgracias a ellos entendemos un poco mejor el mundo que nos rodea\u201d. Y, sobre todo, leerlos es un placer.<\/p>\n<p><strong>Criterios de calificaci\u00f3n<\/strong><\/p>\n\n\n<p><a href=\"https:\/\/site.educa.madrid.org\/ies.alfonsomoreno.brunete\/\/wp-content\/uploads\/ies.alfonsomoreno.brunete\/2023\/10\/Info-evaluac.-y-calific.-Latin-4ESO.pdf\">Lat\u00edn 4\u00baESO<\/a><\/p>\n\n\n\n<p><a href=\"https:\/\/site.educa.madrid.org\/ies.alfonsomoreno.brunete\/\/wp-content\/uploads\/ies.alfonsomoreno.brunete\/2023\/10\/Info-evaluac.-y-calific.-Latin-1oBach.pdf\">Lat\u00edn 1\u00baBachillerato<\/a><\/p>\n\n\n\n<p><a href=\"https:\/\/site.educa.madrid.org\/ies.alfonsomoreno.brunete\/\/wp-content\/uploads\/ies.alfonsomoreno.brunete\/2023\/10\/Info-evaluac.-y-calific.-Latin-2o-Bach.pdf\">Lat\u00edn 2\u00ba Bachillerato<\/a><\/p>\n\n\n\n<p><\/p>\n","protected":false},"excerpt":{"rendered":"<p>Obviar el conocimiento que nos aportan las lenguas cl\u00e1sicas supone renegar no solo de los or\u00edgenes de nuestra sociedad, sino tambi\u00e9n de las bases de las dem\u00e1s disciplinas. Podr\u00edamos pensar cu\u00e1ntas de ellas beben de la pol\u00edtica, de la filosof\u00eda, del teatro, de las matem\u00e1ticas \u2014indisociables del mundo hel\u00e9nico\u2014, de las obras de ingenier\u00eda romanas, [&hellip;]<\/p>\n","protected":false},"author":5,"featured_media":0,"parent":121,"menu_order":12,"comment_status":"closed","ping_status":"closed","template":"","meta":{"footnotes":""},"folder":[],"class_list":["post-529","page","type-page","status-publish","hentry"],"rttpg_featured_image_url":null,"rttpg_author":{"display_name":"Cuenta Admin-educamadrid","author_link":"https:\/\/site.educa.madrid.org\/ies.alfonsomoreno.brunete\/index.php\/author\/cuenta_admin-educamadrid\/"},"rttpg_comment":0,"rttpg_category":false,"rttpg_excerpt":"Obviar el conocimiento que nos aportan las lenguas cl\u00e1sicas supone renegar no solo de los or\u00edgenes de nuestra sociedad, sino tambi\u00e9n de las bases de las dem\u00e1s disciplinas. Podr\u00edamos pensar cu\u00e1ntas de ellas beben de la pol\u00edtica, de la filosof\u00eda, del teatro, de las matem\u00e1ticas \u2014indisociables del mundo hel\u00e9nico\u2014, de las obras de ingenier\u00eda romanas,&hellip;","post_mailing_queue_ids":[],"_links":{"self":[{"href":"https:\/\/site.educa.madrid.org\/ies.alfonsomoreno.brunete\/index.php\/wp-json\/wp\/v2\/pages\/529","targetHints":{"allow":["GET"]}}],"collection":[{"href":"https:\/\/site.educa.madrid.org\/ies.alfonsomoreno.brunete\/index.php\/wp-json\/wp\/v2\/pages"}],"about":[{"href":"https:\/\/site.educa.madrid.org\/ies.alfonsomoreno.brunete\/index.php\/wp-json\/wp\/v2\/types\/page"}],"author":[{"embeddable":true,"href":"https:\/\/site.educa.madrid.org\/ies.alfonsomoreno.brunete\/index.php\/wp-json\/wp\/v2\/users\/5"}],"replies":[{"embeddable":true,"href":"https:\/\/site.educa.madrid.org\/ies.alfonsomoreno.brunete\/index.php\/wp-json\/wp\/v2\/comments?post=529"}],"version-history":[{"count":5,"href":"https:\/\/site.educa.madrid.org\/ies.alfonsomoreno.brunete\/index.php\/wp-json\/wp\/v2\/pages\/529\/revisions"}],"predecessor-version":[{"id":1786,"href":"https:\/\/site.educa.madrid.org\/ies.alfonsomoreno.brunete\/index.php\/wp-json\/wp\/v2\/pages\/529\/revisions\/1786"}],"up":[{"embeddable":true,"href":"https:\/\/site.educa.madrid.org\/ies.alfonsomoreno.brunete\/index.php\/wp-json\/wp\/v2\/pages\/121"}],"wp:attachment":[{"href":"https:\/\/site.educa.madrid.org\/ies.alfonsomoreno.brunete\/index.php\/wp-json\/wp\/v2\/media?parent=529"}],"wp:term":[{"taxonomy":"folder","embeddable":true,"href":"https:\/\/site.educa.madrid.org\/ies.alfonsomoreno.brunete\/index.php\/wp-json\/wp\/v2\/folder?post=529"}],"curies":[{"name":"wp","href":"https:\/\/api.w.org\/{rel}","templated":true}]}}