{"id":531,"date":"2022-06-29T10:26:45","date_gmt":"2022-06-29T08:26:45","guid":{"rendered":"https:\/\/site.educa.madrid.org\/ies.alfonsomoreno.brunete\/?page_id=531"},"modified":"2023-10-19T19:50:55","modified_gmt":"2023-10-19T17:50:55","slug":"musica","status":"publish","type":"page","link":"https:\/\/site.educa.madrid.org\/ies.alfonsomoreno.brunete\/index.php\/inicio\/quienes-somos\/equipo-docente\/musica\/","title":{"rendered":"M\u00fasica"},"content":{"rendered":"<p class=\"Textbody\">El Departamento de M\u00fasica entiende su \u00e1rea de manera eminentemente <strong><span class=\"StrongEmphasis\">pr\u00e1ctica<\/span><\/strong>, por lo que nos gusta hacer las clases participativas. As\u00ed, aparte de los aspectos te\u00f3ricos, trabajamos con distintos instrumentos, <strong><span class=\"StrongEmphasis\">con escucha activa y con nuevas tecnolog\u00edas<\/span>.<\/strong> Incluso intentamos organizar y montar <strong><span class=\"StrongEmphasis\">conciertos<\/span> <\/strong>con los alumnos y sacar la clase fuera de la clase: conferencias, aula abierta, salidas\u2026<\/p>\n<p class=\"Textbody\"><b><span style=\"font-size: 14.0pt; line-height: 115%;\">Criterios de calificaci\u00f3n de la materias<\/span><\/b><\/p>\n<p class=\"Textbody\"><a href=\"https:\/\/site.educa.madrid.org\/ies.alfonsomoreno.brunete\/\/wp-content\/uploads\/ies.alfonsomoreno.brunete\/2023\/10\/HISTORIA-DE-LA-MUSICA-Y-LA-DANZA-2o-BACHILLERATO_Evaluacion-y-calificacion.pdf\">Historia de la M\u00fasica y la Danza<\/a><\/p>\n","protected":false},"excerpt":{"rendered":"<p>El Departamento de M\u00fasica entiende su \u00e1rea de manera eminentemente pr\u00e1ctica, por lo que nos gusta hacer las clases participativas. As\u00ed, aparte de los aspectos te\u00f3ricos, trabajamos con distintos instrumentos, con escucha activa y con nuevas tecnolog\u00edas. Incluso intentamos organizar y montar conciertos con los alumnos y sacar la clase fuera de la clase: conferencias, [&hellip;]<\/p>\n","protected":false},"author":5,"featured_media":0,"parent":121,"menu_order":8,"comment_status":"closed","ping_status":"closed","template":"","meta":{"footnotes":""},"folder":[],"class_list":["post-531","page","type-page","status-publish","hentry"],"rttpg_featured_image_url":null,"rttpg_author":{"display_name":"Cuenta Admin-educamadrid","author_link":"https:\/\/site.educa.madrid.org\/ies.alfonsomoreno.brunete\/index.php\/author\/cuenta_admin-educamadrid\/"},"rttpg_comment":0,"rttpg_category":false,"rttpg_excerpt":"El Departamento de M\u00fasica entiende su \u00e1rea de manera eminentemente pr\u00e1ctica, por lo que nos gusta hacer las clases participativas. As\u00ed, aparte de los aspectos te\u00f3ricos, trabajamos con distintos instrumentos, con escucha activa y con nuevas tecnolog\u00edas. Incluso intentamos organizar y montar conciertos con los alumnos y sacar la clase fuera de la clase: conferencias,&hellip;","post_mailing_queue_ids":[],"_links":{"self":[{"href":"https:\/\/site.educa.madrid.org\/ies.alfonsomoreno.brunete\/index.php\/wp-json\/wp\/v2\/pages\/531","targetHints":{"allow":["GET"]}}],"collection":[{"href":"https:\/\/site.educa.madrid.org\/ies.alfonsomoreno.brunete\/index.php\/wp-json\/wp\/v2\/pages"}],"about":[{"href":"https:\/\/site.educa.madrid.org\/ies.alfonsomoreno.brunete\/index.php\/wp-json\/wp\/v2\/types\/page"}],"author":[{"embeddable":true,"href":"https:\/\/site.educa.madrid.org\/ies.alfonsomoreno.brunete\/index.php\/wp-json\/wp\/v2\/users\/5"}],"replies":[{"embeddable":true,"href":"https:\/\/site.educa.madrid.org\/ies.alfonsomoreno.brunete\/index.php\/wp-json\/wp\/v2\/comments?post=531"}],"version-history":[{"count":3,"href":"https:\/\/site.educa.madrid.org\/ies.alfonsomoreno.brunete\/index.php\/wp-json\/wp\/v2\/pages\/531\/revisions"}],"predecessor-version":[{"id":1793,"href":"https:\/\/site.educa.madrid.org\/ies.alfonsomoreno.brunete\/index.php\/wp-json\/wp\/v2\/pages\/531\/revisions\/1793"}],"up":[{"embeddable":true,"href":"https:\/\/site.educa.madrid.org\/ies.alfonsomoreno.brunete\/index.php\/wp-json\/wp\/v2\/pages\/121"}],"wp:attachment":[{"href":"https:\/\/site.educa.madrid.org\/ies.alfonsomoreno.brunete\/index.php\/wp-json\/wp\/v2\/media?parent=531"}],"wp:term":[{"taxonomy":"folder","embeddable":true,"href":"https:\/\/site.educa.madrid.org\/ies.alfonsomoreno.brunete\/index.php\/wp-json\/wp\/v2\/folder?post=531"}],"curies":[{"name":"wp","href":"https:\/\/api.w.org\/{rel}","templated":true}]}}