{"id":537,"date":"2022-06-29T10:28:37","date_gmt":"2022-06-29T08:28:37","guid":{"rendered":"https:\/\/site.educa.madrid.org\/ies.alfonsomoreno.brunete\/?page_id=537"},"modified":"2023-12-22T15:50:09","modified_gmt":"2023-12-22T14:50:09","slug":"orientacion","status":"publish","type":"page","link":"https:\/\/site.educa.madrid.org\/ies.alfonsomoreno.brunete\/index.php\/inicio\/quienes-somos\/equipo-docente\/orientacion\/","title":{"rendered":"Orientaci\u00f3n"},"content":{"rendered":"<p>En el Departamento de Orientaci\u00f3n intentamos <strong>coordinar la ayuda para los alumnos y alumnas del instituto<\/strong> que por diferentes razones tienen algunos problemas, dificultades o dudas con sus estudios.<\/p>\n<p>Esta ayuda se realiza a trav\u00e9s de planes de actuaci\u00f3n con los tutores (Plan de Acci\u00f3n Tutorial &#8211; PAT, Plan de Atenci\u00f3n a la Diversidad &#8211; PAD, Plan de Orientaci\u00f3n Acad\u00e9mica y Profesional &#8211; POAP), con todos los profesores (juntas de evaluaci\u00f3n), con las familias y con los alumnos (programas de Integraci\u00f3n, Compensatoria y PMAR).<\/p>\n<p>El trabajo del Departamento tiene como <strong>objetivos<\/strong>:<\/p>\n<ul>\n<li><strong>Colaborar con los Departamentos did\u00e1cticos <\/strong>facilitando estrategias de valoraci\u00f3n de las necesidades educativas y asesorando en la elaboraci\u00f3n de adaptaciones curriculares.<\/li>\n<li><strong>Promover la cooperaci\u00f3n entre la familia y el centro<\/strong>, asesorando y colaborando con el equipo directivo y los equipos docentes.<\/li>\n<li>Colaborar en la <strong>identificaci\u00f3n de las barreras de aprendizaje y en valoraci\u00f3n de las necesidades educativas especiales<\/strong>. La <em>evaluaci\u00f3n psicopedag\u00f3gica<\/em>, como proceso de recogida, an\u00e1lisis y valoraci\u00f3n de informaci\u00f3n relevante referida al alumno y a su contexto familiar y escolar, permite adoptar decisiones respecto a la mejor opci\u00f3n de escolarizaci\u00f3n. A tal fin, el Departamento de Orientaci\u00f3n se sirve de procedimientos, t\u00e9cnicas e instrumentos de observaci\u00f3n y evaluaci\u00f3n que les permita conocer al alumno y a la interacci\u00f3n que establece con su entorno escolar y familiar.<\/li>\n<li><strong>Apoyar a los equipos docentes<\/strong> en el desarrollo del Plan de Acci\u00f3n Tutorial del centro.<\/li>\n<\/ul>\n<p><strong>Forman parte del Departamento los siguientes especialistas:<\/strong><\/p>\n\n\n<ul class=\"wp-block-list\">\n<li>Orientadora (Jefa del Departamento)<\/li>\n\n\n\n<li>Especialista en Pedagog\u00eda Terap\u00e9utica (PT)<\/li>\n\n\n\n<li>Especialista en Audici\u00f3n y Lenguaje (AL)<\/li>\n\n\n\n<li>Profesores de \u00c1mbitos<\/li>\n<\/ul>\n\n\n\n<p class=\"has-medium-font-size\"><strong>Criterios de calificaci\u00f3n&nbsp;<\/strong><\/p>\n\n\n\n<p><a href=\"https:\/\/site.educa.madrid.org\/ies.alfonsomoreno.brunete\/\/wp-content\/uploads\/ies.alfonsomoreno.brunete\/2023\/10\/info-familias-ALS-ACM-23-24.pdf\">ALS ACM<\/a><\/p>\n\n\n\n<p><strong>Pruebas de acceso a FP<\/strong><\/p>\n\n\n\n<p><a href=\"https:\/\/www.comunidad.madrid\/servicios\/educacion\/pruebas-acceso#panel-380221\">Enlace<\/a><\/p>\n\n\n\n<p class=\"has-medium-font-size\"><strong>Orientaci\u00f3n acad\u00e9mica curso 22-23&nbsp;<\/strong><\/p>\n\n\n\n<div data-wp-interactive=\"core\/file\" class=\"wp-block-file\"><object data-wp-bind--hidden=\"!state.hasPdfPreview\" hidden class=\"wp-block-file__embed\" data=\"https:\/\/site.educa.madrid.org\/ies.alfonsomoreno.brunete\/\/wp-content\/uploads\/ies.alfonsomoreno.brunete\/2023\/05\/charla-3o-ESO-2023.pptx.pdf\" type=\"application\/pdf\" style=\"width:100%;height:600px\" aria-label=\"Incrustado de 3\u00ba ESO.\"><\/object><a id=\"wp-block-file--media-76a2256b-d0b7-4b78-b7ab-4e8f80be0dbc\" href=\"https:\/\/site.educa.madrid.org\/ies.alfonsomoreno.brunete\/\/wp-content\/uploads\/ies.alfonsomoreno.brunete\/2023\/05\/charla-3o-ESO-2023.pptx.pdf\">3\u00ba ESO<\/a><a href=\"https:\/\/site.educa.madrid.org\/ies.alfonsomoreno.brunete\/\/wp-content\/uploads\/ies.alfonsomoreno.brunete\/2023\/05\/charla-3o-ESO-2023.pptx.pdf\" class=\"wp-block-file__button wp-element-button\" download aria-describedby=\"wp-block-file--media-76a2256b-d0b7-4b78-b7ab-4e8f80be0dbc\">Descarga<\/a><\/div>\n\n\n\n<div data-wp-interactive=\"core\/file\" class=\"wp-block-file\"><object data-wp-bind--hidden=\"!state.hasPdfPreview\" hidden class=\"wp-block-file__embed\" data=\"https:\/\/site.educa.madrid.org\/ies.alfonsomoreno.brunete\/\/wp-content\/uploads\/ies.alfonsomoreno.brunete\/2023\/05\/charla-4aESO-y-BACHILLERATO-2023.pptx.pdf\" type=\"application\/pdf\" style=\"width:100%;height:600px\" aria-label=\"Incrustado de 4\u00aaESO y BACHILLERATO.\"><\/object><a id=\"wp-block-file--media-7720d106-33e1-4e69-85c4-b08216f487c5\" href=\"https:\/\/site.educa.madrid.org\/ies.alfonsomoreno.brunete\/\/wp-content\/uploads\/ies.alfonsomoreno.brunete\/2023\/05\/charla-4aESO-y-BACHILLERATO-2023.pptx.pdf\">4\u00aaESO y BACHILLERATO<\/a><a href=\"https:\/\/site.educa.madrid.org\/ies.alfonsomoreno.brunete\/\/wp-content\/uploads\/ies.alfonsomoreno.brunete\/2023\/05\/charla-4aESO-y-BACHILLERATO-2023.pptx.pdf\" class=\"wp-block-file__button wp-element-button\" download aria-describedby=\"wp-block-file--media-7720d106-33e1-4e69-85c4-b08216f487c5\">Descarga<\/a><\/div>\n\n\n\n<p><\/p>\n","protected":false},"excerpt":{"rendered":"<p>En el Departamento de Orientaci\u00f3n intentamos coordinar la ayuda para los alumnos y alumnas del instituto que por diferentes razones tienen algunos problemas, dificultades o dudas con sus estudios. Esta ayuda se realiza a trav\u00e9s de planes de actuaci\u00f3n con los tutores (Plan de Acci\u00f3n Tutorial &#8211; PAT, Plan de Atenci\u00f3n a la Diversidad &#8211; [&hellip;]<\/p>\n","protected":false},"author":5,"featured_media":0,"parent":121,"menu_order":16,"comment_status":"closed","ping_status":"closed","template":"","meta":{"footnotes":""},"folder":[],"class_list":["post-537","page","type-page","status-publish","hentry"],"rttpg_featured_image_url":null,"rttpg_author":{"display_name":"Cuenta Admin-educamadrid","author_link":"https:\/\/site.educa.madrid.org\/ies.alfonsomoreno.brunete\/index.php\/author\/cuenta_admin-educamadrid\/"},"rttpg_comment":0,"rttpg_category":false,"rttpg_excerpt":"En el Departamento de Orientaci\u00f3n intentamos coordinar la ayuda para los alumnos y alumnas del instituto que por diferentes razones tienen algunos problemas, dificultades o dudas con sus estudios. Esta ayuda se realiza a trav\u00e9s de planes de actuaci\u00f3n con los tutores (Plan de Acci\u00f3n Tutorial &#8211; PAT, Plan de Atenci\u00f3n a la Diversidad &#8211;&hellip;","post_mailing_queue_ids":[],"_links":{"self":[{"href":"https:\/\/site.educa.madrid.org\/ies.alfonsomoreno.brunete\/index.php\/wp-json\/wp\/v2\/pages\/537","targetHints":{"allow":["GET"]}}],"collection":[{"href":"https:\/\/site.educa.madrid.org\/ies.alfonsomoreno.brunete\/index.php\/wp-json\/wp\/v2\/pages"}],"about":[{"href":"https:\/\/site.educa.madrid.org\/ies.alfonsomoreno.brunete\/index.php\/wp-json\/wp\/v2\/types\/page"}],"author":[{"embeddable":true,"href":"https:\/\/site.educa.madrid.org\/ies.alfonsomoreno.brunete\/index.php\/wp-json\/wp\/v2\/users\/5"}],"replies":[{"embeddable":true,"href":"https:\/\/site.educa.madrid.org\/ies.alfonsomoreno.brunete\/index.php\/wp-json\/wp\/v2\/comments?post=537"}],"version-history":[{"count":18,"href":"https:\/\/site.educa.madrid.org\/ies.alfonsomoreno.brunete\/index.php\/wp-json\/wp\/v2\/pages\/537\/revisions"}],"predecessor-version":[{"id":1921,"href":"https:\/\/site.educa.madrid.org\/ies.alfonsomoreno.brunete\/index.php\/wp-json\/wp\/v2\/pages\/537\/revisions\/1921"}],"up":[{"embeddable":true,"href":"https:\/\/site.educa.madrid.org\/ies.alfonsomoreno.brunete\/index.php\/wp-json\/wp\/v2\/pages\/121"}],"wp:attachment":[{"href":"https:\/\/site.educa.madrid.org\/ies.alfonsomoreno.brunete\/index.php\/wp-json\/wp\/v2\/media?parent=537"}],"wp:term":[{"taxonomy":"folder","embeddable":true,"href":"https:\/\/site.educa.madrid.org\/ies.alfonsomoreno.brunete\/index.php\/wp-json\/wp\/v2\/folder?post=537"}],"curies":[{"name":"wp","href":"https:\/\/api.w.org\/{rel}","templated":true}]}}