{"id":697,"date":"2023-02-06T13:02:39","date_gmt":"2023-02-06T12:02:39","guid":{"rendered":"https:\/\/site.educa.madrid.org\/ies.alfonsomoreno.brunete\/?page_id=697"},"modified":"2023-02-06T19:35:52","modified_gmt":"2023-02-06T18:35:52","slug":"comunicados-avisos","status":"publish","type":"page","link":"https:\/\/site.educa.madrid.org\/ies.alfonsomoreno.brunete\/index.php\/comunicados-avisos\/","title":{"rendered":"Comunicados\/avisos"},"content":{"rendered":"\n<p>Homologaci\u00f3n y convalidaci\u00f3n de t\u00edtulos y estudios extranjeros no universitarios<\/p>\n\n\n\n<p>Disponen de toda la informaci\u00f3n en el siguiente enlace:<\/p>\n\n\n\n<p><a href=\"https:\/\/www.educacionyfp.gob.es\/servicios-al-ciudadano\/catalogo\/gestion-titulos\/estudios-no-universitarios\/titulos-extranjeros\/homologacion-convalidacion-no-universitarios.html\">https:\/\/www.educacionyfp.gob.es\/servicios-al-ciudadano\/catalogo\/gestion-titulos\/estudios-no-universitarios\/titulos-extranjeros\/homologacion-convalidacion-no-universitarios.html<\/a><\/p>\n","protected":false},"excerpt":{"rendered":"<p>Homologaci\u00f3n y convalidaci\u00f3n de t\u00edtulos y estudios extranjeros no universitarios Disponen de toda la informaci\u00f3n en el siguiente enlace: https:\/\/www.educacionyfp.gob.es\/servicios-al-ciudadano\/catalogo\/gestion-titulos\/estudios-no-universitarios\/titulos-extranjeros\/homologacion-convalidacion-no-universitarios.html<\/p>\n","protected":false},"author":8,"featured_media":0,"parent":0,"menu_order":0,"comment_status":"closed","ping_status":"closed","template":"","meta":{"footnotes":""},"folder":[],"class_list":["post-697","page","type-page","status-publish","hentry"],"rttpg_featured_image_url":null,"rttpg_author":{"display_name":"Sara Fern\u00e1ndez Caballero","author_link":"https:\/\/site.educa.madrid.org\/ies.alfonsomoreno.brunete\/index.php\/author\/sara_fernndez-caballero\/"},"rttpg_comment":0,"rttpg_category":false,"rttpg_excerpt":"Homologaci\u00f3n y convalidaci\u00f3n de t\u00edtulos y estudios extranjeros no universitarios Disponen de toda la informaci\u00f3n en el siguiente enlace: https:\/\/www.educacionyfp.gob.es\/servicios-al-ciudadano\/catalogo\/gestion-titulos\/estudios-no-universitarios\/titulos-extranjeros\/homologacion-convalidacion-no-universitarios.html","post_mailing_queue_ids":[],"_links":{"self":[{"href":"https:\/\/site.educa.madrid.org\/ies.alfonsomoreno.brunete\/index.php\/wp-json\/wp\/v2\/pages\/697","targetHints":{"allow":["GET"]}}],"collection":[{"href":"https:\/\/site.educa.madrid.org\/ies.alfonsomoreno.brunete\/index.php\/wp-json\/wp\/v2\/pages"}],"about":[{"href":"https:\/\/site.educa.madrid.org\/ies.alfonsomoreno.brunete\/index.php\/wp-json\/wp\/v2\/types\/page"}],"author":[{"embeddable":true,"href":"https:\/\/site.educa.madrid.org\/ies.alfonsomoreno.brunete\/index.php\/wp-json\/wp\/v2\/users\/8"}],"replies":[{"embeddable":true,"href":"https:\/\/site.educa.madrid.org\/ies.alfonsomoreno.brunete\/index.php\/wp-json\/wp\/v2\/comments?post=697"}],"version-history":[{"count":2,"href":"https:\/\/site.educa.madrid.org\/ies.alfonsomoreno.brunete\/index.php\/wp-json\/wp\/v2\/pages\/697\/revisions"}],"predecessor-version":[{"id":731,"href":"https:\/\/site.educa.madrid.org\/ies.alfonsomoreno.brunete\/index.php\/wp-json\/wp\/v2\/pages\/697\/revisions\/731"}],"wp:attachment":[{"href":"https:\/\/site.educa.madrid.org\/ies.alfonsomoreno.brunete\/index.php\/wp-json\/wp\/v2\/media?parent=697"}],"wp:term":[{"taxonomy":"folder","embeddable":true,"href":"https:\/\/site.educa.madrid.org\/ies.alfonsomoreno.brunete\/index.php\/wp-json\/wp\/v2\/folder?post=697"}],"curies":[{"name":"wp","href":"https:\/\/api.w.org\/{rel}","templated":true}]}}