{"id":701,"date":"2023-02-06T13:04:58","date_gmt":"2023-02-06T12:04:58","guid":{"rendered":"https:\/\/site.educa.madrid.org\/ies.alfonsomoreno.brunete\/?page_id=701"},"modified":"2023-02-06T19:34:33","modified_gmt":"2023-02-06T18:34:33","slug":"horario","status":"publish","type":"page","link":"https:\/\/site.educa.madrid.org\/ies.alfonsomoreno.brunete\/index.php\/horario\/","title":{"rendered":"Horario"},"content":{"rendered":"\n<ul class=\"wp-block-list\"><li><strong>HORARIO DE ATENCI\u00d3N AL P\u00daBLICO<\/strong><\/li><\/ul>\n\n\n\n<p>De 9:00 a 10:30 h.<\/p>\n\n\n\n<ul class=\"wp-block-list\"><li><strong>CONTACTO SECRETAR\u00cdA:<\/strong><\/li><\/ul>\n\n\n\n<p><a href=\"mailto:secretaria@iesamoreno.es\">secretaria@iesamoreno.es<\/a><\/p>\n\n\n\n<p><strong>CONTACTO DEL CENTRO:&nbsp;<\/strong><a href=\"mailto:ies.alfonsomoreno.brunete@educa.madrid.org\">ies.alfonsomoreno.brunete@educa.madrid.org<\/a><\/p>\n\n\n\n<p><strong>TEL\u00c9FONO:&nbsp;<\/strong>918158371<\/p>\n\n\n\n<p><strong>FAX:&nbsp;<\/strong>918158399<\/p>\n","protected":false},"excerpt":{"rendered":"<p>HORARIO DE ATENCI\u00d3N AL P\u00daBLICO De 9:00 a 10:30 h. CONTACTO SECRETAR\u00cdA: secretaria@iesamoreno.es CONTACTO DEL CENTRO:&nbsp;ies.alfonsomoreno.brunete@educa.madrid.org TEL\u00c9FONO:&nbsp;918158371 FAX:&nbsp;918158399<\/p>\n","protected":false},"author":8,"featured_media":0,"parent":0,"menu_order":0,"comment_status":"closed","ping_status":"closed","template":"","meta":{"footnotes":""},"folder":[],"class_list":["post-701","page","type-page","status-publish","hentry"],"rttpg_featured_image_url":null,"rttpg_author":{"display_name":"Sara Fern\u00e1ndez Caballero","author_link":"https:\/\/site.educa.madrid.org\/ies.alfonsomoreno.brunete\/index.php\/author\/sara_fernndez-caballero\/"},"rttpg_comment":0,"rttpg_category":false,"rttpg_excerpt":"HORARIO DE ATENCI\u00d3N AL P\u00daBLICO De 9:00 a 10:30 h. CONTACTO SECRETAR\u00cdA: secretaria@iesamoreno.es CONTACTO DEL CENTRO:&nbsp;ies.alfonsomoreno.brunete@educa.madrid.org TEL\u00c9FONO:&nbsp;918158371 FAX:&nbsp;918158399","post_mailing_queue_ids":[],"_links":{"self":[{"href":"https:\/\/site.educa.madrid.org\/ies.alfonsomoreno.brunete\/index.php\/wp-json\/wp\/v2\/pages\/701","targetHints":{"allow":["GET"]}}],"collection":[{"href":"https:\/\/site.educa.madrid.org\/ies.alfonsomoreno.brunete\/index.php\/wp-json\/wp\/v2\/pages"}],"about":[{"href":"https:\/\/site.educa.madrid.org\/ies.alfonsomoreno.brunete\/index.php\/wp-json\/wp\/v2\/types\/page"}],"author":[{"embeddable":true,"href":"https:\/\/site.educa.madrid.org\/ies.alfonsomoreno.brunete\/index.php\/wp-json\/wp\/v2\/users\/8"}],"replies":[{"embeddable":true,"href":"https:\/\/site.educa.madrid.org\/ies.alfonsomoreno.brunete\/index.php\/wp-json\/wp\/v2\/comments?post=701"}],"version-history":[{"count":2,"href":"https:\/\/site.educa.madrid.org\/ies.alfonsomoreno.brunete\/index.php\/wp-json\/wp\/v2\/pages\/701\/revisions"}],"predecessor-version":[{"id":730,"href":"https:\/\/site.educa.madrid.org\/ies.alfonsomoreno.brunete\/index.php\/wp-json\/wp\/v2\/pages\/701\/revisions\/730"}],"wp:attachment":[{"href":"https:\/\/site.educa.madrid.org\/ies.alfonsomoreno.brunete\/index.php\/wp-json\/wp\/v2\/media?parent=701"}],"wp:term":[{"taxonomy":"folder","embeddable":true,"href":"https:\/\/site.educa.madrid.org\/ies.alfonsomoreno.brunete\/index.php\/wp-json\/wp\/v2\/folder?post=701"}],"curies":[{"name":"wp","href":"https:\/\/api.w.org\/{rel}","templated":true}]}}