{"id":710,"date":"2023-02-06T19:12:59","date_gmt":"2023-02-06T18:12:59","guid":{"rendered":"https:\/\/site.educa.madrid.org\/ies.alfonsomoreno.brunete\/?page_id=710"},"modified":"2026-05-10T16:59:36","modified_gmt":"2026-05-10T14:59:36","slug":"documentos-informativos","status":"publish","type":"page","link":"https:\/\/site.educa.madrid.org\/ies.alfonsomoreno.brunete\/index.php\/documentos-informativos\/","title":{"rendered":"Documentos informativos"},"content":{"rendered":"\n<p><\/p>\n\n\n\n<p><a href=\"https:\/\/site.educa.madrid.org\/ies.alfonsomoreno.brunete\/\/wp-content\/uploads\/ies.alfonsomoreno.brunete\/2026\/05\/SOLICITUD-TITULO-BACHILLERATO-Y-MATRICULACION-PAU.pdf\">SOLICITUD DE T\u00cdTULOS DE BACHILLERATO Y MATRICULACI\u00d3N EN PRUEBA DE ACCESO A LA UNIVERSIDAD<\/a>&#8211; 2026<\/p>\n\n\n\n<p><a href=\"https:\/\/site.educa.madrid.org\/ies.alfonsomoreno.brunete\/\/wp-content\/uploads\/ies.alfonsomoreno.brunete\/2023\/02\/2021-11-19-Instrucciones_Proteccion_de_Datos_Centros-2021_2022_26731297-1.pdf\">POL\u00cdTICA\u00a0DE PRIVACIDAD EN CENTROS DOCENTES<\/a><\/p>\n\n\n\n<p><a href=\"https:\/\/site.educa.madrid.org\/ies.alfonsomoreno.brunete\/\/wp-content\/uploads\/ies.alfonsomoreno.brunete\/2023\/02\/Declaracion-responsable-padres.pdf\">DECLARACI\u00d3N RESPONSABLE PADRES<\/a><\/p>\n\n\n\n<p><\/p>\n","protected":false},"excerpt":{"rendered":"<p>SOLICITUD DE T\u00cdTULOS DE BACHILLERATO Y MATRICULACI\u00d3N EN PRUEBA DE ACCESO A LA UNIVERSIDAD&#8211; 2026 POL\u00cdTICA\u00a0DE PRIVACIDAD EN CENTROS DOCENTES DECLARACI\u00d3N RESPONSABLE PADRES<\/p>\n","protected":false},"author":8,"featured_media":0,"parent":0,"menu_order":0,"comment_status":"closed","ping_status":"closed","template":"","meta":{"footnotes":""},"folder":[],"class_list":["post-710","page","type-page","status-publish","hentry"],"rttpg_featured_image_url":null,"rttpg_author":{"display_name":"Sara Fern\u00e1ndez Caballero","author_link":"https:\/\/site.educa.madrid.org\/ies.alfonsomoreno.brunete\/index.php\/author\/sara_fernndez-caballero\/"},"rttpg_comment":0,"rttpg_category":false,"rttpg_excerpt":"SOLICITUD DE T\u00cdTULOS DE BACHILLERATO Y MATRICULACI\u00d3N EN PRUEBA DE ACCESO A LA UNIVERSIDAD&#8211; 2026 POL\u00cdTICA\u00a0DE PRIVACIDAD EN CENTROS DOCENTES DECLARACI\u00d3N RESPONSABLE PADRES","post_mailing_queue_ids":[],"_links":{"self":[{"href":"https:\/\/site.educa.madrid.org\/ies.alfonsomoreno.brunete\/index.php\/wp-json\/wp\/v2\/pages\/710","targetHints":{"allow":["GET"]}}],"collection":[{"href":"https:\/\/site.educa.madrid.org\/ies.alfonsomoreno.brunete\/index.php\/wp-json\/wp\/v2\/pages"}],"about":[{"href":"https:\/\/site.educa.madrid.org\/ies.alfonsomoreno.brunete\/index.php\/wp-json\/wp\/v2\/types\/page"}],"author":[{"embeddable":true,"href":"https:\/\/site.educa.madrid.org\/ies.alfonsomoreno.brunete\/index.php\/wp-json\/wp\/v2\/users\/8"}],"replies":[{"embeddable":true,"href":"https:\/\/site.educa.madrid.org\/ies.alfonsomoreno.brunete\/index.php\/wp-json\/wp\/v2\/comments?post=710"}],"version-history":[{"count":5,"href":"https:\/\/site.educa.madrid.org\/ies.alfonsomoreno.brunete\/index.php\/wp-json\/wp\/v2\/pages\/710\/revisions"}],"predecessor-version":[{"id":2749,"href":"https:\/\/site.educa.madrid.org\/ies.alfonsomoreno.brunete\/index.php\/wp-json\/wp\/v2\/pages\/710\/revisions\/2749"}],"wp:attachment":[{"href":"https:\/\/site.educa.madrid.org\/ies.alfonsomoreno.brunete\/index.php\/wp-json\/wp\/v2\/media?parent=710"}],"wp:term":[{"taxonomy":"folder","embeddable":true,"href":"https:\/\/site.educa.madrid.org\/ies.alfonsomoreno.brunete\/index.php\/wp-json\/wp\/v2\/folder?post=710"}],"curies":[{"name":"wp","href":"https:\/\/api.w.org\/{rel}","templated":true}]}}