{"id":805,"date":"2023-02-11T19:11:51","date_gmt":"2023-02-11T18:11:51","guid":{"rendered":"https:\/\/site.educa.madrid.org\/ies.alfonsomoreno.brunete\/?page_id=805"},"modified":"2025-11-20T10:47:23","modified_gmt":"2025-11-20T09:47:23","slug":"transporte-y-horario-ampliado","status":"publish","type":"page","link":"https:\/\/site.educa.madrid.org\/ies.alfonsomoreno.brunete\/index.php\/transporte-y-horario-ampliado\/","title":{"rendered":"Horario, comedor y transporte"},"content":{"rendered":"\n<div class=\"wp-block-columns is-layout-flex wp-container-core-columns-is-layout-28f84493 wp-block-columns-is-layout-flex\">\n<div class=\"wp-block-column is-layout-flow wp-block-column-is-layout-flow\">\n<p><strong>HORARIO GENERAL<\/strong> 8h25 a 15h20<\/p>\n\n\n\n<p>Horario de tarde: Lunes a Jueves 15h20 a 19h00<\/p>\n\n\n\n<p>Posibilidad de <strong>RUTA ESCOLAR<\/strong> (contactar con el Ayuntamiento de Brunete) <\/p>\n<\/div>\n\n\n\n<div class=\"wp-block-column is-layout-flow wp-block-column-is-layout-flow\">\n<p><strong>ACTIVIDADES DE TARDE:<\/strong><\/p>\n\n\n\n<p>Plan <strong>REFUERZA<\/strong>: refuerzo de matem\u00e1ticas, lengua y F\u00edsica y Qu\u00edmica (1\u00ba, 2\u00ba y 3\u00baESO)<\/p>\n\n\n\n<p>Centro <strong>IPAFD<\/strong>  <strong>ACTIVIDADES DEPORTIVAS<\/strong> <\/p>\n<\/div>\n<\/div>\n\n\n\n<p>Si est\u00e1s interesado en el servicio de<strong>\u00a0cafeter\u00eda o comedor<\/strong>, ponte en contacto con\u00a0<strong>Montse<\/strong>\u00a0(722834962).<\/p>\n","protected":false},"excerpt":{"rendered":"<p>HORARIO GENERAL 8h25 a 15h20 Horario de tarde: Lunes a Jueves 15h20 a 19h00 Posibilidad de RUTA ESCOLAR (contactar con el Ayuntamiento de Brunete) ACTIVIDADES DE TARDE: Plan REFUERZA: refuerzo de matem\u00e1ticas, lengua y F\u00edsica y Qu\u00edmica (1\u00ba, 2\u00ba y 3\u00baESO) Centro IPAFD ACTIVIDADES DEPORTIVAS Si est\u00e1s interesado en el servicio de\u00a0cafeter\u00eda o comedor, ponte [&hellip;]<\/p>\n","protected":false},"author":8,"featured_media":0,"parent":0,"menu_order":0,"comment_status":"closed","ping_status":"closed","template":"","meta":{"footnotes":""},"folder":[],"class_list":["post-805","page","type-page","status-publish","hentry"],"rttpg_featured_image_url":null,"rttpg_author":{"display_name":"Sara Fern\u00e1ndez Caballero","author_link":"https:\/\/site.educa.madrid.org\/ies.alfonsomoreno.brunete\/index.php\/author\/sara_fernndez-caballero\/"},"rttpg_comment":0,"rttpg_category":false,"rttpg_excerpt":"HORARIO GENERAL 8h25 a 15h20 Horario de tarde: Lunes a Jueves 15h20 a 19h00 Posibilidad de RUTA ESCOLAR (contactar con el Ayuntamiento de Brunete) ACTIVIDADES DE TARDE: Plan REFUERZA: refuerzo de matem\u00e1ticas, lengua y F\u00edsica y Qu\u00edmica (1\u00ba, 2\u00ba y 3\u00baESO) Centro IPAFD ACTIVIDADES DEPORTIVAS Si est\u00e1s interesado en el servicio de\u00a0cafeter\u00eda o comedor, ponte&hellip;","post_mailing_queue_ids":[],"_links":{"self":[{"href":"https:\/\/site.educa.madrid.org\/ies.alfonsomoreno.brunete\/index.php\/wp-json\/wp\/v2\/pages\/805","targetHints":{"allow":["GET"]}}],"collection":[{"href":"https:\/\/site.educa.madrid.org\/ies.alfonsomoreno.brunete\/index.php\/wp-json\/wp\/v2\/pages"}],"about":[{"href":"https:\/\/site.educa.madrid.org\/ies.alfonsomoreno.brunete\/index.php\/wp-json\/wp\/v2\/types\/page"}],"author":[{"embeddable":true,"href":"https:\/\/site.educa.madrid.org\/ies.alfonsomoreno.brunete\/index.php\/wp-json\/wp\/v2\/users\/8"}],"replies":[{"embeddable":true,"href":"https:\/\/site.educa.madrid.org\/ies.alfonsomoreno.brunete\/index.php\/wp-json\/wp\/v2\/comments?post=805"}],"version-history":[{"count":7,"href":"https:\/\/site.educa.madrid.org\/ies.alfonsomoreno.brunete\/index.php\/wp-json\/wp\/v2\/pages\/805\/revisions"}],"predecessor-version":[{"id":2543,"href":"https:\/\/site.educa.madrid.org\/ies.alfonsomoreno.brunete\/index.php\/wp-json\/wp\/v2\/pages\/805\/revisions\/2543"}],"wp:attachment":[{"href":"https:\/\/site.educa.madrid.org\/ies.alfonsomoreno.brunete\/index.php\/wp-json\/wp\/v2\/media?parent=805"}],"wp:term":[{"taxonomy":"folder","embeddable":true,"href":"https:\/\/site.educa.madrid.org\/ies.alfonsomoreno.brunete\/index.php\/wp-json\/wp\/v2\/folder?post=805"}],"curies":[{"name":"wp","href":"https:\/\/api.w.org\/{rel}","templated":true}]}}