{"id":168,"date":"2021-05-12T07:48:25","date_gmt":"2021-05-12T07:48:25","guid":{"rendered":"https:\/\/site.educa.madrid.org\/ies.alonsodeavellan.alcala\/?page_id=168"},"modified":"2021-05-24T06:57:05","modified_gmt":"2021-05-24T06:57:05","slug":"presentacion-2","status":"publish","type":"page","link":"https:\/\/site.educa.madrid.org\/ies.alonsodeavellan.alcala\/index.php\/presentacion-2\/","title":{"rendered":"Presentaci\u00f3n"},"content":{"rendered":"\n<figure class=\"wp-block-image size-large\"><img loading=\"lazy\" decoding=\"async\" width=\"840\" height=\"250\" src=\"https:\/\/site.educa.madrid.org\/ies.alonsodeavellan.alcala\/\/wp-content\/uploads\/ies.alonsodeavellan.alcala\/2021\/05\/presentacion.jpg\" alt=\"\" class=\"wp-image-169\" srcset=\"https:\/\/site.educa.madrid.org\/ies.alonsodeavellan.alcala\/\/wp-content\/uploads\/ies.alonsodeavellan.alcala\/2021\/05\/presentacion.jpg 840w, https:\/\/site.educa.madrid.org\/ies.alonsodeavellan.alcala\/\/wp-content\/uploads\/ies.alonsodeavellan.alcala\/2021\/05\/presentacion-300x89.jpg 300w, https:\/\/site.educa.madrid.org\/ies.alonsodeavellan.alcala\/\/wp-content\/uploads\/ies.alonsodeavellan.alcala\/2021\/05\/presentacion-768x229.jpg 768w\" sizes=\"auto, (max-width: 840px) 100vw, 840px\" \/><\/figure>\n\n\n\n<p><strong>El I.E.S Alonso de Avellaneda es un centro educativo de titularidad p\u00fablica. Por ello, la educaci\u00f3n que se imparte es aconfesional y al mismo tiempo respetuosa y tolerante con las creencias e ideolog\u00edas de sus miembros.<\/strong><\/p>\n\n\n\n<p>A tenor de lo previsto en la ley Org\u00e1nica del Derecho a la Educaci\u00f3n (LODE) las actividades educativas del Centro se ajustar\u00e1n a los principios contenidos en el art\u00edculo 27.2 de la Constituci\u00f3n que se orientan al pleno desarrollo de la personalidad de los alumnos, al aprendizaje activo del modelo de vida democr\u00e1tico, al logro de una s\u00f3lida educaci\u00f3n que facilite el paso a la vida activa, u a la igualdad real de oportunidades educativas.<\/p>\n\n\n\n<p>La educaci\u00f3n y la convivencia se desarrollar\u00e1n en un marco de tolerancia y respeto a la libertad de cada cual, a su personalidad y convicciones, que no podr\u00e1n ser perturbadas por ning\u00fan tipo de coacci\u00f3n ni por la obligaci\u00f3n de asumir ideolog\u00edas o creencias determinadas, recibiendo un trato correcto por parte de los dem\u00e1s miembros de la comunidad educativa.<\/p>\n\n\n\n<p>Todos los miembros de la Comunidad Educativa tendr\u00e1n derecho a intervenir en las decisiones que les afecten, a trav\u00e9s de representantes libremente elegidos para la constituci\u00f3n de los \u00f3rganos colegiados de Gobierno, y a participar activamente en la vida del Centro aportando iniciativas y observaciones.<\/p>\n\n\n\n<p>Todos tendr\u00e1n derecho a expresar su pensamiento, ideas y opiniones, dentro del marco de la Constituci\u00f3n.<\/p>\n\n\n\n<p>NUESTRA MISI\u00d3N<\/p>\n\n\n\n<p>\u00abFormar a nuestros alumnos en los principios de libertad y responsabilidad, para que puedan afrontar con \u00e9xito nuevas etapas de su vida.<\/p>\n\n\n\n<p>Llegar a ser una comunidad educativa de referencia en la que todos nos sintamos satisfechos por el trabajo que realizamos.\u00bb<\/p>\n\n\n\n<h2 class=\"wp-block-heading\">Estilo de formaci\u00f3n de ense\u00f1anza-aprendizaje<\/h2>\n\n\n\n<p>&nbsp;Los alumnos son orientados para que puedan asumir progresivamente la responsabilidad de su propia educaci\u00f3n y de las actividades complementarias de car\u00e1cter cultural, asociativo, recreativo, o de \u00edndole similar que contribuyan a complementar su formaci\u00f3n.<\/p>\n\n\n\n<p>De acuerdo con los principios de igualdad de derechos y no discriminaci\u00f3n que inspirara la actividad educativa, la ense\u00f1anza que se proporciona a los alumnos y alumnas es igual y se desarrolla en un marco de coeducaci\u00f3n.<\/p>\n\n\n\n<p>Se presta la debida atenci\u00f3n a las relaciones de cooperaci\u00f3n con otros centros de la localidad para asegurar la realizaci\u00f3n de programas educativos de inter\u00e9s general y de intercambio de determinados servicios y colaboraciones.<\/p>\n\n\n\n<p>Se respeta la libertad de c\u00e1tedra que corresponda a los profesores. Las libertades acad\u00e9micas se ejercer\u00e1n en el marco de la coordinaci\u00f3n exigida por la existencia de equipos educativos, no obstante, el saber no ser\u00e1 utilizado por ning\u00fan profesor como instrumento de dominaci\u00f3n o manipulaci\u00f3n de los alumnos.<\/p>\n","protected":false},"excerpt":{"rendered":"<p>El I.E.S Alonso de Avellaneda es un centro educativo de titularidad p\u00fablica. Por ello, la educaci\u00f3n que se imparte es aconfesional y al mismo tiempo respetuosa y tolerante con las creencias e ideolog\u00edas de sus miembros. A tenor de lo previsto en la ley Org\u00e1nica del Derecho a la Educaci\u00f3n (LODE) las actividades educativas del [&hellip;]<\/p>\n","protected":false},"author":6,"featured_media":0,"parent":0,"menu_order":0,"comment_status":"closed","ping_status":"closed","template":"template-fullwide.php","meta":{"footnotes":""},"folder":[],"class_list":["post-168","page","type-page","status-publish","hentry"],"rttpg_featured_image_url":null,"rttpg_author":{"display_name":"Luis G\u00f3mez Dom\u00ednguez","author_link":"https:\/\/site.educa.madrid.org\/ies.alonsodeavellan.alcala\/index.php\/author\/luis_gmez-domnguez\/"},"rttpg_comment":0,"rttpg_category":false,"rttpg_excerpt":"El I.E.S Alonso de Avellaneda es un centro educativo de titularidad p\u00fablica. Por ello, la educaci\u00f3n que se imparte es aconfesional y al mismo tiempo respetuosa y tolerante con las creencias e ideolog\u00edas de sus miembros. A tenor de lo previsto en la ley Org\u00e1nica del Derecho a la Educaci\u00f3n (LODE) las actividades educativas del&hellip;","post_mailing_queue_ids":[],"_links":{"self":[{"href":"https:\/\/site.educa.madrid.org\/ies.alonsodeavellan.alcala\/index.php\/wp-json\/wp\/v2\/pages\/168","targetHints":{"allow":["GET"]}}],"collection":[{"href":"https:\/\/site.educa.madrid.org\/ies.alonsodeavellan.alcala\/index.php\/wp-json\/wp\/v2\/pages"}],"about":[{"href":"https:\/\/site.educa.madrid.org\/ies.alonsodeavellan.alcala\/index.php\/wp-json\/wp\/v2\/types\/page"}],"author":[{"embeddable":true,"href":"https:\/\/site.educa.madrid.org\/ies.alonsodeavellan.alcala\/index.php\/wp-json\/wp\/v2\/users\/6"}],"replies":[{"embeddable":true,"href":"https:\/\/site.educa.madrid.org\/ies.alonsodeavellan.alcala\/index.php\/wp-json\/wp\/v2\/comments?post=168"}],"version-history":[{"count":1,"href":"https:\/\/site.educa.madrid.org\/ies.alonsodeavellan.alcala\/index.php\/wp-json\/wp\/v2\/pages\/168\/revisions"}],"predecessor-version":[{"id":171,"href":"https:\/\/site.educa.madrid.org\/ies.alonsodeavellan.alcala\/index.php\/wp-json\/wp\/v2\/pages\/168\/revisions\/171"}],"wp:attachment":[{"href":"https:\/\/site.educa.madrid.org\/ies.alonsodeavellan.alcala\/index.php\/wp-json\/wp\/v2\/media?parent=168"}],"wp:term":[{"taxonomy":"folder","embeddable":true,"href":"https:\/\/site.educa.madrid.org\/ies.alonsodeavellan.alcala\/index.php\/wp-json\/wp\/v2\/folder?post=168"}],"curies":[{"name":"wp","href":"https:\/\/api.w.org\/{rel}","templated":true}]}}