{"id":173,"date":"2021-05-12T07:53:35","date_gmt":"2021-05-12T07:53:35","guid":{"rendered":"https:\/\/site.educa.madrid.org\/ies.alonsodeavellan.alcala\/?page_id=173"},"modified":"2025-09-26T12:19:05","modified_gmt":"2025-09-26T10:19:05","slug":"equipo-directivo","status":"publish","type":"page","link":"https:\/\/site.educa.madrid.org\/ies.alonsodeavellan.alcala\/index.php\/pagina-inicio\/equipo-directivo\/","title":{"rendered":"Equipo directivo"},"content":{"rendered":"\n<p><strong>Director:<\/strong><br>C\u00e9sar Rodr\u00edguez Casero<\/p>\n\n\n\n<p><strong>Jefa de estudios diurno:<\/strong><br>Eva de Isidro Guijarro<\/p>\n\n\n\n<p><strong>Jefa de estudios vespertino:<\/strong><br>Mar\u00eda Jos\u00e9 Mart\u00ednez de Lis<\/p>\n\n\n\n<p><strong>Jefes de estudios adjuntos:<\/strong><\/p>\n\n\n\n<p>Fernando Cantos Mart\u00edn (Fp Intensiva)<\/p>\n\n\n\n<p>Juan Diego Mart\u00edn Ruiz&nbsp; (FP Grado B\u00e1sico)<\/p>\n\n\n\n<p>Desir\u00e9e Jasmine Wallace (Formaci\u00f3n profesional, Erasmus+)<\/p>\n\n\n\n<p>Javier Arlandy Rodr\u00edguez (Formaci\u00f3n profesional)<\/p>\n\n\n\n<p><strong>Secretaria:<\/strong><\/p>\n\n\n\n<p>\u00c1frica Fogu\u00e9 Vela<\/p>\n","protected":false},"excerpt":{"rendered":"<p>Director:C\u00e9sar Rodr\u00edguez Casero Jefa de estudios diurno:Eva de Isidro Guijarro Jefa de estudios vespertino:Mar\u00eda Jos\u00e9 Mart\u00ednez de Lis Jefes de estudios adjuntos: Fernando Cantos Mart\u00edn (Fp Intensiva) Juan Diego Mart\u00edn Ruiz&nbsp; (FP Grado B\u00e1sico) Desir\u00e9e Jasmine Wallace (Formaci\u00f3n profesional, Erasmus+) Javier Arlandy Rodr\u00edguez (Formaci\u00f3n profesional) Secretaria: \u00c1frica Fogu\u00e9 Vela<\/p>\n","protected":false},"author":6,"featured_media":0,"parent":117,"menu_order":0,"comment_status":"closed","ping_status":"closed","template":"template-fullwide.php","meta":{"footnotes":""},"folder":[],"class_list":["post-173","page","type-page","status-publish","hentry"],"rttpg_featured_image_url":null,"rttpg_author":{"display_name":"Luis G\u00f3mez Dom\u00ednguez","author_link":"https:\/\/site.educa.madrid.org\/ies.alonsodeavellan.alcala\/index.php\/author\/luis_gmez-domnguez\/"},"rttpg_comment":0,"rttpg_category":false,"rttpg_excerpt":"Director:C\u00e9sar Rodr\u00edguez Casero Jefa de estudios diurno:Eva de Isidro Guijarro Jefa de estudios vespertino:Mar\u00eda Jos\u00e9 Mart\u00ednez de Lis Jefes de estudios adjuntos: Fernando Cantos Mart\u00edn (Fp Intensiva) Juan Diego Mart\u00edn Ruiz&nbsp; (FP Grado B\u00e1sico) Desir\u00e9e Jasmine Wallace (Formaci\u00f3n profesional, Erasmus+) Javier Arlandy Rodr\u00edguez (Formaci\u00f3n profesional) Secretaria: \u00c1frica Fogu\u00e9 Vela","post_mailing_queue_ids":[],"_links":{"self":[{"href":"https:\/\/site.educa.madrid.org\/ies.alonsodeavellan.alcala\/index.php\/wp-json\/wp\/v2\/pages\/173","targetHints":{"allow":["GET"]}}],"collection":[{"href":"https:\/\/site.educa.madrid.org\/ies.alonsodeavellan.alcala\/index.php\/wp-json\/wp\/v2\/pages"}],"about":[{"href":"https:\/\/site.educa.madrid.org\/ies.alonsodeavellan.alcala\/index.php\/wp-json\/wp\/v2\/types\/page"}],"author":[{"embeddable":true,"href":"https:\/\/site.educa.madrid.org\/ies.alonsodeavellan.alcala\/index.php\/wp-json\/wp\/v2\/users\/6"}],"replies":[{"embeddable":true,"href":"https:\/\/site.educa.madrid.org\/ies.alonsodeavellan.alcala\/index.php\/wp-json\/wp\/v2\/comments?post=173"}],"version-history":[{"count":5,"href":"https:\/\/site.educa.madrid.org\/ies.alonsodeavellan.alcala\/index.php\/wp-json\/wp\/v2\/pages\/173\/revisions"}],"predecessor-version":[{"id":6366,"href":"https:\/\/site.educa.madrid.org\/ies.alonsodeavellan.alcala\/index.php\/wp-json\/wp\/v2\/pages\/173\/revisions\/6366"}],"up":[{"embeddable":true,"href":"https:\/\/site.educa.madrid.org\/ies.alonsodeavellan.alcala\/index.php\/wp-json\/wp\/v2\/pages\/117"}],"wp:attachment":[{"href":"https:\/\/site.educa.madrid.org\/ies.alonsodeavellan.alcala\/index.php\/wp-json\/wp\/v2\/media?parent=173"}],"wp:term":[{"taxonomy":"folder","embeddable":true,"href":"https:\/\/site.educa.madrid.org\/ies.alonsodeavellan.alcala\/index.php\/wp-json\/wp\/v2\/folder?post=173"}],"curies":[{"name":"wp","href":"https:\/\/api.w.org\/{rel}","templated":true}]}}