{"id":190,"date":"2021-05-13T06:56:10","date_gmt":"2021-05-13T06:56:10","guid":{"rendered":"https:\/\/site.educa.madrid.org\/ies.alonsodeavellan.alcala\/?page_id=190"},"modified":"2023-05-30T13:35:34","modified_gmt":"2023-05-30T11:35:34","slug":"ciclos-formativos-de-grado-medio","status":"publish","type":"page","link":"https:\/\/site.educa.madrid.org\/ies.alonsodeavellan.alcala\/index.php\/ciclos-formativos-de-grado-medio\/","title":{"rendered":"CICLOS FORMATIVOS DE GRADO MEDIO"},"content":{"rendered":"\n<div class=\"wp-block-columns is-layout-flex wp-container-core-columns-is-layout-9d6595d7 wp-block-columns-is-layout-flex\">\n<div class=\"wp-block-column is-layout-flow wp-block-column-is-layout-flow\">\n<h3 class=\"wp-block-heading\" id=\"by-title\">T\u00e9cnico en Atenci\u00f3n a Personas en Situaci\u00f3n de Dependencia<\/h3>\n\n\n\n<p>Turnos de ma\u00f1ana (Ma\u00f1ana y Tarde)<\/p>\n\n\n\n<p>Familia Profesional Servicios Socioculturales y a la Comunidad<\/p>\n\n\n\n<p>Grado Medio SSCM01<\/p>\n\n\n\n<p><a href=\"http:\/\/www.comunidad.madrid\/sites\/default\/files\/doc\/educacion\/fp\/FP-Ensenanza-SSCM01-LOE-Ficha.pdf\">Ver caracter\u00edsticas<\/a><\/p>\n\n\n\n<h3 class=\"wp-block-heading\" id=\"by-title\">T\u00e9cnico en Instalaciones El\u00e9ctricas y Autom\u00e1ticas<\/h3>\n\n\n\n<p>Turnos de ma\u00f1ana<\/p>\n\n\n\n<p>Familia Profesional Electricidad y Electr\u00f3nica<\/p>\n\n\n\n<p>Grado Medio ELEM01<\/p>\n\n\n\n<p><a href=\"\/ies.alonsodeavellan.alcala\/index.php\/tecnico-en-instalaciones-electricas-y-automaticas\">Ver caracter\u00edsticas<\/a><\/p>\n\n\n\n<h3 class=\"wp-block-heading\" id=\"by-title\">T\u00e9cnico en Gesti\u00f3n Administrativa, modalidad presencial<\/h3>\n\n\n\n<p>Turnos de ma\u00f1ana y tarde<\/p>\n\n\n\n<p>Familia Profesional Administraci\u00f3n y Gesti\u00f3n<\/p>\n\n\n\n<p>Grado Medio ADGM01<\/p>\n\n\n\n<p><a href=\"\/ies.alonsodeavellan.alcala\/index.php\/tecnico-en-gestion-administrativa\">Ver caracter\u00edsticas<\/a><\/p>\n<\/div>\n\n\n\n<div class=\"wp-block-column is-layout-flow wp-block-column-is-layout-flow\">\n<h3 class=\"wp-block-heading\" id=\"by-title\">T\u00e9cnico en Sistemas microinform\u00e1ticos y redes, modalidad Dual y Presencial<\/h3>\n\n\n\n<p>Turno de ma\u00f1ana y tarde<\/p>\n\n\n\n<p>Familia Profesional Inform\u00e1tica y Comunicaciones<\/p>\n\n\n\n<p>Grado Medio IFCM01<\/p>\n\n\n\n<p><a href=\"\/ies.alonsodeavellan.alcala\/index.php\/tecnico-en-sistemas-microinformaticos-y-redes-fp-dual-diurno-y-fp-presencial-vespertino\">Ver caracter\u00edsticas<\/a>&nbsp;(Dual y Presencial)<\/p>\n\n\n\n<h3 class=\"wp-block-heading\" id=\"by-title\">T\u00e9cnico en Gesti\u00f3n Administrativa, a distancia<\/h3>\n\n\n\n<p>On line<\/p>\n\n\n\n<p>Familia Profesional Administraci\u00f3n y Gesti\u00f3n<\/p>\n\n\n\n<p>Grado Medio ADGM01<\/p>\n\n\n\n<p><a href=\"\/ies.alonsodeavellan.alcala\/index.php\/tecnico-en-gestion-administrativa-modalidad-distancia-on-line\">Ver caracter\u00edsticas<\/a><\/p>\n\n\n\n<h3 class=\"wp-block-heading\" id=\"by-title\">T\u00e9cnico en Actividades Comerciales <\/h3>\n\n\n\n<p>Turno de ma\u00f1ana<\/p>\n\n\n\n<p>Familia Profesional Comercio y M\u00e1rketing<\/p>\n\n\n\n<p>Grado Medio COMM01<\/p>\n\n\n\n<p><a href=\"\/ies.alonsodeavellan.alcala\/index.php\/tecnico-en-actividades-comerciales-modalidad-dual\">Ver caracter\u00edsticas<\/a><\/p>\n<\/div>\n<\/div>\n","protected":false},"excerpt":{"rendered":"<p>T\u00e9cnico en Atenci\u00f3n a Personas en Situaci\u00f3n de Dependencia Turnos de ma\u00f1ana (Ma\u00f1ana y Tarde) Familia Profesional Servicios Socioculturales y a la Comunidad Grado Medio SSCM01 Ver caracter\u00edsticas T\u00e9cnico en Instalaciones El\u00e9ctricas y Autom\u00e1ticas Turnos de ma\u00f1ana Familia Profesional Electricidad y Electr\u00f3nica Grado Medio ELEM01 Ver caracter\u00edsticas T\u00e9cnico en Gesti\u00f3n Administrativa, modalidad presencial Turnos de [&hellip;]<\/p>\n","protected":false},"author":6,"featured_media":0,"parent":0,"menu_order":0,"comment_status":"closed","ping_status":"closed","template":"template-fullwide.php","meta":{"footnotes":""},"folder":[],"class_list":["post-190","page","type-page","status-publish","hentry"],"rttpg_featured_image_url":null,"rttpg_author":{"display_name":"Luis G\u00f3mez Dom\u00ednguez","author_link":"https:\/\/site.educa.madrid.org\/ies.alonsodeavellan.alcala\/index.php\/author\/luis_gmez-domnguez\/"},"rttpg_comment":0,"rttpg_category":false,"rttpg_excerpt":"T\u00e9cnico en Atenci\u00f3n a Personas en Situaci\u00f3n de Dependencia Turnos de ma\u00f1ana (Ma\u00f1ana y Tarde) Familia Profesional Servicios Socioculturales y a la Comunidad Grado Medio SSCM01 Ver caracter\u00edsticas T\u00e9cnico en Instalaciones El\u00e9ctricas y Autom\u00e1ticas Turnos de ma\u00f1ana Familia Profesional Electricidad y Electr\u00f3nica Grado Medio ELEM01 Ver caracter\u00edsticas T\u00e9cnico en Gesti\u00f3n Administrativa, modalidad presencial Turnos de&hellip;","post_mailing_queue_ids":[],"_links":{"self":[{"href":"https:\/\/site.educa.madrid.org\/ies.alonsodeavellan.alcala\/index.php\/wp-json\/wp\/v2\/pages\/190","targetHints":{"allow":["GET"]}}],"collection":[{"href":"https:\/\/site.educa.madrid.org\/ies.alonsodeavellan.alcala\/index.php\/wp-json\/wp\/v2\/pages"}],"about":[{"href":"https:\/\/site.educa.madrid.org\/ies.alonsodeavellan.alcala\/index.php\/wp-json\/wp\/v2\/types\/page"}],"author":[{"embeddable":true,"href":"https:\/\/site.educa.madrid.org\/ies.alonsodeavellan.alcala\/index.php\/wp-json\/wp\/v2\/users\/6"}],"replies":[{"embeddable":true,"href":"https:\/\/site.educa.madrid.org\/ies.alonsodeavellan.alcala\/index.php\/wp-json\/wp\/v2\/comments?post=190"}],"version-history":[{"count":10,"href":"https:\/\/site.educa.madrid.org\/ies.alonsodeavellan.alcala\/index.php\/wp-json\/wp\/v2\/pages\/190\/revisions"}],"predecessor-version":[{"id":2059,"href":"https:\/\/site.educa.madrid.org\/ies.alonsodeavellan.alcala\/index.php\/wp-json\/wp\/v2\/pages\/190\/revisions\/2059"}],"wp:attachment":[{"href":"https:\/\/site.educa.madrid.org\/ies.alonsodeavellan.alcala\/index.php\/wp-json\/wp\/v2\/media?parent=190"}],"wp:term":[{"taxonomy":"folder","embeddable":true,"href":"https:\/\/site.educa.madrid.org\/ies.alonsodeavellan.alcala\/index.php\/wp-json\/wp\/v2\/folder?post=190"}],"curies":[{"name":"wp","href":"https:\/\/api.w.org\/{rel}","templated":true}]}}