{"id":1915,"date":"2023-01-21T11:58:45","date_gmt":"2023-01-21T10:58:45","guid":{"rendered":"https:\/\/site.educa.madrid.org\/ies.alonsodeavellan.alcala\/?page_id=1915"},"modified":"2026-03-24T19:21:08","modified_gmt":"2026-03-24T18:21:08","slug":"instalacion-fotovoltaica","status":"publish","type":"page","link":"https:\/\/site.educa.madrid.org\/ies.alonsodeavellan.alcala\/index.php\/instalacion-fotovoltaica\/","title":{"rendered":"Instalaci\u00f3n de energ\u00eda fotovoltaica"},"content":{"rendered":"\n<p>El instituto posee una instalaci\u00f3n el\u00e9ctrica fotovoltaica que llega a proveer hasta un tercio de la energ\u00eda consumida. En <a href=\"https:\/\/uni001eu5.fusionsolar.huawei.com\/pvmswebsite\/nologin\/assets\/build\/cloud.html#\/kiosk?kk=iNEs78t71dCNbkLba2bL1c4uBlbno19d\" target=\"_blank\" rel=\"noreferrer noopener\">este enlace puede consultarse dicha generaci\u00f3n en tiempo real<\/a>.<\/p>\n\n\n\n<div data-wp-interactive=\"core\/file\" class=\"wp-block-file\"><object data-wp-bind--hidden=\"!state.hasPdfPreview\" hidden class=\"wp-block-file__embed\" data=\"https:\/\/site.educa.madrid.org\/ies.alonsodeavellan.alcala\/\/wp-content\/uploads\/ies.alonsodeavellan.alcala\/2024\/04\/instalacion-autoconsumo-fotovoltaica.pdf\" type=\"application\/pdf\" style=\"width:100%;height:600px\" aria-label=\"Incrustado de instalacion-autoconsumo-fotovoltaica.\"><\/object><a id=\"wp-block-file--media-82922a8b-50ac-4823-8afa-0702b5f26ec3\" href=\"https:\/\/site.educa.madrid.org\/ies.alonsodeavellan.alcala\/\/wp-content\/uploads\/ies.alonsodeavellan.alcala\/2024\/04\/instalacion-autoconsumo-fotovoltaica.pdf\">instalacion-autoconsumo-fotovoltaica<\/a><\/div>\n","protected":false},"excerpt":{"rendered":"<p>El instituto posee una instalaci\u00f3n el\u00e9ctrica fotovoltaica que llega a proveer hasta un tercio de la energ\u00eda consumida. En este enlace puede consultarse dicha generaci\u00f3n en tiempo real.<\/p>\n","protected":false},"author":5,"featured_media":0,"parent":0,"menu_order":0,"comment_status":"closed","ping_status":"closed","template":"","meta":{"footnotes":""},"folder":[],"class_list":["post-1915","page","type-page","status-publish","hentry"],"rttpg_featured_image_url":null,"rttpg_author":{"display_name":"\u00c1lvaro Gonz\u00e1lez Sotillo","author_link":"https:\/\/site.educa.madrid.org\/ies.alonsodeavellan.alcala\/index.php\/author\/lvaro_gonzlez-sotillo\/"},"rttpg_comment":0,"rttpg_category":false,"rttpg_excerpt":"El instituto posee una instalaci\u00f3n el\u00e9ctrica fotovoltaica que llega a proveer hasta un tercio de la energ\u00eda consumida. En este enlace puede consultarse dicha generaci\u00f3n en tiempo real.","post_mailing_queue_ids":[],"_links":{"self":[{"href":"https:\/\/site.educa.madrid.org\/ies.alonsodeavellan.alcala\/index.php\/wp-json\/wp\/v2\/pages\/1915","targetHints":{"allow":["GET"]}}],"collection":[{"href":"https:\/\/site.educa.madrid.org\/ies.alonsodeavellan.alcala\/index.php\/wp-json\/wp\/v2\/pages"}],"about":[{"href":"https:\/\/site.educa.madrid.org\/ies.alonsodeavellan.alcala\/index.php\/wp-json\/wp\/v2\/types\/page"}],"author":[{"embeddable":true,"href":"https:\/\/site.educa.madrid.org\/ies.alonsodeavellan.alcala\/index.php\/wp-json\/wp\/v2\/users\/5"}],"replies":[{"embeddable":true,"href":"https:\/\/site.educa.madrid.org\/ies.alonsodeavellan.alcala\/index.php\/wp-json\/wp\/v2\/comments?post=1915"}],"version-history":[{"count":8,"href":"https:\/\/site.educa.madrid.org\/ies.alonsodeavellan.alcala\/index.php\/wp-json\/wp\/v2\/pages\/1915\/revisions"}],"predecessor-version":[{"id":6663,"href":"https:\/\/site.educa.madrid.org\/ies.alonsodeavellan.alcala\/index.php\/wp-json\/wp\/v2\/pages\/1915\/revisions\/6663"}],"wp:attachment":[{"href":"https:\/\/site.educa.madrid.org\/ies.alonsodeavellan.alcala\/index.php\/wp-json\/wp\/v2\/media?parent=1915"}],"wp:term":[{"taxonomy":"folder","embeddable":true,"href":"https:\/\/site.educa.madrid.org\/ies.alonsodeavellan.alcala\/index.php\/wp-json\/wp\/v2\/folder?post=1915"}],"curies":[{"name":"wp","href":"https:\/\/api.w.org\/{rel}","templated":true}]}}