{"id":206,"date":"2021-05-13T07:31:46","date_gmt":"2021-05-13T07:31:46","guid":{"rendered":"https:\/\/site.educa.madrid.org\/ies.alonsodeavellan.alcala\/?page_id=206"},"modified":"2025-01-09T19:11:52","modified_gmt":"2025-01-09T18:11:52","slug":"tecnico-en-gestion-administrativa-modalidad-distancia-on-line","status":"publish","type":"page","link":"https:\/\/site.educa.madrid.org\/ies.alonsodeavellan.alcala\/index.php\/tecnico-en-gestion-administrativa-modalidad-distancia-on-line\/","title":{"rendered":"T\u00e9cnico en Gesti\u00f3n Administrativa, modalidad virtual"},"content":{"rendered":"\n<p>Familia Profesional Administraci\u00f3n y Gesti\u00f3n<\/p>\n\n\n\n<p>Grado Medio ADGM01<\/p>\n\n\n\n<p>Modalidad virtual &#8211; <em>Online<\/em>.<\/p>\n\n\n\n<h3 class=\"wp-block-heading\" id=\"by-purple\">Este profesional ser\u00e1 capaz de:<\/h3>\n\n\n\n<p>Realizar actividades de apoyo administrativo en el \u00e1mbito laboral, contable, comercial, financiero y fiscal, as\u00ed como de atenci\u00f3n al cliente\/usuario, tanto en empresas p\u00fablicas como privadas, aplicando la normativa vigente y protocolos de calidad, asegurando la satisfacci\u00f3n del cliente y actuando seg\u00fan normas de prevenci\u00f3n de riesgos laborales y protecci\u00f3n ambiental. Las principales ocupaciones y puestos de trabajo m\u00e1s relevantes que puede desempe\u00f1ar son los siguientes: auxiliar administrativo, ayudante de oficina, administrativo comercial, auxiliar administrativo de las administraciones p\u00fablicas, recepcionista, auxiliar administrativo de cobros y pagos, empleado de atenci\u00f3n al cliente, empleado de tesorer\u00eda y empleado de medios de pago.<\/p>\n\n\n\n<h3 class=\"wp-block-heading\" id=\"by-purple\">Plan de estudios (ense\u00f1anzas m\u00ednimas)<\/h3>\n\n\n\n<p><strong>Duraci\u00f3n:<\/strong>&nbsp;2.000 horas: 2 cursos acad\u00e9micos, incluida la F.C.T.<\/p>\n\n\n\n<figure class=\"wp-block-table\"><table><thead><tr><th>Clave<\/th><th>Denominaci\u00f3n<\/th><th>Horas curriculares<\/th><\/tr><\/thead><tbody><tr><th>01<\/th><td>Comunicaci\u00f3n empresarial y atenci\u00f3n al cliente<\/td><td>170<\/td><\/tr><tr><th>02<\/th><td>Empresa y Administraci\u00f3n<\/td><td>110<\/td><\/tr><tr><th>03<\/th><td>Formaci\u00f3n y orientaci\u00f3n laboral<\/td><td>90<\/td><\/tr><tr><th>04<\/th><td>Operaciones administrativas de la compra-venta<\/td><td>135<\/td><\/tr><tr><th>05<\/th><td>Ingl\u00e9s<\/td><td>120<\/td><\/tr><tr><th>06<\/th><td>T\u00e9cnica contable<\/td><td>105<\/td><\/tr><tr><th>07<\/th><td>Tratamiento inform\u00e1tico de la informaci\u00f3n<\/td><td>270<\/td><\/tr><tr><th>08<\/th><td>Empresa en el aula<\/td><td>168<\/td><\/tr><tr><th>09<\/th><td>Operaciones auxiliares de gesti\u00f3n de tesorer\u00eda<\/td><td>195<\/td><\/tr><tr><th>10<\/th><td>Operaciones administrativas de recursos humanos<\/td><td>125<\/td><\/tr><tr><th>11<\/th><td>Tratamiento de la documentaci\u00f3n contable<\/td><td>145<\/td><\/tr><tr><th>12<\/th><td>Formaci\u00f3n en centros de trabajo<\/td><td>370<\/td><\/tr><\/tbody><\/table><\/figure>\n\n\n\n<h3 class=\"wp-block-heading\" id=\"by-purple\">Requisitos de acceso<\/h3>\n\n\n\n<ul class=\"wp-block-list\">\n<li>T\u00edtulo de Graduado en Educaci\u00f3n Secundaria Obligatoria.<\/li>\n\n\n\n<li>T\u00edtulo de Graduado en Educaci\u00f3n Secundaria.<\/li>\n\n\n\n<li>T\u00edtulo de Bachiller Superior.<\/li>\n\n\n\n<li>T\u00edtulo de T\u00e9cnico Auxiliar.<\/li>\n\n\n\n<li>T\u00edtulo de T\u00e9cnico.<\/li>\n\n\n\n<li>Haber superado los m\u00f3dulos obligatorios de un Programa de Cualificaci\u00f3n Profesional Inicial.<\/li>\n\n\n\n<li>Haber superado el curso de formaci\u00f3n espec\u00edfico para el acceso a ciclos de grado medio.<\/li>\n\n\n\n<li>Haber superado los dos primeros cursos del Bachillerato Unificado y Polivalente con un m\u00e1ximo, en conjunto, de dos materias pendientes.<\/li>\n\n\n\n<li>Haber superado el segundo curso del primer ciclo experimental de reforma de las ense\u00f1anzas medias.<\/li>\n\n\n\n<li>Haber superado, de las ense\u00f1anzas de Artes Aplicadas y Oficios Art\u00edsticos, el tercer curso del plan de 1963, o el segundo de comunes experimental.<\/li>\n\n\n\n<li>Haber superado otros estudios declarados equivalentes a efectos acad\u00e9micos con alguno de los anteriores.<\/li>\n\n\n\n<li>Haber superado la prueba de acceso a los ciclos formativos de grado superior.<\/li>\n\n\n\n<li>Haber superado la prueba de acceso a la universidad para mayores de 25 a\u00f1os.<\/li>\n\n\n\n<li>Reunir alguno de los requisitos que permiten el acceso a los ciclos formativos de grado superior.<\/li>\n<\/ul>\n\n\n\n<h3 class=\"wp-block-heading\" id=\"by-purple\">Acceso mediante prueba<\/h3>\n\n\n\n<p>Quienes no re\u00fanan ninguno de los requisitos de acceso del apartado anterior y tengan 17 a\u00f1os o los cumplan en el a\u00f1o natural de celebraci\u00f3n de la prueba.<\/p>\n\n\n\n<h3 class=\"wp-block-heading\" id=\"by-purple\">Acceso con este T\u00edtulo a otros estudios superiores<\/h3>\n\n\n\n<p>Cualquiera de las modalidades de Bachillerato.<\/p>\n\n\n\n<h3 class=\"wp-block-heading\" id=\"by-purple\">Referencia legislativa<\/h3>\n\n\n\n<p><strong>Ense\u00f1anzas m\u00ednimas:<\/strong><a href=\"http:\/\/gestiona.madrid.org\/fp\/ense_fp\/catalogo_LOE\/pdf\/ADGM01\/titulo\/RD20091631_T_Gestion_Administrativa.pdf\" target=\"_blank\" rel=\"noreferrer noopener\">&nbsp;R.D. 1631\/2009, de 30 de octubre. (BOE 01\/12\/2009).&nbsp;<\/a>Modificado por<a href=\"http:\/\/gestiona.madrid.org\/fp\/ense_fp\/catalogo_LOE\/pdf\/ADGM01\/titulo\/RD20101126_modifRD20091631_T_G_Administrativa.pdf\" target=\"_blank\" rel=\"noreferrer noopener\">&nbsp;R.D. 1126\/2010, de 10 de septiembre (BOE 11\/09\/2010)<\/a><\/p>\n\n\n\n<p><strong>Curr\u00edculo:<\/strong><a href=\"http:\/\/gestiona.madrid.org\/fp\/ense_fp\/catalogo_LOE\/pdf\/ADGM01\/curriculo\/D20100014_Gestion_Administrativa.pdf\" target=\"_blank\" rel=\"noreferrer noopener\">D 14\/2010 (B.O.C.M. 15\/04\/2010).<\/a>&nbsp;Modificado por&nbsp;<a href=\"http:\/\/gestiona.madrid.org\/fp\/ense_fp\/catalogo_LOE\/pdf\/ADGM01\/curriculo\/D20110005_modif_D20100014_T_G_A.pdf\" target=\"_blank\" rel=\"noreferrer noopener\">D. 5\/2011, de 13 de enero (BOCM 31\/01\/2011)<\/a><\/p>\n\n\n\n<h3 class=\"wp-block-heading\" id=\"by-purple\">Cualificaciones profesionales incluidas en el t\u00edtulo<\/h3>\n\n\n\n<p><strong>Completas:<\/strong><\/p>\n\n\n\n<p><a href=\"http:\/\/gestiona.madrid.org\/fp\/ense_fp\/catalogo_LOE\/cualificaciones\/ADG307_2.pdf\" target=\"_blank\" rel=\"noreferrer noopener\">ADG307_2 Actividades administrativas de recepci\u00f3n y relaci\u00f3n con el cliente. (RD 107\/2008, de 1 de febrero).<\/a><\/p>\n\n\n\n<p><a href=\"http:\/\/gestiona.madrid.org\/fp\/ense_fp\/catalogo_LOE\/cualificaciones\/ADG308_2.pdf\" target=\"_blank\" rel=\"noreferrer noopener\">ADG307_2 Actividades administrativas de recepci\u00f3n y relaci\u00f3n con el cliente. (RD 107\/2008, de 1 de febrero).<\/a><\/p>\n\n\n\n<h3 class=\"wp-block-heading\" id=\"by-purple\">Otros t\u00edtulos de esta familia profesional ofertados en la Comunidad de Madrid<\/h3>\n\n\n\n<ul class=\"wp-block-list\">\n<li>T\u00e9cnico Superior en Administraci\u00f3n y Finanzas.<\/li>\n\n\n\n<li>T\u00e9cnico Superior en Secretariado.<\/li>\n<\/ul>\n","protected":false},"excerpt":{"rendered":"<p>Familia Profesional Administraci\u00f3n y Gesti\u00f3n Grado Medio ADGM01 Modalidad virtual &#8211; Online. Este profesional ser\u00e1 capaz de: Realizar actividades de apoyo administrativo en el \u00e1mbito laboral, contable, comercial, financiero y fiscal, as\u00ed como de atenci\u00f3n al cliente\/usuario, tanto en empresas p\u00fablicas como privadas, aplicando la normativa vigente y protocolos de calidad, asegurando la satisfacci\u00f3n del [&hellip;]<\/p>\n","protected":false},"author":6,"featured_media":0,"parent":0,"menu_order":0,"comment_status":"closed","ping_status":"closed","template":"","meta":{"footnotes":""},"folder":[],"class_list":["post-206","page","type-page","status-publish","hentry"],"rttpg_featured_image_url":null,"rttpg_author":{"display_name":"Luis G\u00f3mez Dom\u00ednguez","author_link":"https:\/\/site.educa.madrid.org\/ies.alonsodeavellan.alcala\/index.php\/author\/luis_gmez-domnguez\/"},"rttpg_comment":0,"rttpg_category":false,"rttpg_excerpt":"Familia Profesional Administraci\u00f3n y Gesti\u00f3n Grado Medio ADGM01 Modalidad virtual &#8211; Online. Este profesional ser\u00e1 capaz de: Realizar actividades de apoyo administrativo en el \u00e1mbito laboral, contable, comercial, financiero y fiscal, as\u00ed como de atenci\u00f3n al cliente\/usuario, tanto en empresas p\u00fablicas como privadas, aplicando la normativa vigente y protocolos de calidad, asegurando la satisfacci\u00f3n del&hellip;","post_mailing_queue_ids":[],"_links":{"self":[{"href":"https:\/\/site.educa.madrid.org\/ies.alonsodeavellan.alcala\/index.php\/wp-json\/wp\/v2\/pages\/206","targetHints":{"allow":["GET"]}}],"collection":[{"href":"https:\/\/site.educa.madrid.org\/ies.alonsodeavellan.alcala\/index.php\/wp-json\/wp\/v2\/pages"}],"about":[{"href":"https:\/\/site.educa.madrid.org\/ies.alonsodeavellan.alcala\/index.php\/wp-json\/wp\/v2\/types\/page"}],"author":[{"embeddable":true,"href":"https:\/\/site.educa.madrid.org\/ies.alonsodeavellan.alcala\/index.php\/wp-json\/wp\/v2\/users\/6"}],"replies":[{"embeddable":true,"href":"https:\/\/site.educa.madrid.org\/ies.alonsodeavellan.alcala\/index.php\/wp-json\/wp\/v2\/comments?post=206"}],"version-history":[{"count":3,"href":"https:\/\/site.educa.madrid.org\/ies.alonsodeavellan.alcala\/index.php\/wp-json\/wp\/v2\/pages\/206\/revisions"}],"predecessor-version":[{"id":4861,"href":"https:\/\/site.educa.madrid.org\/ies.alonsodeavellan.alcala\/index.php\/wp-json\/wp\/v2\/pages\/206\/revisions\/4861"}],"wp:attachment":[{"href":"https:\/\/site.educa.madrid.org\/ies.alonsodeavellan.alcala\/index.php\/wp-json\/wp\/v2\/media?parent=206"}],"wp:term":[{"taxonomy":"folder","embeddable":true,"href":"https:\/\/site.educa.madrid.org\/ies.alonsodeavellan.alcala\/index.php\/wp-json\/wp\/v2\/folder?post=206"}],"curies":[{"name":"wp","href":"https:\/\/api.w.org\/{rel}","templated":true}]}}