{"id":338,"date":"2021-05-13T09:45:05","date_gmt":"2021-05-13T09:45:05","guid":{"rendered":"https:\/\/site.educa.madrid.org\/ies.alonsodeavellan.alcala\/?page_id=338"},"modified":"2025-10-20T11:41:59","modified_gmt":"2025-10-20T09:41:59","slug":"bolsa-de-empleo","status":"publish","type":"page","link":"https:\/\/site.educa.madrid.org\/ies.alonsodeavellan.alcala\/index.php\/bolsa-de-empleo\/","title":{"rendered":"Bolsa de empleo"},"content":{"rendered":"\n<p>El instituto mantiene una bolsa de empleo a la que pueden acceder los titulados, donde se publican peri\u00f3dicamente las ofertas que comunican las empresas. Para acceder a ella, es necesario registrarse en&nbsp;<a href=\"https:\/\/www.empleafp.com\/site\/index.html#\/createaccount\/init\">empleafp.com<\/a>.<\/p>\n\n\n<div class=\"wp-block-image\">\n<figure class=\"aligncenter size-full\"><a href=\"https:\/\/www.empleafp.com\"><img loading=\"lazy\" decoding=\"async\" width=\"186\" height=\"43\" src=\"https:\/\/site.educa.madrid.org\/ies.alonsodeavellan.alcala\/\/wp-content\/uploads\/ies.alonsodeavellan.alcala\/2025\/10\/empleafp.png\" alt=\"\" class=\"wp-image-6424\"\/><\/a><\/figure>\n<\/div>\n\n\n<p>Los profesores del instituto pueden tambi\u00e9n darse de alta, indicando que su cuenta ser\u00e1 de tipo&nbsp;<strong>centro educativo<\/strong>. De esta forma, podr\u00e1n publicar ofertas directamente a sus alumnos.<\/p>\n","protected":false},"excerpt":{"rendered":"<p>El instituto mantiene una bolsa de empleo a la que pueden acceder los titulados, donde se publican peri\u00f3dicamente las ofertas que comunican las empresas. Para acceder a ella, es necesario registrarse en&nbsp;empleafp.com. Los profesores del instituto pueden tambi\u00e9n darse de alta, indicando que su cuenta ser\u00e1 de tipo&nbsp;centro educativo. De esta forma, podr\u00e1n publicar ofertas [&hellip;]<\/p>\n","protected":false},"author":6,"featured_media":0,"parent":0,"menu_order":0,"comment_status":"closed","ping_status":"closed","template":"template-fullwide.php","meta":{"footnotes":""},"folder":[],"class_list":["post-338","page","type-page","status-publish","hentry"],"rttpg_featured_image_url":null,"rttpg_author":{"display_name":"Luis G\u00f3mez Dom\u00ednguez","author_link":"https:\/\/site.educa.madrid.org\/ies.alonsodeavellan.alcala\/index.php\/author\/luis_gmez-domnguez\/"},"rttpg_comment":0,"rttpg_category":false,"rttpg_excerpt":"El instituto mantiene una bolsa de empleo a la que pueden acceder los titulados, donde se publican peri\u00f3dicamente las ofertas que comunican las empresas. Para acceder a ella, es necesario registrarse en&nbsp;empleafp.com. Los profesores del instituto pueden tambi\u00e9n darse de alta, indicando que su cuenta ser\u00e1 de tipo&nbsp;centro educativo. De esta forma, podr\u00e1n publicar ofertas&hellip;","post_mailing_queue_ids":[],"_links":{"self":[{"href":"https:\/\/site.educa.madrid.org\/ies.alonsodeavellan.alcala\/index.php\/wp-json\/wp\/v2\/pages\/338","targetHints":{"allow":["GET"]}}],"collection":[{"href":"https:\/\/site.educa.madrid.org\/ies.alonsodeavellan.alcala\/index.php\/wp-json\/wp\/v2\/pages"}],"about":[{"href":"https:\/\/site.educa.madrid.org\/ies.alonsodeavellan.alcala\/index.php\/wp-json\/wp\/v2\/types\/page"}],"author":[{"embeddable":true,"href":"https:\/\/site.educa.madrid.org\/ies.alonsodeavellan.alcala\/index.php\/wp-json\/wp\/v2\/users\/6"}],"replies":[{"embeddable":true,"href":"https:\/\/site.educa.madrid.org\/ies.alonsodeavellan.alcala\/index.php\/wp-json\/wp\/v2\/comments?post=338"}],"version-history":[{"count":3,"href":"https:\/\/site.educa.madrid.org\/ies.alonsodeavellan.alcala\/index.php\/wp-json\/wp\/v2\/pages\/338\/revisions"}],"predecessor-version":[{"id":6426,"href":"https:\/\/site.educa.madrid.org\/ies.alonsodeavellan.alcala\/index.php\/wp-json\/wp\/v2\/pages\/338\/revisions\/6426"}],"wp:attachment":[{"href":"https:\/\/site.educa.madrid.org\/ies.alonsodeavellan.alcala\/index.php\/wp-json\/wp\/v2\/media?parent=338"}],"wp:term":[{"taxonomy":"folder","embeddable":true,"href":"https:\/\/site.educa.madrid.org\/ies.alonsodeavellan.alcala\/index.php\/wp-json\/wp\/v2\/folder?post=338"}],"curies":[{"name":"wp","href":"https:\/\/api.w.org\/{rel}","templated":true}]}}