{"id":5472,"date":"2025-05-28T13:54:17","date_gmt":"2025-05-28T11:54:17","guid":{"rendered":"https:\/\/site.educa.madrid.org\/ies.alonsodeavellan.alcala\/?page_id=5472"},"modified":"2025-08-22T12:03:17","modified_gmt":"2025-08-22T10:03:17","slug":"cita-previa-con-secretaria","status":"publish","type":"page","link":"https:\/\/site.educa.madrid.org\/ies.alonsodeavellan.alcala\/index.php\/cita-previa-con-secretaria\/","title":{"rendered":"Cita previa con secretar\u00eda"},"content":{"rendered":"\n<div class=\"wp-block-columns is-layout-flex wp-container-core-columns-is-layout-9d6595d7 wp-block-columns-is-layout-flex\">\n<div class=\"wp-block-column is-layout-flow wp-block-column-is-layout-flow\">\n<p>Solo funciona durante los periodos de ADMISI\u00d3N y MATRICULACI\u00d3N<\/p>\n\n\n\n<p><\/p>\n\n\n\n<div class=\"wp-block-columns is-layout-flex wp-container-core-columns-is-layout-9d6595d7 wp-block-columns-is-layout-flex\">\n<div class=\"wp-block-column is-layout-flow wp-block-column-is-layout-flow\">\n<p class=\"has-text-align-center\"><\/p>\n\n\n\n<p class=\"has-text-align-center\"><\/p>\n\n\n\n<p class=\"has-text-align-center\"><\/p>\n<\/div>\n\n\n\n<div class=\"wp-block-column is-layout-flow wp-block-column-is-layout-flow\">\n<p class=\"has-text-align-center has-large-font-size\"><a href=\"https:\/\/outlook.office.com\/book\/SecretaraIESAvellanedaseptiembre2025@iesavellaneda.onmicrosoft.com\/s\/PAp9uKGZjkegKGv5z__jKA2?ismsaljsauthenabled\">Reservar d\u00eda y hora (mes de septiembre)<\/a><\/p>\n\n\n\n<p class=\"has-text-align-center\"><\/p>\n<\/div>\n\n\n\n<div class=\"wp-block-column is-layout-flow wp-block-column-is-layout-flow\">\n<p class=\"has-text-align-center\"><\/p>\n<\/div>\n<\/div>\n\n\n\n<p><\/p>\n\n\n\n<p><\/p>\n\n\n\n<pre><br><br><br><br><br><br><br><br><br><br><\/pre>\n<\/p>\n\n\n\n<p><\/p>\n\n\n\n<p><\/p>\n<\/div>\n<\/div>\n\n\n\n<p><\/p>\n","protected":false},"excerpt":{"rendered":"<p>Solo funciona durante los periodos de ADMISI\u00d3N y MATRICULACI\u00d3N Reservar d\u00eda y hora (mes de septiembre)<\/p>\n","protected":false},"author":5,"featured_media":0,"parent":0,"menu_order":0,"comment_status":"closed","ping_status":"closed","template":"","meta":{"footnotes":""},"folder":[],"class_list":["post-5472","page","type-page","status-publish","hentry"],"rttpg_featured_image_url":null,"rttpg_author":{"display_name":"\u00c1lvaro Gonz\u00e1lez Sotillo","author_link":"https:\/\/site.educa.madrid.org\/ies.alonsodeavellan.alcala\/index.php\/author\/lvaro_gonzlez-sotillo\/"},"rttpg_comment":0,"rttpg_category":false,"rttpg_excerpt":"Solo funciona durante los periodos de ADMISI\u00d3N y MATRICULACI\u00d3N Reservar d\u00eda y hora (mes de septiembre)","post_mailing_queue_ids":[],"_links":{"self":[{"href":"https:\/\/site.educa.madrid.org\/ies.alonsodeavellan.alcala\/index.php\/wp-json\/wp\/v2\/pages\/5472","targetHints":{"allow":["GET"]}}],"collection":[{"href":"https:\/\/site.educa.madrid.org\/ies.alonsodeavellan.alcala\/index.php\/wp-json\/wp\/v2\/pages"}],"about":[{"href":"https:\/\/site.educa.madrid.org\/ies.alonsodeavellan.alcala\/index.php\/wp-json\/wp\/v2\/types\/page"}],"author":[{"embeddable":true,"href":"https:\/\/site.educa.madrid.org\/ies.alonsodeavellan.alcala\/index.php\/wp-json\/wp\/v2\/users\/5"}],"replies":[{"embeddable":true,"href":"https:\/\/site.educa.madrid.org\/ies.alonsodeavellan.alcala\/index.php\/wp-json\/wp\/v2\/comments?post=5472"}],"version-history":[{"count":12,"href":"https:\/\/site.educa.madrid.org\/ies.alonsodeavellan.alcala\/index.php\/wp-json\/wp\/v2\/pages\/5472\/revisions"}],"predecessor-version":[{"id":5861,"href":"https:\/\/site.educa.madrid.org\/ies.alonsodeavellan.alcala\/index.php\/wp-json\/wp\/v2\/pages\/5472\/revisions\/5861"}],"wp:attachment":[{"href":"https:\/\/site.educa.madrid.org\/ies.alonsodeavellan.alcala\/index.php\/wp-json\/wp\/v2\/media?parent=5472"}],"wp:term":[{"taxonomy":"folder","embeddable":true,"href":"https:\/\/site.educa.madrid.org\/ies.alonsodeavellan.alcala\/index.php\/wp-json\/wp\/v2\/folder?post=5472"}],"curies":[{"name":"wp","href":"https:\/\/api.w.org\/{rel}","templated":true}]}}