{"id":5982,"date":"2025-09-18T14:34:37","date_gmt":"2025-09-18T12:34:37","guid":{"rendered":"https:\/\/site.educa.madrid.org\/ies.alonsodeavellan.alcala\/?page_id=5982"},"modified":"2026-04-21T12:36:37","modified_gmt":"2026-04-21T10:36:37","slug":"tabla-ensenanzas","status":"publish","type":"page","link":"https:\/\/site.educa.madrid.org\/ies.alonsodeavellan.alcala\/index.php\/tabla-ensenanzas\/","title":{"rendered":"Ense\u00f1anzas"},"content":{"rendered":"\n<p>Utilice el cuadro de b\u00fasqueda, o pulse en la cabecera para ordenar la tabla.<\/p>\n\n\n\n<figure class=\"wp-block-table tabla-sortable\"><table><thead><tr><th>C\u00f3digo<\/th><th>Familia<\/th><th>Nombre<\/th><th>M\u00f3dulos cursados<\/th><th>Grado<\/th><th>Turno<\/th><th>Modalidad<\/th><\/tr><\/thead><tbody><tr><td>ADGB01<\/td><td>Administraci\u00f3n y Gesti\u00f3n<\/td><td>Servicios Administrativos <\/td><td><a href=\"https:\/\/site.educa.madrid.org\/ies.alonsodeavellan.alcala\/\/wp-content\/uploads\/ies.alonsodeavellan.alcala\/2025\/09\/ADGB01.pdf\">PDF<strong>\ud83d\udce5<\/strong><\/a><\/td><td><a href=\"https:\/\/www.comunidad.madrid\/servicios\/educacion\/ensenanzas-formacion-profesional#grado-basico\">B\u00e1sico<\/a><\/td><td>diurno<\/td><td>General<\/td><\/tr><tr><td>ADGM01<\/td><td>Administraci\u00f3n y Gesti\u00f3n<\/td><td>Gesti\u00f3n Administrativa <\/td><td><a href=\"https:\/\/site.educa.madrid.org\/ies.alonsodeavellan.alcala\/\/wp-content\/uploads\/ies.alonsodeavellan.alcala\/2025\/09\/ADGM01.pdf\">PDF\ud83d\udce5<\/a><\/td><td><a href=\"https:\/\/www.comunidad.madrid\/servicios\/educacion\/ensenanzas-formacion-profesional#grado-medio\">Medio<\/a><\/td><td>diurno<\/td><td>General<\/td><\/tr><tr><td>ADGM01<\/td><td>Administraci\u00f3n y Gesti\u00f3n<\/td><td>Gesti\u00f3n Administrativa <\/td><td><a href=\"https:\/\/site.educa.madrid.org\/ies.alonsodeavellan.alcala\/\/wp-content\/uploads\/ies.alonsodeavellan.alcala\/2025\/09\/ADGM01.pdf\">PDF\ud83d\udce5<\/a><\/td><td><a href=\"https:\/\/www.comunidad.madrid\/servicios\/educacion\/ensenanzas-formacion-profesional#grado-medio\">Medio<\/a><\/td><td>vespertino<\/td><td>General<\/td><\/tr><tr><td>ADGM01<\/td><td>Administraci\u00f3n y Gesti\u00f3n<\/td><td>Gesti\u00f3n Administrativa<\/td><td><a href=\"https:\/\/site.educa.madrid.org\/ies.alonsodeavellan.alcala\/\/wp-content\/uploads\/ies.alonsodeavellan.alcala\/2025\/09\/ADGM01.pdf\">PDF\ud83d\udce5<\/a><\/td><td><a href=\"https:\/\/www.comunidad.madrid\/servicios\/educacion\/ensenanzas-formacion-profesional#grado-medio\">Medio<\/a><\/td><td>&nbsp;<\/td><td><a href=\"https:\/\/www.comunidad.madrid\/servicios\/educacion\/ensenanzas-formacion-profesional#panel-442584\">Virtual<\/a><\/td><\/tr><tr><td>ADGS01<\/td><td>Administraci\u00f3n y Gesti\u00f3n<\/td><td>Asistente a la Direcci\u00f3n <\/td><td><a href=\"https:\/\/site.educa.madrid.org\/ies.alonsodeavellan.alcala\/\/wp-content\/uploads\/ies.alonsodeavellan.alcala\/2025\/09\/ADGS01.pdf\">PDF\ud83d\udce5<\/a><\/td><td><a href=\"https:\/\/www.comunidad.madrid\/servicios\/educacion\/ensenanzas-formacion-profesional#grado-superior\">Superior<\/a><\/td><td>diurno<\/td><td>General<\/td><\/tr><tr><td>ADGS02<\/td><td>Administraci\u00f3n y Gesti\u00f3n<\/td><td>Administraci\u00f3n y Finanzas <\/td><td><a href=\"https:\/\/site.educa.madrid.org\/ies.alonsodeavellan.alcala\/\/wp-content\/uploads\/ies.alonsodeavellan.alcala\/2025\/09\/ADGS02.pdf\">PDF\ud83d\udce5<\/a><\/td><td><a href=\"https:\/\/www.comunidad.madrid\/servicios\/educacion\/ensenanzas-formacion-profesional#grado-superior\">Superior<\/a><\/td><td>diurno<\/td><td>General<\/td><\/tr><tr><td>ADGS02<\/td><td>Administraci\u00f3n y Gesti\u00f3n<\/td><td>Administraci\u00f3n y Finanzas <\/td><td><a href=\"https:\/\/site.educa.madrid.org\/ies.alonsodeavellan.alcala\/\/wp-content\/uploads\/ies.alonsodeavellan.alcala\/2025\/09\/ADGS02.pdf\">PDF\ud83d\udce5<\/a><\/td><td><a href=\"https:\/\/www.comunidad.madrid\/servicios\/educacion\/ensenanzas-formacion-profesional#grado-superior\">Superior<\/a><\/td><td>vespertino<\/td><td>General<\/td><\/tr><tr><td>ADGS02<\/td><td>Administraci\u00f3n y Gesti\u00f3n<\/td><td>Administraci\u00f3n y Finanzas <\/td><td><a href=\"https:\/\/site.educa.madrid.org\/ies.alonsodeavellan.alcala\/\/wp-content\/uploads\/ies.alonsodeavellan.alcala\/2025\/09\/ADGS02.pdf\">PDF\ud83d\udce5<\/a><\/td><td><a href=\"https:\/\/www.comunidad.madrid\/servicios\/educacion\/ensenanzas-formacion-profesional#grado-superior\">Superior<\/a><\/td><td>vespertino<\/td><td><a href=\"https:\/\/www.comunidad.madrid\/servicios\/educacion\/ensenanzas-formacion-profesional#panel-442572\">Intensivo<\/a><\/td><\/tr><tr><td>ADGS02<\/td><td>Administraci\u00f3n y Gesti\u00f3n<\/td><td>Administraci\u00f3n y Finanzas BILING\u00dcE<\/td><td><a href=\"https:\/\/site.educa.madrid.org\/ies.alonsodeavellan.alcala\/\/wp-content\/uploads\/ies.alonsodeavellan.alcala\/2025\/09\/ADGS02-bilingue.pdf\">PDF\ud83d\udce5<\/a><\/td><td><a href=\"https:\/\/www.comunidad.madrid\/servicios\/educacion\/ensenanzas-formacion-profesional#grado-superior\">Superior<\/a><\/td><td>diurno<\/td><td>General BILING\u00dcE<\/td><\/tr><tr><td>COMB01<\/td><td>Comercio y Marketing<\/td><td>Servicios Comerciales <\/td><td><a href=\"https:\/\/site.educa.madrid.org\/ies.alonsodeavellan.alcala\/\/wp-content\/uploads\/ies.alonsodeavellan.alcala\/2025\/09\/COMB01.pdf\">PDF\ud83d\udce5<\/a><\/td><td><a href=\"https:\/\/www.comunidad.madrid\/servicios\/educacion\/ensenanzas-formacion-profesional#grado-basico\">B\u00e1sico<\/a><\/td><td>diurno<\/td><td>General<\/td><\/tr><tr><td>COMM01<\/td><td>Comercio y Marketing<\/td><td>Actividades Comerciales <\/td><td><a href=\"https:\/\/site.educa.madrid.org\/ies.alonsodeavellan.alcala\/\/wp-content\/uploads\/ies.alonsodeavellan.alcala\/2025\/09\/COMM01.pdf\">PDF\ud83d\udce5<\/a><\/td><td><a href=\"https:\/\/www.comunidad.madrid\/servicios\/educacion\/ensenanzas-formacion-profesional#grado-medio\">Medio<\/a><\/td><td>diurno<\/td><td>General<\/td><\/tr><tr><td>COMS01<\/td><td>Comercio y Marketing<\/td><td>Marketing y Publicidad <\/td><td><a href=\"https:\/\/site.educa.madrid.org\/ies.alonsodeavellan.alcala\/\/wp-content\/uploads\/ies.alonsodeavellan.alcala\/2025\/09\/COMS01.pdf\">PDF\ud83d\udce5<\/a><\/td><td><a href=\"https:\/\/www.comunidad.madrid\/servicios\/educacion\/ensenanzas-formacion-profesional#grado-superior\">Superior<\/a><\/td><td>vespertino<\/td><td>General<\/td><\/tr><tr><td>COMS02<\/td><td>Comercio y Marketing<\/td><td>Transporte y Log\u00edstica<\/td><td><a href=\"https:\/\/site.educa.madrid.org\/ies.alonsodeavellan.alcala\/\/wp-content\/uploads\/ies.alonsodeavellan.alcala\/2025\/09\/COMS02.pdf\">PDF\ud83d\udce5<\/a><\/td><td><a href=\"https:\/\/www.comunidad.madrid\/servicios\/educacion\/ensenanzas-formacion-profesional#grado-superior\">Superior<\/a><\/td><td>diurno<\/td><td><a href=\"https:\/\/www.comunidad.madrid\/servicios\/educacion\/ensenanzas-formacion-profesional#panel-442572\">Intensivo<\/a><\/td><\/tr><tr><td>COMS03<\/td><td>Comercio y Marketing<\/td><td>Gesti\u00f3n de Ventas y Espacios Comerciales<\/td><td><a href=\"https:\/\/site.educa.madrid.org\/ies.alonsodeavellan.alcala\/\/wp-content\/uploads\/ies.alonsodeavellan.alcala\/2025\/09\/COMS03.pdf\">PDF\ud83d\udce5<\/a><\/td><td><a href=\"https:\/\/www.comunidad.madrid\/servicios\/educacion\/ensenanzas-formacion-profesional#grado-superior\">Superior<\/a><\/td><td>diurno<\/td><td>General<\/td><\/tr><tr><td>COMS04<\/td><td>Comercio y Marketing<\/td><td>Comercio Internacional <\/td><td><a href=\"https:\/\/site.educa.madrid.org\/ies.alonsodeavellan.alcala\/\/wp-content\/uploads\/ies.alonsodeavellan.alcala\/2025\/09\/COMS04.pdf\">PDF\ud83d\udce5<\/a><\/td><td><a href=\"https:\/\/www.comunidad.madrid\/servicios\/educacion\/ensenanzas-formacion-profesional#grado-superior\">Superior<\/a><\/td><td>diurno<\/td><td><a href=\"https:\/\/www.comunidad.madrid\/servicios\/educacion\/ensenanzas-formacion-profesional#panel-442572\">Intensivo<\/a><\/td><\/tr><tr><td>ELEB01<\/td><td>Electricidad y electr\u00f3nica<\/td><td>Electricidad y Electr\u00f3nica <\/td><td><a href=\"https:\/\/site.educa.madrid.org\/ies.alonsodeavellan.alcala\/\/wp-content\/uploads\/ies.alonsodeavellan.alcala\/2025\/09\/ELEB01.pdf\">PDF\ud83d\udce5<\/a><\/td><td><a href=\"https:\/\/www.comunidad.madrid\/servicios\/educacion\/ensenanzas-formacion-profesional#grado-basico\">B\u00e1sico<\/a><\/td><td>diurno<\/td><td>General<\/td><\/tr><tr><td>ELEM01<\/td><td>Electricidad y electr\u00f3nica<\/td><td>Instalaciones El\u00e9ctricas y Autom\u00e1ticas <\/td><td><a href=\"https:\/\/site.educa.madrid.org\/ies.alonsodeavellan.alcala\/\/wp-content\/uploads\/ies.alonsodeavellan.alcala\/2025\/09\/ELEM01.pdf\">PDF\ud83d\udce5<\/a><\/td><td><a href=\"https:\/\/www.comunidad.madrid\/servicios\/educacion\/ensenanzas-formacion-profesional#grado-medio\">Medio<\/a><\/td><td>diurno<\/td><td>General<\/td><\/tr><tr><td>ELES01<\/td><td>Electricidad y electr\u00f3nica<\/td><td>Sistemas Electrot\u00e9cnicos y Automatizados <\/td><td><a href=\"https:\/\/site.educa.madrid.org\/ies.alonsodeavellan.alcala\/\/wp-content\/uploads\/ies.alonsodeavellan.alcala\/2025\/09\/ELES01.pdf\">PDF\ud83d\udce5<\/a><\/td><td><a href=\"https:\/\/www.comunidad.madrid\/servicios\/educacion\/ensenanzas-formacion-profesional#grado-superior\">Superior<\/a><\/td><td>diurno<\/td><td>General<\/td><\/tr><tr><td>IFCB01<\/td><td>Inform\u00e1tica y comunicaciones<\/td><td>Inform\u00e1tica y Comunicaciones <\/td><td><a href=\"https:\/\/site.educa.madrid.org\/ies.alonsodeavellan.alcala\/\/wp-content\/uploads\/ies.alonsodeavellan.alcala\/2025\/09\/IFCB01.pdf\">PDF\ud83d\udce5<\/a><\/td><td><a href=\"https:\/\/www.comunidad.madrid\/servicios\/educacion\/ensenanzas-formacion-profesional#grado-basico\">B\u00e1sico<\/a><\/td><td>diurno<\/td><td>General<\/td><\/tr><tr><td>IFCM01<\/td><td>Inform\u00e1tica y comunicaciones<\/td><td>Sistemas Microinform\u00e1ticos y Redes <\/td><td><a href=\"https:\/\/site.educa.madrid.org\/ies.alonsodeavellan.alcala\/\/wp-content\/uploads\/ies.alonsodeavellan.alcala\/2025\/09\/IFCM01.pdf\">PDF\ud83d\udce5<\/a><\/td><td><a href=\"https:\/\/www.comunidad.madrid\/servicios\/educacion\/ensenanzas-formacion-profesional#grado-medio\">Medio<\/a><\/td><td>diurno<\/td><td>General<\/td><\/tr><tr><td>IFCM01<\/td><td>Inform\u00e1tica y comunicaciones<\/td><td>Sistemas Microinform\u00e1ticos y Redes <\/td><td><a href=\"https:\/\/site.educa.madrid.org\/ies.alonsodeavellan.alcala\/\/wp-content\/uploads\/ies.alonsodeavellan.alcala\/2025\/09\/IFCM01.pdf\">PDF\ud83d\udce5<\/a><\/td><td><a href=\"https:\/\/www.comunidad.madrid\/servicios\/educacion\/ensenanzas-formacion-profesional#grado-medio\">Medio<\/a><\/td><td>vespertino<\/td><td>General<\/td><\/tr><tr><td>IFCS01<\/td><td>Inform\u00e1tica y comunicaciones<\/td><td>Administraci\u00f3n de Sistemas Inform\u00e1ticos en Red<\/td><td><a href=\"https:\/\/site.educa.madrid.org\/ies.alonsodeavellan.alcala\/\/wp-content\/uploads\/ies.alonsodeavellan.alcala\/2025\/09\/IFCS01.pdf\">PDF\ud83d\udce5<\/a><\/td><td><a href=\"https:\/\/www.comunidad.madrid\/servicios\/educacion\/ensenanzas-formacion-profesional#grado-superior\">Superior<\/a><\/td><td>diurno<\/td><td>General<\/td><\/tr><tr><td>IFCS02<\/td><td>Inform\u00e1tica y comunicaciones<\/td><td>Desarrollo de Aplicaciones Multiplataforma <\/td><td><a href=\"https:\/\/site.educa.madrid.org\/ies.alonsodeavellan.alcala\/\/wp-content\/uploads\/ies.alonsodeavellan.alcala\/2025\/09\/IFCS02.pdf\">PDF\ud83d\udce5<\/a><\/td><td><a href=\"https:\/\/www.comunidad.madrid\/servicios\/educacion\/ensenanzas-formacion-profesional#grado-superior\">Superior<\/a><\/td><td>diurno<\/td><td>General<\/td><\/tr><tr><td>IFCS02<\/td><td>Inform\u00e1tica y comunicaciones<\/td><td>Desarrollo de Aplicaciones Multiplataforma <\/td><td><a href=\"https:\/\/site.educa.madrid.org\/ies.alonsodeavellan.alcala\/\/wp-content\/uploads\/ies.alonsodeavellan.alcala\/2025\/09\/IFCS02.pdf\">PDF\ud83d\udce5<\/a><\/td><td><a href=\"https:\/\/www.comunidad.madrid\/servicios\/educacion\/ensenanzas-formacion-profesional#grado-superior\">Superior<\/a><\/td><td>&nbsp;<\/td><td><a href=\"https:\/\/www.comunidad.madrid\/servicios\/educacion\/ensenanzas-formacion-profesional#panel-442584\">Virtual<\/a><\/td><\/tr><tr><td>IFCS02<\/td><td>Inform\u00e1tica y comunicaciones<\/td><td>Desarrollo de Aplicaciones Multiplataforma <\/td><td><a href=\"https:\/\/site.educa.madrid.org\/ies.alonsodeavellan.alcala\/\/wp-content\/uploads\/ies.alonsodeavellan.alcala\/2025\/09\/IFCS02.pdf\">PDF\ud83d\udce5<\/a><\/td><td><a href=\"https:\/\/www.comunidad.madrid\/servicios\/educacion\/ensenanzas-formacion-profesional#grado-superior\">Superior<\/a><\/td><td>vespertino<\/td><td>General<\/td><\/tr><tr><td>IFCS03<\/td><td>Inform\u00e1tica y comunicaciones<\/td><td>Desarrollo de Aplicaciones Web <\/td><td><a href=\"https:\/\/site.educa.madrid.org\/ies.alonsodeavellan.alcala\/\/wp-content\/uploads\/ies.alonsodeavellan.alcala\/2025\/09\/IFCS03.pdf\">PDF\ud83d\udce5<\/a><\/td><td><a href=\"https:\/\/www.comunidad.madrid\/servicios\/educacion\/ensenanzas-formacion-profesional#grado-superior\">Superior<\/a><\/td><td>vespertino<\/td><td>General<\/td><\/tr><tr><td>SSCM01<\/td><td>Servicios Socioculturales y a la Comunidad<\/td><td>Asistencia a Personas en Situaci\u00f3n de Dependencia <\/td><td><a href=\"https:\/\/site.educa.madrid.org\/ies.alonsodeavellan.alcala\/\/wp-content\/uploads\/ies.alonsodeavellan.alcala\/2025\/09\/SSCM01.pdf\">PDF\ud83d\udce5<\/a><\/td><td><a href=\"https:\/\/www.comunidad.madrid\/servicios\/educacion\/ensenanzas-formacion-profesional#grado-medio\">Medio<\/a><\/td><td>diurno<\/td><td>General<\/td><\/tr><tr><td>SSCM01<\/td><td>Servicios Socioculturales y a la Comunidad<\/td><td>Asistencia a Personas en Situaci\u00f3n de Dependencia <\/td><td><a href=\"https:\/\/site.educa.madrid.org\/ies.alonsodeavellan.alcala\/\/wp-content\/uploads\/ies.alonsodeavellan.alcala\/2025\/09\/SSCM01.pdf\">PDF\ud83d\udce5<\/a><\/td><td><a href=\"https:\/\/www.comunidad.madrid\/servicios\/educacion\/ensenanzas-formacion-profesional#grado-medio\">Medio<\/a><\/td><td>vespertino<\/td><td>General<\/td><\/tr><tr><td>SSCS01<\/td><td>Servicios Socioculturales y a la Comunidad<\/td><td>Educaci\u00f3n Infantil <\/td><td><a href=\"https:\/\/site.educa.madrid.org\/ies.alonsodeavellan.alcala\/\/wp-content\/uploads\/ies.alonsodeavellan.alcala\/2025\/09\/SSCS01.pdf\">PDF\ud83d\udce5<\/a><\/td><td><a href=\"https:\/\/www.comunidad.madrid\/servicios\/educacion\/ensenanzas-formacion-profesional#grado-superior\">Superior<\/a><\/td><td>diurno<\/td><td><a href=\"https:\/\/www.comunidad.madrid\/servicios\/educacion\/ensenanzas-formacion-profesional#panel-442572\">Intensivo<\/a><\/td><\/tr><tr><td>SSCS01<\/td><td>Servicios Socioculturales y a la Comunidad<\/td><td>Educaci\u00f3n Infantil <\/td><td><a href=\"https:\/\/site.educa.madrid.org\/ies.alonsodeavellan.alcala\/\/wp-content\/uploads\/ies.alonsodeavellan.alcala\/2025\/09\/SSCS01.pdf\">PDF\ud83d\udce5<\/a><\/td><td><a href=\"https:\/\/www.comunidad.madrid\/servicios\/educacion\/ensenanzas-formacion-profesional#grado-superior\">Superior<\/a><\/td><td>diurno<\/td><td>General<\/td><\/tr><tr><td>SSCS03<\/td><td>Servicios Socioculturales y a la Comunidad<\/td><td>Integraci\u00f3n Social <\/td><td><a href=\"https:\/\/site.educa.madrid.org\/ies.alonsodeavellan.alcala\/\/wp-content\/uploads\/ies.alonsodeavellan.alcala\/2025\/09\/SSCS03.pdf\">PDF\ud83d\udce5<\/a><\/td><td><a href=\"https:\/\/www.comunidad.madrid\/servicios\/educacion\/ensenanzas-formacion-profesional#grado-superior\">Superior<\/a><\/td><td>diurno<\/td><td>General<\/td><\/tr><tr><td>SSCS03<\/td><td>Servicios Socioculturales y a la Comunidad<\/td><td>Integraci\u00f3n Social <\/td><td><a href=\"https:\/\/site.educa.madrid.org\/ies.alonsodeavellan.alcala\/\/wp-content\/uploads\/ies.alonsodeavellan.alcala\/2025\/09\/SSCS03.pdf\">PDF\ud83d\udce5<\/a><\/td><td><a href=\"https:\/\/www.comunidad.madrid\/servicios\/educacion\/ensenanzas-formacion-profesional#grado-superior\">Superior<\/a><\/td><td>vespertino<\/td><td>General<\/td><\/tr><tr><td>SSCS05<\/td><td>Servicios Socioculturales y a la Comunidad<\/td><td>Mediaci\u00f3n Comunicativa <\/td><td><a href=\"https:\/\/site.educa.madrid.org\/ies.alonsodeavellan.alcala\/\/wp-content\/uploads\/ies.alonsodeavellan.alcala\/2025\/09\/SSCS05.pdf\">PDF\ud83d\udce5<\/a><\/td><td><a href=\"https:\/\/www.comunidad.madrid\/servicios\/educacion\/ensenanzas-formacion-profesional#grado-superior\">Superior<\/a><\/td><td>diurno<\/td><td>General<\/td><\/tr><\/tbody><\/table><\/figure>\n\n\n\n<script> \n    \/\/ SIRVE PARA A\u00d1ADIR UN CSS COMO SI ESTUVIERA EN EL HEADER\n    var head  = document.getElementsByTagName('head')[0];\n    var link  = document.createElement('link');\n    link.rel  = 'stylesheet';\n    link.type = 'text\/css';\n    link.href = 'https:\/\/cdn.jsdelivr.net\/npm\/table-actions@0.1.21\/dist\/table-actions.min.css';\n    link.media = 'all';\n    head.appendChild(link);\n<\/script>\n\n<script src=\"https:\/\/cdn.jsdelivr.net\/npm\/table-actions@0.1.21\/dist\/table-actions.min.js\">\n<\/script>\n\n\n<script>\n\/\/ LA TABLA TIENE QUE TENER LA CLASE tabla-sortable\n\/\/ WORDPRESS METE LA TABLA DENTRO DE UN ELEMENTO, AS\u00cd QUE EL table-sortable ES UN PADRE DE LA TABLA\n\/\/ HAY QUE PONER MANUALMENTE <theader> Y <th> \nlet tabla_sortable = document.getElementsByClassName(\"tabla-sortable\")[0];\n\nlet table = tabla_sortable.getElementsByTagName('table')[0];\n\ntable.getElementsByTagName(\"th\")[0].setAttribute(\"data-asc\",\"true\");\n\nnew TableActions(table, {\n        sortable: true,\n        searchable: true,\n        paginable: null,\n        rowsPerPage: 10000\n});\n\ndocument.getElementsByClassName(\"ta-search__input\")[0].placeholder=\"Buscar...\";\n<\/script>\n\n<style>\nth{\n  color: #fe8e1e;\n}\nth::before{\n  white-space: pre;\n  text-align: middle;\n  color: #fe8e1e;\n  margin-right: 10px;\n}\n\nth[data-asc=\"true\"]::before{\ncontent: url('data:image\/svg+xml;utf8,<svg width=\"30\" height=\"30\" viewBox=\"0 0 24 24\" fill=\"none\" xmlns=\"http:\/\/www.w3.org\/2000\/svg\"><path d=\"M8 12L12 16M12 16L16 12M12 16V8M7.8 21H16.2C17.8802 21 18.7202 21 19.362 20.673C19.9265 20.3854 20.3854 19.9265 20.673 19.362C21 18.7202 21 17.8802 21 16.2V7.8C21 6.11984 21 5.27976 20.673 4.63803C20.3854 4.07354 19.9265 3.6146 19.362 3.32698C18.7202 3 17.8802 3 16.2 3H7.8C6.11984 3 5.27976 3 4.63803 3.32698C4.07354 3.6146 3.6146 4.07354 3.32698 4.63803C3 5.27976 3 6.11984 3 7.8V16.2C3 17.8802 3 18.7202 3.32698 19.362C3.6146 19.9265 4.07354 20.3854 4.63803 20.673C5.27976 21 6.11984 21 7.8 21Z\" stroke=\"rgb(254,131,30)\" stroke-width=\"2\" stroke-linecap=\"round\" stroke-linejoin=\"round\"\/><\/svg>');\n\n}\nth[data-asc=\"false\"]::before{\n  content: url('data:image\/svg+xml;utf8,<svg width=\"30\" height=\"30\" viewBox=\"0 0 24 24\" fill=\"none\" xmlns=\"http:\/\/www.w3.org\/2000\/svg\"><path d=\"M16 12L12 8M12 8L8 12M12 8V16M7.8 21H16.2C17.8802 21 18.7202 21 19.362 20.673C19.9265 20.3854 20.3854 19.9265 20.673 19.362C21 18.7202 21 17.8802 21 16.2V7.8C21 6.11984 21 5.27976 20.673 4.63803C20.3854 4.07354 19.9265 3.6146 19.362 3.32698C18.7202 3 17.8802 3 16.2 3H7.8C6.11984 3 5.27976 3 4.63803 3.32698C4.07354 3.6146 3.6146 4.07354 3.32698 4.63803C3 5.27976 3 6.11984 3 7.8V16.2C3 17.8802 3 18.7202 3.32698 19.362C3.6146 19.9265 4.07354 20.3854 4.63803 20.673C5.27976 21 6.11984 21 7.8 21Z\" stroke=\"rgb(254,131,30)\" stroke-width=\"2\" stroke-linecap=\"round\" stroke-linejoin=\"round\"\/><\/svg>');\n}\n\nth:not([data-asc])::before{\n  content: url('data:image\/svg+xml;utf8,<svg width=\"30\" height=\"30\" viewBox=\"0 0 24 24\" fill=\"none\" xmlns=\"http:\/\/www.w3.org\/2000\/svg\"><path d=\"M3 7.8C3 6.11984 3 5.27976 3.32698 4.63803C3.6146 4.07354 4.07354 3.6146 4.63803 3.32698C5.27976 3 6.11984 3 7.8 3H16.2C17.8802 3 18.7202 3 19.362 3.32698C19.9265 3.6146 20.3854 4.07354 20.673 4.63803C21 5.27976 21 6.11984 21 7.8V16.2C21 17.8802 21 18.7202 20.673 19.362C20.3854 19.9265 19.9265 20.3854 19.362 20.673C18.7202 21 17.8802 21 16.2 21H7.8C6.11984 21 5.27976 21 4.63803 20.673C4.07354 20.3854 3.6146 19.9265 3.32698 19.362C3 18.7202 3 17.8802 3 16.2V7.8Z\" stroke=\"rgb(254,131,30)\" stroke-width=\"2\" stroke-linecap=\"round\" stroke-linejoin=\"round\"\/><\/svg>');\n}\n\n<\/style>\n","protected":false},"excerpt":{"rendered":"<p>Utilice el cuadro de b\u00fasqueda, o pulse en la cabecera para ordenar la tabla. C\u00f3digo Familia Nombre M\u00f3dulos cursados Grado Turno Modalidad ADGB01 Administraci\u00f3n y Gesti\u00f3n Servicios Administrativos PDF\ud83d\udce5 B\u00e1sico diurno General ADGM01 Administraci\u00f3n y Gesti\u00f3n Gesti\u00f3n Administrativa PDF\ud83d\udce5 Medio diurno General ADGM01 Administraci\u00f3n y Gesti\u00f3n Gesti\u00f3n Administrativa PDF\ud83d\udce5 Medio vespertino General ADGM01 Administraci\u00f3n y [&hellip;]<\/p>\n","protected":false},"author":5,"featured_media":0,"parent":0,"menu_order":0,"comment_status":"closed","ping_status":"closed","template":"","meta":{"footnotes":""},"folder":[],"class_list":["post-5982","page","type-page","status-publish","hentry"],"rttpg_featured_image_url":null,"rttpg_author":{"display_name":"\u00c1lvaro Gonz\u00e1lez Sotillo","author_link":"https:\/\/site.educa.madrid.org\/ies.alonsodeavellan.alcala\/index.php\/author\/lvaro_gonzlez-sotillo\/"},"rttpg_comment":0,"rttpg_category":false,"rttpg_excerpt":"Utilice el cuadro de b\u00fasqueda, o pulse en la cabecera para ordenar la tabla. C\u00f3digo Familia Nombre M\u00f3dulos cursados Grado Turno Modalidad ADGB01 Administraci\u00f3n y Gesti\u00f3n Servicios Administrativos PDF\ud83d\udce5 B\u00e1sico diurno General ADGM01 Administraci\u00f3n y Gesti\u00f3n Gesti\u00f3n Administrativa PDF\ud83d\udce5 Medio diurno General ADGM01 Administraci\u00f3n y Gesti\u00f3n Gesti\u00f3n Administrativa PDF\ud83d\udce5 Medio vespertino General ADGM01 Administraci\u00f3n y&hellip;","post_mailing_queue_ids":[],"_links":{"self":[{"href":"https:\/\/site.educa.madrid.org\/ies.alonsodeavellan.alcala\/index.php\/wp-json\/wp\/v2\/pages\/5982","targetHints":{"allow":["GET"]}}],"collection":[{"href":"https:\/\/site.educa.madrid.org\/ies.alonsodeavellan.alcala\/index.php\/wp-json\/wp\/v2\/pages"}],"about":[{"href":"https:\/\/site.educa.madrid.org\/ies.alonsodeavellan.alcala\/index.php\/wp-json\/wp\/v2\/types\/page"}],"author":[{"embeddable":true,"href":"https:\/\/site.educa.madrid.org\/ies.alonsodeavellan.alcala\/index.php\/wp-json\/wp\/v2\/users\/5"}],"replies":[{"embeddable":true,"href":"https:\/\/site.educa.madrid.org\/ies.alonsodeavellan.alcala\/index.php\/wp-json\/wp\/v2\/comments?post=5982"}],"version-history":[{"count":6,"href":"https:\/\/site.educa.madrid.org\/ies.alonsodeavellan.alcala\/index.php\/wp-json\/wp\/v2\/pages\/5982\/revisions"}],"predecessor-version":[{"id":6780,"href":"https:\/\/site.educa.madrid.org\/ies.alonsodeavellan.alcala\/index.php\/wp-json\/wp\/v2\/pages\/5982\/revisions\/6780"}],"wp:attachment":[{"href":"https:\/\/site.educa.madrid.org\/ies.alonsodeavellan.alcala\/index.php\/wp-json\/wp\/v2\/media?parent=5982"}],"wp:term":[{"taxonomy":"folder","embeddable":true,"href":"https:\/\/site.educa.madrid.org\/ies.alonsodeavellan.alcala\/index.php\/wp-json\/wp\/v2\/folder?post=5982"}],"curies":[{"name":"wp","href":"https:\/\/api.w.org\/{rel}","templated":true}]}}