{"id":1113,"date":"2023-11-08T17:30:00","date_gmt":"2023-11-08T16:30:00","guid":{"rendered":"https:\/\/site.educa.madrid.org\/ies.anselmolorenzo.sanmartindelavega\/?page_id=1113"},"modified":"2025-10-14T21:55:07","modified_gmt":"2025-10-14T19:55:07","slug":"sea-servicio-apoyo-escolarizacion","status":"publish","type":"page","link":"https:\/\/site.educa.madrid.org\/ies.anselmolorenzo.sanmartindelavega\/index.php\/inicio\/quienes-somos\/sea-servicio-apoyo-escolarizacion\/","title":{"rendered":"SAE (Servicio Apoyo Escolarizaci\u00f3n)"},"content":{"rendered":"\n<figure class=\"wp-block-image size-full\"><img loading=\"lazy\" decoding=\"async\" width=\"495\" height=\"697\" src=\"https:\/\/site.educa.madrid.org\/ies.anselmolorenzo.sanmartindelavega\/\/wp-content\/uploads\/ies.anselmolorenzo.sanmartindelavega\/2025\/10\/Cartel-SAE-2526.jpg\" alt=\"\" class=\"wp-image-3447\" srcset=\"https:\/\/site.educa.madrid.org\/ies.anselmolorenzo.sanmartindelavega\/\/wp-content\/uploads\/ies.anselmolorenzo.sanmartindelavega\/2025\/10\/Cartel-SAE-2526.jpg 495w, https:\/\/site.educa.madrid.org\/ies.anselmolorenzo.sanmartindelavega\/\/wp-content\/uploads\/ies.anselmolorenzo.sanmartindelavega\/2025\/10\/Cartel-SAE-2526-213x300.jpg 213w\" sizes=\"auto, (max-width: 495px) 100vw, 495px\" \/><\/figure>\n\n\n\n<figure class=\"wp-block-table aligncenter is-style-stripes\"><table><tbody><tr><td class=\"has-text-align-left\" data-align=\"left\"> PERSONA DE CONTACTO<\/td><td>Jos\u00e9 Mar\u00eda Garc\u00eda-Caro<br><em>T\u00e9cnico del SAE para Arganda del Rey y San Mart\u00edn de la Vega<\/em><\/td><\/tr><tr><td class=\"has-text-align-left\" data-align=\"left\">PUNTO DE ATENCI\u00d3N<\/td><td>CEIP San Marcos<br><em>Av. Abogados de Atocha, 16, San Mart\u00edn de la Vega, Madrid (28330)<\/em><\/td><\/tr><tr><td class=\"has-text-align-left\" data-align=\"left\"> HORARIO DE ATENCI\u00d3N<\/td><td>Todos los mi\u00e9rcoles de 09:00 a 13:15 (excepto festivos)<\/td><\/tr><tr><td class=\"has-text-align-left\" data-align=\"left\">TEL\u00c9FONO<\/td><td>91 059 31 89\/689 03 71 21<\/td><\/tr><tr><td class=\"has-text-align-left\" data-align=\"left\">EMAIL<\/td><td><a href=\"mailto:sae93.este.sanmartin@madrid.org\">sae93.este.sanmartin@madrid.org<\/a><\/td><\/tr><\/tbody><\/table><\/figure>\n","protected":false},"excerpt":{"rendered":"<p>PERSONA DE CONTACTO Jos\u00e9 Mar\u00eda Garc\u00eda-CaroT\u00e9cnico del SAE para Arganda del Rey y San Mart\u00edn de la Vega PUNTO DE ATENCI\u00d3N CEIP San MarcosAv. Abogados de Atocha, 16, San Mart\u00edn de la Vega, Madrid (28330) HORARIO DE ATENCI\u00d3N Todos los mi\u00e9rcoles de 09:00 a 13:15 (excepto festivos) TEL\u00c9FONO 91 059 31 89\/689 03 71 21 &hellip; <\/p>\n<p class=\"link-more\"><a href=\"https:\/\/site.educa.madrid.org\/ies.anselmolorenzo.sanmartindelavega\/index.php\/inicio\/quienes-somos\/sea-servicio-apoyo-escolarizacion\/\" class=\"more-link\">Continuar leyendo<span class=\"screen-reader-text\"> \u00abSAE (Servicio Apoyo Escolarizaci\u00f3n)\u00bb<\/span><\/a><\/p>\n","protected":false},"author":2,"featured_media":0,"parent":120,"menu_order":0,"comment_status":"closed","ping_status":"closed","template":"","meta":{"footnotes":""},"folder":[],"class_list":["post-1113","page","type-page","status-publish","hentry"],"rttpg_featured_image_url":null,"rttpg_author":{"display_name":"tic.ies.anselmolorenzo.sanmartindelavega","author_link":"https:\/\/site.educa.madrid.org\/ies.anselmolorenzo.sanmartindelavega\/index.php\/author\/cuenta_tic-ies-anselmolorenzo-sanmartindelavega\/"},"rttpg_comment":0,"rttpg_category":false,"rttpg_excerpt":"PERSONA DE CONTACTO Jos\u00e9 Mar\u00eda Garc\u00eda-CaroT\u00e9cnico del SAE para Arganda del Rey y San Mart\u00edn de la Vega PUNTO DE ATENCI\u00d3N CEIP San MarcosAv. Abogados de Atocha, 16, San Mart\u00edn de la Vega, Madrid (28330) HORARIO DE ATENCI\u00d3N Todos los mi\u00e9rcoles de 09:00 a 13:15 (excepto festivos) TEL\u00c9FONO 91 059 31 89\/689 03 71 21&hellip;","post_mailing_queue_ids":[],"_links":{"self":[{"href":"https:\/\/site.educa.madrid.org\/ies.anselmolorenzo.sanmartindelavega\/index.php\/wp-json\/wp\/v2\/pages\/1113","targetHints":{"allow":["GET"]}}],"collection":[{"href":"https:\/\/site.educa.madrid.org\/ies.anselmolorenzo.sanmartindelavega\/index.php\/wp-json\/wp\/v2\/pages"}],"about":[{"href":"https:\/\/site.educa.madrid.org\/ies.anselmolorenzo.sanmartindelavega\/index.php\/wp-json\/wp\/v2\/types\/page"}],"author":[{"embeddable":true,"href":"https:\/\/site.educa.madrid.org\/ies.anselmolorenzo.sanmartindelavega\/index.php\/wp-json\/wp\/v2\/users\/2"}],"replies":[{"embeddable":true,"href":"https:\/\/site.educa.madrid.org\/ies.anselmolorenzo.sanmartindelavega\/index.php\/wp-json\/wp\/v2\/comments?post=1113"}],"version-history":[{"count":8,"href":"https:\/\/site.educa.madrid.org\/ies.anselmolorenzo.sanmartindelavega\/index.php\/wp-json\/wp\/v2\/pages\/1113\/revisions"}],"predecessor-version":[{"id":3448,"href":"https:\/\/site.educa.madrid.org\/ies.anselmolorenzo.sanmartindelavega\/index.php\/wp-json\/wp\/v2\/pages\/1113\/revisions\/3448"}],"up":[{"embeddable":true,"href":"https:\/\/site.educa.madrid.org\/ies.anselmolorenzo.sanmartindelavega\/index.php\/wp-json\/wp\/v2\/pages\/120"}],"wp:attachment":[{"href":"https:\/\/site.educa.madrid.org\/ies.anselmolorenzo.sanmartindelavega\/index.php\/wp-json\/wp\/v2\/media?parent=1113"}],"wp:term":[{"taxonomy":"folder","embeddable":true,"href":"https:\/\/site.educa.madrid.org\/ies.anselmolorenzo.sanmartindelavega\/index.php\/wp-json\/wp\/v2\/folder?post=1113"}],"curies":[{"name":"wp","href":"https:\/\/api.w.org\/{rel}","templated":true}]}}