{"id":1177,"date":"2023-11-15T12:02:56","date_gmt":"2023-11-15T11:02:56","guid":{"rendered":"https:\/\/site.educa.madrid.org\/ies.anselmolorenzo.sanmartindelavega\/?page_id=1177"},"modified":"2025-11-04T12:06:39","modified_gmt":"2025-11-04T11:06:39","slug":"proyectos-de-centro","status":"publish","type":"page","link":"https:\/\/site.educa.madrid.org\/ies.anselmolorenzo.sanmartindelavega\/index.php\/proyectos-de-centro\/","title":{"rendered":"Proyectos de centro"},"content":{"rendered":"\n<div class=\"wp-block-columns is-layout-flex wp-container-core-columns-is-layout-9d6595d7 wp-block-columns-is-layout-flex\">\n<div class=\"wp-block-column is-layout-flow wp-block-column-is-layout-flow\">\n<h6><span style=\"color: #ff6600;\">PROYECTO PROA+<\/span><\/h6>\n<\/div>\n<\/div>\n\n\n\n<div class=\"wp-block-columns is-layout-flex wp-container-core-columns-is-layout-9d6595d7 wp-block-columns-is-layout-flex\">\n<div class=\"wp-block-column is-layout-flow wp-block-column-is-layout-flow\">\n<h6><span style=\"color: #ff6600;\">PROYECTO ESCUELAS SOSTENIBLES<\/span><\/h6>\n<p>Descubre m\u00e1s informaci\u00f3n pinchando en los siguientes enlaces:<\/p>\n<ul>\n<li><a href=\"https:\/\/site.educa.madrid.org\/ies.anselmolorenzo.sanmartindelavega\/\/wp-content\/uploads\/ies.anselmolorenzo.sanmartindelavega\/2023\/12\/PRESENTACION-DEL-PROYECTO-23_24.pdf\">Presentaci\u00f3n del proyecto<\/a><\/li>\n<li><a href=\"https:\/\/site.educa.madrid.org\/ies.anselmolorenzo.sanmartindelavega\/\/wp-content\/uploads\/ies.anselmolorenzo.sanmartindelavega\/2023\/12\/CONSTITUCION-DE-LA-ASAMBLEA-DE-SOSTENIBILIDAD.pdf\">Constituci\u00f3n Asamblea de sostenibilidad<\/a><\/li>\n<li><a href=\"https:\/\/site.educa.madrid.org\/ies.anselmolorenzo.sanmartindelavega\/\/wp-content\/uploads\/ies.anselmolorenzo.sanmartindelavega\/2023\/12\/CAMPANA-DE-COMPOSTAJE-DE-HOJAS-210-x-297-mm.pdf\">Campa\u00f1a compostaje de hojas<\/a><\/li>\n<li><a href=\"https:\/\/site.educa.madrid.org\/ies.anselmolorenzo.sanmartindelavega\/\/wp-content\/uploads\/ies.anselmolorenzo.sanmartindelavega\/2023\/12\/CAMPANA-MEJORAMOS-EL-PATIO.pdf\">Campa\u00f1a mejorando el patio<\/a><\/li>\n<\/ul>\n<p><span style=\"color: #99cc00;\"><strong>V\u00eddeos de inter\u00e9s:<\/strong><\/span><\/p>\n<ul>\n<li><a href=\"https:\/\/mediateca.educa.madrid.org\/video\/lviwlic4dixrf5ud?jwsource=cl\">IES Anselmo Lorenzo, un IES sostenible<\/a><\/li>\n<li><a href=\"https:\/\/mediateca.educa.madrid.org\/video\/orp18vpowxxo6rph\">Delegados de sostenibilidad<\/a><\/li>\n<\/ul>\n<p><span style=\"color: #3366ff;\"><strong>Actividades:<\/strong><\/span><\/p>\n<p>Con motivo de la celebraci\u00f3n del <strong>D\u00eda Internacional de la Madre Tierra (22A)<\/strong>, nuestros alumnos realizaron varias actividades para concienciarnos a todos de la importancia de empezar a cuidar el planeta. Cada peque\u00f1o gesto importa.<\/p>\n<p>Puedes leer el art\u00edculo pinchando <a href=\"https:\/\/site.educa.madrid.org\/ies.anselmolorenzo.sanmartindelavega\/\/wp-content\/uploads\/ies.anselmolorenzo.sanmartindelavega\/2024\/05\/Articulo-Dia-de-la-Tierra.pdf\">aqu\u00ed<\/a>.<\/p>\n<\/div>\n\n\n\n<div class=\"wp-block-column is-layout-flow wp-block-column-is-layout-flow\">\n<h6><span style=\"color: #ff6600;\">PROYECTO IPAFD<\/span><\/h6>\n<p><a href=\"https:\/\/site.educa.madrid.org\/ies.anselmolorenzo.sanmartindelavega\/\/wp-content\/uploads\/ies.anselmolorenzo.sanmartindelavega\/2025\/11\/Cartel-IPAFD.png\"><img loading=\"lazy\" decoding=\"async\" class=\"alignnone size-full wp-image-3524\" src=\"https:\/\/site.educa.madrid.org\/ies.anselmolorenzo.sanmartindelavega\/\/wp-content\/uploads\/ies.anselmolorenzo.sanmartindelavega\/2025\/11\/Cartel-IPAFD.png\" alt=\"\" width=\"964\" height=\"720\" srcset=\"https:\/\/site.educa.madrid.org\/ies.anselmolorenzo.sanmartindelavega\/\/wp-content\/uploads\/ies.anselmolorenzo.sanmartindelavega\/2025\/11\/Cartel-IPAFD.png 964w, https:\/\/site.educa.madrid.org\/ies.anselmolorenzo.sanmartindelavega\/\/wp-content\/uploads\/ies.anselmolorenzo.sanmartindelavega\/2025\/11\/Cartel-IPAFD-300x224.png 300w, https:\/\/site.educa.madrid.org\/ies.anselmolorenzo.sanmartindelavega\/\/wp-content\/uploads\/ies.anselmolorenzo.sanmartindelavega\/2025\/11\/Cartel-IPAFD-768x574.png 768w\" sizes=\"auto, (max-width: 767px) 89vw, (max-width: 1000px) 54vw, (max-width: 1071px) 543px, 580px\" \/><\/a><\/p>\n<\/div>\n<\/div>\n\n\n\n<div class=\"wp-block-columns is-layout-flex wp-container-core-columns-is-layout-9d6595d7 wp-block-columns-is-layout-flex\">\n<div class=\"wp-block-column is-layout-flow wp-block-column-is-layout-flow\">\n<h6><span style=\"color: #ff6600;\">PROYECTO BIENESTAR<\/span><\/h6>\n<\/p>\n<\/div>\n\n\n\n<div class=\"wp-block-column is-layout-flow wp-block-column-is-layout-flow\">\n<h6><strong><span style=\"color: #ff6600;\">PROYECTO SOSTENIBILIDAD<\/span><\/strong><\/h6>\n<p>Descubre la <span style=\"color: #99cc00;\"><strong>Pol\u00edtica Medioambiental<\/strong> <\/span>del Centro pinchando <a href=\"https:\/\/site.educa.madrid.org\/ies.anselmolorenzo.sanmartindelavega\/\/wp-content\/uploads\/ies.anselmolorenzo.sanmartindelavega\/2023\/11\/Politica-medioambiental_IES-Anselmo-Lorenzo.pdf\">aqu\u00ed.<\/a><\/p>\n<\/div>\n<\/div>\n\n\n\n<div class=\"wp-block-columns is-layout-flex wp-container-core-columns-is-layout-9d6595d7 wp-block-columns-is-layout-flex\">\n<div class=\"wp-block-column is-layout-flow wp-block-column-is-layout-flow\">\n<h6><span style=\"color: #ff6600;\">PROYECTO ACCEDE<\/span><\/h6>\n<\/div>\n\n\n\n<div class=\"wp-block-column is-layout-flow wp-block-column-is-layout-flow\">\n<h6><span style=\"color: #ff6600;\">PROYECTO BIBLIOTECA<\/span><\/h6>\n<\/p>\n<\/div>\n<\/div>\n\n\n\n<div class=\"wp-block-columns is-layout-flex wp-container-core-columns-is-layout-9d6595d7 wp-block-columns-is-layout-flex\">\n<div class=\"wp-block-column is-layout-flow wp-block-column-is-layout-flow\">\n<h6><span style=\"color: #ff6600;\">PROYECTO HUERTO<\/span><\/h6>\n<p>Descubre nuestro huerto en oto\u00f1o pinchando <a href=\"https:\/\/site.educa.madrid.org\/ies.anselmolorenzo.sanmartindelavega\/\/wp-content\/uploads\/ies.anselmolorenzo.sanmartindelavega\/2023\/12\/Nuestro-huerto-en-otono.pdf\">aqu\u00ed.<\/a><\/p>\n<\/p>\n<\/div>\n\n\n\n<div class=\"wp-block-column is-layout-flow wp-block-column-is-layout-flow\">\n<h6><span style=\"color: #ff6600;\">PROYECTO RADIO<\/span><\/h6>\n<\/p>\n<\/div>\n<\/div>\n\n\n\n<div class=\"wp-block-columns is-layout-flex wp-container-core-columns-is-layout-9d6595d7 wp-block-columns-is-layout-flex\">\n<div class=\"wp-block-column is-layout-flow wp-block-column-is-layout-flow\">\n<h6><span style=\"color: #ff6600;\">PROYECTO TIC<\/span><\/h6>\n<\/div>\n\n\n\n<div class=\"wp-block-column is-layout-flow wp-block-column-is-layout-flow\">\n<h6><span style=\"color: #ff6600;\">PROYECTO MEDIACI\u00d3N<\/span><\/h6>\n<\/div>\n<\/div>\n\n\n\n<div class=\"wp-block-columns is-layout-flex wp-container-core-columns-is-layout-9d6595d7 wp-block-columns-is-layout-flex\">\n<div class=\"wp-block-column is-layout-flow wp-block-column-is-layout-flow\">\n<h6><span style=\"color: #ff6600;\">EXTRAESCOLARES<\/span><\/h6>\n<\/div>\n\n\n\n<div class=\"wp-block-column is-layout-flow wp-block-column-is-layout-flow\">\n<h6><span style=\"color: #ff6600;\">ERASMUS+<\/span><\/h6>\n<\/div>\n<\/div>\n\n\n\n<div class=\"wp-block-columns is-layout-flex wp-container-core-columns-is-layout-9d6595d7 wp-block-columns-is-layout-flex\">\n<div class=\"wp-block-column is-layout-flow wp-block-column-is-layout-flow\">\n<h6><span style=\"color: #ff6600;\">RECREOS ACTIVOS<\/span><\/h6>\n<\/div>\n\n\n\n<div class=\"wp-block-column is-layout-flow wp-block-column-is-layout-flow\">\n<h6><span style=\"color: #ff6600;\">RECREOS DEPORTIVOS<\/span><\/h6>\n<\/div>\n<\/div>\n\n\n\n<div class=\"wp-block-columns is-layout-flex wp-container-core-columns-is-layout-9d6595d7 wp-block-columns-is-layout-flex\">\n<div class=\"wp-block-column is-layout-flow wp-block-column-is-layout-flow\">\n<h6><span style=\"color: #ff6600;\">COMISI\u00d3N IGUALDAD<\/span><\/h6>\n<\/div>\n\n\n\n<div class=\"wp-block-column is-layout-flow wp-block-column-is-layout-flow\">\n<h6><span style=\"color: #ff6600;\">COMPUDIGIT<\/span><\/h6>\n<\/div>\n<\/div>\n\n\n<h4><span style=\"color: #ff6600;\">SEMINARIO<\/span><\/h4>\n<p><span style=\"color: #008000;\"><strong>Preguntas de Biolog\u00eda y Geolog\u00eda. Secundaria<\/strong><\/span><br \/><strong><em>Banco de preguntas para Aula Virtual sobre la materia de Biolog\u00eda y Geolog\u00eda. Idioma espa\u00f1ol<\/em><\/strong><br \/><a href=\"https:\/\/cloud.educa.madrid.org\/s\/Dr3yaQ4638GFEQ6\">https:\/\/cloud.educa.madrid.org\/s\/Dr3yaQ4638GFEQ6<\/a><\/p>\n<p><span style=\"color: #008000;\"><strong>Preguntas de Dibujo T\u00e9cnico. Secundaria<\/strong><\/span><br \/><strong><em>Banco de preguntas para Aula Virtual sobre la materia de EPVA sobre vistas de un objeto, nivel medio. Idioma ingl\u00e9s.<\/em><\/strong><br \/><a href=\"https:\/\/cloud.educa.madrid.org\/s\/TwF4P5yFfn65gQf\">https:\/\/cloud.educa.madrid.org\/s\/TwF4P5yFfn65gQf<\/a><\/p>\n<p><span style=\"color: #008000;\"><strong>Preguntas de FP B\u00e1sica Inform\u00e1tica.<\/strong><\/span><br \/><strong><em>Banco de preguntas para Aula Virtual de FP B\u00e1sica Inform\u00e1tica sobre circuitos el\u00e9ctricos serie, nivel medio. Idioma ingl\u00e9s.<\/em><\/strong><br \/><a href=\"https:\/\/cloud.educa.madrid.org\/s\/WbCxXoD94M8EQe4\">https:\/\/cloud.educa.madrid.org\/s\/WbCxXoD94M8EQe4<\/a><\/p>\n<p><strong><em>Banco de preguntas para Aula Virtual de FP B\u00e1sica Inform\u00e1tica sobre circuitos el\u00e9ctricos paralelo, nivel medio. Idioma ingl\u00e9s.<\/em><\/strong><br \/><a href=\"https:\/\/cloud.educa.madrid.org\/s\/H6fHei3c7ozNNk4\">https:\/\/cloud.educa.madrid.org\/s\/H6fHei3c7ozNNk4<\/a><\/p>\n<p><strong><em>Banco de preguntas para Aula Virtual de FP B\u00e1sica Inform\u00e1tica sobre c\u00e1lculo de resistencia equivalente, nivel alto. Idioma ingl\u00e9s.<\/em><\/strong><br \/><a href=\"https:\/\/cloud.educa.madrid.org\/s\/bm5pP48DofdyKKz\">https:\/\/cloud.educa.madrid.org\/s\/bm5pP48DofdyKKz<\/a><\/p>\n<p><span style=\"color: #008000;\"><strong>Preguntas de Ingl\u00e9s. Secundaria<\/strong><\/span><br \/><strong><em>Banco de preguntas para Aula Virtual sobre la materia de Ingl\u00e9s sobre el primer cap\u00edtulo del libro \u201cSentido y Sensibilidad\u201d, nivel A2. Idioma ingl\u00e9s<\/em><\/strong><br \/><a href=\"https:\/\/cloud.educa.madrid.org\/s\/tnfnDMZCteZL8Tr\">https:\/\/cloud.educa.madrid.org\/s\/tnfnDMZCteZL8Tr<\/a><\/p>\n<p><strong><em>Banco de preguntas para Aula Virtual sobre la materia de Ingl\u00e9s sobre el libro \u201cLos tres mosqueteros\u201d, nivel A2. Idioma ingl\u00e9s<\/em><\/strong><br \/><a href=\"https:\/\/cloud.educa.madrid.org\/s\/ZjEcYTJQGc35CmW\">https:\/\/cloud.educa.madrid.org\/s\/ZjEcYTJQGc35CmW<\/a><\/p>\n<p><span style=\"color: #008000;\"><strong>Preguntas de Lengua y Literatura. Secundaria<\/strong><\/span><br \/><strong><em>Banco de preguntas para Aula Virtual sobre la materia de Lengua y Literatura sobre el libro \u201cLa Celestina\u201d<\/em><\/strong><br \/><a href=\"https:\/\/cloud.educa.madrid.org\/s\/SfBfaLZ5K3KqJFe\">https:\/\/cloud.educa.madrid.org\/s\/SfBfaLZ5K3KqJFe<\/a><\/p>\n<p><span style=\"color: #008000;\"><strong>Preguntas de Lengua y Literatura. Bachillerato<\/strong><\/span><br \/><strong><em>Banco de preguntas para Aula Virtual sobre la materia de Literatura Temas 6, 7 y 8. 2\u00ba de bachillerato.<\/em><\/strong><br \/><a href=\"https:\/\/cloud.educa.madrid.org\/s\/jqgqAE7HoQmbafD\">https:\/\/cloud.educa.madrid.org\/s\/jqgqAE7HoQmbafD<\/a><\/p>\n<p><span style=\"color: #008000;\"><strong>Preguntas de M\u00fasica. Secundaria<\/strong><\/span><br \/><strong><em>Banco de preguntas para Aula Virtual sobre la materia de M\u00fasica sobre El Jazz. Idioma espa\u00f1ol. 4\u00ba ESO<\/em><\/strong><br \/><a href=\"https:\/\/cloud.educa.madrid.org\/s\/BxbgfpeHLDMasyB\">https:\/\/cloud.educa.madrid.org\/s\/BxbgfpeHLDMasyB<\/a><\/p>\n<p><strong><span style=\"color: #008000;\">Preguntas de Tecnolog\u00eda y Digitalizaci\u00f3n. Secundaria<\/span><\/strong><br \/><strong><em>Banco de preguntas para Aula Virtual sobre la materia de Tecnolog\u00eda y Digitalizaci\u00f3n sobre Ruedas dentadas, nivel medio. Idioma ingl\u00e9s.<\/em><\/strong><br \/><a href=\"https:\/\/cloud.educa.madrid.org\/s\/PwjfRyKpdNeAtkb\">https:\/\/cloud.educa.madrid.org\/s\/PwjfRyKpdNeAtkb<\/a><\/p>\n<p><strong><em>Banco de preguntas para Aula Virtual sobre la materia de Tecnolog\u00eda y Digitalizaci\u00f3n sobre Ruedas de Fricci\u00f3n, nivel medio. Idioma ingl\u00e9s.<\/em><\/strong><br \/><a href=\"https:\/\/cloud.educa.madrid.org\/s\/6NJmP3sQ9PjJ4LX\">https:\/\/cloud.educa.madrid.org\/s\/6NJmP3sQ9PjJ4LX<\/a><\/p>\n<p><strong><em>Banco de preguntas para Aula Virtual sobre la materia de Tecnolog\u00eda y Digitalizaci\u00f3n sobre Poleas con Correa, nivel medio. Idioma ingl\u00e9s<\/em>.<\/strong><br \/><a href=\"https:\/\/cloud.educa.madrid.org\/s\/ATCkeHdzArcrpdq\">https:\/\/cloud.educa.madrid.org\/s\/ATCkeHdzArcrpdq<\/a><\/p>\n<p><strong><em>Banco de preguntas para Aula Virtual sobre la materia de Tecnolog\u00eda y Digitalizaci\u00f3n sobre Palancas, nivel medio. Idioma ingl\u00e9s.<\/em><\/strong><br \/><a href=\"https:\/\/cloud.educa.madrid.org\/s\/ajX9xwkHLG2Hys8\">https:\/\/cloud.educa.madrid.org\/s\/ajX9xwkHLG2Hys8<\/a><\/p>\n<\/p>","protected":false},"excerpt":{"rendered":"<p>PROYECTO PROA+ PROYECTO ESCUELAS SOSTENIBLES Descubre m\u00e1s informaci\u00f3n pinchando en los siguientes enlaces: Presentaci\u00f3n del proyecto Constituci\u00f3n Asamblea de sostenibilidad Campa\u00f1a compostaje de hojas Campa\u00f1a mejorando el patio V\u00eddeos de inter\u00e9s: IES Anselmo Lorenzo, un IES sostenible Delegados de sostenibilidad Actividades: Con motivo de la celebraci\u00f3n del D\u00eda Internacional de la Madre Tierra (22A), nuestros &hellip; <\/p>\n<p class=\"link-more\"><a href=\"https:\/\/site.educa.madrid.org\/ies.anselmolorenzo.sanmartindelavega\/index.php\/proyectos-de-centro\/\" class=\"more-link\">Continuar leyendo<span class=\"screen-reader-text\"> \u00abProyectos de centro\u00bb<\/span><\/a><\/p>\n","protected":false},"author":2,"featured_media":0,"parent":0,"menu_order":0,"comment_status":"closed","ping_status":"closed","template":"","meta":{"footnotes":""},"folder":[],"class_list":["post-1177","page","type-page","status-publish","hentry"],"rttpg_featured_image_url":null,"rttpg_author":{"display_name":"tic.ies.anselmolorenzo.sanmartindelavega","author_link":"https:\/\/site.educa.madrid.org\/ies.anselmolorenzo.sanmartindelavega\/index.php\/author\/cuenta_tic-ies-anselmolorenzo-sanmartindelavega\/"},"rttpg_comment":0,"rttpg_category":false,"rttpg_excerpt":"PROYECTO PROA+ PROYECTO ESCUELAS SOSTENIBLES Descubre m\u00e1s informaci\u00f3n pinchando en los siguientes enlaces: Presentaci\u00f3n del proyecto Constituci\u00f3n Asamblea de sostenibilidad Campa\u00f1a compostaje de hojas Campa\u00f1a mejorando el patio V\u00eddeos de inter\u00e9s: IES Anselmo Lorenzo, un IES sostenible Delegados de sostenibilidad Actividades: Con motivo de la celebraci\u00f3n del D\u00eda Internacional de la Madre Tierra (22A), nuestros&hellip;","post_mailing_queue_ids":[],"_links":{"self":[{"href":"https:\/\/site.educa.madrid.org\/ies.anselmolorenzo.sanmartindelavega\/index.php\/wp-json\/wp\/v2\/pages\/1177","targetHints":{"allow":["GET"]}}],"collection":[{"href":"https:\/\/site.educa.madrid.org\/ies.anselmolorenzo.sanmartindelavega\/index.php\/wp-json\/wp\/v2\/pages"}],"about":[{"href":"https:\/\/site.educa.madrid.org\/ies.anselmolorenzo.sanmartindelavega\/index.php\/wp-json\/wp\/v2\/types\/page"}],"author":[{"embeddable":true,"href":"https:\/\/site.educa.madrid.org\/ies.anselmolorenzo.sanmartindelavega\/index.php\/wp-json\/wp\/v2\/users\/2"}],"replies":[{"embeddable":true,"href":"https:\/\/site.educa.madrid.org\/ies.anselmolorenzo.sanmartindelavega\/index.php\/wp-json\/wp\/v2\/comments?post=1177"}],"version-history":[{"count":19,"href":"https:\/\/site.educa.madrid.org\/ies.anselmolorenzo.sanmartindelavega\/index.php\/wp-json\/wp\/v2\/pages\/1177\/revisions"}],"predecessor-version":[{"id":3525,"href":"https:\/\/site.educa.madrid.org\/ies.anselmolorenzo.sanmartindelavega\/index.php\/wp-json\/wp\/v2\/pages\/1177\/revisions\/3525"}],"wp:attachment":[{"href":"https:\/\/site.educa.madrid.org\/ies.anselmolorenzo.sanmartindelavega\/index.php\/wp-json\/wp\/v2\/media?parent=1177"}],"wp:term":[{"taxonomy":"folder","embeddable":true,"href":"https:\/\/site.educa.madrid.org\/ies.anselmolorenzo.sanmartindelavega\/index.php\/wp-json\/wp\/v2\/folder?post=1177"}],"curies":[{"name":"wp","href":"https:\/\/api.w.org\/{rel}","templated":true}]}}