{"id":1222,"date":"2023-11-16T10:35:21","date_gmt":"2023-11-16T09:35:21","guid":{"rendered":"https:\/\/site.educa.madrid.org\/ies.anselmolorenzo.sanmartindelavega\/?page_id=1222"},"modified":"2023-11-16T10:38:41","modified_gmt":"2023-11-16T09:38:41","slug":"contacto-y-horario","status":"publish","type":"page","link":"https:\/\/site.educa.madrid.org\/ies.anselmolorenzo.sanmartindelavega\/index.php\/secretaria\/contacto-y-horario\/","title":{"rendered":"Contacto y horario"},"content":{"rendered":"<h2><strong>HORARIOS Y CONTACTO CON SECRETAR\u00cdA:<\/strong><\/h2>\n<ul>\n<li><strong>Atenci\u00f3n en ventanilla:<\/strong> de lunes a viernes de 09:00 a 11:35 (cerrada en d\u00edas no lectivos)<\/li>\n<li><strong>Atenci\u00f3n telef\u00f3nica: <\/strong>91 808 78 00<strong> &#8211; <\/strong>de lunes a viernes de 08:00 a 15:00<\/li>\n<li><strong>Por email:<\/strong> <a href=\"mailto:secretaria.ies.anselmolorenzo.sanmartindelavega@educa.madrid.org\">secretaria.ies.anselmolorenzo.sanmartindelavega@educa.madrid.org\u00a0<\/a><\/li>\n<\/ul>\n<h2><\/h2>\n","protected":false},"excerpt":{"rendered":"<p>HORARIOS Y CONTACTO CON SECRETAR\u00cdA: Atenci\u00f3n en ventanilla: de lunes a viernes de 09:00 a 11:35 (cerrada en d\u00edas no lectivos) Atenci\u00f3n telef\u00f3nica: 91 808 78 00 &#8211; de lunes a viernes de 08:00 a 15:00 Por email: secretaria.ies.anselmolorenzo.sanmartindelavega@educa.madrid.org\u00a0<\/p>\n","protected":false},"author":2,"featured_media":0,"parent":130,"menu_order":0,"comment_status":"closed","ping_status":"closed","template":"","meta":{"footnotes":""},"folder":[],"class_list":["post-1222","page","type-page","status-publish","hentry"],"rttpg_featured_image_url":null,"rttpg_author":{"display_name":"tic.ies.anselmolorenzo.sanmartindelavega","author_link":"https:\/\/site.educa.madrid.org\/ies.anselmolorenzo.sanmartindelavega\/index.php\/author\/cuenta_tic-ies-anselmolorenzo-sanmartindelavega\/"},"rttpg_comment":0,"rttpg_category":false,"rttpg_excerpt":"HORARIOS Y CONTACTO CON SECRETAR\u00cdA: Atenci\u00f3n en ventanilla: de lunes a viernes de 09:00 a 11:35 (cerrada en d\u00edas no lectivos) Atenci\u00f3n telef\u00f3nica: 91 808 78 00 &#8211; de lunes a viernes de 08:00 a 15:00 Por email: secretaria.ies.anselmolorenzo.sanmartindelavega@educa.madrid.org\u00a0","post_mailing_queue_ids":[],"_links":{"self":[{"href":"https:\/\/site.educa.madrid.org\/ies.anselmolorenzo.sanmartindelavega\/index.php\/wp-json\/wp\/v2\/pages\/1222","targetHints":{"allow":["GET"]}}],"collection":[{"href":"https:\/\/site.educa.madrid.org\/ies.anselmolorenzo.sanmartindelavega\/index.php\/wp-json\/wp\/v2\/pages"}],"about":[{"href":"https:\/\/site.educa.madrid.org\/ies.anselmolorenzo.sanmartindelavega\/index.php\/wp-json\/wp\/v2\/types\/page"}],"author":[{"embeddable":true,"href":"https:\/\/site.educa.madrid.org\/ies.anselmolorenzo.sanmartindelavega\/index.php\/wp-json\/wp\/v2\/users\/2"}],"replies":[{"embeddable":true,"href":"https:\/\/site.educa.madrid.org\/ies.anselmolorenzo.sanmartindelavega\/index.php\/wp-json\/wp\/v2\/comments?post=1222"}],"version-history":[{"count":2,"href":"https:\/\/site.educa.madrid.org\/ies.anselmolorenzo.sanmartindelavega\/index.php\/wp-json\/wp\/v2\/pages\/1222\/revisions"}],"predecessor-version":[{"id":1226,"href":"https:\/\/site.educa.madrid.org\/ies.anselmolorenzo.sanmartindelavega\/index.php\/wp-json\/wp\/v2\/pages\/1222\/revisions\/1226"}],"up":[{"embeddable":true,"href":"https:\/\/site.educa.madrid.org\/ies.anselmolorenzo.sanmartindelavega\/index.php\/wp-json\/wp\/v2\/pages\/130"}],"wp:attachment":[{"href":"https:\/\/site.educa.madrid.org\/ies.anselmolorenzo.sanmartindelavega\/index.php\/wp-json\/wp\/v2\/media?parent=1222"}],"wp:term":[{"taxonomy":"folder","embeddable":true,"href":"https:\/\/site.educa.madrid.org\/ies.anselmolorenzo.sanmartindelavega\/index.php\/wp-json\/wp\/v2\/folder?post=1222"}],"curies":[{"name":"wp","href":"https:\/\/api.w.org\/{rel}","templated":true}]}}