{"id":124,"date":"2022-06-06T09:28:10","date_gmt":"2022-06-06T07:28:10","guid":{"rendered":"https:\/\/site.educa.madrid.org\/ies.anselmolorenzo.sanmartindelavega\/?page_id=124"},"modified":"2025-12-16T13:20:58","modified_gmt":"2025-12-16T12:20:58","slug":"ampa","status":"publish","type":"page","link":"https:\/\/site.educa.madrid.org\/ies.anselmolorenzo.sanmartindelavega\/index.php\/inicio\/quienes-somos\/ampa\/","title":{"rendered":"AMPA"},"content":{"rendered":"\n<h2 class=\"wp-block-heading\"><strong>AMPA: la asociaci\u00f3n de Madres y Padres de alumnos<\/strong><\/h2>\n\n\n<div class=\"wp-block-image\">\n<figure class=\"aligncenter size-large is-resized\"><img loading=\"lazy\" decoding=\"async\" width=\"683\" height=\"1024\" src=\"https:\/\/site.educa.madrid.org\/ies.anselmolorenzo.sanmartindelavega\/\/wp-content\/uploads\/ies.anselmolorenzo.sanmartindelavega\/2025\/12\/1000178065-1-683x1024.jpg\" alt=\"\" class=\"wp-image-3725\" style=\"width:352px;height:auto\" srcset=\"https:\/\/site.educa.madrid.org\/ies.anselmolorenzo.sanmartindelavega\/\/wp-content\/uploads\/ies.anselmolorenzo.sanmartindelavega\/2025\/12\/1000178065-1-683x1024.jpg 683w, https:\/\/site.educa.madrid.org\/ies.anselmolorenzo.sanmartindelavega\/\/wp-content\/uploads\/ies.anselmolorenzo.sanmartindelavega\/2025\/12\/1000178065-1-200x300.jpg 200w, https:\/\/site.educa.madrid.org\/ies.anselmolorenzo.sanmartindelavega\/\/wp-content\/uploads\/ies.anselmolorenzo.sanmartindelavega\/2025\/12\/1000178065-1-768x1152.jpg 768w, https:\/\/site.educa.madrid.org\/ies.anselmolorenzo.sanmartindelavega\/\/wp-content\/uploads\/ies.anselmolorenzo.sanmartindelavega\/2025\/12\/1000178065-1.jpg 1024w\" sizes=\"auto, (max-width: 683px) 100vw, 683px\" \/><\/figure>\n<\/div>\n\n<div class=\"wp-block-image\">\n<figure class=\"aligncenter size-large is-resized\"><img loading=\"lazy\" decoding=\"async\" width=\"724\" height=\"1024\" src=\"https:\/\/site.educa.madrid.org\/ies.anselmolorenzo.sanmartindelavega\/\/wp-content\/uploads\/ies.anselmolorenzo.sanmartindelavega\/2025\/12\/1000177929-1-724x1024.png\" alt=\"\" class=\"wp-image-3727\" style=\"width:345px;height:auto\" srcset=\"https:\/\/site.educa.madrid.org\/ies.anselmolorenzo.sanmartindelavega\/\/wp-content\/uploads\/ies.anselmolorenzo.sanmartindelavega\/2025\/12\/1000177929-1-724x1024.png 724w, https:\/\/site.educa.madrid.org\/ies.anselmolorenzo.sanmartindelavega\/\/wp-content\/uploads\/ies.anselmolorenzo.sanmartindelavega\/2025\/12\/1000177929-1-212x300.png 212w, https:\/\/site.educa.madrid.org\/ies.anselmolorenzo.sanmartindelavega\/\/wp-content\/uploads\/ies.anselmolorenzo.sanmartindelavega\/2025\/12\/1000177929-1-768x1086.png 768w, https:\/\/site.educa.madrid.org\/ies.anselmolorenzo.sanmartindelavega\/\/wp-content\/uploads\/ies.anselmolorenzo.sanmartindelavega\/2025\/12\/1000177929-1-1086x1536.png 1086w, https:\/\/site.educa.madrid.org\/ies.anselmolorenzo.sanmartindelavega\/\/wp-content\/uploads\/ies.anselmolorenzo.sanmartindelavega\/2025\/12\/1000177929-1.png 1414w\" sizes=\"auto, (max-width: 724px) 100vw, 724px\" \/><\/figure>\n<\/div>\n\n\n<h2 class=\"wp-block-heading\"><strong>Contacto<\/strong><\/h2>\n\n\n\n<p><strong>Email:<\/strong> <a href=\"mailto:ampaiesanselmolorenzo@gmail.com\" target=\"_blank\" rel=\"noreferrer noopener\"><a href=\"mailto:ampaiesanselmolorenzosmv@gmail.com\">ampaiesanselmolorenzosmv@gmail.com<\/a><\/a><\/p>\n\n\n\n<h2 class=\"wp-block-heading\"><strong>Enlaces de inter\u00e9s<\/strong><\/h2>\n\n\n\n<p><a href=\"https:\/\/www.facebook.com\/people\/AMPA-IES-Anselmo-Lorenzo\/100037191746178\/\"><strong>Facebook:<\/strong><\/a><\/p>\n\n\n\n<p><strong><a href=\"https:\/\/www.instagram.com\/ampaiesanselmolorenzosmv?igsh=MTU5OW5pbHhrdG9ubg==\">Instagram <\/a><\/strong><\/p>\n\n\n\n<h2 class=\"wp-block-heading\"><strong><a href=\"https:\/\/urldefense.com\/v3\/__https:\/\/docs.google.com\/forms\/d\/e\/1FAIpQLSeh30Hw8Yio__rJe5SZ8l_WXb4ca5T5TCq1attGbnDrox4Pmg\/viewform__;!!D9dNQwwGXtA!UW1yJYZxDV9gWx_svqkWTIFLTWdHZ4GqTwbqEnLQEzOgINgs_iQM2pRqQPmX3vI4iZ00IxGeaEX-Y13Nrx2iHk7nlX78rwoHZW7R$\">Formulario de inscripci\u00f3n<\/a><\/strong><\/h2>\n\n\n\n<p><\/p>\n","protected":false},"excerpt":{"rendered":"<p>AMPA: la asociaci\u00f3n de Madres y Padres de alumnos Contacto Email: ampaiesanselmolorenzosmv@gmail.com Enlaces de inter\u00e9s Facebook: Instagram Formulario de inscripci\u00f3n<\/p>\n","protected":false},"author":5,"featured_media":0,"parent":120,"menu_order":4,"comment_status":"closed","ping_status":"closed","template":"page-with-siblings-submenu.php","meta":{"footnotes":""},"folder":[],"class_list":["post-124","page","type-page","status-publish","hentry"],"rttpg_featured_image_url":null,"rttpg_author":{"display_name":"Cuenta Admin-educamadrid","author_link":"https:\/\/site.educa.madrid.org\/ies.anselmolorenzo.sanmartindelavega\/index.php\/author\/cuenta_admin-educamadrid\/"},"rttpg_comment":0,"rttpg_category":false,"rttpg_excerpt":"AMPA: la asociaci\u00f3n de Madres y Padres de alumnos Contacto Email: ampaiesanselmolorenzosmv@gmail.com Enlaces de inter\u00e9s Facebook: Instagram Formulario de inscripci\u00f3n","post_mailing_queue_ids":[],"_links":{"self":[{"href":"https:\/\/site.educa.madrid.org\/ies.anselmolorenzo.sanmartindelavega\/index.php\/wp-json\/wp\/v2\/pages\/124","targetHints":{"allow":["GET"]}}],"collection":[{"href":"https:\/\/site.educa.madrid.org\/ies.anselmolorenzo.sanmartindelavega\/index.php\/wp-json\/wp\/v2\/pages"}],"about":[{"href":"https:\/\/site.educa.madrid.org\/ies.anselmolorenzo.sanmartindelavega\/index.php\/wp-json\/wp\/v2\/types\/page"}],"author":[{"embeddable":true,"href":"https:\/\/site.educa.madrid.org\/ies.anselmolorenzo.sanmartindelavega\/index.php\/wp-json\/wp\/v2\/users\/5"}],"replies":[{"embeddable":true,"href":"https:\/\/site.educa.madrid.org\/ies.anselmolorenzo.sanmartindelavega\/index.php\/wp-json\/wp\/v2\/comments?post=124"}],"version-history":[{"count":18,"href":"https:\/\/site.educa.madrid.org\/ies.anselmolorenzo.sanmartindelavega\/index.php\/wp-json\/wp\/v2\/pages\/124\/revisions"}],"predecessor-version":[{"id":3730,"href":"https:\/\/site.educa.madrid.org\/ies.anselmolorenzo.sanmartindelavega\/index.php\/wp-json\/wp\/v2\/pages\/124\/revisions\/3730"}],"up":[{"embeddable":true,"href":"https:\/\/site.educa.madrid.org\/ies.anselmolorenzo.sanmartindelavega\/index.php\/wp-json\/wp\/v2\/pages\/120"}],"wp:attachment":[{"href":"https:\/\/site.educa.madrid.org\/ies.anselmolorenzo.sanmartindelavega\/index.php\/wp-json\/wp\/v2\/media?parent=124"}],"wp:term":[{"taxonomy":"folder","embeddable":true,"href":"https:\/\/site.educa.madrid.org\/ies.anselmolorenzo.sanmartindelavega\/index.php\/wp-json\/wp\/v2\/folder?post=124"}],"curies":[{"name":"wp","href":"https:\/\/api.w.org\/{rel}","templated":true}]}}