{"id":125,"date":"2022-06-06T09:28:10","date_gmt":"2022-06-06T07:28:10","guid":{"rendered":"https:\/\/site.educa.madrid.org\/ies.anselmolorenzo.sanmartindelavega\/?page_id=125"},"modified":"2025-05-28T10:15:54","modified_gmt":"2025-05-28T08:15:54","slug":"ensenanzas","status":"publish","type":"page","link":"https:\/\/site.educa.madrid.org\/ies.anselmolorenzo.sanmartindelavega\/index.php\/ensenanzas\/","title":{"rendered":"Ense\u00f1anzas"},"content":{"rendered":"\n<p>En nuestro centro se imparten tres niveles educativos:<\/p>\n\n\n\n<h2 class=\"wp-block-heading\"><strong>Educaci\u00f3n Secundaria Obligatoria<\/strong><\/h2>\n\n\n\n<p>La Educaci\u00f3n Secundaria Obligatoria forma parte de la ense\u00f1anza b\u00e1sica y, por tanto, tiene car\u00e1cter obligatorio y gratuito. Comprende dos ciclos, el primero de tres cursos escolares y el segundo de uno.<\/p>\n\n\n\n<p><\/p>\n\n\n\n<h2 class=\"wp-block-heading\"><strong>Bachillerato<\/strong><\/h2>\n\n\n\n<p>Comprende dos cursos, se desarrolla en <strong>modalidades diferentes<\/strong>, se organiza de modo flexible y, en su caso, en distintas v\u00edas, a fin de que pueda ofrecer una <strong>preparaci\u00f3n especializada<\/strong> a los alumnos y alumnas acorde con sus perspectivas e intereses de formaci\u00f3n o permita la <strong>incorporaci\u00f3n a la vida activa <\/strong>una vez finalizado el mismo.<\/p>\n\n\n<p><a href=\"https:\/\/site.educa.madrid.org\/ies.anselmolorenzo.sanmartindelavega\/\/wp-content\/uploads\/ies.anselmolorenzo.sanmartindelavega\/2025\/05\/OFERTA-EDUCATIVA-25-26.pdf\">OFERTA EDUCATIVA 25-26<\/a><\/p>\n\n\n<h2 class=\"wp-block-heading\"><strong>Formaci\u00f3n profesional<\/strong> <em>(s\u00f3lo turno diurno)<\/em><\/h2>\n\n\n\n<p>Se imparten en este centro <em>Ciclos Formativos de Grado B\u00e1sico, Grado Medio y Grado Superior<\/em>. Todos ellos tienen una organizaci\u00f3n modular e integran los contenidos te\u00f3rico-pr\u00e1cticos adecuados al campo profesional de la <strong>familia de Administraci\u00f3n y Gesti\u00f3n.<\/strong><\/p>\n\n\n\n<p>A su vez, tambi\u00e9n se imparte el <em>Ciclo Formativo de Grado B\u00e1sico de Inform\u00e1tica de Oficina<\/em> de la <strong>familia Inform\u00e1tica y Comunicaciones<\/strong>.<\/p>\n\n\n\n<p>Pincha en el enlace m\u00e1s abajo para conocer m\u00e1s acerca de los ciclos formativos que impartimos.<\/p>\n\n\n<p><a href=\"https:\/\/site.educa.madrid.org\/ies.anselmolorenzo.sanmartindelavega\/\/wp-content\/uploads\/ies.anselmolorenzo.sanmartindelavega\/2025\/05\/OFERTA-EDUCATIVA-FP-25-26.pdf\">Oferta educativa 25 -26 de FP<\/a><\/p>\n<\/p>","protected":false},"excerpt":{"rendered":"<p>En nuestro centro se imparten tres niveles educativos: Educaci\u00f3n Secundaria Obligatoria La Educaci\u00f3n Secundaria Obligatoria forma parte de la ense\u00f1anza b\u00e1sica y, por tanto, tiene car\u00e1cter obligatorio y gratuito. Comprende dos ciclos, el primero de tres cursos escolares y el segundo de uno. Bachillerato Comprende dos cursos, se desarrolla en modalidades diferentes, se organiza de &hellip; <\/p>\n<p class=\"link-more\"><a href=\"https:\/\/site.educa.madrid.org\/ies.anselmolorenzo.sanmartindelavega\/index.php\/ensenanzas\/\" class=\"more-link\">Continuar leyendo<span class=\"screen-reader-text\"> \u00abEnse\u00f1anzas\u00bb<\/span><\/a><\/p>\n","protected":false},"author":5,"featured_media":0,"parent":0,"menu_order":0,"comment_status":"closed","ping_status":"closed","template":"page-with-submenu.php","meta":{"footnotes":""},"folder":[],"class_list":["post-125","page","type-page","status-publish","hentry"],"rttpg_featured_image_url":null,"rttpg_author":{"display_name":"Cuenta Admin-educamadrid","author_link":"https:\/\/site.educa.madrid.org\/ies.anselmolorenzo.sanmartindelavega\/index.php\/author\/cuenta_admin-educamadrid\/"},"rttpg_comment":0,"rttpg_category":false,"rttpg_excerpt":"En nuestro centro se imparten tres niveles educativos: Educaci\u00f3n Secundaria Obligatoria La Educaci\u00f3n Secundaria Obligatoria forma parte de la ense\u00f1anza b\u00e1sica y, por tanto, tiene car\u00e1cter obligatorio y gratuito. Comprende dos ciclos, el primero de tres cursos escolares y el segundo de uno. Bachillerato Comprende dos cursos, se desarrolla en modalidades diferentes, se organiza de&hellip;","post_mailing_queue_ids":[],"_links":{"self":[{"href":"https:\/\/site.educa.madrid.org\/ies.anselmolorenzo.sanmartindelavega\/index.php\/wp-json\/wp\/v2\/pages\/125","targetHints":{"allow":["GET"]}}],"collection":[{"href":"https:\/\/site.educa.madrid.org\/ies.anselmolorenzo.sanmartindelavega\/index.php\/wp-json\/wp\/v2\/pages"}],"about":[{"href":"https:\/\/site.educa.madrid.org\/ies.anselmolorenzo.sanmartindelavega\/index.php\/wp-json\/wp\/v2\/types\/page"}],"author":[{"embeddable":true,"href":"https:\/\/site.educa.madrid.org\/ies.anselmolorenzo.sanmartindelavega\/index.php\/wp-json\/wp\/v2\/users\/5"}],"replies":[{"embeddable":true,"href":"https:\/\/site.educa.madrid.org\/ies.anselmolorenzo.sanmartindelavega\/index.php\/wp-json\/wp\/v2\/comments?post=125"}],"version-history":[{"count":20,"href":"https:\/\/site.educa.madrid.org\/ies.anselmolorenzo.sanmartindelavega\/index.php\/wp-json\/wp\/v2\/pages\/125\/revisions"}],"predecessor-version":[{"id":3116,"href":"https:\/\/site.educa.madrid.org\/ies.anselmolorenzo.sanmartindelavega\/index.php\/wp-json\/wp\/v2\/pages\/125\/revisions\/3116"}],"wp:attachment":[{"href":"https:\/\/site.educa.madrid.org\/ies.anselmolorenzo.sanmartindelavega\/index.php\/wp-json\/wp\/v2\/media?parent=125"}],"wp:term":[{"taxonomy":"folder","embeddable":true,"href":"https:\/\/site.educa.madrid.org\/ies.anselmolorenzo.sanmartindelavega\/index.php\/wp-json\/wp\/v2\/folder?post=125"}],"curies":[{"name":"wp","href":"https:\/\/api.w.org\/{rel}","templated":true}]}}