{"id":1267,"date":"2023-11-24T09:14:46","date_gmt":"2023-11-24T08:14:46","guid":{"rendered":"https:\/\/site.educa.madrid.org\/ies.anselmolorenzo.sanmartindelavega\/?page_id=1267"},"modified":"2025-11-19T08:59:31","modified_gmt":"2025-11-19T07:59:31","slug":"equipo-docente-2","status":"publish","type":"page","link":"https:\/\/site.educa.madrid.org\/ies.anselmolorenzo.sanmartindelavega\/index.php\/equipo-docente-2\/","title":{"rendered":"Departamentos"},"content":{"rendered":"\n<h2 class=\"wp-block-heading\"><mark style=\"background-color:#fcb900\" class=\"has-inline-color\"><strong>Nuestro equipo<\/strong> <strong>docente<\/strong><\/mark><\/h2>\n\n\n\n<p>El Claustro est\u00e1 formado por una plantilla de <strong>80 profesores.<\/strong><\/p>\n\n\n\n<p><mark style=\"background-color:rgba(0, 0, 0, 0)\" class=\"has-inline-color has-luminous-vivid-amber-color\"><strong>IMPORTANTE:<\/strong> <\/mark>Para ponerse en contacto con alg\u00fan profesor, pincha en el departamento oportuno y descarga el documento pdf que contiene las direcciones email de los profesores de dicho departamento.<\/p>\n\n\n\n<h2 class=\"wp-block-heading\">Departamentos did\u00e1cticos<\/h2>\n\n\n\n<figure class=\"wp-block-gallery has-nested-images columns-default is-cropped wp-block-gallery-1 is-layout-flex wp-block-gallery-is-layout-flex\">\n<figure class=\"wp-block-image size-full\"><a href=\"https:\/\/site.educa.madrid.org\/ies.anselmolorenzo.sanmartindelavega\/index.php\/inicio\/quienes-somos\/equipo-docente\/matematicas\/\"><img decoding=\"async\" data-id=\"469\" src=\"https:\/\/site.educa.madrid.org\/ies.anselmolorenzo.sanmartindelavega\/\/wp-content\/uploads\/ies.anselmolorenzo.sanmartindelavega\/2022\/06\/matematicas.jpg\" alt=\"\" class=\"wp-image-469\"\/><\/a><figcaption class=\"wp-element-caption\">Matem\u00e1ticas<\/figcaption><\/figure>\n\n\n\n<figure class=\"wp-block-image size-full\"><a href=\"https:\/\/site.educa.madrid.org\/ies.anselmolorenzo.sanmartindelavega\/index.php\/inicio\/quienes-somos\/equipo-docente\/frances\/\"><img loading=\"lazy\" decoding=\"async\" width=\"236\" height=\"177\" data-id=\"499\" src=\"https:\/\/site.educa.madrid.org\/ies.anselmolorenzo.sanmartindelavega\/\/wp-content\/uploads\/ies.anselmolorenzo.sanmartindelavega\/2022\/06\/frances.jpg\" alt=\"\" class=\"wp-image-499\"\/><\/a><figcaption class=\"wp-element-caption\">Franc\u00e9s<\/figcaption><\/figure>\n\n\n\n<figure class=\"wp-block-image size-full\"><a href=\"https:\/\/site.educa.madrid.org\/ies.anselmolorenzo.sanmartindelavega\/index.php\/inicio\/quienes-somos\/equipo-docente\/educacion-plastica-y-visual\/\"><img loading=\"lazy\" decoding=\"async\" width=\"236\" height=\"177\" data-id=\"491\" src=\"https:\/\/site.educa.madrid.org\/ies.anselmolorenzo.sanmartindelavega\/\/wp-content\/uploads\/ies.anselmolorenzo.sanmartindelavega\/2022\/06\/plastica.jpg\" alt=\"\" class=\"wp-image-491\"\/><\/a><figcaption class=\"wp-element-caption\">Educaci\u00f3n pl\u00e1stica y visual<\/figcaption><\/figure>\n\n\n\n<figure class=\"wp-block-image size-full\"><a href=\"https:\/\/site.educa.madrid.org\/ies.anselmolorenzo.sanmartindelavega\/index.php\/inicio\/quienes-somos\/equipo-docente\/educacion-fisica\/\"><img loading=\"lazy\" decoding=\"async\" width=\"236\" height=\"177\" data-id=\"495\" src=\"https:\/\/site.educa.madrid.org\/ies.anselmolorenzo.sanmartindelavega\/\/wp-content\/uploads\/ies.anselmolorenzo.sanmartindelavega\/2022\/06\/educacionfisica.jpg\" alt=\"\" class=\"wp-image-495\"\/><\/a><figcaption class=\"wp-element-caption\">Educaci\u00f3n F\u00edsica<\/figcaption><\/figure>\n\n\n\n<figure class=\"wp-block-image size-full\"><a href=\"https:\/\/site.educa.madrid.org\/ies.anselmolorenzo.sanmartindelavega\/index.php\/inicio\/quienes-somos\/equipo-docente\/geografia-e-historia\/\"><img loading=\"lazy\" decoding=\"async\" width=\"236\" height=\"177\" data-id=\"500\" src=\"https:\/\/site.educa.madrid.org\/ies.anselmolorenzo.sanmartindelavega\/\/wp-content\/uploads\/ies.anselmolorenzo.sanmartindelavega\/2022\/06\/geografia.jpg\" alt=\"\" class=\"wp-image-500\"\/><\/a><figcaption class=\"wp-element-caption\">Geograf\u00eda e Historia<\/figcaption><\/figure>\n\n\n\n<figure class=\"wp-block-image size-full\"><a href=\"https:\/\/site.educa.madrid.org\/ies.anselmolorenzo.sanmartindelavega\/index.php\/inicio\/quienes-somos\/equipo-docente\/ingles\/\"><img loading=\"lazy\" decoding=\"async\" width=\"236\" height=\"177\" data-id=\"487\" src=\"https:\/\/site.educa.madrid.org\/ies.anselmolorenzo.sanmartindelavega\/\/wp-content\/uploads\/ies.anselmolorenzo.sanmartindelavega\/2022\/06\/ingles.jpg\" alt=\"\" class=\"wp-image-487\"\/><\/a><figcaption class=\"wp-element-caption\">Ingl\u00e9s \/ Secci\u00f3n Biling\u00fce<\/figcaption><\/figure>\n\n\n\n<figure class=\"wp-block-image size-full\"><a href=\"https:\/\/site.educa.madrid.org\/ies.anselmolorenzo.sanmartindelavega\/index.php\/inicio\/quienes-somos\/equipo-docente\/biologia-y-geologia\/\"><img loading=\"lazy\" decoding=\"async\" width=\"236\" height=\"177\" data-id=\"494\" src=\"https:\/\/site.educa.madrid.org\/ies.anselmolorenzo.sanmartindelavega\/\/wp-content\/uploads\/ies.anselmolorenzo.sanmartindelavega\/2022\/06\/biologia.jpg\" alt=\"\" class=\"wp-image-494\"\/><\/a><figcaption class=\"wp-element-caption\">Biolog\u00eda<\/figcaption><\/figure>\n\n\n\n<figure class=\"wp-block-image size-full\"><a href=\"https:\/\/site.educa.madrid.org\/ies.anselmolorenzo.sanmartindelavega\/index.php\/inicio\/quienes-somos\/equipo-docente\/musica\/\"><img loading=\"lazy\" decoding=\"async\" width=\"236\" height=\"177\" data-id=\"490\" src=\"https:\/\/site.educa.madrid.org\/ies.anselmolorenzo.sanmartindelavega\/\/wp-content\/uploads\/ies.anselmolorenzo.sanmartindelavega\/2022\/06\/musica.jpg\" alt=\"\" class=\"wp-image-490\"\/><\/a><figcaption class=\"wp-element-caption\">M\u00fasica<\/figcaption><\/figure>\n\n\n\n<figure class=\"wp-block-image size-full\"><a href=\"https:\/\/site.educa.madrid.org\/ies.anselmolorenzo.sanmartindelavega\/index.php\/inicio\/quienes-somos\/equipo-docente\/fisica-y-quimica\/\"><img loading=\"lazy\" decoding=\"async\" width=\"236\" height=\"177\" data-id=\"498\" src=\"https:\/\/site.educa.madrid.org\/ies.anselmolorenzo.sanmartindelavega\/\/wp-content\/uploads\/ies.anselmolorenzo.sanmartindelavega\/2022\/06\/fisicaquimica.jpg\" alt=\"\" class=\"wp-image-498\"\/><\/a><figcaption class=\"wp-element-caption\">F\u00edsica y Qu\u00edmica<\/figcaption><\/figure>\n\n\n\n<figure class=\"wp-block-image size-full\"><a href=\"https:\/\/site.educa.madrid.org\/ies.anselmolorenzo.sanmartindelavega\/index.php\/inicio\/quienes-somos\/equipo-docente\/economia\/\"><img loading=\"lazy\" decoding=\"async\" width=\"236\" height=\"177\" data-id=\"496\" src=\"https:\/\/site.educa.madrid.org\/ies.anselmolorenzo.sanmartindelavega\/\/wp-content\/uploads\/ies.anselmolorenzo.sanmartindelavega\/2022\/06\/estadistica.jpg\" alt=\"\" class=\"wp-image-496\"\/><\/a><figcaption class=\"wp-element-caption\">Econom\u00eda<\/figcaption><\/figure>\n\n\n\n<figure class=\"wp-block-image size-full\"><a href=\"https:\/\/site.educa.madrid.org\/ies.anselmolorenzo.sanmartindelavega\/index.php\/inicio\/quienes-somos\/equipo-docente\/lengua-castellana-y-literatura\/\"><img loading=\"lazy\" decoding=\"async\" width=\"236\" height=\"177\" data-id=\"488\" src=\"https:\/\/site.educa.madrid.org\/ies.anselmolorenzo.sanmartindelavega\/\/wp-content\/uploads\/ies.anselmolorenzo.sanmartindelavega\/2022\/06\/lengua.jpg\" alt=\"\" class=\"wp-image-488\"\/><\/a><figcaption class=\"wp-element-caption\">Lengua y literatura<\/figcaption><\/figure>\n\n\n\n<figure class=\"wp-block-image size-full\"><a href=\"https:\/\/site.educa.madrid.org\/ies.anselmolorenzo.sanmartindelavega\/index.php\/inicio\/quienes-somos\/equipo-docente\/latin-y-griego\/\"><img loading=\"lazy\" decoding=\"async\" width=\"236\" height=\"177\" data-id=\"486\" src=\"https:\/\/site.educa.madrid.org\/ies.anselmolorenzo.sanmartindelavega\/\/wp-content\/uploads\/ies.anselmolorenzo.sanmartindelavega\/2022\/06\/griego.jpg\" alt=\"\" class=\"wp-image-486\"\/><\/a><figcaption class=\"wp-element-caption\">Lat\u00edn y Griego<\/figcaption><\/figure>\n\n\n\n<figure class=\"wp-block-image size-full\"><a href=\"https:\/\/site.educa.madrid.org\/ies.anselmolorenzo.sanmartindelavega\/index.php\/inicio\/quienes-somos\/equipo-docente\/tecnologia\/\"><img loading=\"lazy\" decoding=\"async\" width=\"236\" height=\"177\" data-id=\"493\" src=\"https:\/\/site.educa.madrid.org\/ies.anselmolorenzo.sanmartindelavega\/\/wp-content\/uploads\/ies.anselmolorenzo.sanmartindelavega\/2022\/06\/teconologia.jpg\" alt=\"\" class=\"wp-image-493\"\/><\/a><figcaption class=\"wp-element-caption\">Tecnolog\u00eda<\/figcaption><\/figure>\n\n\n\n<figure class=\"wp-block-image size-full\"><a href=\"https:\/\/site.educa.madrid.org\/ies.anselmolorenzo.sanmartindelavega\/index.php\/inicio\/quienes-somos\/equipo-docente\/religion\/\"><img loading=\"lazy\" decoding=\"async\" width=\"236\" height=\"177\" data-id=\"492\" src=\"https:\/\/site.educa.madrid.org\/ies.anselmolorenzo.sanmartindelavega\/\/wp-content\/uploads\/ies.anselmolorenzo.sanmartindelavega\/2022\/06\/religion.jpg\" alt=\"\" class=\"wp-image-492\"\/><\/a><figcaption class=\"wp-element-caption\">Religi\u00f3n<\/figcaption><\/figure>\n\n\n\n<figure class=\"wp-block-image size-full\"><a href=\"https:\/\/site.educa.madrid.org\/ies.anselmolorenzo.sanmartindelavega\/index.php\/inicio\/quienes-somos\/equipo-docente\/filosofia\/\"><img loading=\"lazy\" decoding=\"async\" width=\"236\" height=\"177\" data-id=\"497\" src=\"https:\/\/site.educa.madrid.org\/ies.anselmolorenzo.sanmartindelavega\/\/wp-content\/uploads\/ies.anselmolorenzo.sanmartindelavega\/2022\/06\/filosofia.jpg\" alt=\"\" class=\"wp-image-497\"\/><\/a><figcaption class=\"wp-element-caption\">Filosof\u00eda<\/figcaption><\/figure>\n<\/figure>\n\n\n\n<p><\/p>\n\n\n\n<div class=\"wp-block-cover alignfull is-light\"><span aria-hidden=\"true\" class=\"wp-block-cover__background has-background-dim-100 has-background-dim\" style=\"background-color:#ffffff\"><\/span><div class=\"wp-block-cover__inner-container is-layout-flow wp-block-cover-is-layout-flow\">\n<div class=\"wp-block-media-text alignwide is-stacked-on-mobile is-vertically-aligned-center is-image-fill-element\" style=\"grid-template-columns:39% auto\"><figure class=\"wp-block-media-text__media\"><img loading=\"lazy\" decoding=\"async\" width=\"1024\" height=\"683\" src=\"https:\/\/site.educa.madrid.org\/ies.anselmolorenzo.sanmartindelavega\/\/wp-content\/uploads\/ies.anselmolorenzo.sanmartindelavega\/2022\/06\/orientacion-1024x683.jpg\" alt=\"\" class=\"wp-image-503 size-full\" style=\"object-position:50% 50%\" srcset=\"https:\/\/site.educa.madrid.org\/ies.anselmolorenzo.sanmartindelavega\/\/wp-content\/uploads\/ies.anselmolorenzo.sanmartindelavega\/2022\/06\/orientacion-1024x683.jpg 1024w, https:\/\/site.educa.madrid.org\/ies.anselmolorenzo.sanmartindelavega\/\/wp-content\/uploads\/ies.anselmolorenzo.sanmartindelavega\/2022\/06\/orientacion-300x200.jpg 300w, https:\/\/site.educa.madrid.org\/ies.anselmolorenzo.sanmartindelavega\/\/wp-content\/uploads\/ies.anselmolorenzo.sanmartindelavega\/2022\/06\/orientacion-768x512.jpg 768w, https:\/\/site.educa.madrid.org\/ies.anselmolorenzo.sanmartindelavega\/\/wp-content\/uploads\/ies.anselmolorenzo.sanmartindelavega\/2022\/06\/orientacion-391x260.jpg 391w, https:\/\/site.educa.madrid.org\/ies.anselmolorenzo.sanmartindelavega\/\/wp-content\/uploads\/ies.anselmolorenzo.sanmartindelavega\/2022\/06\/orientacion-1536x1024.jpg 1536w, https:\/\/site.educa.madrid.org\/ies.anselmolorenzo.sanmartindelavega\/\/wp-content\/uploads\/ies.anselmolorenzo.sanmartindelavega\/2022\/06\/orientacion-272x182.jpg 272w, https:\/\/site.educa.madrid.org\/ies.anselmolorenzo.sanmartindelavega\/\/wp-content\/uploads\/ies.anselmolorenzo.sanmartindelavega\/2022\/06\/orientacion.jpg 1920w\" sizes=\"auto, (max-width: 767px) 89vw, (max-width: 1000px) 54vw, (max-width: 1071px) 543px, 580px\" \/><\/figure><div class=\"wp-block-media-text__content\">\n<h2 class=\"wp-block-heading has-text-color\" style=\"color:#000000;font-size:32px\"><strong>Departamento de Orientaci\u00f3n<\/strong><\/h2>\n\n\n\n<p>Acceso a la p\u00e1gina de <em>Equipo de Orientaci\u00f3n Educativa y Psicopedag\u00f3gica<\/em><\/p>\n\n\n\n<div class=\"wp-block-buttons is-layout-flex wp-block-buttons-is-layout-flex\">\n<div class=\"wp-block-button is-style-fill\"><a class=\"wp-block-button__link wp-element-button\" href=\"https:\/\/site.educa.madrid.org\/ies.anselmolorenzo.sanmartindelavega\/index.php\/inicio\/quienes-somos\/equipo-docente\/orientacion\/\">Ir a Departamento de Orientaci\u00f3n<\/a><\/div>\n<\/div>\n<\/div><\/div>\n<\/div><\/div>\n\n\n\n<h2 class=\"wp-block-heading\"><strong>Departamento de Formaci\u00f3n Profesional<\/strong><\/h2>\n\n\n\n<div class=\"wp-block-columns is-layout-flex wp-container-core-columns-is-layout-9d6595d7 wp-block-columns-is-layout-flex\">\n<div class=\"wp-block-column is-vertically-aligned-top is-layout-flow wp-block-column-is-layout-flow\">\n<figure class=\"wp-block-gallery has-nested-images columns-default is-cropped wp-block-gallery-2 is-layout-flex wp-block-gallery-is-layout-flex\">\n<figure class=\"wp-block-image size-full\"><a href=\"https:\/\/site.educa.madrid.org\/ies.anselmolorenzo.sanmartindelavega\/index.php\/inicio\/quienes-somos\/equipo-docente\/administracion-y-gestion\/\"><img loading=\"lazy\" decoding=\"async\" width=\"640\" height=\"427\" data-id=\"546\" src=\"https:\/\/site.educa.madrid.org\/ies.anselmolorenzo.sanmartindelavega\/\/wp-content\/uploads\/ies.anselmolorenzo.sanmartindelavega\/2022\/06\/scott-graham-5fNmWej4tAA-unsplash.jpg\" alt=\"\" class=\"wp-image-546\" srcset=\"https:\/\/site.educa.madrid.org\/ies.anselmolorenzo.sanmartindelavega\/\/wp-content\/uploads\/ies.anselmolorenzo.sanmartindelavega\/2022\/06\/scott-graham-5fNmWej4tAA-unsplash.jpg 640w, https:\/\/site.educa.madrid.org\/ies.anselmolorenzo.sanmartindelavega\/\/wp-content\/uploads\/ies.anselmolorenzo.sanmartindelavega\/2022\/06\/scott-graham-5fNmWej4tAA-unsplash-300x200.jpg 300w, https:\/\/site.educa.madrid.org\/ies.anselmolorenzo.sanmartindelavega\/\/wp-content\/uploads\/ies.anselmolorenzo.sanmartindelavega\/2022\/06\/scott-graham-5fNmWej4tAA-unsplash-391x260.jpg 391w, https:\/\/site.educa.madrid.org\/ies.anselmolorenzo.sanmartindelavega\/\/wp-content\/uploads\/ies.anselmolorenzo.sanmartindelavega\/2022\/06\/scott-graham-5fNmWej4tAA-unsplash-272x182.jpg 272w\" sizes=\"auto, (max-width: 640px) 100vw, 640px\" \/><\/a><figcaption class=\"wp-element-caption\">Administraci\u00f3n y Gesti\u00f3n<\/figcaption><\/figure>\n<\/figure>\n<\/div>\n<\/div>\n\n\n\n<figure class=\"wp-block-image\"><a href=\"https:\/\/site.educa.madrid.org\/ies.anselmolorenzo.sanmartindelavega\/index.php\/inicio\/quienes-somos\/equipo-docente\/sistema-apliaciones-informaticas\/\"><img loading=\"lazy\" decoding=\"async\" width=\"1024\" height=\"682\" src=\"https:\/\/site.educa.madrid.org\/ies.anselmolorenzo.sanmartindelavega\/\/wp-content\/uploads\/ies.anselmolorenzo.sanmartindelavega\/2024\/10\/computer-5088593_1280-1024x682.jpg\" alt=\"\" class=\"wp-image-2401\" srcset=\"https:\/\/site.educa.madrid.org\/ies.anselmolorenzo.sanmartindelavega\/\/wp-content\/uploads\/ies.anselmolorenzo.sanmartindelavega\/2024\/10\/computer-5088593_1280-1024x682.jpg 1024w, https:\/\/site.educa.madrid.org\/ies.anselmolorenzo.sanmartindelavega\/\/wp-content\/uploads\/ies.anselmolorenzo.sanmartindelavega\/2024\/10\/computer-5088593_1280-300x200.jpg 300w, https:\/\/site.educa.madrid.org\/ies.anselmolorenzo.sanmartindelavega\/\/wp-content\/uploads\/ies.anselmolorenzo.sanmartindelavega\/2024\/10\/computer-5088593_1280-768x512.jpg 768w, https:\/\/site.educa.madrid.org\/ies.anselmolorenzo.sanmartindelavega\/\/wp-content\/uploads\/ies.anselmolorenzo.sanmartindelavega\/2024\/10\/computer-5088593_1280-391x260.jpg 391w, https:\/\/site.educa.madrid.org\/ies.anselmolorenzo.sanmartindelavega\/\/wp-content\/uploads\/ies.anselmolorenzo.sanmartindelavega\/2024\/10\/computer-5088593_1280-272x182.jpg 272w, https:\/\/site.educa.madrid.org\/ies.anselmolorenzo.sanmartindelavega\/\/wp-content\/uploads\/ies.anselmolorenzo.sanmartindelavega\/2024\/10\/computer-5088593_1280.jpg 1280w\" sizes=\"auto, (max-width: 767px) 89vw, (max-width: 1000px) 54vw, (max-width: 1071px) 543px, 580px\" \/><\/a><figcaption class=\"wp-element-caption\"><strong>Sistemas y aplicaciones inform\u00e1ticas<\/strong><\/figcaption><\/figure>\n\n\n\n<p><\/p>\n","protected":false},"excerpt":{"rendered":"<p>Nuestro equipo docente El Claustro est\u00e1 formado por una plantilla de 80 profesores. IMPORTANTE: Para ponerse en contacto con alg\u00fan profesor, pincha en el departamento oportuno y descarga el documento pdf que contiene las direcciones email de los profesores de dicho departamento. Departamentos did\u00e1cticos Departamento de Formaci\u00f3n Profesional<\/p>\n","protected":false},"author":2,"featured_media":0,"parent":0,"menu_order":1,"comment_status":"closed","ping_status":"closed","template":"page-with-siblings-submenu.php","meta":{"footnotes":"[]"},"folder":[],"class_list":["post-1267","page","type-page","status-publish","hentry"],"rttpg_featured_image_url":null,"rttpg_author":{"display_name":"tic.ies.anselmolorenzo.sanmartindelavega","author_link":"https:\/\/site.educa.madrid.org\/ies.anselmolorenzo.sanmartindelavega\/index.php\/author\/cuenta_tic-ies-anselmolorenzo-sanmartindelavega\/"},"rttpg_comment":0,"rttpg_category":false,"rttpg_excerpt":"Nuestro equipo docente El Claustro est\u00e1 formado por una plantilla de 80 profesores. IMPORTANTE: Para ponerse en contacto con alg\u00fan profesor, pincha en el departamento oportuno y descarga el documento pdf que contiene las direcciones email de los profesores de dicho departamento. Departamentos did\u00e1cticos Departamento de Formaci\u00f3n Profesional","post_mailing_queue_ids":[],"_links":{"self":[{"href":"https:\/\/site.educa.madrid.org\/ies.anselmolorenzo.sanmartindelavega\/index.php\/wp-json\/wp\/v2\/pages\/1267","targetHints":{"allow":["GET"]}}],"collection":[{"href":"https:\/\/site.educa.madrid.org\/ies.anselmolorenzo.sanmartindelavega\/index.php\/wp-json\/wp\/v2\/pages"}],"about":[{"href":"https:\/\/site.educa.madrid.org\/ies.anselmolorenzo.sanmartindelavega\/index.php\/wp-json\/wp\/v2\/types\/page"}],"author":[{"embeddable":true,"href":"https:\/\/site.educa.madrid.org\/ies.anselmolorenzo.sanmartindelavega\/index.php\/wp-json\/wp\/v2\/users\/2"}],"replies":[{"embeddable":true,"href":"https:\/\/site.educa.madrid.org\/ies.anselmolorenzo.sanmartindelavega\/index.php\/wp-json\/wp\/v2\/comments?post=1267"}],"version-history":[{"count":9,"href":"https:\/\/site.educa.madrid.org\/ies.anselmolorenzo.sanmartindelavega\/index.php\/wp-json\/wp\/v2\/pages\/1267\/revisions"}],"predecessor-version":[{"id":3628,"href":"https:\/\/site.educa.madrid.org\/ies.anselmolorenzo.sanmartindelavega\/index.php\/wp-json\/wp\/v2\/pages\/1267\/revisions\/3628"}],"wp:attachment":[{"href":"https:\/\/site.educa.madrid.org\/ies.anselmolorenzo.sanmartindelavega\/index.php\/wp-json\/wp\/v2\/media?parent=1267"}],"wp:term":[{"taxonomy":"folder","embeddable":true,"href":"https:\/\/site.educa.madrid.org\/ies.anselmolorenzo.sanmartindelavega\/index.php\/wp-json\/wp\/v2\/folder?post=1267"}],"curies":[{"name":"wp","href":"https:\/\/api.w.org\/{rel}","templated":true}]}}