{"id":132,"date":"2022-06-06T09:28:11","date_gmt":"2022-06-06T07:28:11","guid":{"rendered":"https:\/\/site.educa.madrid.org\/ies.anselmolorenzo.sanmartindelavega\/?page_id=132"},"modified":"2024-04-02T11:01:15","modified_gmt":"2024-04-02T09:01:15","slug":"becas","status":"publish","type":"page","link":"https:\/\/site.educa.madrid.org\/ies.anselmolorenzo.sanmartindelavega\/index.php\/secretaria\/becas\/","title":{"rendered":"Becas"},"content":{"rendered":"\n<h2 class=\"wp-block-heading\"><strong>Ayudas para alumnos con NEAE<\/strong><\/h2>\n\n\n\n<p>Son <strong>becas del Ministerio de Educaci\u00f3n y Formaci\u00f3n Profesional.<\/strong> Sus destinatarios son <strong>alumnos que presentan necesidad espec\u00edfica de apoyo educativo<\/strong> y necesitan, por un periodo de su escolarizaci\u00f3n o a lo largo de toda ella, determinados apoyos y atenciones educativas derivadas de sus necesidades. <strong>Tambi\u00e9n podr\u00e1n ser beneficiarios de estas ayudas los alumnos con TEA y TDAH.<\/strong><\/p>\n\n\n\n<p>La informaci\u00f3n sobre la convocatoria se pondr\u00e1 a disposici\u00f3n de las familias y\/o tutores legales a trav\u00e9s del \u201cTabl\u00f3n de anuncios\u201d de nuestra p\u00e1gina web y mediante el aviso en la <strong>plataforma Ra\u00edces.<\/strong><\/p>\n\n\n\n<p><a href=\"https:\/\/www.educacionyfp.gob.es\/servicios-al-ciudadano\/catalogo\/estudiantes\/becas-ayudas.html\" target=\"_blank\" rel=\"noreferrer noopener\">Enlace a la p\u00e1gina de ayudas y becas del Ministerio de Educaci\u00f3n y Formaci\u00f3n Profesional.<\/a><\/p>\n\n\n\n<h2 class=\"wp-block-heading\"><strong>Ayudas individualizadas de transporte escolar<\/strong><\/h2>\n\n\n\n<p>Se trata de ayuda que ofrece la Consejer\u00eda de Educaci\u00f3n, Universidades y Ciencia para compensar los gastos que supone a los alumnos el desplazamiento por sus propios medios al centro docente donde cursan estudios en caso de no poder hacer uso de las rutas de transporte escolar.<\/p>\n\n\n\n<p>Para m\u00e1s informaci\u00f3n: <a rel=\"noreferrer noopener\" href=\"https:\/\/tramita.comunidad.madrid\/ayudas-becas-subvenciones\" target=\"_blank\">https:\/\/tramita.comunidad.madrid\/ayudas-becas-subvenciones<\/a><\/p>\n\n\n\n<h2 class=\"wp-block-heading\"><strong>Abierto plazo solicitud becas 2024-2025<\/strong><\/h2>\n\n\n<p><a href=\"https:\/\/www.becaseducacion.gob.es\/becas-y-ayudas.html\">https:\/\/www.becaseducacion.gob.es\/becas-y-ayudas.html<\/a><\/p>","protected":false},"excerpt":{"rendered":"<p>Ayudas para alumnos con NEAE Son becas del Ministerio de Educaci\u00f3n y Formaci\u00f3n Profesional. Sus destinatarios son alumnos que presentan necesidad espec\u00edfica de apoyo educativo y necesitan, por un periodo de su escolarizaci\u00f3n o a lo largo de toda ella, determinados apoyos y atenciones educativas derivadas de sus necesidades. Tambi\u00e9n podr\u00e1n ser beneficiarios de estas &hellip; <\/p>\n<p class=\"link-more\"><a href=\"https:\/\/site.educa.madrid.org\/ies.anselmolorenzo.sanmartindelavega\/index.php\/secretaria\/becas\/\" class=\"more-link\">Continuar leyendo<span class=\"screen-reader-text\"> \u00abBecas\u00bb<\/span><\/a><\/p>\n","protected":false},"author":5,"featured_media":0,"parent":130,"menu_order":0,"comment_status":"closed","ping_status":"closed","template":"page-with-siblings-submenu.php","meta":{"footnotes":""},"folder":[],"class_list":["post-132","page","type-page","status-publish","hentry"],"rttpg_featured_image_url":null,"rttpg_author":{"display_name":"Cuenta Admin-educamadrid","author_link":"https:\/\/site.educa.madrid.org\/ies.anselmolorenzo.sanmartindelavega\/index.php\/author\/cuenta_admin-educamadrid\/"},"rttpg_comment":0,"rttpg_category":false,"rttpg_excerpt":"Ayudas para alumnos con NEAE Son becas del Ministerio de Educaci\u00f3n y Formaci\u00f3n Profesional. Sus destinatarios son alumnos que presentan necesidad espec\u00edfica de apoyo educativo y necesitan, por un periodo de su escolarizaci\u00f3n o a lo largo de toda ella, determinados apoyos y atenciones educativas derivadas de sus necesidades. Tambi\u00e9n podr\u00e1n ser beneficiarios de estas&hellip;","post_mailing_queue_ids":[],"_links":{"self":[{"href":"https:\/\/site.educa.madrid.org\/ies.anselmolorenzo.sanmartindelavega\/index.php\/wp-json\/wp\/v2\/pages\/132","targetHints":{"allow":["GET"]}}],"collection":[{"href":"https:\/\/site.educa.madrid.org\/ies.anselmolorenzo.sanmartindelavega\/index.php\/wp-json\/wp\/v2\/pages"}],"about":[{"href":"https:\/\/site.educa.madrid.org\/ies.anselmolorenzo.sanmartindelavega\/index.php\/wp-json\/wp\/v2\/types\/page"}],"author":[{"embeddable":true,"href":"https:\/\/site.educa.madrid.org\/ies.anselmolorenzo.sanmartindelavega\/index.php\/wp-json\/wp\/v2\/users\/5"}],"replies":[{"embeddable":true,"href":"https:\/\/site.educa.madrid.org\/ies.anselmolorenzo.sanmartindelavega\/index.php\/wp-json\/wp\/v2\/comments?post=132"}],"version-history":[{"count":9,"href":"https:\/\/site.educa.madrid.org\/ies.anselmolorenzo.sanmartindelavega\/index.php\/wp-json\/wp\/v2\/pages\/132\/revisions"}],"predecessor-version":[{"id":1843,"href":"https:\/\/site.educa.madrid.org\/ies.anselmolorenzo.sanmartindelavega\/index.php\/wp-json\/wp\/v2\/pages\/132\/revisions\/1843"}],"up":[{"embeddable":true,"href":"https:\/\/site.educa.madrid.org\/ies.anselmolorenzo.sanmartindelavega\/index.php\/wp-json\/wp\/v2\/pages\/130"}],"wp:attachment":[{"href":"https:\/\/site.educa.madrid.org\/ies.anselmolorenzo.sanmartindelavega\/index.php\/wp-json\/wp\/v2\/media?parent=132"}],"wp:term":[{"taxonomy":"folder","embeddable":true,"href":"https:\/\/site.educa.madrid.org\/ies.anselmolorenzo.sanmartindelavega\/index.php\/wp-json\/wp\/v2\/folder?post=132"}],"curies":[{"name":"wp","href":"https:\/\/api.w.org\/{rel}","templated":true}]}}