{"id":1738,"date":"2024-03-19T13:35:45","date_gmt":"2024-03-19T12:35:45","guid":{"rendered":"https:\/\/site.educa.madrid.org\/ies.anselmolorenzo.sanmartindelavega\/?page_id=1738"},"modified":"2025-04-23T08:38:23","modified_gmt":"2025-04-23T06:38:23","slug":"oferta-educativa","status":"publish","type":"page","link":"https:\/\/site.educa.madrid.org\/ies.anselmolorenzo.sanmartindelavega\/index.php\/informacion-a-las-familias\/oferta-educativa\/","title":{"rendered":"Oferta educativa"},"content":{"rendered":"\n<p>Pincha en el enlace m\u00e1s abajo para conocer m\u00e1s sobre las ense\u00f1anzas que se imparten en nuestro Instituto.<\/p>\n\n\n<p><a href=\"https:\/\/site.educa.madrid.org\/ies.anselmolorenzo.sanmartindelavega\/index.php\/ensenanzas\/\">Ense\u00f1anzas<\/a><\/p>\n\n\n<p><\/p>\n\n\n\n<p><\/p>\n","protected":false},"excerpt":{"rendered":"<p>Pincha en el enlace m\u00e1s abajo para conocer m\u00e1s sobre las ense\u00f1anzas que se imparten en nuestro Instituto. Ense\u00f1anzas<\/p>\n","protected":false},"author":2,"featured_media":0,"parent":1715,"menu_order":0,"comment_status":"closed","ping_status":"closed","template":"","meta":{"footnotes":""},"folder":[],"class_list":["post-1738","page","type-page","status-publish","hentry"],"rttpg_featured_image_url":null,"rttpg_author":{"display_name":"tic.ies.anselmolorenzo.sanmartindelavega","author_link":"https:\/\/site.educa.madrid.org\/ies.anselmolorenzo.sanmartindelavega\/index.php\/author\/cuenta_tic-ies-anselmolorenzo-sanmartindelavega\/"},"rttpg_comment":0,"rttpg_category":false,"rttpg_excerpt":"Pincha en el enlace m\u00e1s abajo para conocer m\u00e1s sobre las ense\u00f1anzas que se imparten en nuestro Instituto. Ense\u00f1anzas","post_mailing_queue_ids":[],"_links":{"self":[{"href":"https:\/\/site.educa.madrid.org\/ies.anselmolorenzo.sanmartindelavega\/index.php\/wp-json\/wp\/v2\/pages\/1738","targetHints":{"allow":["GET"]}}],"collection":[{"href":"https:\/\/site.educa.madrid.org\/ies.anselmolorenzo.sanmartindelavega\/index.php\/wp-json\/wp\/v2\/pages"}],"about":[{"href":"https:\/\/site.educa.madrid.org\/ies.anselmolorenzo.sanmartindelavega\/index.php\/wp-json\/wp\/v2\/types\/page"}],"author":[{"embeddable":true,"href":"https:\/\/site.educa.madrid.org\/ies.anselmolorenzo.sanmartindelavega\/index.php\/wp-json\/wp\/v2\/users\/2"}],"replies":[{"embeddable":true,"href":"https:\/\/site.educa.madrid.org\/ies.anselmolorenzo.sanmartindelavega\/index.php\/wp-json\/wp\/v2\/comments?post=1738"}],"version-history":[{"count":6,"href":"https:\/\/site.educa.madrid.org\/ies.anselmolorenzo.sanmartindelavega\/index.php\/wp-json\/wp\/v2\/pages\/1738\/revisions"}],"predecessor-version":[{"id":2988,"href":"https:\/\/site.educa.madrid.org\/ies.anselmolorenzo.sanmartindelavega\/index.php\/wp-json\/wp\/v2\/pages\/1738\/revisions\/2988"}],"up":[{"embeddable":true,"href":"https:\/\/site.educa.madrid.org\/ies.anselmolorenzo.sanmartindelavega\/index.php\/wp-json\/wp\/v2\/pages\/1715"}],"wp:attachment":[{"href":"https:\/\/site.educa.madrid.org\/ies.anselmolorenzo.sanmartindelavega\/index.php\/wp-json\/wp\/v2\/media?parent=1738"}],"wp:term":[{"taxonomy":"folder","embeddable":true,"href":"https:\/\/site.educa.madrid.org\/ies.anselmolorenzo.sanmartindelavega\/index.php\/wp-json\/wp\/v2\/folder?post=1738"}],"curies":[{"name":"wp","href":"https:\/\/api.w.org\/{rel}","templated":true}]}}