{"id":2090,"date":"2024-05-27T13:39:42","date_gmt":"2024-05-27T11:39:42","guid":{"rendered":"https:\/\/site.educa.madrid.org\/ies.anselmolorenzo.sanmartindelavega\/?page_id=2090"},"modified":"2026-02-11T09:45:43","modified_gmt":"2026-02-11T08:45:43","slug":"accede-libros","status":"publish","type":"page","link":"https:\/\/site.educa.madrid.org\/ies.anselmolorenzo.sanmartindelavega\/index.php\/informacion-a-las-familias\/accede-libros\/","title":{"rendered":"ACCEDE &#8211; Libros"},"content":{"rendered":"<h4><span style=\"color: #808000;\">\u00a0PROCEDIMIENTO PR\u00c9STAMO DE LIBROS CURSO:<\/span><\/h4>\n<p>A continuaci\u00f3n se adjunta informaci\u00f3n de inter\u00e9s sobre ACCEDE para el curso 2024-2025. Pincha en los siguientes links:<\/p>\n<p><a href=\"https:\/\/site.educa.madrid.org\/ies.anselmolorenzo.sanmartindelavega\/\/wp-content\/uploads\/ies.anselmolorenzo.sanmartindelavega\/2024\/06\/Preguntas_frecuentes_Programa-Accede_2024_25.pdf\">Preguntas frecuentes Programa ACCEDE<\/a><\/p>\n<p><a href=\"https:\/\/site.educa.madrid.org\/ies.anselmolorenzo.sanmartindelavega\/\/wp-content\/uploads\/ies.anselmolorenzo.sanmartindelavega\/2024\/06\/Affiche.pdf\">Informaci\u00f3n importante ACCEDE<\/a><\/p>\n<p><strong><span style=\"color: #0000ff;\">Escanea este QR para ampliar informaci\u00f3n.<\/span><\/strong><\/p>\n<p><a href=\"https:\/\/site.educa.madrid.org\/ies.anselmolorenzo.sanmartindelavega\/\/wp-content\/uploads\/ies.anselmolorenzo.sanmartindelavega\/2024\/06\/QR_Accede_24_25-1.jpg\"><img loading=\"lazy\" decoding=\"async\" class=\"alignnone  wp-image-2237\" src=\"https:\/\/site.educa.madrid.org\/ies.anselmolorenzo.sanmartindelavega\/\/wp-content\/uploads\/ies.anselmolorenzo.sanmartindelavega\/2024\/06\/QR_Accede_24_25-1.jpg\" alt=\"\" width=\"227\" height=\"225\" srcset=\"https:\/\/site.educa.madrid.org\/ies.anselmolorenzo.sanmartindelavega\/\/wp-content\/uploads\/ies.anselmolorenzo.sanmartindelavega\/2024\/06\/QR_Accede_24_25-1.jpg 367w, https:\/\/site.educa.madrid.org\/ies.anselmolorenzo.sanmartindelavega\/\/wp-content\/uploads\/ies.anselmolorenzo.sanmartindelavega\/2024\/06\/QR_Accede_24_25-1-300x297.jpg 300w, https:\/\/site.educa.madrid.org\/ies.anselmolorenzo.sanmartindelavega\/\/wp-content\/uploads\/ies.anselmolorenzo.sanmartindelavega\/2024\/06\/QR_Accede_24_25-1-150x150.jpg 150w, https:\/\/site.educa.madrid.org\/ies.anselmolorenzo.sanmartindelavega\/\/wp-content\/uploads\/ies.anselmolorenzo.sanmartindelavega\/2024\/06\/QR_Accede_24_25-1-100x100.jpg 100w\" sizes=\"auto, (max-width: 227px) 100vw, 227px\" \/><\/a><\/p>\n<h4><span style=\"color: #808000;\">DEVOLUCI\u00d3N PR\u00c9STAMO DE LIBROS<\/span><\/h4>\n","protected":false},"excerpt":{"rendered":"<p>\u00a0PROCEDIMIENTO PR\u00c9STAMO DE LIBROS CURSO: A continuaci\u00f3n se adjunta informaci\u00f3n de inter\u00e9s sobre ACCEDE para el curso 2024-2025. Pincha en los siguientes links: Preguntas frecuentes Programa ACCEDE Informaci\u00f3n importante ACCEDE Escanea este QR para ampliar informaci\u00f3n. DEVOLUCI\u00d3N PR\u00c9STAMO DE LIBROS<\/p>\n","protected":false},"author":2,"featured_media":0,"parent":1715,"menu_order":1,"comment_status":"closed","ping_status":"closed","template":"","meta":{"footnotes":""},"folder":[],"class_list":["post-2090","page","type-page","status-publish","hentry"],"rttpg_featured_image_url":null,"rttpg_author":{"display_name":"tic.ies.anselmolorenzo.sanmartindelavega","author_link":"https:\/\/site.educa.madrid.org\/ies.anselmolorenzo.sanmartindelavega\/index.php\/author\/cuenta_tic-ies-anselmolorenzo-sanmartindelavega\/"},"rttpg_comment":0,"rttpg_category":false,"rttpg_excerpt":"\u00a0PROCEDIMIENTO PR\u00c9STAMO DE LIBROS CURSO: A continuaci\u00f3n se adjunta informaci\u00f3n de inter\u00e9s sobre ACCEDE para el curso 2024-2025. Pincha en los siguientes links: Preguntas frecuentes Programa ACCEDE Informaci\u00f3n importante ACCEDE Escanea este QR para ampliar informaci\u00f3n. DEVOLUCI\u00d3N PR\u00c9STAMO DE LIBROS","post_mailing_queue_ids":[],"_links":{"self":[{"href":"https:\/\/site.educa.madrid.org\/ies.anselmolorenzo.sanmartindelavega\/index.php\/wp-json\/wp\/v2\/pages\/2090","targetHints":{"allow":["GET"]}}],"collection":[{"href":"https:\/\/site.educa.madrid.org\/ies.anselmolorenzo.sanmartindelavega\/index.php\/wp-json\/wp\/v2\/pages"}],"about":[{"href":"https:\/\/site.educa.madrid.org\/ies.anselmolorenzo.sanmartindelavega\/index.php\/wp-json\/wp\/v2\/types\/page"}],"author":[{"embeddable":true,"href":"https:\/\/site.educa.madrid.org\/ies.anselmolorenzo.sanmartindelavega\/index.php\/wp-json\/wp\/v2\/users\/2"}],"replies":[{"embeddable":true,"href":"https:\/\/site.educa.madrid.org\/ies.anselmolorenzo.sanmartindelavega\/index.php\/wp-json\/wp\/v2\/comments?post=2090"}],"version-history":[{"count":8,"href":"https:\/\/site.educa.madrid.org\/ies.anselmolorenzo.sanmartindelavega\/index.php\/wp-json\/wp\/v2\/pages\/2090\/revisions"}],"predecessor-version":[{"id":3880,"href":"https:\/\/site.educa.madrid.org\/ies.anselmolorenzo.sanmartindelavega\/index.php\/wp-json\/wp\/v2\/pages\/2090\/revisions\/3880"}],"up":[{"embeddable":true,"href":"https:\/\/site.educa.madrid.org\/ies.anselmolorenzo.sanmartindelavega\/index.php\/wp-json\/wp\/v2\/pages\/1715"}],"wp:attachment":[{"href":"https:\/\/site.educa.madrid.org\/ies.anselmolorenzo.sanmartindelavega\/index.php\/wp-json\/wp\/v2\/media?parent=2090"}],"wp:term":[{"taxonomy":"folder","embeddable":true,"href":"https:\/\/site.educa.madrid.org\/ies.anselmolorenzo.sanmartindelavega\/index.php\/wp-json\/wp\/v2\/folder?post=2090"}],"curies":[{"name":"wp","href":"https:\/\/api.w.org\/{rel}","templated":true}]}}