{"id":2406,"date":"2024-10-14T13:15:39","date_gmt":"2024-10-14T11:15:39","guid":{"rendered":"https:\/\/site.educa.madrid.org\/ies.anselmolorenzo.sanmartindelavega\/?page_id=2406"},"modified":"2025-11-11T12:19:14","modified_gmt":"2025-11-11T11:19:14","slug":"sistema-apliaciones-informaticas","status":"publish","type":"page","link":"https:\/\/site.educa.madrid.org\/ies.anselmolorenzo.sanmartindelavega\/index.php\/inicio\/quienes-somos\/equipo-docente\/sistema-apliaciones-informaticas\/","title":{"rendered":"Sistemas y apliaciones inform\u00e1ticas"},"content":{"rendered":"<h1><span style=\"color: #ff6600;\"><strong>Criterios de calificaci\u00f3n.<\/strong><\/span><\/h1>\n<p><a href=\"https:\/\/site.educa.madrid.org\/ies.anselmolorenzo.sanmartindelavega\/\/wp-content\/uploads\/ies.anselmolorenzo.sanmartindelavega\/2025\/11\/SISTEMAS-INFORMATICOS.pdf\">Criterios del departamento<\/a><\/p>\n<h1><strong><span style=\"color: #ff6600;\">Ense\u00f1anzas que impartimos en turno diurno:<\/span><\/strong><\/h1>\n<ul>\n<li>\n<h1><strong>Ciclos Formativos de Grado B\u00e1sico:<\/strong><\/h1>\n<\/li>\n<\/ul>\n<p style=\"padding-left: 40px;\"><a href=\"https:\/\/www.comunidad.madrid\/sites\/default\/files\/doc\/educacion\/fp\/fp-ensenanza-ifcb02-loe-ficha.pdf\">T\u00edtulo Profesional B\u00e1sico en Inform\u00e1tica de Oficina<\/a><\/p>\n<h1><strong><span style=\"color: #ff6600;\">Contacto con los profesores del departamento:<\/span><\/strong><\/h1>\n<p><a href=\"https:\/\/site.educa.madrid.org\/ies.anselmolorenzo.sanmartindelavega\/\/wp-content\/uploads\/ies.anselmolorenzo.sanmartindelavega\/2025\/11\/Aplicaciones.png\"><img loading=\"lazy\" decoding=\"async\" class=\"alignnone size-large wp-image-3605\" src=\"https:\/\/site.educa.madrid.org\/ies.anselmolorenzo.sanmartindelavega\/\/wp-content\/uploads\/ies.anselmolorenzo.sanmartindelavega\/2025\/11\/Aplicaciones-1024x145.png\" alt=\"\" width=\"525\" height=\"74\" srcset=\"https:\/\/site.educa.madrid.org\/ies.anselmolorenzo.sanmartindelavega\/\/wp-content\/uploads\/ies.anselmolorenzo.sanmartindelavega\/2025\/11\/Aplicaciones-1024x145.png 1024w, https:\/\/site.educa.madrid.org\/ies.anselmolorenzo.sanmartindelavega\/\/wp-content\/uploads\/ies.anselmolorenzo.sanmartindelavega\/2025\/11\/Aplicaciones-300x42.png 300w, https:\/\/site.educa.madrid.org\/ies.anselmolorenzo.sanmartindelavega\/\/wp-content\/uploads\/ies.anselmolorenzo.sanmartindelavega\/2025\/11\/Aplicaciones-768x108.png 768w, https:\/\/site.educa.madrid.org\/ies.anselmolorenzo.sanmartindelavega\/\/wp-content\/uploads\/ies.anselmolorenzo.sanmartindelavega\/2025\/11\/Aplicaciones.png 1211w\" sizes=\"auto, (max-width: 525px) 100vw, 525px\" \/><\/a><\/p>\n\n\n<p><\/p>\n","protected":false},"excerpt":{"rendered":"<p>Criterios de calificaci\u00f3n. Criterios del departamento Ense\u00f1anzas que impartimos en turno diurno: Ciclos Formativos de Grado B\u00e1sico: T\u00edtulo Profesional B\u00e1sico en Inform\u00e1tica de Oficina Contacto con los profesores del departamento:<\/p>\n","protected":false},"author":2,"featured_media":0,"parent":121,"menu_order":17,"comment_status":"closed","ping_status":"closed","template":"page-with-siblings-submenu.php","meta":{"footnotes":""},"folder":[],"class_list":["post-2406","page","type-page","status-publish","hentry"],"rttpg_featured_image_url":null,"rttpg_author":{"display_name":"tic.ies.anselmolorenzo.sanmartindelavega","author_link":"https:\/\/site.educa.madrid.org\/ies.anselmolorenzo.sanmartindelavega\/index.php\/author\/cuenta_tic-ies-anselmolorenzo-sanmartindelavega\/"},"rttpg_comment":0,"rttpg_category":false,"rttpg_excerpt":"Criterios de calificaci\u00f3n. Criterios del departamento Ense\u00f1anzas que impartimos en turno diurno: Ciclos Formativos de Grado B\u00e1sico: T\u00edtulo Profesional B\u00e1sico en Inform\u00e1tica de Oficina Contacto con los profesores del departamento:","post_mailing_queue_ids":[],"_links":{"self":[{"href":"https:\/\/site.educa.madrid.org\/ies.anselmolorenzo.sanmartindelavega\/index.php\/wp-json\/wp\/v2\/pages\/2406","targetHints":{"allow":["GET"]}}],"collection":[{"href":"https:\/\/site.educa.madrid.org\/ies.anselmolorenzo.sanmartindelavega\/index.php\/wp-json\/wp\/v2\/pages"}],"about":[{"href":"https:\/\/site.educa.madrid.org\/ies.anselmolorenzo.sanmartindelavega\/index.php\/wp-json\/wp\/v2\/types\/page"}],"author":[{"embeddable":true,"href":"https:\/\/site.educa.madrid.org\/ies.anselmolorenzo.sanmartindelavega\/index.php\/wp-json\/wp\/v2\/users\/2"}],"replies":[{"embeddable":true,"href":"https:\/\/site.educa.madrid.org\/ies.anselmolorenzo.sanmartindelavega\/index.php\/wp-json\/wp\/v2\/comments?post=2406"}],"version-history":[{"count":4,"href":"https:\/\/site.educa.madrid.org\/ies.anselmolorenzo.sanmartindelavega\/index.php\/wp-json\/wp\/v2\/pages\/2406\/revisions"}],"predecessor-version":[{"id":3606,"href":"https:\/\/site.educa.madrid.org\/ies.anselmolorenzo.sanmartindelavega\/index.php\/wp-json\/wp\/v2\/pages\/2406\/revisions\/3606"}],"up":[{"embeddable":true,"href":"https:\/\/site.educa.madrid.org\/ies.anselmolorenzo.sanmartindelavega\/index.php\/wp-json\/wp\/v2\/pages\/121"}],"wp:attachment":[{"href":"https:\/\/site.educa.madrid.org\/ies.anselmolorenzo.sanmartindelavega\/index.php\/wp-json\/wp\/v2\/media?parent=2406"}],"wp:term":[{"taxonomy":"folder","embeddable":true,"href":"https:\/\/site.educa.madrid.org\/ies.anselmolorenzo.sanmartindelavega\/index.php\/wp-json\/wp\/v2\/folder?post=2406"}],"curies":[{"name":"wp","href":"https:\/\/api.w.org\/{rel}","templated":true}]}}