{"id":3914,"date":"2026-02-20T10:06:09","date_gmt":"2026-02-20T09:06:09","guid":{"rendered":"https:\/\/site.educa.madrid.org\/ies.anselmolorenzo.sanmartindelavega\/?page_id=3914"},"modified":"2026-03-10T10:12:02","modified_gmt":"2026-03-10T09:12:02","slug":"admision-eso-bachillerato","status":"publish","type":"page","link":"https:\/\/site.educa.madrid.org\/ies.anselmolorenzo.sanmartindelavega\/index.php\/secretaria\/proceso-de-admision\/admision-eso-bachillerato\/","title":{"rendered":"ADMISI\u00d3N ESO\/BACHILLERATO"},"content":{"rendered":"\n<h3 class=\"wp-block-heading has-vivid-cyan-blue-color has-text-color has-link-color has-small-font-size wp-elements-4eae742bda1b746ff76775e895183bcc\"><strong><a href=\"https:\/\/site.educa.madrid.org\/ies.anselmolorenzo.sanmartindelavega\/\/wp-content\/uploads\/ies.anselmolorenzo.sanmartindelavega\/2026\/03\/Informacion-proceso-de-admision-2026-2027.pdf\">INFORMACI\u00d3N PROCESO DE ADMISI\u00d3N<\/a><\/strong><\/h3>\n\n\n\n<h3 class=\"wp-block-heading has-vivid-cyan-blue-color has-text-color has-link-color has-small-font-size wp-elements-3f11a9746305b59ba73ce13000d7e2d6\"><strong><a href=\"https:\/\/site.educa.madrid.org\/ies.anselmolorenzo.sanmartindelavega\/\/wp-content\/uploads\/ies.anselmolorenzo.sanmartindelavega\/2026\/03\/Criterio-complementario.pdf\">INFORMACI\u00d3N B\u00c1SICA IES ANSELMO LORENZO<\/a><\/strong><\/h3>\n\n\n\n<h3 class=\"wp-block-heading has-vivid-cyan-blue-color has-text-color has-link-color has-small-font-size wp-elements-bb4a584e19c2010b041e3d16a320730c\"><strong><a href=\"https:\/\/site.educa.madrid.org\/ies.anselmolorenzo.sanmartindelavega\/\/wp-content\/uploads\/ies.anselmolorenzo.sanmartindelavega\/2026\/03\/Plazas-vacantes-curso-2026-2027.pdf\">VACANTES<\/a><\/strong><\/h3>\n\n\n\n<h3 class=\"wp-block-heading has-vivid-cyan-blue-color has-text-color has-link-color has-small-font-size wp-elements-f1eb85b411c0d3fb250074c4ebf66b95\"><strong><a href=\"https:\/\/site.educa.madrid.org\/ies.anselmolorenzo.sanmartindelavega\/\/wp-content\/uploads\/ies.anselmolorenzo.sanmartindelavega\/2026\/02\/Declaracion-responsable.pdf\">DECLARACI\u00d3N RESPONSABLE<\/a><\/strong><\/h3>\n\n\n\n<h3 class=\"wp-block-heading has-vivid-cyan-blue-color has-text-color has-link-color has-small-font-size wp-elements-f418a36e6e6a22e913d9e831033b2b12\"><strong><a href=\"https:\/\/site.educa.madrid.org\/ies.anselmolorenzo.sanmartindelavega\/\/wp-content\/uploads\/ies.anselmolorenzo.sanmartindelavega\/2026\/02\/Resumen-proceso-de-admision-26-27.pdf\">RESUMEN PROCESO DE ADMISI\u00d3N 2026\/2027<\/a><\/strong><\/h3>\n\n\n\n<h3 class=\"wp-block-heading has-vivid-cyan-blue-color has-text-color has-link-color has-small-font-size wp-elements-987303fe01d86c74ade6e3104f8ae62d\"><strong><a href=\"https:\/\/site.educa.madrid.org\/ies.anselmolorenzo.sanmartindelavega\/\/wp-content\/uploads\/ies.anselmolorenzo.sanmartindelavega\/2026\/03\/Centros_adscritos_a_nivel_inferior_a_efectos_de_escolarizacion.pdf\">CENTROS ADSCRITOS<\/a><\/strong><\/h3>\n\n\n\n<p><\/p>\n","protected":false},"excerpt":{"rendered":"<p>INFORMACI\u00d3N PROCESO DE ADMISI\u00d3N INFORMACI\u00d3N B\u00c1SICA IES ANSELMO LORENZO VACANTES DECLARACI\u00d3N RESPONSABLE RESUMEN PROCESO DE ADMISI\u00d3N 2026\/2027 CENTROS ADSCRITOS<\/p>\n","protected":false},"author":2,"featured_media":0,"parent":133,"menu_order":0,"comment_status":"closed","ping_status":"closed","template":"","meta":{"footnotes":""},"folder":[],"class_list":["post-3914","page","type-page","status-publish","hentry"],"rttpg_featured_image_url":null,"rttpg_author":{"display_name":"tic.ies.anselmolorenzo.sanmartindelavega","author_link":"https:\/\/site.educa.madrid.org\/ies.anselmolorenzo.sanmartindelavega\/index.php\/author\/cuenta_tic-ies-anselmolorenzo-sanmartindelavega\/"},"rttpg_comment":0,"rttpg_category":false,"rttpg_excerpt":"INFORMACI\u00d3N PROCESO DE ADMISI\u00d3N INFORMACI\u00d3N B\u00c1SICA IES ANSELMO LORENZO VACANTES DECLARACI\u00d3N RESPONSABLE RESUMEN PROCESO DE ADMISI\u00d3N 2026\/2027 CENTROS ADSCRITOS","post_mailing_queue_ids":[],"_links":{"self":[{"href":"https:\/\/site.educa.madrid.org\/ies.anselmolorenzo.sanmartindelavega\/index.php\/wp-json\/wp\/v2\/pages\/3914","targetHints":{"allow":["GET"]}}],"collection":[{"href":"https:\/\/site.educa.madrid.org\/ies.anselmolorenzo.sanmartindelavega\/index.php\/wp-json\/wp\/v2\/pages"}],"about":[{"href":"https:\/\/site.educa.madrid.org\/ies.anselmolorenzo.sanmartindelavega\/index.php\/wp-json\/wp\/v2\/types\/page"}],"author":[{"embeddable":true,"href":"https:\/\/site.educa.madrid.org\/ies.anselmolorenzo.sanmartindelavega\/index.php\/wp-json\/wp\/v2\/users\/2"}],"replies":[{"embeddable":true,"href":"https:\/\/site.educa.madrid.org\/ies.anselmolorenzo.sanmartindelavega\/index.php\/wp-json\/wp\/v2\/comments?post=3914"}],"version-history":[{"count":9,"href":"https:\/\/site.educa.madrid.org\/ies.anselmolorenzo.sanmartindelavega\/index.php\/wp-json\/wp\/v2\/pages\/3914\/revisions"}],"predecessor-version":[{"id":3996,"href":"https:\/\/site.educa.madrid.org\/ies.anselmolorenzo.sanmartindelavega\/index.php\/wp-json\/wp\/v2\/pages\/3914\/revisions\/3996"}],"up":[{"embeddable":true,"href":"https:\/\/site.educa.madrid.org\/ies.anselmolorenzo.sanmartindelavega\/index.php\/wp-json\/wp\/v2\/pages\/133"}],"wp:attachment":[{"href":"https:\/\/site.educa.madrid.org\/ies.anselmolorenzo.sanmartindelavega\/index.php\/wp-json\/wp\/v2\/media?parent=3914"}],"wp:term":[{"taxonomy":"folder","embeddable":true,"href":"https:\/\/site.educa.madrid.org\/ies.anselmolorenzo.sanmartindelavega\/index.php\/wp-json\/wp\/v2\/folder?post=3914"}],"curies":[{"name":"wp","href":"https:\/\/api.w.org\/{rel}","templated":true}]}}