{"id":515,"date":"2022-06-29T10:21:07","date_gmt":"2022-06-29T08:21:07","guid":{"rendered":"https:\/\/site.educa.madrid.org\/ies.anselmolorenzo.sanmartindelavega\/?page_id=515"},"modified":"2025-11-11T12:27:35","modified_gmt":"2025-11-11T11:27:35","slug":"economia","status":"publish","type":"page","link":"https:\/\/site.educa.madrid.org\/ies.anselmolorenzo.sanmartindelavega\/index.php\/inicio\/quienes-somos\/equipo-docente\/economia\/","title":{"rendered":"Econom\u00eda"},"content":{"rendered":"<h2 class=\"Textbody\"><b><span style=\"font-size: 14.0pt; line-height: 115%;\">Criterios de evaluaci\u00f3n de la materia<\/span><\/b><\/h2>\n<p class=\"Textbody\"><a href=\"https:\/\/site.educa.madrid.org\/ies.anselmolorenzo.sanmartindelavega\/\/wp-content\/uploads\/ies.anselmolorenzo.sanmartindelavega\/2025\/11\/ECONOMIA.pdf\">Criterios de evaluaci\u00f3n de Econom\u00eda<\/a><\/p>\n<h2><b><span style=\"font-size: 14.0pt; line-height: 115%;\">Contacto de los profesores del departamento<\/span><\/b><\/h2>\n<p><a href=\"https:\/\/site.educa.madrid.org\/ies.anselmolorenzo.sanmartindelavega\/\/wp-content\/uploads\/ies.anselmolorenzo.sanmartindelavega\/2025\/11\/Economia.png\"><img loading=\"lazy\" decoding=\"async\" class=\"alignnone  wp-image-3596\" src=\"https:\/\/site.educa.madrid.org\/ies.anselmolorenzo.sanmartindelavega\/\/wp-content\/uploads\/ies.anselmolorenzo.sanmartindelavega\/2025\/11\/Economia-1024x142.png\" alt=\"\" width=\"662\" height=\"92\" srcset=\"https:\/\/site.educa.madrid.org\/ies.anselmolorenzo.sanmartindelavega\/\/wp-content\/uploads\/ies.anselmolorenzo.sanmartindelavega\/2025\/11\/Economia-1024x142.png 1024w, https:\/\/site.educa.madrid.org\/ies.anselmolorenzo.sanmartindelavega\/\/wp-content\/uploads\/ies.anselmolorenzo.sanmartindelavega\/2025\/11\/Economia-300x41.png 300w, https:\/\/site.educa.madrid.org\/ies.anselmolorenzo.sanmartindelavega\/\/wp-content\/uploads\/ies.anselmolorenzo.sanmartindelavega\/2025\/11\/Economia-768x106.png 768w, https:\/\/site.educa.madrid.org\/ies.anselmolorenzo.sanmartindelavega\/\/wp-content\/uploads\/ies.anselmolorenzo.sanmartindelavega\/2025\/11\/Economia.png 1208w\" sizes=\"auto, (max-width: 662px) 100vw, 662px\" \/><\/a><\/p>\n","protected":false},"excerpt":{"rendered":"<p>Criterios de evaluaci\u00f3n de la materia Criterios de evaluaci\u00f3n de Econom\u00eda Contacto de los profesores del departamento<\/p>\n","protected":false},"author":5,"featured_media":0,"parent":121,"menu_order":10,"comment_status":"closed","ping_status":"closed","template":"page-with-siblings-submenu.php","meta":{"footnotes":""},"folder":[],"class_list":["post-515","page","type-page","status-publish","hentry"],"rttpg_featured_image_url":null,"rttpg_author":{"display_name":"Cuenta Admin-educamadrid","author_link":"https:\/\/site.educa.madrid.org\/ies.anselmolorenzo.sanmartindelavega\/index.php\/author\/cuenta_admin-educamadrid\/"},"rttpg_comment":0,"rttpg_category":false,"rttpg_excerpt":"Criterios de evaluaci\u00f3n de la materia Criterios de evaluaci\u00f3n de Econom\u00eda Contacto de los profesores del departamento","post_mailing_queue_ids":[],"_links":{"self":[{"href":"https:\/\/site.educa.madrid.org\/ies.anselmolorenzo.sanmartindelavega\/index.php\/wp-json\/wp\/v2\/pages\/515","targetHints":{"allow":["GET"]}}],"collection":[{"href":"https:\/\/site.educa.madrid.org\/ies.anselmolorenzo.sanmartindelavega\/index.php\/wp-json\/wp\/v2\/pages"}],"about":[{"href":"https:\/\/site.educa.madrid.org\/ies.anselmolorenzo.sanmartindelavega\/index.php\/wp-json\/wp\/v2\/types\/page"}],"author":[{"embeddable":true,"href":"https:\/\/site.educa.madrid.org\/ies.anselmolorenzo.sanmartindelavega\/index.php\/wp-json\/wp\/v2\/users\/5"}],"replies":[{"embeddable":true,"href":"https:\/\/site.educa.madrid.org\/ies.anselmolorenzo.sanmartindelavega\/index.php\/wp-json\/wp\/v2\/comments?post=515"}],"version-history":[{"count":10,"href":"https:\/\/site.educa.madrid.org\/ies.anselmolorenzo.sanmartindelavega\/index.php\/wp-json\/wp\/v2\/pages\/515\/revisions"}],"predecessor-version":[{"id":3618,"href":"https:\/\/site.educa.madrid.org\/ies.anselmolorenzo.sanmartindelavega\/index.php\/wp-json\/wp\/v2\/pages\/515\/revisions\/3618"}],"up":[{"embeddable":true,"href":"https:\/\/site.educa.madrid.org\/ies.anselmolorenzo.sanmartindelavega\/index.php\/wp-json\/wp\/v2\/pages\/121"}],"wp:attachment":[{"href":"https:\/\/site.educa.madrid.org\/ies.anselmolorenzo.sanmartindelavega\/index.php\/wp-json\/wp\/v2\/media?parent=515"}],"wp:term":[{"taxonomy":"folder","embeddable":true,"href":"https:\/\/site.educa.madrid.org\/ies.anselmolorenzo.sanmartindelavega\/index.php\/wp-json\/wp\/v2\/folder?post=515"}],"curies":[{"name":"wp","href":"https:\/\/api.w.org\/{rel}","templated":true}]}}