{"id":521,"date":"2022-06-29T10:22:39","date_gmt":"2022-06-29T08:22:39","guid":{"rendered":"https:\/\/site.educa.madrid.org\/ies.anselmolorenzo.sanmartindelavega\/?page_id=521"},"modified":"2025-11-11T12:20:22","modified_gmt":"2025-11-11T11:20:22","slug":"frances-2","status":"publish","type":"page","link":"https:\/\/site.educa.madrid.org\/ies.anselmolorenzo.sanmartindelavega\/index.php\/inicio\/quienes-somos\/equipo-docente\/frances-2\/","title":{"rendered":"Franc\u00e9s"},"content":{"rendered":"<h2><b><span style=\"font-size: 14.0pt; line-height: 115%;\">Criterios de evaluaci\u00f3n de la materia<\/span><\/b><\/h2>\n<p class=\"Textbody\"><a href=\"https:\/\/site.educa.madrid.org\/ies.anselmolorenzo.sanmartindelavega\/\/wp-content\/uploads\/ies.anselmolorenzo.sanmartindelavega\/2025\/11\/FRANCES.pdf\">Criterios de evaluaci\u00f3n de Franc\u00e9s<\/a><\/p>\n<h2><b><span style=\"font-size: 14.0pt; line-height: 115%;\">Contacto de los profesores del departamento<\/span><\/b><\/h2>\n<p><a href=\"https:\/\/site.educa.madrid.org\/ies.anselmolorenzo.sanmartindelavega\/\/wp-content\/uploads\/ies.anselmolorenzo.sanmartindelavega\/2025\/11\/Frances.png\"><img loading=\"lazy\" decoding=\"async\" class=\"alignnone  wp-image-3599\" src=\"https:\/\/site.educa.madrid.org\/ies.anselmolorenzo.sanmartindelavega\/\/wp-content\/uploads\/ies.anselmolorenzo.sanmartindelavega\/2025\/11\/Frances-1024x108.png\" alt=\"\" width=\"649\" height=\"68\" srcset=\"https:\/\/site.educa.madrid.org\/ies.anselmolorenzo.sanmartindelavega\/\/wp-content\/uploads\/ies.anselmolorenzo.sanmartindelavega\/2025\/11\/Frances-1024x108.png 1024w, https:\/\/site.educa.madrid.org\/ies.anselmolorenzo.sanmartindelavega\/\/wp-content\/uploads\/ies.anselmolorenzo.sanmartindelavega\/2025\/11\/Frances-300x32.png 300w, https:\/\/site.educa.madrid.org\/ies.anselmolorenzo.sanmartindelavega\/\/wp-content\/uploads\/ies.anselmolorenzo.sanmartindelavega\/2025\/11\/Frances-768x81.png 768w, https:\/\/site.educa.madrid.org\/ies.anselmolorenzo.sanmartindelavega\/\/wp-content\/uploads\/ies.anselmolorenzo.sanmartindelavega\/2025\/11\/Frances.png 1209w\" sizes=\"auto, (max-width: 649px) 100vw, 649px\" \/><\/a><\/p>\n","protected":false},"excerpt":{"rendered":"<p>Criterios de evaluaci\u00f3n de la materia Criterios de evaluaci\u00f3n de Franc\u00e9s Contacto de los profesores del departamento<\/p>\n","protected":false},"author":5,"featured_media":0,"parent":121,"menu_order":2,"comment_status":"closed","ping_status":"closed","template":"page-with-siblings-submenu.php","meta":{"footnotes":""},"folder":[],"class_list":["post-521","page","type-page","status-publish","hentry"],"rttpg_featured_image_url":null,"rttpg_author":{"display_name":"Cuenta Admin-educamadrid","author_link":"https:\/\/site.educa.madrid.org\/ies.anselmolorenzo.sanmartindelavega\/index.php\/author\/cuenta_admin-educamadrid\/"},"rttpg_comment":0,"rttpg_category":false,"rttpg_excerpt":"Criterios de evaluaci\u00f3n de la materia Criterios de evaluaci\u00f3n de Franc\u00e9s Contacto de los profesores del departamento","post_mailing_queue_ids":[],"_links":{"self":[{"href":"https:\/\/site.educa.madrid.org\/ies.anselmolorenzo.sanmartindelavega\/index.php\/wp-json\/wp\/v2\/pages\/521","targetHints":{"allow":["GET"]}}],"collection":[{"href":"https:\/\/site.educa.madrid.org\/ies.anselmolorenzo.sanmartindelavega\/index.php\/wp-json\/wp\/v2\/pages"}],"about":[{"href":"https:\/\/site.educa.madrid.org\/ies.anselmolorenzo.sanmartindelavega\/index.php\/wp-json\/wp\/v2\/types\/page"}],"author":[{"embeddable":true,"href":"https:\/\/site.educa.madrid.org\/ies.anselmolorenzo.sanmartindelavega\/index.php\/wp-json\/wp\/v2\/users\/5"}],"replies":[{"embeddable":true,"href":"https:\/\/site.educa.madrid.org\/ies.anselmolorenzo.sanmartindelavega\/index.php\/wp-json\/wp\/v2\/comments?post=521"}],"version-history":[{"count":8,"href":"https:\/\/site.educa.madrid.org\/ies.anselmolorenzo.sanmartindelavega\/index.php\/wp-json\/wp\/v2\/pages\/521\/revisions"}],"predecessor-version":[{"id":3608,"href":"https:\/\/site.educa.madrid.org\/ies.anselmolorenzo.sanmartindelavega\/index.php\/wp-json\/wp\/v2\/pages\/521\/revisions\/3608"}],"up":[{"embeddable":true,"href":"https:\/\/site.educa.madrid.org\/ies.anselmolorenzo.sanmartindelavega\/index.php\/wp-json\/wp\/v2\/pages\/121"}],"wp:attachment":[{"href":"https:\/\/site.educa.madrid.org\/ies.anselmolorenzo.sanmartindelavega\/index.php\/wp-json\/wp\/v2\/media?parent=521"}],"wp:term":[{"taxonomy":"folder","embeddable":true,"href":"https:\/\/site.educa.madrid.org\/ies.anselmolorenzo.sanmartindelavega\/index.php\/wp-json\/wp\/v2\/folder?post=521"}],"curies":[{"name":"wp","href":"https:\/\/api.w.org\/{rel}","templated":true}]}}