{"id":525,"date":"2022-06-29T10:24:15","date_gmt":"2022-06-29T08:24:15","guid":{"rendered":"https:\/\/site.educa.madrid.org\/ies.anselmolorenzo.sanmartindelavega\/?page_id=525"},"modified":"2025-11-11T12:25:33","modified_gmt":"2025-11-11T11:25:33","slug":"ingles","status":"publish","type":"page","link":"https:\/\/site.educa.madrid.org\/ies.anselmolorenzo.sanmartindelavega\/index.php\/inicio\/quienes-somos\/equipo-docente\/ingles\/","title":{"rendered":"Ingl\u00e9s \/ Secci\u00f3n Biling\u00fce"},"content":{"rendered":"<h2><span style=\"color: #ff6600;\"><strong style=\"font-size: revert;\">Criterios de evaluaci\u00f3n de la materia<\/strong><\/span><\/h2>\n<p><a href=\"https:\/\/site.educa.madrid.org\/ies.anselmolorenzo.sanmartindelavega\/\/wp-content\/uploads\/ies.anselmolorenzo.sanmartindelavega\/2025\/11\/INGLES.pdf\">Criterio de evaluaci\u00f3n de ingl\u00e9s<\/a><\/p>\n<h2><span style=\"color: #ff6600;\"><strong>Contacto de los profesores del departamento<\/strong><\/span><\/h2>\n<p><a href=\"https:\/\/site.educa.madrid.org\/ies.anselmolorenzo.sanmartindelavega\/\/wp-content\/uploads\/ies.anselmolorenzo.sanmartindelavega\/2025\/11\/Ingles.png\"><img loading=\"lazy\" decoding=\"async\" class=\"alignnone  wp-image-3601\" src=\"https:\/\/site.educa.madrid.org\/ies.anselmolorenzo.sanmartindelavega\/\/wp-content\/uploads\/ies.anselmolorenzo.sanmartindelavega\/2025\/11\/Ingles-1024x490.png\" alt=\"\" width=\"738\" height=\"353\" srcset=\"https:\/\/site.educa.madrid.org\/ies.anselmolorenzo.sanmartindelavega\/\/wp-content\/uploads\/ies.anselmolorenzo.sanmartindelavega\/2025\/11\/Ingles-1024x490.png 1024w, https:\/\/site.educa.madrid.org\/ies.anselmolorenzo.sanmartindelavega\/\/wp-content\/uploads\/ies.anselmolorenzo.sanmartindelavega\/2025\/11\/Ingles-300x144.png 300w, https:\/\/site.educa.madrid.org\/ies.anselmolorenzo.sanmartindelavega\/\/wp-content\/uploads\/ies.anselmolorenzo.sanmartindelavega\/2025\/11\/Ingles-768x367.png 768w, https:\/\/site.educa.madrid.org\/ies.anselmolorenzo.sanmartindelavega\/\/wp-content\/uploads\/ies.anselmolorenzo.sanmartindelavega\/2025\/11\/Ingles.png 1204w\" sizes=\"auto, (max-width: 738px) 100vw, 738px\" \/><\/a><\/p>\n<h2><span style=\"color: #ff6600;\"><strong>Secci\u00f3n Biling\u00fce:<\/strong><\/span><\/h2>\n<p><a href=\"https:\/\/site.educa.madrid.org\/ies.anselmolorenzo.sanmartindelavega\/\/wp-content\/uploads\/ies.anselmolorenzo.sanmartindelavega\/2024\/11\/BILINGUE.pdf\">Criterios de evaluaci\u00f3n de ingl\u00e9s\/biling\u00fce<\/a><\/p>\n<h5><span style=\"color: #000080;\">Informaci\u00f3n pruebas acceso secci\u00f3n biling\u00fce CURSO 2024-2025<\/span><\/h5>\n<p>Pincha <a href=\"https:\/\/site.educa.madrid.org\/ies.anselmolorenzo.sanmartindelavega\/\/wp-content\/uploads\/ies.anselmolorenzo.sanmartindelavega\/2024\/05\/Convocatoria-pruebas-nivel-para-entrar-en-seccion-bilingue_V2.pdf\">aqu\u00ed<\/a> para conocer mayor informaci\u00f3n.<\/p>\n<h5><span style=\"color: #000080;\">PREGUNTAS FRECUENTES \/ \u00bfC\u00f3mo son los centros biling\u00fces?<\/span><\/h5>\n<p><a href=\"https:\/\/site.educa.madrid.org\/ies.anselmolorenzo.sanmartindelavega\/\/wp-content\/uploads\/ies.anselmolorenzo.sanmartindelavega\/2024\/04\/CARACTERISTICAS-DE-LOS-CENTROS-BILINGUES.pdf\">Caracter\u00edsticas de los centros biling\u00fces<\/a><\/p>\n<h5><span style=\"color: #000080;\">Ejemplos ex\u00e1menes externos 6\u00ba de primaria para el acceso a la secci\u00f3n biling\u00fce:<\/span><\/h5>\n<p><a href=\"https:\/\/site.educa.madrid.org\/ies.anselmolorenzo.sanmartindelavega\/\/wp-content\/uploads\/ies.anselmolorenzo.sanmartindelavega\/2024\/04\/LanguageCert-PP1-B1-IESOL-EP.pdf\">LanguageCert-PP1-B1-IESOL-EP<\/a><\/p>\n<p><a href=\"https:\/\/site.educa.madrid.org\/ies.anselmolorenzo.sanmartindelavega\/\/wp-content\/uploads\/ies.anselmolorenzo.sanmartindelavega\/2024\/04\/LanguageCert-PP1-B1-IESOL-Ls.pdf\">LanguageCert-PP1-B1-IESOL-Ls<\/a><\/p>\n<p><a href=\"https:\/\/site.educa.madrid.org\/ies.anselmolorenzo.sanmartindelavega\/\/wp-content\/uploads\/ies.anselmolorenzo.sanmartindelavega\/2024\/04\/LanguageCert-PP1-B1-IESOL-Ms.pdf\">LanguageCert-PP1-B1-IESOL-Ms<\/a><\/p>\n<p><em><strong>Pista de audio 1 &#8211; Listening<\/strong><\/em><\/p>\n<audio class=\"wp-audio-shortcode\" id=\"audio-525-1\" preload=\"none\" style=\"width: 100%;\" controls=\"controls\"><source type=\"audio\/mpeg\" src=\"https:\/\/site.educa.madrid.org\/ies.anselmolorenzo.sanmartindelavega\/\/wp-content\/uploads\/ies.anselmolorenzo.sanmartindelavega\/2024\/04\/LanguageCert-PP1-B1-IESOL-Audio-P1.mp3?_=1\" \/><a href=\"https:\/\/site.educa.madrid.org\/ies.anselmolorenzo.sanmartindelavega\/\/wp-content\/uploads\/ies.anselmolorenzo.sanmartindelavega\/2024\/04\/LanguageCert-PP1-B1-IESOL-Audio-P1.mp3\">https:\/\/site.educa.madrid.org\/ies.anselmolorenzo.sanmartindelavega\/\/wp-content\/uploads\/ies.anselmolorenzo.sanmartindelavega\/2024\/04\/LanguageCert-PP1-B1-IESOL-Audio-P1.mp3<\/a><\/audio>\n<p><em><strong>Pista de audio 2 &#8211; Listening<\/strong><\/em><\/p>\n<audio class=\"wp-audio-shortcode\" id=\"audio-525-2\" preload=\"none\" style=\"width: 100%;\" controls=\"controls\"><source type=\"audio\/mpeg\" src=\"https:\/\/site.educa.madrid.org\/ies.anselmolorenzo.sanmartindelavega\/\/wp-content\/uploads\/ies.anselmolorenzo.sanmartindelavega\/2024\/04\/LanguageCert-PP1-B1-IESOL-Audio-P2.mp3?_=2\" \/><a href=\"https:\/\/site.educa.madrid.org\/ies.anselmolorenzo.sanmartindelavega\/\/wp-content\/uploads\/ies.anselmolorenzo.sanmartindelavega\/2024\/04\/LanguageCert-PP1-B1-IESOL-Audio-P2.mp3\">https:\/\/site.educa.madrid.org\/ies.anselmolorenzo.sanmartindelavega\/\/wp-content\/uploads\/ies.anselmolorenzo.sanmartindelavega\/2024\/04\/LanguageCert-PP1-B1-IESOL-Audio-P2.mp3<\/a><\/audio>\n<h5><span style=\"color: #000080;\">Ejemplo EXAMEN B1:<\/span><\/h5>\n<p><em><strong>Pista de audio 3 &#8211; Listening<\/strong><\/em><\/p>\n<audio class=\"wp-audio-shortcode\" id=\"audio-525-3\" preload=\"none\" style=\"width: 100%;\" controls=\"controls\"><source type=\"audio\/mpeg\" src=\"https:\/\/site.educa.madrid.org\/ies.anselmolorenzo.sanmartindelavega\/\/wp-content\/uploads\/ies.anselmolorenzo.sanmartindelavega\/2024\/04\/LanguageCert-PP1-B1-IESOL-Audio-P3.mp3?_=3\" \/><a href=\"https:\/\/site.educa.madrid.org\/ies.anselmolorenzo.sanmartindelavega\/\/wp-content\/uploads\/ies.anselmolorenzo.sanmartindelavega\/2024\/04\/LanguageCert-PP1-B1-IESOL-Audio-P3.mp3\">https:\/\/site.educa.madrid.org\/ies.anselmolorenzo.sanmartindelavega\/\/wp-content\/uploads\/ies.anselmolorenzo.sanmartindelavega\/2024\/04\/LanguageCert-PP1-B1-IESOL-Audio-P3.mp3<\/a><\/audio>\n<p><em><strong>Pista de audio 4 &#8211; Listening<\/strong><\/em><\/p>\n<audio class=\"wp-audio-shortcode\" id=\"audio-525-4\" preload=\"none\" style=\"width: 100%;\" controls=\"controls\"><source type=\"audio\/mpeg\" src=\"https:\/\/site.educa.madrid.org\/ies.anselmolorenzo.sanmartindelavega\/\/wp-content\/uploads\/ies.anselmolorenzo.sanmartindelavega\/2024\/04\/LanguageCert-PP1-B1-IESOL-Audio-P4.mp3?_=4\" \/><a href=\"https:\/\/site.educa.madrid.org\/ies.anselmolorenzo.sanmartindelavega\/\/wp-content\/uploads\/ies.anselmolorenzo.sanmartindelavega\/2024\/04\/LanguageCert-PP1-B1-IESOL-Audio-P4.mp3\">https:\/\/site.educa.madrid.org\/ies.anselmolorenzo.sanmartindelavega\/\/wp-content\/uploads\/ies.anselmolorenzo.sanmartindelavega\/2024\/04\/LanguageCert-PP1-B1-IESOL-Audio-P4.mp3<\/a><\/audio>\n","protected":false},"excerpt":{"rendered":"<p>Criterios de evaluaci\u00f3n de la materia Criterio de evaluaci\u00f3n de ingl\u00e9s Contacto de los profesores del departamento Secci\u00f3n Biling\u00fce: Criterios de evaluaci\u00f3n de ingl\u00e9s\/biling\u00fce Informaci\u00f3n pruebas acceso secci\u00f3n biling\u00fce CURSO 2024-2025 Pincha aqu\u00ed para conocer mayor informaci\u00f3n. PREGUNTAS FRECUENTES \/ \u00bfC\u00f3mo son los centros biling\u00fces? Caracter\u00edsticas de los centros biling\u00fces Ejemplos ex\u00e1menes externos 6\u00ba de &hellip; <\/p>\n<p class=\"link-more\"><a href=\"https:\/\/site.educa.madrid.org\/ies.anselmolorenzo.sanmartindelavega\/index.php\/inicio\/quienes-somos\/equipo-docente\/ingles\/\" class=\"more-link\">Continuar leyendo<span class=\"screen-reader-text\"> \u00abIngl\u00e9s \/ Secci\u00f3n Biling\u00fce\u00bb<\/span><\/a><\/p>\n","protected":false},"author":5,"featured_media":0,"parent":121,"menu_order":6,"comment_status":"closed","ping_status":"closed","template":"page-with-siblings-submenu.php","meta":{"footnotes":""},"folder":[],"class_list":["post-525","page","type-page","status-publish","hentry"],"rttpg_featured_image_url":null,"rttpg_author":{"display_name":"Cuenta Admin-educamadrid","author_link":"https:\/\/site.educa.madrid.org\/ies.anselmolorenzo.sanmartindelavega\/index.php\/author\/cuenta_admin-educamadrid\/"},"rttpg_comment":0,"rttpg_category":false,"rttpg_excerpt":"Criterios de evaluaci\u00f3n de la materia Criterio de evaluaci\u00f3n de ingl\u00e9s Contacto de los profesores del departamento Secci\u00f3n Biling\u00fce: Criterios de evaluaci\u00f3n de ingl\u00e9s\/biling\u00fce Informaci\u00f3n pruebas acceso secci\u00f3n biling\u00fce CURSO 2024-2025 Pincha aqu\u00ed para conocer mayor informaci\u00f3n. PREGUNTAS FRECUENTES \/ \u00bfC\u00f3mo son los centros biling\u00fces? Caracter\u00edsticas de los centros biling\u00fces Ejemplos ex\u00e1menes externos 6\u00ba de&hellip;","post_mailing_queue_ids":[],"_links":{"self":[{"href":"https:\/\/site.educa.madrid.org\/ies.anselmolorenzo.sanmartindelavega\/index.php\/wp-json\/wp\/v2\/pages\/525","targetHints":{"allow":["GET"]}}],"collection":[{"href":"https:\/\/site.educa.madrid.org\/ies.anselmolorenzo.sanmartindelavega\/index.php\/wp-json\/wp\/v2\/pages"}],"about":[{"href":"https:\/\/site.educa.madrid.org\/ies.anselmolorenzo.sanmartindelavega\/index.php\/wp-json\/wp\/v2\/types\/page"}],"author":[{"embeddable":true,"href":"https:\/\/site.educa.madrid.org\/ies.anselmolorenzo.sanmartindelavega\/index.php\/wp-json\/wp\/v2\/users\/5"}],"replies":[{"embeddable":true,"href":"https:\/\/site.educa.madrid.org\/ies.anselmolorenzo.sanmartindelavega\/index.php\/wp-json\/wp\/v2\/comments?post=525"}],"version-history":[{"count":16,"href":"https:\/\/site.educa.madrid.org\/ies.anselmolorenzo.sanmartindelavega\/index.php\/wp-json\/wp\/v2\/pages\/525\/revisions"}],"predecessor-version":[{"id":3615,"href":"https:\/\/site.educa.madrid.org\/ies.anselmolorenzo.sanmartindelavega\/index.php\/wp-json\/wp\/v2\/pages\/525\/revisions\/3615"}],"up":[{"embeddable":true,"href":"https:\/\/site.educa.madrid.org\/ies.anselmolorenzo.sanmartindelavega\/index.php\/wp-json\/wp\/v2\/pages\/121"}],"wp:attachment":[{"href":"https:\/\/site.educa.madrid.org\/ies.anselmolorenzo.sanmartindelavega\/index.php\/wp-json\/wp\/v2\/media?parent=525"}],"wp:term":[{"taxonomy":"folder","embeddable":true,"href":"https:\/\/site.educa.madrid.org\/ies.anselmolorenzo.sanmartindelavega\/index.php\/wp-json\/wp\/v2\/folder?post=525"}],"curies":[{"name":"wp","href":"https:\/\/api.w.org\/{rel}","templated":true}]}}