{"id":533,"date":"2022-06-29T10:27:18","date_gmt":"2022-06-29T08:27:18","guid":{"rendered":"https:\/\/site.educa.madrid.org\/ies.anselmolorenzo.sanmartindelavega\/?page_id=533"},"modified":"2025-11-11T11:58:47","modified_gmt":"2025-11-11T10:58:47","slug":"religion","status":"publish","type":"page","link":"https:\/\/site.educa.madrid.org\/ies.anselmolorenzo.sanmartindelavega\/index.php\/inicio\/quienes-somos\/equipo-docente\/religion\/","title":{"rendered":"Religi\u00f3n"},"content":{"rendered":"\n<h2 class=\"wp-block-heading\"><strong>Criterios de evaluaci\u00f3n de la materia<\/strong><\/h2>\n\n\n<p><a href=\"https:\/\/site.educa.madrid.org\/ies.anselmolorenzo.sanmartindelavega\/\/wp-content\/uploads\/ies.anselmolorenzo.sanmartindelavega\/2025\/11\/RELIGION.pdf\">Criterios de evaluaci\u00f3n de Religi\u00f3n<\/a><\/p>\n\n\n<h2 class=\"wp-block-heading\"><strong>Contacto de los profesores del departamento<\/strong><\/h2>\n\n\n\n<figure class=\"wp-block-gallery has-nested-images columns-default is-cropped wp-block-gallery-1 is-layout-flex wp-block-gallery-is-layout-flex\">\n<figure class=\"wp-block-image size-large\"><img loading=\"lazy\" decoding=\"async\" width=\"872\" height=\"85\" data-id=\"2402\" src=\"https:\/\/site.educa.madrid.org\/ies.anselmolorenzo.sanmartindelavega\/\/wp-content\/uploads\/ies.anselmolorenzo.sanmartindelavega\/2024\/10\/reli-1.jpg\" alt=\"\" class=\"wp-image-2402\" srcset=\"https:\/\/site.educa.madrid.org\/ies.anselmolorenzo.sanmartindelavega\/\/wp-content\/uploads\/ies.anselmolorenzo.sanmartindelavega\/2024\/10\/reli-1.jpg 872w, https:\/\/site.educa.madrid.org\/ies.anselmolorenzo.sanmartindelavega\/\/wp-content\/uploads\/ies.anselmolorenzo.sanmartindelavega\/2024\/10\/reli-1-300x29.jpg 300w, https:\/\/site.educa.madrid.org\/ies.anselmolorenzo.sanmartindelavega\/\/wp-content\/uploads\/ies.anselmolorenzo.sanmartindelavega\/2024\/10\/reli-1-768x75.jpg 768w\" sizes=\"auto, (max-width: 767px) 89vw, (max-width: 1000px) 54vw, (max-width: 1071px) 543px, 580px\" \/><\/figure>\n<\/figure>\n\n\n\n<p><\/p>\n\n\n\n<p><\/p>\n\n\n\n<p><\/p>\n","protected":false},"excerpt":{"rendered":"<p>Criterios de evaluaci\u00f3n de la materia Criterios de evaluaci\u00f3n de Religi\u00f3n Contacto de los profesores del departamento<\/p>\n","protected":false},"author":5,"featured_media":0,"parent":121,"menu_order":14,"comment_status":"closed","ping_status":"closed","template":"page-with-siblings-submenu.php","meta":{"footnotes":""},"folder":[],"class_list":["post-533","page","type-page","status-publish","hentry"],"rttpg_featured_image_url":null,"rttpg_author":{"display_name":"Cuenta Admin-educamadrid","author_link":"https:\/\/site.educa.madrid.org\/ies.anselmolorenzo.sanmartindelavega\/index.php\/author\/cuenta_admin-educamadrid\/"},"rttpg_comment":0,"rttpg_category":false,"rttpg_excerpt":"Criterios de evaluaci\u00f3n de la materia Criterios de evaluaci\u00f3n de Religi\u00f3n Contacto de los profesores del departamento","post_mailing_queue_ids":[],"_links":{"self":[{"href":"https:\/\/site.educa.madrid.org\/ies.anselmolorenzo.sanmartindelavega\/index.php\/wp-json\/wp\/v2\/pages\/533","targetHints":{"allow":["GET"]}}],"collection":[{"href":"https:\/\/site.educa.madrid.org\/ies.anselmolorenzo.sanmartindelavega\/index.php\/wp-json\/wp\/v2\/pages"}],"about":[{"href":"https:\/\/site.educa.madrid.org\/ies.anselmolorenzo.sanmartindelavega\/index.php\/wp-json\/wp\/v2\/types\/page"}],"author":[{"embeddable":true,"href":"https:\/\/site.educa.madrid.org\/ies.anselmolorenzo.sanmartindelavega\/index.php\/wp-json\/wp\/v2\/users\/5"}],"replies":[{"embeddable":true,"href":"https:\/\/site.educa.madrid.org\/ies.anselmolorenzo.sanmartindelavega\/index.php\/wp-json\/wp\/v2\/comments?post=533"}],"version-history":[{"count":10,"href":"https:\/\/site.educa.madrid.org\/ies.anselmolorenzo.sanmartindelavega\/index.php\/wp-json\/wp\/v2\/pages\/533\/revisions"}],"predecessor-version":[{"id":3587,"href":"https:\/\/site.educa.madrid.org\/ies.anselmolorenzo.sanmartindelavega\/index.php\/wp-json\/wp\/v2\/pages\/533\/revisions\/3587"}],"up":[{"embeddable":true,"href":"https:\/\/site.educa.madrid.org\/ies.anselmolorenzo.sanmartindelavega\/index.php\/wp-json\/wp\/v2\/pages\/121"}],"wp:attachment":[{"href":"https:\/\/site.educa.madrid.org\/ies.anselmolorenzo.sanmartindelavega\/index.php\/wp-json\/wp\/v2\/media?parent=533"}],"wp:term":[{"taxonomy":"folder","embeddable":true,"href":"https:\/\/site.educa.madrid.org\/ies.anselmolorenzo.sanmartindelavega\/index.php\/wp-json\/wp\/v2\/folder?post=533"}],"curies":[{"name":"wp","href":"https:\/\/api.w.org\/{rel}","templated":true}]}}