{"id":758,"date":"2023-10-16T18:21:51","date_gmt":"2023-10-16T16:21:51","guid":{"rendered":"https:\/\/site.educa.madrid.org\/ies.anselmolorenzo.sanmartindelavega\/?page_id=758"},"modified":"2023-11-16T10:52:48","modified_gmt":"2023-11-16T09:52:48","slug":"el-centro","status":"publish","type":"page","link":"https:\/\/site.educa.madrid.org\/ies.anselmolorenzo.sanmartindelavega\/index.php\/inicio\/quienes-somos\/el-centro\/","title":{"rendered":"El centro"},"content":{"rendered":"\n<h1 class=\"wp-block-heading\"><strong>Breve Historia<\/strong> <\/h1>\n\n\n<p><a href=\"https:\/\/site.educa.madrid.org\/ies.anselmolorenzo.sanmartindelavega\/\/wp-content\/uploads\/ies.anselmolorenzo.sanmartindelavega\/2023\/10\/Anselmo-Lorenzo.png\"><img loading=\"lazy\" decoding=\"async\" class=\"size-thumbnail wp-image-695 alignleft\" src=\"https:\/\/site.educa.madrid.org\/ies.anselmolorenzo.sanmartindelavega\/\/wp-content\/uploads\/ies.anselmolorenzo.sanmartindelavega\/2023\/10\/Anselmo-Lorenzo-150x150.png\" alt=\"\" width=\"150\" height=\"150\" srcset=\"https:\/\/site.educa.madrid.org\/ies.anselmolorenzo.sanmartindelavega\/\/wp-content\/uploads\/ies.anselmolorenzo.sanmartindelavega\/2023\/10\/Anselmo-Lorenzo-150x150.png 150w, https:\/\/site.educa.madrid.org\/ies.anselmolorenzo.sanmartindelavega\/\/wp-content\/uploads\/ies.anselmolorenzo.sanmartindelavega\/2023\/10\/Anselmo-Lorenzo-300x300.png 300w, https:\/\/site.educa.madrid.org\/ies.anselmolorenzo.sanmartindelavega\/\/wp-content\/uploads\/ies.anselmolorenzo.sanmartindelavega\/2023\/10\/Anselmo-Lorenzo-100x100.png 100w\" sizes=\"auto, (max-width: 150px) 100vw, 150px\" \/><\/a><\/p>\n<p>Es<strong> Anselmo Lorenzo<\/strong> (1841-1914) <strong>pensador anarquista y activista sindical espa\u00f1ol<\/strong> qui\u00e9n da nombre a nuestro centro. Nacido en el seno de una familia humilde perteneciente a la clase trabajadora (sus padres eran unos campesinos que, en busca de mejor fortuna, se establecieron con sus hijos en Madrid cuando el peque\u00f1o Anselmo era a\u00fan un ni\u00f1o de corta edad), fue en Madrid d\u00f3nde aprendi\u00f3 el oficio de tip\u00f3grafo. Integrado en c\u00edrculos revolucionarios, recibi\u00f3 en la capital espa\u00f1ola al activista italiano Giuseppe Fanelli, enviado a la Pen\u00ednsula Ib\u00e9rica por Mijail Bakunin con el prop\u00f3sito de constituir los primeros n\u00facleos internacionales espa\u00f1oles y propagar la doctrina de la I Internacional.<\/p>\n<p>Est\u00e1 considerado uno de los <strong>primeros y m\u00e1s influyentes anarquistas espa\u00f1oles<\/strong>.<\/p>\n\n\n<h1 class=\"wp-block-heading\"><strong>Instituto de Educaci\u00f3n Secundaria y Formaci\u00f3n Profesional<\/strong><\/h1>\n\n\n\n<p>Somos un centro p\u00fablico de ense\u00f1anza, perteneciente a la&nbsp;<a href=\"https:\/\/www.educa2.madrid.org\/web\/direcciones-de-area\/dat-este\"><strong>Direcci\u00f3n de \u00c1rea Territorial (DAT) Madrid-Este<\/strong><\/a>, que depende de la Consejer\u00eda de Educaci\u00f3n e Investigaci\u00f3n de la Comunidad de Madrid.<\/p>\n\n\n\n<p>En este sitio web encontrar\u00e1s informaci\u00f3n sobre:<\/p>\n\n\n\n<ul class=\"wp-block-list\">\n<li> El centro.<\/li>\n\n\n\n<li>La organizaci\u00f3n y funcionamiento.<\/li>\n\n\n\n<li> Los procesos administrativos m\u00e1s comunes.<\/li>\n\n\n\n<li> La normativa que nos rige.<\/li>\n\n\n\n<li>Aspectos relevantes referidos al tipo de ense\u00f1anza, actividades y servicios que ofrecemos.<\/li>\n<\/ul>\n\n\n\n<h1 class=\"wp-block-heading\"><strong>Contacto<\/strong><\/h1>\n\n\n\n<p><strong>Direcci\u00f3n del centro:<\/strong> Av. Abogados de Atocha, 20, 28330, San Mart\u00edn de la Vega, Madrid<\/p>\n\n\n\n<p><strong>Tel\u00e9fono del centro:<\/strong> 91 808 78 00<\/p>\n\n\n\n<p><strong>Email del centro<\/strong>: <a href=\"mailto:ies.anselmolorenzo.sanmartindelavega@educa.madrid.org\">ies.anselmolorenzo.sanmartindelavega@educa.madrid.org<\/a><\/p>\n\n\n\n<p><strong>Transporte autobuses interurbanos:<\/strong> <a href=\"https:\/\/www.madridbuses.com\/madrid\/autobuses-san-martin-de-la-vega.html\">https:\/\/www.madridbuses.com\/madrid\/autobuses-san-martin-de-la-vega.html<\/a><\/p>\n\n\n\n<p><strong>C\u00f3digo de centro:<\/strong> 28044768<\/p>\n","protected":false},"excerpt":{"rendered":"<p>Breve Historia Es Anselmo Lorenzo (1841-1914) pensador anarquista y activista sindical espa\u00f1ol qui\u00e9n da nombre a nuestro centro. Nacido en el seno de una familia humilde perteneciente a la clase trabajadora (sus padres eran unos campesinos que, en busca de mejor fortuna, se establecieron con sus hijos en Madrid cuando el peque\u00f1o Anselmo era a\u00fan &hellip; <\/p>\n<p class=\"link-more\"><a href=\"https:\/\/site.educa.madrid.org\/ies.anselmolorenzo.sanmartindelavega\/index.php\/inicio\/quienes-somos\/el-centro\/\" class=\"more-link\">Continuar leyendo<span class=\"screen-reader-text\"> \u00abEl centro\u00bb<\/span><\/a><\/p>\n","protected":false},"author":2,"featured_media":0,"parent":120,"menu_order":1,"comment_status":"closed","ping_status":"closed","template":"","meta":{"footnotes":""},"folder":[],"class_list":["post-758","page","type-page","status-publish","hentry"],"rttpg_featured_image_url":null,"rttpg_author":{"display_name":"tic.ies.anselmolorenzo.sanmartindelavega","author_link":"https:\/\/site.educa.madrid.org\/ies.anselmolorenzo.sanmartindelavega\/index.php\/author\/cuenta_tic-ies-anselmolorenzo-sanmartindelavega\/"},"rttpg_comment":0,"rttpg_category":false,"rttpg_excerpt":"Breve Historia Es Anselmo Lorenzo (1841-1914) pensador anarquista y activista sindical espa\u00f1ol qui\u00e9n da nombre a nuestro centro. Nacido en el seno de una familia humilde perteneciente a la clase trabajadora (sus padres eran unos campesinos que, en busca de mejor fortuna, se establecieron con sus hijos en Madrid cuando el peque\u00f1o Anselmo era a\u00fan&hellip;","post_mailing_queue_ids":[],"_links":{"self":[{"href":"https:\/\/site.educa.madrid.org\/ies.anselmolorenzo.sanmartindelavega\/index.php\/wp-json\/wp\/v2\/pages\/758","targetHints":{"allow":["GET"]}}],"collection":[{"href":"https:\/\/site.educa.madrid.org\/ies.anselmolorenzo.sanmartindelavega\/index.php\/wp-json\/wp\/v2\/pages"}],"about":[{"href":"https:\/\/site.educa.madrid.org\/ies.anselmolorenzo.sanmartindelavega\/index.php\/wp-json\/wp\/v2\/types\/page"}],"author":[{"embeddable":true,"href":"https:\/\/site.educa.madrid.org\/ies.anselmolorenzo.sanmartindelavega\/index.php\/wp-json\/wp\/v2\/users\/2"}],"replies":[{"embeddable":true,"href":"https:\/\/site.educa.madrid.org\/ies.anselmolorenzo.sanmartindelavega\/index.php\/wp-json\/wp\/v2\/comments?post=758"}],"version-history":[{"count":17,"href":"https:\/\/site.educa.madrid.org\/ies.anselmolorenzo.sanmartindelavega\/index.php\/wp-json\/wp\/v2\/pages\/758\/revisions"}],"predecessor-version":[{"id":1232,"href":"https:\/\/site.educa.madrid.org\/ies.anselmolorenzo.sanmartindelavega\/index.php\/wp-json\/wp\/v2\/pages\/758\/revisions\/1232"}],"up":[{"embeddable":true,"href":"https:\/\/site.educa.madrid.org\/ies.anselmolorenzo.sanmartindelavega\/index.php\/wp-json\/wp\/v2\/pages\/120"}],"wp:attachment":[{"href":"https:\/\/site.educa.madrid.org\/ies.anselmolorenzo.sanmartindelavega\/index.php\/wp-json\/wp\/v2\/media?parent=758"}],"wp:term":[{"taxonomy":"folder","embeddable":true,"href":"https:\/\/site.educa.madrid.org\/ies.anselmolorenzo.sanmartindelavega\/index.php\/wp-json\/wp\/v2\/folder?post=758"}],"curies":[{"name":"wp","href":"https:\/\/api.w.org\/{rel}","templated":true}]}}