{"id":926,"date":"2023-10-27T00:12:50","date_gmt":"2023-10-26T22:12:50","guid":{"rendered":"https:\/\/site.educa.madrid.org\/ies.anselmolorenzo.sanmartindelavega\/?page_id=926"},"modified":"2026-03-25T10:46:01","modified_gmt":"2026-03-25T09:46:01","slug":"actividades-extraescolares","status":"publish","type":"page","link":"https:\/\/site.educa.madrid.org\/ies.anselmolorenzo.sanmartindelavega\/index.php\/actividades-extraescolares\/","title":{"rendered":"Actividades extraescolares"},"content":{"rendered":"\n<h1 class=\"wp-block-heading\"><span style=\"color: #808000;\"><strong>PROGRAMACI\u00d3N DE ACTIVIDADES EXTRAESCOLARES<\/strong><\/span><\/h1>\n\n\n\n<p><a href=\"https:\/\/site.educa.madrid.org\/ies.anselmolorenzo.sanmartindelavega\/\/wp-content\/uploads\/ies.anselmolorenzo.sanmartindelavega\/2025\/10\/Actividades-extraescolares-25-26-Mensual.pdf\">Actividades extraescolares 25-26&nbsp;<\/a><\/p>\n\n\n\n<h1 class=\"wp-block-heading\"><span style=\"color: #008000;\"><strong>&nbsp;<span style=\"color: #808000;\">VIAJE A PARIS&nbsp; &#8211; 4\u00ba ESO<\/span><\/strong><\/span><\/h1>\n\n\n\n<p>A continuaci\u00f3n se detallan todos los documentos relacionados con el viaje de fin de curso a <strong>Par\u00eds<\/strong> que realizar\u00e1n los alumnos de 4\u00baESO.<\/p>\n\n\n\n<ul class=\"wp-block-list\">\n<li>\n<ul class=\"wp-block-list\">\n<li><a href=\"https:\/\/site.educa.madrid.org\/ies.anselmolorenzo.sanmartindelavega\/\/wp-content\/uploads\/ies.anselmolorenzo.sanmartindelavega\/2025\/10\/AUTORIZACION-PARIS-25-26.pdf\">Autorizaci\u00f3n<\/a><\/li>\n\n\n\n<li><a href=\"https:\/\/site.educa.madrid.org\/ies.anselmolorenzo.sanmartindelavega\/\/wp-content\/uploads\/ies.anselmolorenzo.sanmartindelavega\/2025\/10\/VIAJE-PARIS-25-26.pdf\">Dossier informativo<\/a><\/li>\n\n\n\n<li><a href=\"https:\/\/site.educa.madrid.org\/ies.anselmolorenzo.sanmartindelavega\/\/wp-content\/uploads\/ies.anselmolorenzo.sanmartindelavega\/2024\/10\/MANUAL-GESTOR-PARA-CLIENTES-2024-2025-3.pdf\">Manual gestor para clientes 2025 &#8211; 2026<\/a><\/li>\n\n\n\n<li><a href=\"https:\/\/site.educa.madrid.org\/ies.anselmolorenzo.sanmartindelavega\/\/wp-content\/uploads\/ies.anselmolorenzo.sanmartindelavega\/2025\/10\/REUNION-021025.pdf\">Reuni\u00f3n del 2 de octubre de 2025<\/a><\/li>\n\n\n\n<li><a href=\"https:\/\/site.educa.madrid.org\/ies.anselmolorenzo.sanmartindelavega\/\/wp-content\/uploads\/ies.anselmolorenzo.sanmartindelavega\/2026\/01\/INFORMACION-PARIS-ENERO.pdf\">Informaci\u00f3n de enero 2026<\/a><\/li>\n\n\n\n<li><a href=\"https:\/\/site.educa.madrid.org\/ies.anselmolorenzo.sanmartindelavega\/\/wp-content\/uploads\/ies.anselmolorenzo.sanmartindelavega\/2026\/02\/Declaracion-permiso-de-viaje-fuera-del-territorio-nacional.pdf\">Permiso de viaje fuera del territorio nacional para menores<\/a><\/li>\n\n\n\n<li><a href=\"https:\/\/site.educa.madrid.org\/ies.anselmolorenzo.sanmartindelavega\/\/wp-content\/uploads\/ies.anselmolorenzo.sanmartindelavega\/2026\/02\/DATOS-GUARDIA-CIVIL.pdf\">Datos Guardia Civil<\/a><\/li>\n\n\n\n<li><a href=\"https:\/\/site.educa.madrid.org\/ies.anselmolorenzo.sanmartindelavega\/\/wp-content\/uploads\/ies.anselmolorenzo.sanmartindelavega\/2026\/02\/FICHA-ALUMNOS-PARIS.pdf\">Ficha de recogida de informaci\u00f3n<\/a><\/li>\n\n\n\n<li><a href=\"https:\/\/site.educa.madrid.org\/ies.anselmolorenzo.sanmartindelavega\/\/wp-content\/uploads\/ies.anselmolorenzo.sanmartindelavega\/2026\/03\/ULTIMO-AVISO-VIAJE-PARIS-050326.pdf\">\u00daltimo aviso del viaje<\/a><\/li>\n\n\n\n<li><a href=\"https:\/\/site.educa.madrid.org\/ies.anselmolorenzo.sanmartindelavega\/\/wp-content\/uploads\/ies.anselmolorenzo.sanmartindelavega\/2026\/03\/PLANNING-PARIS.png\">Planning del viaje<\/a><\/li>\n<\/ul>\n<\/li>\n<\/ul>\n\n\n\n<p>&nbsp;<\/p>\n\n\n\n<figure class=\"wp-block-image size-large\"><img loading=\"lazy\" decoding=\"async\" width=\"1024\" height=\"726\" src=\"https:\/\/site.educa.madrid.org\/ies.anselmolorenzo.sanmartindelavega\/\/wp-content\/uploads\/ies.anselmolorenzo.sanmartindelavega\/2026\/03\/TELEFONO-MOVIL-1024x726.png\" alt=\"\" class=\"wp-image-4013\" srcset=\"https:\/\/site.educa.madrid.org\/ies.anselmolorenzo.sanmartindelavega\/\/wp-content\/uploads\/ies.anselmolorenzo.sanmartindelavega\/2026\/03\/TELEFONO-MOVIL-1024x726.png 1024w, https:\/\/site.educa.madrid.org\/ies.anselmolorenzo.sanmartindelavega\/\/wp-content\/uploads\/ies.anselmolorenzo.sanmartindelavega\/2026\/03\/TELEFONO-MOVIL-300x213.png 300w, https:\/\/site.educa.madrid.org\/ies.anselmolorenzo.sanmartindelavega\/\/wp-content\/uploads\/ies.anselmolorenzo.sanmartindelavega\/2026\/03\/TELEFONO-MOVIL-768x545.png 768w, https:\/\/site.educa.madrid.org\/ies.anselmolorenzo.sanmartindelavega\/\/wp-content\/uploads\/ies.anselmolorenzo.sanmartindelavega\/2026\/03\/TELEFONO-MOVIL-1536x1090.png 1536w, https:\/\/site.educa.madrid.org\/ies.anselmolorenzo.sanmartindelavega\/\/wp-content\/uploads\/ies.anselmolorenzo.sanmartindelavega\/2026\/03\/TELEFONO-MOVIL.png 1748w\" sizes=\"auto, (max-width: 767px) 89vw, (max-width: 1000px) 54vw, (max-width: 1071px) 543px, 580px\" \/><\/figure>\n\n\n<div class=\"wp-block-image\">\n<figure class=\"aligncenter is-resized\"><a href=\"https:\/\/site.educa.madrid.org\/ies.anselmolorenzo.sanmartindelavega\/\/wp-content\/uploads\/ies.anselmolorenzo.sanmartindelavega\/2025\/01\/paris-2822264_640.jpg\"><img loading=\"lazy\" decoding=\"async\" width=\"480\" height=\"640\" src=\"https:\/\/site.educa.madrid.org\/ies.anselmolorenzo.sanmartindelavega\/\/wp-content\/uploads\/ies.anselmolorenzo.sanmartindelavega\/2025\/01\/paris-2822264_640.jpg\" alt=\"\" class=\"wp-image-2633\" style=\"width:328px;height:auto\" srcset=\"https:\/\/site.educa.madrid.org\/ies.anselmolorenzo.sanmartindelavega\/\/wp-content\/uploads\/ies.anselmolorenzo.sanmartindelavega\/2025\/01\/paris-2822264_640.jpg 480w, https:\/\/site.educa.madrid.org\/ies.anselmolorenzo.sanmartindelavega\/\/wp-content\/uploads\/ies.anselmolorenzo.sanmartindelavega\/2025\/01\/paris-2822264_640-225x300.jpg 225w, https:\/\/site.educa.madrid.org\/ies.anselmolorenzo.sanmartindelavega\/\/wp-content\/uploads\/ies.anselmolorenzo.sanmartindelavega\/2025\/01\/paris-2822264_640-300x400.jpg 300w\" sizes=\"auto, (max-width: 480px) 100vw, 480px\" \/><\/a><\/figure>\n<\/div>\n\n\n<h1 class=\"wp-block-heading\"><span style=\"color: #008000;\"><strong>&nbsp;<span style=\"color: #808000;\">VIAJE DE ESQU\u00cd&nbsp; &#8211; 3\u00ba ESO<\/span><\/strong><\/span><\/h1>\n\n\n\n<p>A continuaci\u00f3n se detallan todos los documentos relacionados con el viaje de esqu\u00ed a <strong>Andorra<\/strong> que realizar\u00e1n los alumnos de 3\u00ba ESO.<\/p>\n\n\n\n<ul class=\"wp-block-list\">\n<li><a href=\"https:\/\/site.educa.madrid.org\/ies.anselmolorenzo.sanmartindelavega\/\/wp-content\/uploads\/ies.anselmolorenzo.sanmartindelavega\/2025\/10\/REUNION-ESQUI-2526-1.pdf\">Reuni\u00f3n esqu\u00ed Andorra<\/a><\/li>\n\n\n\n<li><a href=\"https:\/\/site.educa.madrid.org\/ies.anselmolorenzo.sanmartindelavega\/\/wp-content\/uploads\/ies.anselmolorenzo.sanmartindelavega\/2025\/10\/AUTORIZACION-ANDORRA-25-26.pdf\">Autorizaci\u00f3n Andorra 25-26<\/a><\/li>\n\n\n\n<li><a href=\"https:\/\/site.educa.madrid.org\/ies.anselmolorenzo.sanmartindelavega\/\/wp-content\/uploads\/ies.anselmolorenzo.sanmartindelavega\/2025\/10\/2026-Inscripciones-y-pagos-web_251006_195201.pdf\">Inscripciones y pagos<\/a><\/li>\n\n\n\n<li><a href=\"https:\/\/site.educa.madrid.org\/ies.anselmolorenzo.sanmartindelavega\/\/wp-content\/uploads\/ies.anselmolorenzo.sanmartindelavega\/2025\/10\/PAGOS-ESQUI.pdf\">Pagos<\/a><\/li>\n\n\n\n<li><a href=\"https:\/\/site.educa.madrid.org\/ies.anselmolorenzo.sanmartindelavega\/\/wp-content\/uploads\/ies.anselmolorenzo.sanmartindelavega\/2026\/02\/FICHA-DATOS-ALUMNO-25-26.doc\">Ficha de inscripci\u00f3n<\/a><\/li>\n\n\n\n<li><a href=\"https:\/\/site.educa.madrid.org\/ies.anselmolorenzo.sanmartindelavega\/\/wp-content\/uploads\/ies.anselmolorenzo.sanmartindelavega\/2026\/02\/Declaracion-permiso-de-viaje-fuera-del-territorio-nacional.pdf\">Permiso de viaje fuera del territorio nacional para menores<\/a><\/li>\n\n\n\n<li><a href=\"https:\/\/site.educa.madrid.org\/ies.anselmolorenzo.sanmartindelavega\/\/wp-content\/uploads\/ies.anselmolorenzo.sanmartindelavega\/2026\/02\/DATOS-GUARDIA-CIVIL.pdf\">Datos Guardia Civil<\/a><\/li>\n<\/ul>\n\n\n\n<div><\/div>\n\n\n\n<h1 class=\"wp-block-heading\"><span style=\"color: #808000;\"><strong>&nbsp;VIAJE DE INMERSI\u00d3N LING\u00dcISTICA A TALAMANCA<\/strong><\/span> <\/h1>\n\n\n\n<h1 class=\"wp-block-heading has-text-align-center\"><span style=\"color: #808000;\"><strong>&nbsp; &#8211; 1\u00ba Y 2\u00ba ESO-<\/strong><\/span><\/h1>\n\n\n\n<p>En los siguientes documentos encontrar\u00e9is la informaci\u00f3n relevante del viaje de inmersi\u00f3n ling\u00fc\u00edstica a <strong>Talamanca<\/strong>:<\/p>\n\n\n\n<ul class=\"wp-block-list\">\n<li><a href=\"https:\/\/site.educa.madrid.org\/ies.anselmolorenzo.sanmartindelavega\/\/wp-content\/uploads\/ies.anselmolorenzo.sanmartindelavega\/2026\/01\/INFORMACION-21-DE-ENERO-1.pdf\">Informaci\u00f3n<\/a><\/li>\n\n\n\n<li><a href=\"https:\/\/site.educa.madrid.org\/ies.anselmolorenzo.sanmartindelavega\/\/wp-content\/uploads\/ies.anselmolorenzo.sanmartindelavega\/2026\/01\/IES-ANSELMO-LORENZO-1.pdf\">Presentaci\u00f3n de la empresa<\/a><\/li>\n\n\n\n<li><a href=\"https:\/\/site.educa.madrid.org\/ies.anselmolorenzo.sanmartindelavega\/\/wp-content\/uploads\/ies.anselmolorenzo.sanmartindelavega\/2026\/01\/FICHA-DATOS-medicos-1.pdf\">Ficha datos m\u00e9dicos<\/a><\/li>\n\n\n\n<li><a href=\"https:\/\/site.educa.madrid.org\/ies.anselmolorenzo.sanmartindelavega\/\/wp-content\/uploads\/ies.anselmolorenzo.sanmartindelavega\/2025\/02\/Normas-de-Convivencia-Inmersion-linguistica.pdf\">Normas de convivencia<\/a><\/li>\n\n\n\n<li><a href=\"https:\/\/site.educa.madrid.org\/ies.anselmolorenzo.sanmartindelavega\/\/wp-content\/uploads\/ies.anselmolorenzo.sanmartindelavega\/2026\/03\/Informacion-reunion-23-marzo.pdf\">Resumen de la reuni\u00f3n del 23 de marzo<\/a><\/li>\n<\/ul>\n\n\n\n<h1 class=\"wp-block-heading\"><span style=\"color: #808000;\"><strong>&nbsp;VIAJE A IRLANDA<\/strong><\/span><\/h1>\n\n\n\n<p>Pod\u00e9is acceder a toda la informaci\u00f3n del viaje a <strong>Irlanda<\/strong> en los siguientes documentos<\/p>\n\n\n\n<ul class=\"wp-block-list\">\n<li><a href=\"https:\/\/site.educa.madrid.org\/ies.anselmolorenzo.sanmartindelavega\/\/wp-content\/uploads\/ies.anselmolorenzo.sanmartindelavega\/2025\/10\/26-006-KILKENNY.pdf\">Informaci\u00f3n<\/a><\/li>\n\n\n\n<li><a href=\"https:\/\/site.educa.madrid.org\/ies.anselmolorenzo.sanmartindelavega\/\/wp-content\/uploads\/ies.anselmolorenzo.sanmartindelavega\/2025\/10\/Formulario-de-inscripcion-editable.pdf\">Inscripci\u00f3n<\/a><\/li>\n\n\n\n<li><a href=\"https:\/\/site.educa.madrid.org\/ies.anselmolorenzo.sanmartindelavega\/\/wp-content\/uploads\/ies.anselmolorenzo.sanmartindelavega\/2026\/01\/Informacion-reunion-19-ENERO.pdf\">Informaci\u00f3n de la reuni\u00f3n del 19 de enero de 2026<\/a><\/li>\n\n\n\n<li><a href=\"https:\/\/site.educa.madrid.org\/ies.anselmolorenzo.sanmartindelavega\/\/wp-content\/uploads\/ies.anselmolorenzo.sanmartindelavega\/2025\/10\/Resumen-coberturas-Dr.-Walter-Asistencia-sanitaria-en-viaje-Incluido.pdf\">Resumen coberturas TravelEnglish (Incluido)<\/a><\/li>\n\n\n\n<li><a href=\"https:\/\/site.educa.madrid.org\/ies.anselmolorenzo.sanmartindelavega\/\/wp-content\/uploads\/ies.anselmolorenzo.sanmartindelavega\/2025\/10\/Estudiantes-Plus-ARAG-Resumen-Coberturas-y-Supuestos-Anulacion-30E-por-semana.pdf\">Cobertura ARAG de estudiantes<\/a><\/li>\n<\/ul>\n\n\n<div class=\"wp-block-image\">\n<figure class=\"aligncenter size-large is-resized\"><img loading=\"lazy\" decoding=\"async\" width=\"798\" height=\"1024\" src=\"https:\/\/site.educa.madrid.org\/ies.anselmolorenzo.sanmartindelavega\/\/wp-content\/uploads\/ies.anselmolorenzo.sanmartindelavega\/2025\/02\/ireland-1312438_1280-798x1024.png\" alt=\"\" class=\"wp-image-2748\" style=\"width:285px;height:auto\" srcset=\"https:\/\/site.educa.madrid.org\/ies.anselmolorenzo.sanmartindelavega\/\/wp-content\/uploads\/ies.anselmolorenzo.sanmartindelavega\/2025\/02\/ireland-1312438_1280-798x1024.png 798w, https:\/\/site.educa.madrid.org\/ies.anselmolorenzo.sanmartindelavega\/\/wp-content\/uploads\/ies.anselmolorenzo.sanmartindelavega\/2025\/02\/ireland-1312438_1280-234x300.png 234w, https:\/\/site.educa.madrid.org\/ies.anselmolorenzo.sanmartindelavega\/\/wp-content\/uploads\/ies.anselmolorenzo.sanmartindelavega\/2025\/02\/ireland-1312438_1280-768x985.png 768w, https:\/\/site.educa.madrid.org\/ies.anselmolorenzo.sanmartindelavega\/\/wp-content\/uploads\/ies.anselmolorenzo.sanmartindelavega\/2025\/02\/ireland-1312438_1280.png 998w\" sizes=\"auto, (max-width: 767px) 89vw, (max-width: 1000px) 54vw, (max-width: 1071px) 543px, 580px\" \/><\/figure>\n<\/div>","protected":false},"excerpt":{"rendered":"<p>PROGRAMACI\u00d3N DE ACTIVIDADES EXTRAESCOLARES Actividades extraescolares 25-26&nbsp; &nbsp;VIAJE A PARIS&nbsp; &#8211; 4\u00ba ESO A continuaci\u00f3n se detallan todos los documentos relacionados con el viaje de fin de curso a Par\u00eds que realizar\u00e1n los alumnos de 4\u00baESO. &nbsp; &nbsp;VIAJE DE ESQU\u00cd&nbsp; &#8211; 3\u00ba ESO A continuaci\u00f3n se detallan todos los documentos relacionados con el viaje de &hellip; <\/p>\n<p class=\"link-more\"><a href=\"https:\/\/site.educa.madrid.org\/ies.anselmolorenzo.sanmartindelavega\/index.php\/actividades-extraescolares\/\" class=\"more-link\">Continuar leyendo<span class=\"screen-reader-text\"> \u00abActividades extraescolares\u00bb<\/span><\/a><\/p>\n","protected":false},"author":2,"featured_media":317,"parent":0,"menu_order":0,"comment_status":"closed","ping_status":"closed","template":"","meta":{"footnotes":""},"folder":[],"class_list":["post-926","page","type-page","status-publish","has-post-thumbnail","hentry"],"rttpg_featured_image_url":{"full":["https:\/\/site.educa.madrid.org\/ies.anselmolorenzo.sanmartindelavega\/\/wp-content\/uploads\/ies.anselmolorenzo.sanmartindelavega\/2022\/06\/melissa-askew-tSlvoSZK77c-unsplash.jpg",1920,1440,false],"landscape":["https:\/\/site.educa.madrid.org\/ies.anselmolorenzo.sanmartindelavega\/\/wp-content\/uploads\/ies.anselmolorenzo.sanmartindelavega\/2022\/06\/melissa-askew-tSlvoSZK77c-unsplash.jpg",1920,1440,false],"portraits":["https:\/\/site.educa.madrid.org\/ies.anselmolorenzo.sanmartindelavega\/\/wp-content\/uploads\/ies.anselmolorenzo.sanmartindelavega\/2022\/06\/melissa-askew-tSlvoSZK77c-unsplash.jpg",1920,1440,false],"thumbnail":["https:\/\/site.educa.madrid.org\/ies.anselmolorenzo.sanmartindelavega\/\/wp-content\/uploads\/ies.anselmolorenzo.sanmartindelavega\/2022\/06\/melissa-askew-tSlvoSZK77c-unsplash-150x150.jpg",150,150,true],"medium":["https:\/\/site.educa.madrid.org\/ies.anselmolorenzo.sanmartindelavega\/\/wp-content\/uploads\/ies.anselmolorenzo.sanmartindelavega\/2022\/06\/melissa-askew-tSlvoSZK77c-unsplash-300x225.jpg",300,225,true],"large":["https:\/\/site.educa.madrid.org\/ies.anselmolorenzo.sanmartindelavega\/\/wp-content\/uploads\/ies.anselmolorenzo.sanmartindelavega\/2022\/06\/melissa-askew-tSlvoSZK77c-unsplash-1024x768.jpg",525,394,true],"thumblist":["https:\/\/site.educa.madrid.org\/ies.anselmolorenzo.sanmartindelavega\/\/wp-content\/uploads\/ies.anselmolorenzo.sanmartindelavega\/2022\/06\/melissa-askew-tSlvoSZK77c-unsplash-300x300.jpg",300,300,true],"thumbrelated":["https:\/\/site.educa.madrid.org\/ies.anselmolorenzo.sanmartindelavega\/\/wp-content\/uploads\/ies.anselmolorenzo.sanmartindelavega\/2022\/06\/melissa-askew-tSlvoSZK77c-unsplash.jpg",500,375,false],"meccarouselthumb":["https:\/\/site.educa.madrid.org\/ies.anselmolorenzo.sanmartindelavega\/\/wp-content\/uploads\/ies.anselmolorenzo.sanmartindelavega\/2022\/06\/melissa-askew-tSlvoSZK77c-unsplash-474x324.jpg",474,324,true],"gridsquare":["https:\/\/site.educa.madrid.org\/ies.anselmolorenzo.sanmartindelavega\/\/wp-content\/uploads\/ies.anselmolorenzo.sanmartindelavega\/2022\/06\/melissa-askew-tSlvoSZK77c-unsplash-391x260.jpg",391,260,true],"tileview":["https:\/\/site.educa.madrid.org\/ies.anselmolorenzo.sanmartindelavega\/\/wp-content\/uploads\/ies.anselmolorenzo.sanmartindelavega\/2022\/06\/melissa-askew-tSlvoSZK77c-unsplash-300x400.jpg",300,400,true],"1536x1536":["https:\/\/site.educa.madrid.org\/ies.anselmolorenzo.sanmartindelavega\/\/wp-content\/uploads\/ies.anselmolorenzo.sanmartindelavega\/2022\/06\/melissa-askew-tSlvoSZK77c-unsplash-1536x1152.jpg",1536,1152,true],"2048x2048":["https:\/\/site.educa.madrid.org\/ies.anselmolorenzo.sanmartindelavega\/\/wp-content\/uploads\/ies.anselmolorenzo.sanmartindelavega\/2022\/06\/melissa-askew-tSlvoSZK77c-unsplash.jpg",1920,1440,false],"twentyseventeen-featured-image":["https:\/\/site.educa.madrid.org\/ies.anselmolorenzo.sanmartindelavega\/\/wp-content\/uploads\/ies.anselmolorenzo.sanmartindelavega\/2022\/06\/melissa-askew-tSlvoSZK77c-unsplash-1920x1200.jpg",1920,1200,true],"twentyseventeen-thumbnail-avatar":["https:\/\/site.educa.madrid.org\/ies.anselmolorenzo.sanmartindelavega\/\/wp-content\/uploads\/ies.anselmolorenzo.sanmartindelavega\/2022\/06\/melissa-askew-tSlvoSZK77c-unsplash-100x100.jpg",100,100,true],"sow-carousel-default":["https:\/\/site.educa.madrid.org\/ies.anselmolorenzo.sanmartindelavega\/\/wp-content\/uploads\/ies.anselmolorenzo.sanmartindelavega\/2022\/06\/melissa-askew-tSlvoSZK77c-unsplash-272x182.jpg",272,182,true],"sow-post-carousel-overlay-theme":["https:\/\/site.educa.madrid.org\/ies.anselmolorenzo.sanmartindelavega\/\/wp-content\/uploads\/ies.anselmolorenzo.sanmartindelavega\/2022\/06\/melissa-askew-tSlvoSZK77c-unsplash.jpg",360,270,false],"sow-post-carousel-cards-theme":["https:\/\/site.educa.madrid.org\/ies.anselmolorenzo.sanmartindelavega\/\/wp-content\/uploads\/ies.anselmolorenzo.sanmartindelavega\/2022\/06\/melissa-askew-tSlvoSZK77c-unsplash.jpg",320,240,false],"rt_custom":["https:\/\/site.educa.madrid.org\/ies.anselmolorenzo.sanmartindelavega\/\/wp-content\/uploads\/ies.anselmolorenzo.sanmartindelavega\/2022\/06\/melissa-askew-tSlvoSZK77c-unsplash.jpg",1920,1440,false]},"rttpg_author":{"display_name":"tic.ies.anselmolorenzo.sanmartindelavega","author_link":"https:\/\/site.educa.madrid.org\/ies.anselmolorenzo.sanmartindelavega\/index.php\/author\/cuenta_tic-ies-anselmolorenzo-sanmartindelavega\/"},"rttpg_comment":0,"rttpg_category":false,"rttpg_excerpt":"PROGRAMACI\u00d3N DE ACTIVIDADES EXTRAESCOLARES Actividades extraescolares 25-26&nbsp; &nbsp;VIAJE A PARIS&nbsp; &#8211; 4\u00ba ESO A continuaci\u00f3n se detallan todos los documentos relacionados con el viaje de fin de curso a Par\u00eds que realizar\u00e1n los alumnos de 4\u00baESO. &nbsp; &nbsp;VIAJE DE ESQU\u00cd&nbsp; &#8211; 3\u00ba ESO A continuaci\u00f3n se detallan todos los documentos relacionados con el viaje de&hellip;","post_mailing_queue_ids":[],"_links":{"self":[{"href":"https:\/\/site.educa.madrid.org\/ies.anselmolorenzo.sanmartindelavega\/index.php\/wp-json\/wp\/v2\/pages\/926","targetHints":{"allow":["GET"]}}],"collection":[{"href":"https:\/\/site.educa.madrid.org\/ies.anselmolorenzo.sanmartindelavega\/index.php\/wp-json\/wp\/v2\/pages"}],"about":[{"href":"https:\/\/site.educa.madrid.org\/ies.anselmolorenzo.sanmartindelavega\/index.php\/wp-json\/wp\/v2\/types\/page"}],"author":[{"embeddable":true,"href":"https:\/\/site.educa.madrid.org\/ies.anselmolorenzo.sanmartindelavega\/index.php\/wp-json\/wp\/v2\/users\/2"}],"replies":[{"embeddable":true,"href":"https:\/\/site.educa.madrid.org\/ies.anselmolorenzo.sanmartindelavega\/index.php\/wp-json\/wp\/v2\/comments?post=926"}],"version-history":[{"count":50,"href":"https:\/\/site.educa.madrid.org\/ies.anselmolorenzo.sanmartindelavega\/index.php\/wp-json\/wp\/v2\/pages\/926\/revisions"}],"predecessor-version":[{"id":4044,"href":"https:\/\/site.educa.madrid.org\/ies.anselmolorenzo.sanmartindelavega\/index.php\/wp-json\/wp\/v2\/pages\/926\/revisions\/4044"}],"wp:featuredmedia":[{"embeddable":true,"href":"https:\/\/site.educa.madrid.org\/ies.anselmolorenzo.sanmartindelavega\/index.php\/wp-json\/wp\/v2\/media\/317"}],"wp:attachment":[{"href":"https:\/\/site.educa.madrid.org\/ies.anselmolorenzo.sanmartindelavega\/index.php\/wp-json\/wp\/v2\/media?parent=926"}],"wp:term":[{"taxonomy":"folder","embeddable":true,"href":"https:\/\/site.educa.madrid.org\/ies.anselmolorenzo.sanmartindelavega\/index.php\/wp-json\/wp\/v2\/folder?post=926"}],"curies":[{"name":"wp","href":"https:\/\/api.w.org\/{rel}","templated":true}]}}