{"id":1432,"date":"2024-03-13T16:21:17","date_gmt":"2024-03-13T15:21:17","guid":{"rendered":"https:\/\/site.educa.madrid.org\/ies.antoniodenebrija.mostoles\/?page_id=1432"},"modified":"2025-02-03T18:08:46","modified_gmt":"2025-02-03T17:08:46","slug":"viajes-de-immersion-linguistica","status":"publish","type":"page","link":"https:\/\/site.educa.madrid.org\/ies.antoniodenebrija.mostoles\/index.php\/viajes-de-immersion-linguistica\/","title":{"rendered":"VIAJES DE IMMERSI\u00d3N LING\u00dcISTICA"},"content":{"rendered":"\n<div class=\"wp-block-rttpg-row alignfull rttpg-block-postgrid rttpg-block-1fa710 rttpg-block rttpg-row-wrap rttpg-block-frontend\" style=\"--d-gap-x:20px;--t-gap-x:20px;--m-gap-x:20px;--d-gap-y:20px;--t-gap-y:20px;--m-gap-y:20px\"><div class=\"rttpg-container\"><div class=\"rttpg-row\">\n<div class=\"wp-block-rttpg-column rttpg-block-postgrid rttpg-block-eda8b0 rttpg-block rttpg-column rttpg-block-frontend\">\n<p>VIAJE A MALAHIDE 2025<\/p>\n\n\n\n<p>Al igual que en a\u00f1os anteriores, se ha organizado un viaje de inmersi\u00f3n ling\u00fc\u00edstica para los alumnos de 3\u00ba de ESO. El destino es Malahide, en Irlanda, y la informaci\u00f3n b\u00e1sica del viaje est\u00e1 en el documento que aparece a continuaci\u00f3n. <\/p>\n\n\n\n<p>Se ha creado tambi\u00e9n un aula de Google Classroom (dentro del entorno de EducaMadrid) con todos los alumnos participantes en el viaje, para publicar novedades y para resolver dudas generales que puedan surgir.<\/p>\n\n\n\n<div data-wp-interactive=\"core\/file\" class=\"wp-block-file\"><object data-wp-bind--hidden=\"!state.hasPdfPreview\" hidden class=\"wp-block-file__embed\" data=\"https:\/\/site.educa.madrid.org\/ies.antoniodenebrija.mostoles\/\/wp-content\/uploads\/ies.antoniodenebrija.mostoles\/2025\/02\/Viaje-a-Irlanda-2025-reunion-enero.pdf\" type=\"application\/pdf\" style=\"width:100%;height:600px\" aria-label=\"Incrustado de Viaje-a-Irlanda-2025-reunion-enero.\"><\/object><a id=\"wp-block-file--media-756f609e-4d60-428d-a6be-fe9e2aac6075\" href=\"https:\/\/site.educa.madrid.org\/ies.antoniodenebrija.mostoles\/\/wp-content\/uploads\/ies.antoniodenebrija.mostoles\/2025\/02\/Viaje-a-Irlanda-2025-reunion-enero.pdf\">Viaje-a-Irlanda-2025-reunion-enero<\/a><a href=\"https:\/\/site.educa.madrid.org\/ies.antoniodenebrija.mostoles\/\/wp-content\/uploads\/ies.antoniodenebrija.mostoles\/2025\/02\/Viaje-a-Irlanda-2025-reunion-enero.pdf\" class=\"wp-block-file__button wp-element-button\" download aria-describedby=\"wp-block-file--media-756f609e-4d60-428d-a6be-fe9e2aac6075\">Descarga<\/a><\/div>\n<\/div>\n\n\n\n<div class=\"wp-block-rttpg-column rttpg-block-postgrid rttpg-block-3bfaf2 rttpg-block rttpg-column rttpg-block-frontend\">\n<figure class=\"wp-block-image size-full\"><img loading=\"lazy\" decoding=\"async\" width=\"640\" height=\"400\" src=\"https:\/\/site.educa.madrid.org\/ies.antoniodenebrija.mostoles\/\/wp-content\/uploads\/ies.antoniodenebrija.mostoles\/2024\/03\/malahide-castle-1.jpg\" alt=\"\" class=\"wp-image-1693\" srcset=\"https:\/\/site.educa.madrid.org\/ies.antoniodenebrija.mostoles\/\/wp-content\/uploads\/ies.antoniodenebrija.mostoles\/2024\/03\/malahide-castle-1.jpg 640w, https:\/\/site.educa.madrid.org\/ies.antoniodenebrija.mostoles\/\/wp-content\/uploads\/ies.antoniodenebrija.mostoles\/2024\/03\/malahide-castle-1-300x188.jpg 300w, https:\/\/site.educa.madrid.org\/ies.antoniodenebrija.mostoles\/\/wp-content\/uploads\/ies.antoniodenebrija.mostoles\/2024\/03\/malahide-castle-1-480x300.jpg 480w\" sizes=\"auto, (max-width: 640px) 100vw, 640px\" \/><\/figure>\n<\/div>\n<\/div><\/div><\/div>\n","protected":false},"excerpt":{"rendered":"","protected":false},"author":16,"featured_media":0,"parent":0,"menu_order":0,"comment_status":"closed","ping_status":"closed","template":"","meta":{"footnotes":""},"folder":[],"class_list":["post-1432","page","type-page","status-publish","hentry"],"rttpg_featured_image_url":null,"rttpg_author":{"display_name":"M.Cristina de Gu\u00eda Bravo","author_link":"https:\/\/site.educa.madrid.org\/ies.antoniodenebrija.mostoles\/index.php\/author\/m-cristina-de_gua-bravo\/"},"rttpg_comment":0,"rttpg_category":false,"rttpg_excerpt":null,"post_mailing_queue_ids":[],"_links":{"self":[{"href":"https:\/\/site.educa.madrid.org\/ies.antoniodenebrija.mostoles\/index.php\/wp-json\/wp\/v2\/pages\/1432","targetHints":{"allow":["GET"]}}],"collection":[{"href":"https:\/\/site.educa.madrid.org\/ies.antoniodenebrija.mostoles\/index.php\/wp-json\/wp\/v2\/pages"}],"about":[{"href":"https:\/\/site.educa.madrid.org\/ies.antoniodenebrija.mostoles\/index.php\/wp-json\/wp\/v2\/types\/page"}],"author":[{"embeddable":true,"href":"https:\/\/site.educa.madrid.org\/ies.antoniodenebrija.mostoles\/index.php\/wp-json\/wp\/v2\/users\/16"}],"replies":[{"embeddable":true,"href":"https:\/\/site.educa.madrid.org\/ies.antoniodenebrija.mostoles\/index.php\/wp-json\/wp\/v2\/comments?post=1432"}],"version-history":[{"count":9,"href":"https:\/\/site.educa.madrid.org\/ies.antoniodenebrija.mostoles\/index.php\/wp-json\/wp\/v2\/pages\/1432\/revisions"}],"predecessor-version":[{"id":2590,"href":"https:\/\/site.educa.madrid.org\/ies.antoniodenebrija.mostoles\/index.php\/wp-json\/wp\/v2\/pages\/1432\/revisions\/2590"}],"wp:attachment":[{"href":"https:\/\/site.educa.madrid.org\/ies.antoniodenebrija.mostoles\/index.php\/wp-json\/wp\/v2\/media?parent=1432"}],"wp:term":[{"taxonomy":"folder","embeddable":true,"href":"https:\/\/site.educa.madrid.org\/ies.antoniodenebrija.mostoles\/index.php\/wp-json\/wp\/v2\/folder?post=1432"}],"curies":[{"name":"wp","href":"https:\/\/api.w.org\/{rel}","templated":true}]}}