{"id":1916,"date":"2024-07-31T21:26:40","date_gmt":"2024-07-31T19:26:40","guid":{"rendered":"https:\/\/site.educa.madrid.org\/ies.antoniodenebrija.mostoles\/?page_id=1916"},"modified":"2024-11-10T23:40:22","modified_gmt":"2024-11-10T22:40:22","slug":"proyecto-olimpidas-nebrijanas","status":"publish","type":"page","link":"https:\/\/site.educa.madrid.org\/ies.antoniodenebrija.mostoles\/index.php\/proyecto-olimpidas-nebrijanas\/","title":{"rendered":"PROYECTO OLIMPIADAS NEBRIJANAS"},"content":{"rendered":"<p>PROYECTO OLIMPIADAS<\/p>\n<p>Objetivo. Desarrollar una Olimpiada Deportiva en las clases y en los recreos basada en el modelo pedag\u00f3gico \u201cEducaci\u00f3n Deportiva\u201d donde se fomente la integraci\u00f3n social y los valores positivos del deporte y la actividad f\u00edsica saludable a nivel f\u00edsico, social y mental. En ella el alumnado tendr\u00e1 que adquirir diferentes roles adem\u00e1s del de jugador: periodista, dise\u00f1adores de escudos y camisetas, mediadores, creadores de himnos, \u00e1rbitros, entrenadores, nutricionistas, cr\u00edticos\u2026 involucrando as\u00ed a otros departamentos \u00a0(adem\u00e1s del de Educaci\u00f3n F\u00edsica) que podr\u00e1n dar puntos ol\u00edmpicos como premio en las tareas de las diferentes materias que se relacionen con la Olimpiada.<\/p>\n<p>Durante el curso muchos de los contenidos tratados en las clases de Educaci\u00f3n F\u00edsica se incluyen en este Proyecto Olimpiadas del centro. Con esta metodolog\u00eda se trata de ofrecer una experiencia deportiva aut\u00e9ntica.<\/p>\n\n<div class=\"wp-block-image\">\n<figure class=\"aligncenter size-large is-resized\"><img loading=\"lazy\" decoding=\"async\" width=\"1024\" height=\"950\" src=\"https:\/\/site.educa.madrid.org\/ies.antoniodenebrija.mostoles\/\/wp-content\/uploads\/ies.antoniodenebrija.mostoles\/2024\/11\/logo_olimpicNEBRIJA-1024x950.png\" alt=\"\" class=\"wp-image-2226\" style=\"width:840px;height:auto\" srcset=\"https:\/\/site.educa.madrid.org\/ies.antoniodenebrija.mostoles\/\/wp-content\/uploads\/ies.antoniodenebrija.mostoles\/2024\/11\/logo_olimpicNEBRIJA-1024x950.png 1024w, https:\/\/site.educa.madrid.org\/ies.antoniodenebrija.mostoles\/\/wp-content\/uploads\/ies.antoniodenebrija.mostoles\/2024\/11\/logo_olimpicNEBRIJA-300x278.png 300w, https:\/\/site.educa.madrid.org\/ies.antoniodenebrija.mostoles\/\/wp-content\/uploads\/ies.antoniodenebrija.mostoles\/2024\/11\/logo_olimpicNEBRIJA-768x713.png 768w, https:\/\/site.educa.madrid.org\/ies.antoniodenebrija.mostoles\/\/wp-content\/uploads\/ies.antoniodenebrija.mostoles\/2024\/11\/logo_olimpicNEBRIJA-1536x1425.png 1536w, https:\/\/site.educa.madrid.org\/ies.antoniodenebrija.mostoles\/\/wp-content\/uploads\/ies.antoniodenebrija.mostoles\/2024\/11\/logo_olimpicNEBRIJA.png 1736w\" sizes=\"auto, (max-width: 1024px) 100vw, 1024px\" \/><figcaption class=\"wp-element-caption\"><strong>Logo curso 24 25<\/strong><\/figcaption><\/figure>\n<\/div>\n\n<div class=\"wp-block-image\">\n<figure class=\"aligncenter size-full\"><img loading=\"lazy\" decoding=\"async\" width=\"509\" height=\"439\" src=\"https:\/\/site.educa.madrid.org\/ies.antoniodenebrija.mostoles\/\/wp-content\/uploads\/ies.antoniodenebrija.mostoles\/2024\/07\/olimpic-games-bueno-2.png\" alt=\"\" class=\"wp-image-1913\" srcset=\"https:\/\/site.educa.madrid.org\/ies.antoniodenebrija.mostoles\/\/wp-content\/uploads\/ies.antoniodenebrija.mostoles\/2024\/07\/olimpic-games-bueno-2.png 509w, https:\/\/site.educa.madrid.org\/ies.antoniodenebrija.mostoles\/\/wp-content\/uploads\/ies.antoniodenebrija.mostoles\/2024\/07\/olimpic-games-bueno-2-300x259.png 300w\" sizes=\"auto, (max-width: 509px) 100vw, 509px\" \/><figcaption class=\"wp-element-caption\"><strong>Logo curso 23 24<\/strong><\/figcaption><\/figure>\n<\/div>","protected":false},"excerpt":{"rendered":"<p>PROYECTO OLIMPIADAS Objetivo. Desarrollar una Olimpiada Deportiva en las clases y en los recreos basada en el modelo pedag\u00f3gico \u201cEducaci\u00f3n Deportiva\u201d donde se fomente la integraci\u00f3n social y los valores &#8230;<\/p>\n","protected":false},"author":11,"featured_media":0,"parent":0,"menu_order":0,"comment_status":"closed","ping_status":"closed","template":"","meta":{"footnotes":""},"folder":[],"class_list":["post-1916","page","type-page","status-publish","hentry"],"rttpg_featured_image_url":null,"rttpg_author":{"display_name":"Alicia C\u00e1ceres Garc\u00eda","author_link":"https:\/\/site.educa.madrid.org\/ies.antoniodenebrija.mostoles\/index.php\/author\/alicia_caceres-garcia\/"},"rttpg_comment":0,"rttpg_category":false,"rttpg_excerpt":"PROYECTO OLIMPIADAS Objetivo. Desarrollar una Olimpiada Deportiva en las clases y en los recreos basada en el modelo pedag\u00f3gico \u201cEducaci\u00f3n Deportiva\u201d donde se fomente la integraci\u00f3n social y los valores ...","post_mailing_queue_ids":[],"_links":{"self":[{"href":"https:\/\/site.educa.madrid.org\/ies.antoniodenebrija.mostoles\/index.php\/wp-json\/wp\/v2\/pages\/1916","targetHints":{"allow":["GET"]}}],"collection":[{"href":"https:\/\/site.educa.madrid.org\/ies.antoniodenebrija.mostoles\/index.php\/wp-json\/wp\/v2\/pages"}],"about":[{"href":"https:\/\/site.educa.madrid.org\/ies.antoniodenebrija.mostoles\/index.php\/wp-json\/wp\/v2\/types\/page"}],"author":[{"embeddable":true,"href":"https:\/\/site.educa.madrid.org\/ies.antoniodenebrija.mostoles\/index.php\/wp-json\/wp\/v2\/users\/11"}],"replies":[{"embeddable":true,"href":"https:\/\/site.educa.madrid.org\/ies.antoniodenebrija.mostoles\/index.php\/wp-json\/wp\/v2\/comments?post=1916"}],"version-history":[{"count":7,"href":"https:\/\/site.educa.madrid.org\/ies.antoniodenebrija.mostoles\/index.php\/wp-json\/wp\/v2\/pages\/1916\/revisions"}],"predecessor-version":[{"id":2236,"href":"https:\/\/site.educa.madrid.org\/ies.antoniodenebrija.mostoles\/index.php\/wp-json\/wp\/v2\/pages\/1916\/revisions\/2236"}],"wp:attachment":[{"href":"https:\/\/site.educa.madrid.org\/ies.antoniodenebrija.mostoles\/index.php\/wp-json\/wp\/v2\/media?parent=1916"}],"wp:term":[{"taxonomy":"folder","embeddable":true,"href":"https:\/\/site.educa.madrid.org\/ies.antoniodenebrija.mostoles\/index.php\/wp-json\/wp\/v2\/folder?post=1916"}],"curies":[{"name":"wp","href":"https:\/\/api.w.org\/{rel}","templated":true}]}}