{"id":2166,"date":"2024-10-31T13:58:10","date_gmt":"2024-10-31T12:58:10","guid":{"rendered":"https:\/\/site.educa.madrid.org\/ies.antoniodenebrija.mostoles\/?page_id=2166"},"modified":"2025-09-11T09:37:53","modified_gmt":"2025-09-11T07:37:53","slug":"profesores-y-asignaturas-impartidas-biologia-y-geologia","status":"publish","type":"page","link":"https:\/\/site.educa.madrid.org\/ies.antoniodenebrija.mostoles\/index.php\/departamentos\/departamento-de-biologia\/profesores-y-asignaturas-impartidas-biologia-y-geologia\/","title":{"rendered":"Profesores y asignaturas impartidas (Biolog\u00eda y Geolog\u00eda)"},"content":{"rendered":"\n<figure class=\"wp-block-table is-style-stripes has-medium-font-size\"><table><tbody><tr><td class=\"has-text-align-left\" data-align=\"left\"><strong>Profesor<\/strong><\/td><td><strong>Asignaturas que imparte<\/strong><\/td><\/tr><tr><td class=\"has-text-align-left\" data-align=\"left\">Daniel Leralta Garc\u00eda<\/td><td>Biolog\u00eda y Geolog\u00eda de 1\u00ba de la ESO (programa)<br>Biolog\u00eda y Geolog\u00eda de 3\u00ba de la ESO (programa)<br>Biolog\u00eda y Geolog\u00eda: 4\u00ba de la ESO<\/td><\/tr><tr><td class=\"has-text-align-left\" data-align=\"left\">Antonio Saez Mart\u00edn<\/td><td>Biolog\u00eda y Geolog\u00eda: 1\u00ba de la ESO (secci\u00f3n y programa)<br>Biolog\u00eda y Geolog\u00eda: 3\u00ba de la ESO (secci\u00f3n)<br>Biolog\u00eda y Geolog\u00eda: 4\u00ba de la ESO<br>Anatom\u00eda y Fisiolog\u00eda Humanas (Optativa de 1\u00ba de Bachillerato)<\/td><\/tr><tr><td class=\"has-text-align-left\" data-align=\"left\">Sara Sacrist\u00e1n Horcajada<br>(Jefa de departamento)<\/td><td>Biolog\u00eda y Geolog\u00eda: 1\u00ba de la ESO (secci\u00f3n)<br>Optativa de proyecto (3\u00ba ESO): H\u00e1bitos saldables<br>Biolog\u00eda, Geolog\u00eda y Ciencias Ambientales (1\u00ba de Bachillerato)<br>Biolog\u00eda de 2\u00ba de Bachillerato<\/td><\/tr><\/tbody><\/table><\/figure>\n","protected":false},"excerpt":{"rendered":"<p>Profesor Asignaturas que imparte Daniel Leralta Garc\u00eda Biolog\u00eda y Geolog\u00eda de 1\u00ba de la ESO (programa)Biolog\u00eda y Geolog\u00eda de 3\u00ba de la ESO (programa)Biolog\u00eda y Geolog\u00eda: 4\u00ba de la ESO &#8230;<\/p>\n","protected":false},"author":8,"featured_media":0,"parent":548,"menu_order":0,"comment_status":"closed","ping_status":"closed","template":"","meta":{"footnotes":""},"folder":[],"class_list":["post-2166","page","type-page","status-publish","hentry"],"rttpg_featured_image_url":null,"rttpg_author":{"display_name":"Sara Sacrist\u00e1n Horcajada","author_link":"https:\/\/site.educa.madrid.org\/ies.antoniodenebrija.mostoles\/index.php\/author\/sara_sacristn-horcajada\/"},"rttpg_comment":0,"rttpg_category":false,"rttpg_excerpt":"Profesor Asignaturas que imparte Daniel Leralta Garc\u00eda Biolog\u00eda y Geolog\u00eda de 1\u00ba de la ESO (programa)Biolog\u00eda y Geolog\u00eda de 3\u00ba de la ESO (programa)Biolog\u00eda y Geolog\u00eda: 4\u00ba de la ESO ...","post_mailing_queue_ids":[],"_links":{"self":[{"href":"https:\/\/site.educa.madrid.org\/ies.antoniodenebrija.mostoles\/index.php\/wp-json\/wp\/v2\/pages\/2166","targetHints":{"allow":["GET"]}}],"collection":[{"href":"https:\/\/site.educa.madrid.org\/ies.antoniodenebrija.mostoles\/index.php\/wp-json\/wp\/v2\/pages"}],"about":[{"href":"https:\/\/site.educa.madrid.org\/ies.antoniodenebrija.mostoles\/index.php\/wp-json\/wp\/v2\/types\/page"}],"author":[{"embeddable":true,"href":"https:\/\/site.educa.madrid.org\/ies.antoniodenebrija.mostoles\/index.php\/wp-json\/wp\/v2\/users\/8"}],"replies":[{"embeddable":true,"href":"https:\/\/site.educa.madrid.org\/ies.antoniodenebrija.mostoles\/index.php\/wp-json\/wp\/v2\/comments?post=2166"}],"version-history":[{"count":10,"href":"https:\/\/site.educa.madrid.org\/ies.antoniodenebrija.mostoles\/index.php\/wp-json\/wp\/v2\/pages\/2166\/revisions"}],"predecessor-version":[{"id":4004,"href":"https:\/\/site.educa.madrid.org\/ies.antoniodenebrija.mostoles\/index.php\/wp-json\/wp\/v2\/pages\/2166\/revisions\/4004"}],"up":[{"embeddable":true,"href":"https:\/\/site.educa.madrid.org\/ies.antoniodenebrija.mostoles\/index.php\/wp-json\/wp\/v2\/pages\/548"}],"wp:attachment":[{"href":"https:\/\/site.educa.madrid.org\/ies.antoniodenebrija.mostoles\/index.php\/wp-json\/wp\/v2\/media?parent=2166"}],"wp:term":[{"taxonomy":"folder","embeddable":true,"href":"https:\/\/site.educa.madrid.org\/ies.antoniodenebrija.mostoles\/index.php\/wp-json\/wp\/v2\/folder?post=2166"}],"curies":[{"name":"wp","href":"https:\/\/api.w.org\/{rel}","templated":true}]}}