{"id":2211,"date":"2024-10-31T14:24:47","date_gmt":"2024-10-31T13:24:47","guid":{"rendered":"https:\/\/site.educa.madrid.org\/ies.antoniodenebrija.mostoles\/?page_id=2211"},"modified":"2025-09-11T09:45:05","modified_gmt":"2025-09-11T07:45:05","slug":"practicas-de-laboratorio-biologia-y-geologia","status":"publish","type":"page","link":"https:\/\/site.educa.madrid.org\/ies.antoniodenebrija.mostoles\/index.php\/departamentos\/departamento-de-biologia\/practicas-de-laboratorio-biologia-y-geologia\/","title":{"rendered":"Pr\u00e1cticas de laboratorio (Biolog\u00eda y Geolog\u00eda)"},"content":{"rendered":"\n<p>En el departamento de Biolog\u00eda y Geolog\u00eda del IES Antonio de Nebrija creemos que las pr\u00e1cticas de laboratorio son una parte fundamental de cualquier asignatura de ciencias. Por ello, incluimos pr\u00e1cticas de laboratorio relacionadas con los contenidos en todos nuestros niveles.<\/p>\n\n\n\n<div class=\"wp-block-media-text is-stacked-on-mobile\" style=\"grid-template-columns:34% auto\"><figure class=\"wp-block-media-text__media\"><img loading=\"lazy\" decoding=\"async\" width=\"1024\" height=\"1024\" src=\"https:\/\/site.educa.madrid.org\/ies.antoniodenebrija.mostoles\/\/wp-content\/uploads\/ies.antoniodenebrija.mostoles\/2025\/02\/1738752365142-1024x1024.jpg\" alt=\"\" class=\"wp-image-2694 size-full\" srcset=\"https:\/\/site.educa.madrid.org\/ies.antoniodenebrija.mostoles\/\/wp-content\/uploads\/ies.antoniodenebrija.mostoles\/2025\/02\/1738752365142-1024x1024.jpg 1024w, https:\/\/site.educa.madrid.org\/ies.antoniodenebrija.mostoles\/\/wp-content\/uploads\/ies.antoniodenebrija.mostoles\/2025\/02\/1738752365142-300x300.jpg 300w, https:\/\/site.educa.madrid.org\/ies.antoniodenebrija.mostoles\/\/wp-content\/uploads\/ies.antoniodenebrija.mostoles\/2025\/02\/1738752365142-150x150.jpg 150w, https:\/\/site.educa.madrid.org\/ies.antoniodenebrija.mostoles\/\/wp-content\/uploads\/ies.antoniodenebrija.mostoles\/2025\/02\/1738752365142-768x768.jpg 768w, https:\/\/site.educa.madrid.org\/ies.antoniodenebrija.mostoles\/\/wp-content\/uploads\/ies.antoniodenebrija.mostoles\/2025\/02\/1738752365142-500x500.jpg 500w, https:\/\/site.educa.madrid.org\/ies.antoniodenebrija.mostoles\/\/wp-content\/uploads\/ies.antoniodenebrija.mostoles\/2025\/02\/1738752365142-1536x1536.jpg 1536w, https:\/\/site.educa.madrid.org\/ies.antoniodenebrija.mostoles\/\/wp-content\/uploads\/ies.antoniodenebrija.mostoles\/2025\/02\/1738752365142-2048x2048.jpg 2048w\" sizes=\"auto, (max-width: 1024px) 100vw, 1024px\" \/><\/figure><div class=\"wp-block-media-text__content\">\n<p><strong>1\u00ba de a ESO<\/strong><\/p>\n\n\n\n<ul class=\"wp-block-list\">\n<li>Descripci\u00f3n e identificaci\u00f3n de minerales y rocas.<\/li>\n\n\n\n<li>Aprender a usar el microscopio.<\/li>\n\n\n\n<li>Comparaci\u00f3n de c\u00e9lulas animales y vegetales.<\/li>\n\n\n\n<li>Estudio de microorganismos (protozoos y hongos unicelulares).<\/li>\n\n\n\n<li>Preparaci\u00f3n y descripci\u00f3n de muestras de epidermis de hojas con estomas.<\/li>\n\n\n\n<li>Descripci\u00f3n e identificaci\u00f3n de ejemplares biol\u00f3gicos de algas, hongos, animales y vegetales.<\/li>\n<\/ul>\n<\/div><\/div>\n\n\n\n<div style=\"height:38px\" aria-hidden=\"true\" class=\"wp-block-spacer\"><\/div>\n\n\n\n<figure class=\"wp-block-gallery has-nested-images columns-default is-cropped wp-block-gallery-1 is-layout-flex wp-block-gallery-is-layout-flex\">\n<figure class=\"wp-block-image size-large\"><img loading=\"lazy\" decoding=\"async\" width=\"1024\" height=\"782\" data-id=\"2688\" src=\"https:\/\/site.educa.madrid.org\/ies.antoniodenebrija.mostoles\/\/wp-content\/uploads\/ies.antoniodenebrija.mostoles\/2024\/02\/PORIFEROS-1024x782.jpg\" alt=\"\" class=\"wp-image-2688\" srcset=\"https:\/\/site.educa.madrid.org\/ies.antoniodenebrija.mostoles\/\/wp-content\/uploads\/ies.antoniodenebrija.mostoles\/2024\/02\/PORIFEROS-1024x782.jpg 1024w, https:\/\/site.educa.madrid.org\/ies.antoniodenebrija.mostoles\/\/wp-content\/uploads\/ies.antoniodenebrija.mostoles\/2024\/02\/PORIFEROS-300x229.jpg 300w, https:\/\/site.educa.madrid.org\/ies.antoniodenebrija.mostoles\/\/wp-content\/uploads\/ies.antoniodenebrija.mostoles\/2024\/02\/PORIFEROS-768x586.jpg 768w, https:\/\/site.educa.madrid.org\/ies.antoniodenebrija.mostoles\/\/wp-content\/uploads\/ies.antoniodenebrija.mostoles\/2024\/02\/PORIFEROS-1536x1172.jpg 1536w, https:\/\/site.educa.madrid.org\/ies.antoniodenebrija.mostoles\/\/wp-content\/uploads\/ies.antoniodenebrija.mostoles\/2024\/02\/PORIFEROS-2048x1563.jpg 2048w\" sizes=\"auto, (max-width: 1024px) 100vw, 1024px\" \/><\/figure>\n\n\n\n<figure class=\"wp-block-image size-large\"><img loading=\"lazy\" decoding=\"async\" width=\"1024\" height=\"704\" data-id=\"2687\" src=\"https:\/\/site.educa.madrid.org\/ies.antoniodenebrija.mostoles\/\/wp-content\/uploads\/ies.antoniodenebrija.mostoles\/2024\/02\/VERTEBRADOS-1024x704.jpg\" alt=\"\" class=\"wp-image-2687\" srcset=\"https:\/\/site.educa.madrid.org\/ies.antoniodenebrija.mostoles\/\/wp-content\/uploads\/ies.antoniodenebrija.mostoles\/2024\/02\/VERTEBRADOS-1024x704.jpg 1024w, https:\/\/site.educa.madrid.org\/ies.antoniodenebrija.mostoles\/\/wp-content\/uploads\/ies.antoniodenebrija.mostoles\/2024\/02\/VERTEBRADOS-300x206.jpg 300w, https:\/\/site.educa.madrid.org\/ies.antoniodenebrija.mostoles\/\/wp-content\/uploads\/ies.antoniodenebrija.mostoles\/2024\/02\/VERTEBRADOS-768x528.jpg 768w, https:\/\/site.educa.madrid.org\/ies.antoniodenebrija.mostoles\/\/wp-content\/uploads\/ies.antoniodenebrija.mostoles\/2024\/02\/VERTEBRADOS-1536x1056.jpg 1536w, https:\/\/site.educa.madrid.org\/ies.antoniodenebrija.mostoles\/\/wp-content\/uploads\/ies.antoniodenebrija.mostoles\/2024\/02\/VERTEBRADOS-2048x1408.jpg 2048w\" sizes=\"auto, (max-width: 1024px) 100vw, 1024px\" \/><\/figure>\n\n\n\n<figure class=\"wp-block-image size-large\"><img loading=\"lazy\" decoding=\"async\" width=\"1024\" height=\"874\" data-id=\"2689\" src=\"https:\/\/site.educa.madrid.org\/ies.antoniodenebrija.mostoles\/\/wp-content\/uploads\/ies.antoniodenebrija.mostoles\/2024\/02\/LAMINAS-1024x874.jpg\" alt=\"\" class=\"wp-image-2689\" srcset=\"https:\/\/site.educa.madrid.org\/ies.antoniodenebrija.mostoles\/\/wp-content\/uploads\/ies.antoniodenebrija.mostoles\/2024\/02\/LAMINAS-1024x874.jpg 1024w, https:\/\/site.educa.madrid.org\/ies.antoniodenebrija.mostoles\/\/wp-content\/uploads\/ies.antoniodenebrija.mostoles\/2024\/02\/LAMINAS-300x256.jpg 300w, https:\/\/site.educa.madrid.org\/ies.antoniodenebrija.mostoles\/\/wp-content\/uploads\/ies.antoniodenebrija.mostoles\/2024\/02\/LAMINAS-768x656.jpg 768w, https:\/\/site.educa.madrid.org\/ies.antoniodenebrija.mostoles\/\/wp-content\/uploads\/ies.antoniodenebrija.mostoles\/2024\/02\/LAMINAS-1536x1312.jpg 1536w, https:\/\/site.educa.madrid.org\/ies.antoniodenebrija.mostoles\/\/wp-content\/uploads\/ies.antoniodenebrija.mostoles\/2024\/02\/LAMINAS-2048x1749.jpg 2048w\" sizes=\"auto, (max-width: 1024px) 100vw, 1024px\" \/><\/figure>\n<\/figure>\n\n\n\n<div style=\"height:38px\" aria-hidden=\"true\" class=\"wp-block-spacer\"><\/div>\n\n\n\n<div class=\"wp-block-media-text has-media-on-the-right is-stacked-on-mobile\" style=\"grid-template-columns:auto 44%\"><div class=\"wp-block-media-text__content\">\n<p><strong>Optativa de H\u00e1bitos Saludables (3\u00ba ESO)<\/strong><\/p>\n\n\n\n<ul class=\"wp-block-list\">\n<li>Cultivo de bacterias procedentes de distintas superficies y comparaci\u00f3n entre manos limpias y sucias.<\/li>\n\n\n\n<li>Observaci\u00f3n de tejidos animales a microscopio.<\/li>\n\n\n\n<li>Disecciones: pulmones, coraz\u00f3n, ojo y enc\u00e9falo (previamente tratado con formol).<\/li>\n\n\n\n<li>Interpretaci\u00f3n de an\u00e1lisis de sangre.<\/li>\n\n\n\n<li>Laboratorio virtual sobre grupos sangu\u00edneos.<\/li>\n<\/ul>\n<\/div><figure class=\"wp-block-media-text__media\"><img loading=\"lazy\" decoding=\"async\" width=\"1024\" height=\"471\" src=\"https:\/\/site.educa.madrid.org\/ies.antoniodenebrija.mostoles\/\/wp-content\/uploads\/ies.antoniodenebrija.mostoles\/2025\/02\/PLACAS_PETRI_CARTEL-1024x471.jpg\" alt=\"\" class=\"wp-image-2678 size-full\" srcset=\"https:\/\/site.educa.madrid.org\/ies.antoniodenebrija.mostoles\/\/wp-content\/uploads\/ies.antoniodenebrija.mostoles\/2025\/02\/PLACAS_PETRI_CARTEL-1024x471.jpg 1024w, https:\/\/site.educa.madrid.org\/ies.antoniodenebrija.mostoles\/\/wp-content\/uploads\/ies.antoniodenebrija.mostoles\/2025\/02\/PLACAS_PETRI_CARTEL-300x138.jpg 300w, https:\/\/site.educa.madrid.org\/ies.antoniodenebrija.mostoles\/\/wp-content\/uploads\/ies.antoniodenebrija.mostoles\/2025\/02\/PLACAS_PETRI_CARTEL-768x353.jpg 768w, https:\/\/site.educa.madrid.org\/ies.antoniodenebrija.mostoles\/\/wp-content\/uploads\/ies.antoniodenebrija.mostoles\/2025\/02\/PLACAS_PETRI_CARTEL-1536x706.jpg 1536w, https:\/\/site.educa.madrid.org\/ies.antoniodenebrija.mostoles\/\/wp-content\/uploads\/ies.antoniodenebrija.mostoles\/2025\/02\/PLACAS_PETRI_CARTEL.jpg 2006w\" sizes=\"auto, (max-width: 1024px) 100vw, 1024px\" \/><\/figure><\/div>\n\n\n\n<div style=\"height:48px\" aria-hidden=\"true\" class=\"wp-block-spacer\"><\/div>\n\n\n\n<div class=\"wp-block-media-text is-stacked-on-mobile\"><figure class=\"wp-block-media-text__media\"><img loading=\"lazy\" decoding=\"async\" width=\"1024\" height=\"461\" src=\"https:\/\/site.educa.madrid.org\/ies.antoniodenebrija.mostoles\/\/wp-content\/uploads\/ies.antoniodenebrija.mostoles\/2024\/02\/IMG_20241030_081841-1024x461.jpg\" alt=\"\" class=\"wp-image-2157 size-full\" srcset=\"https:\/\/site.educa.madrid.org\/ies.antoniodenebrija.mostoles\/\/wp-content\/uploads\/ies.antoniodenebrija.mostoles\/2024\/02\/IMG_20241030_081841-1024x461.jpg 1024w, https:\/\/site.educa.madrid.org\/ies.antoniodenebrija.mostoles\/\/wp-content\/uploads\/ies.antoniodenebrija.mostoles\/2024\/02\/IMG_20241030_081841-300x135.jpg 300w, https:\/\/site.educa.madrid.org\/ies.antoniodenebrija.mostoles\/\/wp-content\/uploads\/ies.antoniodenebrija.mostoles\/2024\/02\/IMG_20241030_081841-768x346.jpg 768w, https:\/\/site.educa.madrid.org\/ies.antoniodenebrija.mostoles\/\/wp-content\/uploads\/ies.antoniodenebrija.mostoles\/2024\/02\/IMG_20241030_081841-1536x691.jpg 1536w, https:\/\/site.educa.madrid.org\/ies.antoniodenebrija.mostoles\/\/wp-content\/uploads\/ies.antoniodenebrija.mostoles\/2024\/02\/IMG_20241030_081841-2048x922.jpg 2048w\" sizes=\"auto, (max-width: 1024px) 100vw, 1024px\" \/><\/figure><div class=\"wp-block-media-text__content\">\n<p><strong>4\u00ba de la ESO<\/strong><\/p>\n\n\n\n<ul class=\"wp-block-list\">\n<li>Preparaci\u00f3n de muestras de c\u00e9lulas animales (mucosa bucal) y vegetales (cebolla) para su posterior comparaci\u00f3n.<\/li>\n\n\n\n<li>Identificaci\u00f3n de las fases de la mitosis en meristemo apical.<\/li>\n\n\n\n<li>Extracci\u00f3n de ADN.<\/li>\n<\/ul>\n<\/div><\/div>\n\n\n\n<div style=\"height:47px\" aria-hidden=\"true\" class=\"wp-block-spacer\"><\/div>\n\n\n\n<div class=\"wp-block-media-text has-media-on-the-right is-stacked-on-mobile\" style=\"grid-template-columns:auto 33%\"><div class=\"wp-block-media-text__content\">\n<p><strong>1\u00ba de Bachillerato (Biolog\u00eda, Geolog\u00eda y Ciencias Ambientales)<\/strong><\/p>\n\n\n\n<ul class=\"wp-block-list\">\n<li>Observaci\u00f3n y descripci\u00f3n de microorganismos a microscopio (protozoos y hongos).<\/li>\n\n\n\n<li>Observaci\u00f3n de tejidos animales y vegetales a microscopio.<\/li>\n\n\n\n<li>Preparaci\u00f3n de muestras vegetales (epidermis con estomas).<\/li>\n\n\n\n<li>Cromatograf\u00eda de pigmentos fotosint\u00e9ticos.<\/li>\n\n\n\n<li>Disecciones de algunos animales (trucha, calamar, mejill\u00f3n).<\/li>\n<\/ul>\n<\/div><figure class=\"wp-block-media-text__media\"><img loading=\"lazy\" decoding=\"async\" width=\"1024\" height=\"874\" src=\"https:\/\/site.educa.madrid.org\/ies.antoniodenebrija.mostoles\/\/wp-content\/uploads\/ies.antoniodenebrija.mostoles\/2024\/02\/LAMINAS-1024x874.jpg\" alt=\"\" class=\"wp-image-2689 size-full\" srcset=\"https:\/\/site.educa.madrid.org\/ies.antoniodenebrija.mostoles\/\/wp-content\/uploads\/ies.antoniodenebrija.mostoles\/2024\/02\/LAMINAS-1024x874.jpg 1024w, https:\/\/site.educa.madrid.org\/ies.antoniodenebrija.mostoles\/\/wp-content\/uploads\/ies.antoniodenebrija.mostoles\/2024\/02\/LAMINAS-300x256.jpg 300w, https:\/\/site.educa.madrid.org\/ies.antoniodenebrija.mostoles\/\/wp-content\/uploads\/ies.antoniodenebrija.mostoles\/2024\/02\/LAMINAS-768x656.jpg 768w, https:\/\/site.educa.madrid.org\/ies.antoniodenebrija.mostoles\/\/wp-content\/uploads\/ies.antoniodenebrija.mostoles\/2024\/02\/LAMINAS-1536x1312.jpg 1536w, https:\/\/site.educa.madrid.org\/ies.antoniodenebrija.mostoles\/\/wp-content\/uploads\/ies.antoniodenebrija.mostoles\/2024\/02\/LAMINAS-2048x1749.jpg 2048w\" sizes=\"auto, (max-width: 1024px) 100vw, 1024px\" \/><\/figure><\/div>\n\n\n\n<div style=\"height:65px\" aria-hidden=\"true\" class=\"wp-block-spacer\"><\/div>\n\n\n\n<div class=\"wp-block-media-text is-stacked-on-mobile\" style=\"grid-template-columns:29% auto\"><figure class=\"wp-block-media-text__media\"><\/figure><div class=\"wp-block-media-text__content\">\n<p><strong>1\u00ba de Bachillerato (Anatom\u00eda y fisiolog\u00eda humanas)<\/strong><\/p>\n\n\n\n<ul class=\"wp-block-list\">\n<li>Observaci\u00f3n de tejidos animales a microscopio y comparaci\u00f3n con tejidos con patolog\u00edas.<\/li>\n\n\n\n<li>Disecciones: pulmones, coraz\u00f3n, ri\u00f1\u00f3n, ojo, enc\u00e9falo (previamente tratado con formol).<\/li>\n\n\n\n<li>Identificaci\u00f3n de m\u00fasculos y huesos en muestras animales.<\/li>\n\n\n\n<li>Pr\u00e1cticas de inyecci\u00f3n, sutura, vendaje y entablillado.<\/li>\n<\/ul>\n<\/div><\/div>\n\n\n\n<p><\/p>\n","protected":false},"excerpt":{"rendered":"<p>En el departamento de Biolog\u00eda y Geolog\u00eda del IES Antonio de Nebrija creemos que las pr\u00e1cticas de laboratorio son una parte fundamental de cualquier asignatura de ciencias. Por ello, incluimos &#8230;<\/p>\n","protected":false},"author":8,"featured_media":0,"parent":548,"menu_order":0,"comment_status":"closed","ping_status":"closed","template":"","meta":{"footnotes":""},"folder":[],"class_list":["post-2211","page","type-page","status-publish","hentry"],"rttpg_featured_image_url":null,"rttpg_author":{"display_name":"Sara Sacrist\u00e1n Horcajada","author_link":"https:\/\/site.educa.madrid.org\/ies.antoniodenebrija.mostoles\/index.php\/author\/sara_sacristn-horcajada\/"},"rttpg_comment":0,"rttpg_category":false,"rttpg_excerpt":"En el departamento de Biolog\u00eda y Geolog\u00eda del IES Antonio de Nebrija creemos que las pr\u00e1cticas de laboratorio son una parte fundamental de cualquier asignatura de ciencias. Por ello, incluimos ...","post_mailing_queue_ids":[],"_links":{"self":[{"href":"https:\/\/site.educa.madrid.org\/ies.antoniodenebrija.mostoles\/index.php\/wp-json\/wp\/v2\/pages\/2211","targetHints":{"allow":["GET"]}}],"collection":[{"href":"https:\/\/site.educa.madrid.org\/ies.antoniodenebrija.mostoles\/index.php\/wp-json\/wp\/v2\/pages"}],"about":[{"href":"https:\/\/site.educa.madrid.org\/ies.antoniodenebrija.mostoles\/index.php\/wp-json\/wp\/v2\/types\/page"}],"author":[{"embeddable":true,"href":"https:\/\/site.educa.madrid.org\/ies.antoniodenebrija.mostoles\/index.php\/wp-json\/wp\/v2\/users\/8"}],"replies":[{"embeddable":true,"href":"https:\/\/site.educa.madrid.org\/ies.antoniodenebrija.mostoles\/index.php\/wp-json\/wp\/v2\/comments?post=2211"}],"version-history":[{"count":8,"href":"https:\/\/site.educa.madrid.org\/ies.antoniodenebrija.mostoles\/index.php\/wp-json\/wp\/v2\/pages\/2211\/revisions"}],"predecessor-version":[{"id":4007,"href":"https:\/\/site.educa.madrid.org\/ies.antoniodenebrija.mostoles\/index.php\/wp-json\/wp\/v2\/pages\/2211\/revisions\/4007"}],"up":[{"embeddable":true,"href":"https:\/\/site.educa.madrid.org\/ies.antoniodenebrija.mostoles\/index.php\/wp-json\/wp\/v2\/pages\/548"}],"wp:attachment":[{"href":"https:\/\/site.educa.madrid.org\/ies.antoniodenebrija.mostoles\/index.php\/wp-json\/wp\/v2\/media?parent=2211"}],"wp:term":[{"taxonomy":"folder","embeddable":true,"href":"https:\/\/site.educa.madrid.org\/ies.antoniodenebrija.mostoles\/index.php\/wp-json\/wp\/v2\/folder?post=2211"}],"curies":[{"name":"wp","href":"https:\/\/api.w.org\/{rel}","templated":true}]}}