{"id":2507,"date":"2025-01-27T13:52:56","date_gmt":"2025-01-27T12:52:56","guid":{"rendered":"https:\/\/site.educa.madrid.org\/ies.antoniodenebrija.mostoles\/?page_id=2507"},"modified":"2026-03-13T08:37:24","modified_gmt":"2026-03-13T07:37:24","slug":"concurso-de-fotografia-matematica","status":"publish","type":"page","link":"https:\/\/site.educa.madrid.org\/ies.antoniodenebrija.mostoles\/index.php\/concurso-de-fotografia-matematica\/","title":{"rendered":"Concurso de fotograf\u00eda matem\u00e1tica"},"content":{"rendered":"\n<p class=\"has-text-align-center has-vivid-red-color has-text-color has-link-color has-large-font-size wp-elements-e372cfc48b7d2826fe34ef4013567473\"><strong>CURSO 25 26<\/strong><\/p>\n\n\n\n<div style=\"position: relative; width: 100%; height: 0; padding-top: 56.2500%;\n padding-bottom: 0; box-shadow: 0 2px 8px 0 rgba(63,69,81,0.16); margin-top: 1.6em; margin-bottom: 0.9em; overflow: hidden;\n border-radius: 8px; will-change: transform;\">\n  <iframe loading=\"lazy\" style=\"position: absolute; width: 100%; height: 100%; top: 0; left: 0; border: none; padding: 0;margin: 0;\"\n    src=\"https:\/\/www.canva.com\/design\/DAHDxqSz0_g\/DmXCMRbbTPVzo6ELx-9WWg\/view?embed\" allowfullscreen=\"allowfullscreen\" allow=\"fullscreen\">\n  <\/iframe>\n<\/div>\n<a href=\"https:&#x2F;&#x2F;www.canva.com&#x2F;design&#x2F;DAHDxqSz0_g&#x2F;DmXCMRbbTPVzo6ELx-9WWg&#x2F;view?utm_content=DAHDxqSz0_g&amp;utm_campaign=designshare&amp;utm_medium=embeds&amp;utm_source=link\" target=\"_blank\" rel=\"noopener\">Resultados  II CONCURSO DE FOTOGRAF\u00cdA MATEM\u00c1TICA<\/a> de Cristina Mart\u00edn Moreno-Cid\n\n\n\n<div style=\"position: relative; width: 100%; height: 0; padding-top: 56.2500%;\n padding-bottom: 0; box-shadow: 0 2px 8px 0 rgba(63,69,81,0.16); margin-top: 1.6em; margin-bottom: 0.9em; overflow: hidden;\n border-radius: 8px; will-change: transform;\">\n  <iframe loading=\"lazy\" style=\"position: absolute; width: 100%; height: 100%; top: 0; left: 0; border: none; padding: 0;margin: 0;\"\n    src=\"https:\/\/www.canva.com\/design\/DAHDBNn9w8E\/u8wHA0CH-_WzEbzj1GzDFA\/view?embed\" allowfullscreen=\"allowfullscreen\" allow=\"fullscreen\">\n  <\/iframe>\n<\/div>\n<a href=\"https:&#x2F;&#x2F;www.canva.com&#x2F;design&#x2F;DAHDBNn9w8E&#x2F;u8wHA0CH-_WzEbzj1GzDFA&#x2F;view?utm_content=DAHDBNn9w8E&amp;utm_campaign=designshare&amp;utm_medium=embeds&amp;utm_source=link\" target=\"_blank\" rel=\"noopener\">Seleccionados II CONCURSO DE FOTOGRAF\u00cdA MATEM\u00c1TICA<\/a> de Cristina Mart\u00edn Moreno-Cid\n\n\n<div class=\"wp-block-image\">\n<figure class=\"aligncenter size-large is-resized\"><img loading=\"lazy\" decoding=\"async\" width=\"724\" height=\"1024\" src=\"https:\/\/site.educa.madrid.org\/ies.antoniodenebrija.mostoles\/\/wp-content\/uploads\/ies.antoniodenebrija.mostoles\/2026\/02\/Cartel-II-Concurso-de-Fotografia-Matematica-1-724x1024.png\" alt=\"\" class=\"wp-image-4582\" style=\"width:840px;height:auto\" srcset=\"https:\/\/site.educa.madrid.org\/ies.antoniodenebrija.mostoles\/\/wp-content\/uploads\/ies.antoniodenebrija.mostoles\/2026\/02\/Cartel-II-Concurso-de-Fotografia-Matematica-1-724x1024.png 724w, https:\/\/site.educa.madrid.org\/ies.antoniodenebrija.mostoles\/\/wp-content\/uploads\/ies.antoniodenebrija.mostoles\/2026\/02\/Cartel-II-Concurso-de-Fotografia-Matematica-1-212x300.png 212w, https:\/\/site.educa.madrid.org\/ies.antoniodenebrija.mostoles\/\/wp-content\/uploads\/ies.antoniodenebrija.mostoles\/2026\/02\/Cartel-II-Concurso-de-Fotografia-Matematica-1-768x1086.png 768w, https:\/\/site.educa.madrid.org\/ies.antoniodenebrija.mostoles\/\/wp-content\/uploads\/ies.antoniodenebrija.mostoles\/2026\/02\/Cartel-II-Concurso-de-Fotografia-Matematica-1-1086x1536.png 1086w, https:\/\/site.educa.madrid.org\/ies.antoniodenebrija.mostoles\/\/wp-content\/uploads\/ies.antoniodenebrija.mostoles\/2026\/02\/Cartel-II-Concurso-de-Fotografia-Matematica-1-1448x2048.png 1448w\" sizes=\"auto, (max-width: 724px) 100vw, 724px\" \/><\/figure>\n<\/div>\n\n<p style=\"text-align: center;\"><span style=\"color: #000000;\">Presentaci\u00f3n de trabajos del 2\/2\/2025 al 27\/2\/2025<\/span><\/p>\n<p style=\"text-align: center;\"><span style=\"color: #000000;\">\u2713 Primer premio: tarjeta regalo por valor de 60 euros.<\/span><br \/><span style=\"color: #000000;\">\u2713 Segundo premio: tarjeta regalo por valor de 30 euros.<\/span><br \/><span style=\"color: #000000;\">\u2713 Tercer premio: tarjeta regalo por valor de 15 euros.<\/span><\/p>\n<p style=\"text-align: center;\"><span style=\"color: #000000;\">Lee las bases y&#8230; \u00a1Participa!<\/span><\/p>\n\n\n<div class=\"wp-block-buttons is-content-justification-center is-layout-flex wp-container-core-buttons-is-layout-16018d1d wp-block-buttons-is-layout-flex\">\n<div class=\"wp-block-button is-style-fill\"><a class=\"wp-block-button__link has-vivid-red-color has-very-light-gray-to-cyan-bluish-gray-gradient-background has-text-color has-background has-link-color wp-element-button\" href=\"https:\/\/site.educa.madrid.org\/ies.antoniodenebrija.mostoles\/\/wp-content\/uploads\/ies.antoniodenebrija.mostoles\/2026\/02\/BASES.-II-Concurso-de-Fotografia-Matematica.pdf\" target=\"_blank\" rel=\"noreferrer noopener\"><strong>Bases del II concurso de fotograf\u00eda matem\u00e1tica<\/strong><\/a><\/div>\n\n\n\n<div class=\"wp-block-button is-style-fill\"><a class=\"wp-block-button__link has-vivid-red-color has-very-light-gray-to-cyan-bluish-gray-gradient-background has-text-color has-background has-link-color wp-element-button\" href=\"https:\/\/site.educa.madrid.org\/ies.antoniodenebrija.mostoles\/\/wp-content\/uploads\/ies.antoniodenebrija.mostoles\/2026\/02\/FORMATO-DE-PRESENTACION-Y-ENTREGA.-II-Concurso-de-fotografia-matematica.pdf\" target=\"_blank\" rel=\"noreferrer noopener\"><strong>Ficha del II concurso de fotograf\u00eda matem\u00e1tica<\/strong><\/a><\/div>\n<\/div>\n\n\n\n<p class=\"has-text-align-center has-vivid-red-color has-text-color has-link-color has-large-font-size wp-elements-5250b5937941ee7544c8c9f7646749d4\"><strong>CURSO 24 25<\/strong><\/p>\n\n\n\n<div style=\"position: relative; width: 100%; height: 0; padding-top: 56.2500%;\n padding-bottom: 0; box-shadow: 0 2px 8px 0 rgba(63,69,81,0.16); margin-top: 1.6em; margin-bottom: 0.9em; overflow: hidden;\n border-radius: 8px; will-change: transform;\">\n  <iframe loading=\"lazy\" style=\"position: absolute; width: 100%; height: 100%; top: 0; left: 0; border: none; padding: 0;margin: 0;\"\n    src=\"https:\/\/www.canva.com\/design\/DAGhl-SemG4\/QCd8swfpQ1rPxCGhb0lU0A\/view?embed\" allowfullscreen=\"allowfullscreen\" allow=\"fullscreen\">\n  <\/iframe>\n<\/div>\n<a href=\"https:&#x2F;&#x2F;www.canva.com&#x2F;design&#x2F;DAGhl-SemG4&#x2F;QCd8swfpQ1rPxCGhb0lU0A&#x2F;view?utm_content=DAGhl-SemG4&amp;utm_campaign=designshare&amp;utm_medium=embeds&amp;utm_source=link\" target=\"_blank\" rel=\"noopener\">FINALISTAS  I CONCURSO DE FOTOGRAF\u00cdA MATEM\u00c1TICA<\/a>\n\n\n\n<div style=\"position: relative; width: 100%; height: 0; padding-top: 56.2500%;\n padding-bottom: 0; box-shadow: 0 2px 8px 0 rgba(63,69,81,0.16); margin-top: 1.6em; margin-bottom: 0.9em; overflow: hidden;\n border-radius: 8px; will-change: transform;\">\n  <iframe loading=\"lazy\" style=\"position: absolute; width: 100%; height: 100%; top: 0; left: 0; border: none; padding: 0;margin: 0;\"\n    src=\"https:\/\/www.canva.com\/design\/DAGhW-rAlTU\/8bSpVyLVt2JjbFj_dN7puw\/view?embed\" allowfullscreen=\"allowfullscreen\" allow=\"fullscreen\">\n  <\/iframe>\n<\/div>\n<a href=\"https:&#x2F;&#x2F;www.canva.com&#x2F;design&#x2F;DAGhW-rAlTU&#x2F;8bSpVyLVt2JjbFj_dN7puw&#x2F;view?utm_content=DAGhW-rAlTU&amp;utm_campaign=designshare&amp;utm_medium=embeds&amp;utm_source=link\" target=\"_blank\" rel=\"noopener\"> SELECCI\u00d3N PARTICIPANTES I CONCURSO DE FOTOGRAF\u00cdA MATEM\u00c1TICA<\/a>\n\n\n<div class=\"wp-block-image\">\n<figure class=\"aligncenter size-large\"><img loading=\"lazy\" decoding=\"async\" width=\"724\" height=\"1024\" src=\"https:\/\/site.educa.madrid.org\/ies.antoniodenebrija.mostoles\/\/wp-content\/uploads\/ies.antoniodenebrija.mostoles\/2025\/01\/concurso-de-fotografia-matematica-2_page-0001-724x1024.jpg\" alt=\"\" class=\"wp-image-2517\" srcset=\"https:\/\/site.educa.madrid.org\/ies.antoniodenebrija.mostoles\/\/wp-content\/uploads\/ies.antoniodenebrija.mostoles\/2025\/01\/concurso-de-fotografia-matematica-2_page-0001-724x1024.jpg 724w, https:\/\/site.educa.madrid.org\/ies.antoniodenebrija.mostoles\/\/wp-content\/uploads\/ies.antoniodenebrija.mostoles\/2025\/01\/concurso-de-fotografia-matematica-2_page-0001-212x300.jpg 212w, https:\/\/site.educa.madrid.org\/ies.antoniodenebrija.mostoles\/\/wp-content\/uploads\/ies.antoniodenebrija.mostoles\/2025\/01\/concurso-de-fotografia-matematica-2_page-0001-768x1086.jpg 768w, https:\/\/site.educa.madrid.org\/ies.antoniodenebrija.mostoles\/\/wp-content\/uploads\/ies.antoniodenebrija.mostoles\/2025\/01\/concurso-de-fotografia-matematica-2_page-0001-1086x1536.jpg 1086w, https:\/\/site.educa.madrid.org\/ies.antoniodenebrija.mostoles\/\/wp-content\/uploads\/ies.antoniodenebrija.mostoles\/2025\/01\/concurso-de-fotografia-matematica-2_page-0001-1448x2048.jpg 1448w, https:\/\/site.educa.madrid.org\/ies.antoniodenebrija.mostoles\/\/wp-content\/uploads\/ies.antoniodenebrija.mostoles\/2025\/01\/concurso-de-fotografia-matematica-2_page-0001-scaled.jpg 1810w\" sizes=\"auto, (max-width: 724px) 100vw, 724px\" \/><\/figure>\n<\/div>\n\n\n<div class=\"wp-block-buttons is-content-justification-center is-layout-flex wp-container-core-buttons-is-layout-16018d1d wp-block-buttons-is-layout-flex\">\n<div class=\"wp-block-button is-style-fill\"><a class=\"wp-block-button__link has-vivid-red-color has-very-light-gray-to-cyan-bluish-gray-gradient-background has-text-color has-background has-link-color wp-element-button\" href=\"https:\/\/site.educa.madrid.org\/ies.antoniodenebrija.mostoles\/\/wp-content\/uploads\/ies.antoniodenebrija.mostoles\/2025\/01\/BASES-I-CONCURSO-DE-FOTOGRAFIA-MATEMATICA-24-25.pdf\"><strong>Bases del I concurso de fotograf\u00eda matem\u00e1tica<\/strong><\/a><\/div>\n\n\n\n<div class=\"wp-block-button is-style-fill\"><a class=\"wp-block-button__link has-vivid-red-color has-very-light-gray-to-cyan-bluish-gray-gradient-background has-text-color has-background has-link-color wp-element-button\" href=\"https:\/\/site.educa.madrid.org\/ies.antoniodenebrija.mostoles\/\/wp-content\/uploads\/ies.antoniodenebrija.mostoles\/2025\/01\/ficha-concurso-de-matematicas-24-25.pdf\"><strong>Ficha del I concurso de fotograf\u00eda matem\u00e1tica<\/strong><\/a><\/div>\n<\/div>\n","protected":false},"excerpt":{"rendered":"<p>CURSO 25 26 Resultados II CONCURSO DE FOTOGRAF\u00cdA MATEM\u00c1TICA de Cristina Mart\u00edn Moreno-Cid Seleccionados II CONCURSO DE FOTOGRAF\u00cdA MATEM\u00c1TICA de Cristina Mart\u00edn Moreno-Cid Presentaci\u00f3n de trabajos del 2\/2\/2025 al 27\/2\/2025 &#8230;<\/p>\n","protected":false},"author":11,"featured_media":0,"parent":0,"menu_order":0,"comment_status":"closed","ping_status":"closed","template":"","meta":{"footnotes":""},"folder":[],"class_list":["post-2507","page","type-page","status-publish","hentry"],"rttpg_featured_image_url":null,"rttpg_author":{"display_name":"Alicia C\u00e1ceres Garc\u00eda","author_link":"https:\/\/site.educa.madrid.org\/ies.antoniodenebrija.mostoles\/index.php\/author\/alicia_caceres-garcia\/"},"rttpg_comment":0,"rttpg_category":false,"rttpg_excerpt":"CURSO 25 26 Resultados II CONCURSO DE FOTOGRAF\u00cdA MATEM\u00c1TICA de Cristina Mart\u00edn Moreno-Cid Seleccionados II CONCURSO DE FOTOGRAF\u00cdA MATEM\u00c1TICA de Cristina Mart\u00edn Moreno-Cid Presentaci\u00f3n de trabajos del 2\/2\/2025 al 27\/2\/2025 ...","post_mailing_queue_ids":[],"_links":{"self":[{"href":"https:\/\/site.educa.madrid.org\/ies.antoniodenebrija.mostoles\/index.php\/wp-json\/wp\/v2\/pages\/2507","targetHints":{"allow":["GET"]}}],"collection":[{"href":"https:\/\/site.educa.madrid.org\/ies.antoniodenebrija.mostoles\/index.php\/wp-json\/wp\/v2\/pages"}],"about":[{"href":"https:\/\/site.educa.madrid.org\/ies.antoniodenebrija.mostoles\/index.php\/wp-json\/wp\/v2\/types\/page"}],"author":[{"embeddable":true,"href":"https:\/\/site.educa.madrid.org\/ies.antoniodenebrija.mostoles\/index.php\/wp-json\/wp\/v2\/users\/11"}],"replies":[{"embeddable":true,"href":"https:\/\/site.educa.madrid.org\/ies.antoniodenebrija.mostoles\/index.php\/wp-json\/wp\/v2\/comments?post=2507"}],"version-history":[{"count":23,"href":"https:\/\/site.educa.madrid.org\/ies.antoniodenebrija.mostoles\/index.php\/wp-json\/wp\/v2\/pages\/2507\/revisions"}],"predecessor-version":[{"id":4963,"href":"https:\/\/site.educa.madrid.org\/ies.antoniodenebrija.mostoles\/index.php\/wp-json\/wp\/v2\/pages\/2507\/revisions\/4963"}],"wp:attachment":[{"href":"https:\/\/site.educa.madrid.org\/ies.antoniodenebrija.mostoles\/index.php\/wp-json\/wp\/v2\/media?parent=2507"}],"wp:term":[{"taxonomy":"folder","embeddable":true,"href":"https:\/\/site.educa.madrid.org\/ies.antoniodenebrija.mostoles\/index.php\/wp-json\/wp\/v2\/folder?post=2507"}],"curies":[{"name":"wp","href":"https:\/\/api.w.org\/{rel}","templated":true}]}}