{"id":414,"date":"2022-03-03T16:18:42","date_gmt":"2022-03-03T15:18:42","guid":{"rendered":"https:\/\/site.educa.madrid.org\/ies.antoniodenebrija.mostoles\/?page_id=414"},"modified":"2025-03-09T16:11:17","modified_gmt":"2025-03-09T15:11:17","slug":"claustro","status":"publish","type":"page","link":"https:\/\/site.educa.madrid.org\/ies.antoniodenebrija.mostoles\/index.php\/inicio\/claustro\/","title":{"rendered":"Claustro"},"content":{"rendered":"<div class=\"n2_clear\"><ss3-force-full-width data-overflow-x=\"body\" data-horizontal-selector=\"body\"><div class=\"n2-section-smartslider fitvidsignore  n2_clear\" data-ssid=\"3\"><div id=\"n2-ss-3-align\" class=\"n2-ss-align\"><div class=\"n2-padding\"><div id=\"n2-ss-3\" data-creator=\"Smart Slider 3\" data-responsive=\"fullwidth\" class=\"n2-ss-slider n2-ow n2-has-hover n2notransition  \"><div class=\"n2-ss-slider-wrapper-inside\">\n        <div class=\"n2-ss-slider-1 n2_ss__touch_element n2-ow\">\n            <div class=\"n2-ss-slider-2 n2-ow\">\n                                                <div class=\"n2-ss-slider-3 n2-ow\">\n\n                    <div class=\"n2-ss-slide-backgrounds n2-ow-all\"><div class=\"n2-ss-slide-background\" data-public-id=\"1\" data-mode=\"fill\"><div class=\"n2-ss-slide-background-image\" data-blur=\"0\" data-opacity=\"100\" data-x=\"50\" data-y=\"50\" data-alt=\"\" data-title=\"\"><picture class=\"skip-lazy\" data-skip-lazy=\"1\"><img decoding=\"async\" src=\"\/\/site.educa.madrid.org\/ies.antoniodenebrija.mostoles\/\/wp-content\/uploads\/ies.antoniodenebrija.mostoles\/2024\/07\/IES-Antonio-de-Nebrija-Quijote.jpg\" alt=\"\" title=\"\" loading=\"lazy\" class=\"skip-lazy\" data-skip-lazy=\"1\"><\/picture><\/div><div data-color=\"RGBA(255,255,255,0)\" style=\"background-color: RGBA(255,255,255,0);\" class=\"n2-ss-slide-background-color\"><\/div><\/div><div class=\"n2-ss-slide-background\" data-public-id=\"2\" data-mode=\"fill\"><div class=\"n2-ss-slide-background-image\" data-blur=\"0\" data-opacity=\"100\" data-x=\"50\" data-y=\"50\" data-alt=\"\" data-title=\"\"><picture class=\"skip-lazy\" data-skip-lazy=\"1\"><img decoding=\"async\" src=\"\/\/site.educa.madrid.org\/ies.antoniodenebrija.mostoles\/\/wp-content\/uploads\/ies.antoniodenebrija.mostoles\/2024\/07\/IES-Antonio-de-Nebrija-meninas-scaled.jpg\" alt=\"\" title=\"\" loading=\"lazy\" class=\"skip-lazy\" data-skip-lazy=\"1\"><\/picture><\/div><div data-color=\"RGBA(255,255,255,0)\" style=\"background-color: RGBA(255,255,255,0);\" class=\"n2-ss-slide-background-color\"><\/div><\/div><div class=\"n2-ss-slide-background\" data-public-id=\"3\" data-mode=\"fill\"><div class=\"n2-ss-slide-background-image\" data-blur=\"0\" data-opacity=\"100\" data-x=\"50\" data-y=\"50\" data-alt=\"\" data-title=\"\"><picture class=\"skip-lazy\" data-skip-lazy=\"1\"><img decoding=\"async\" src=\"\/\/site.educa.madrid.org\/ies.antoniodenebrija.mostoles\/\/wp-content\/uploads\/ies.antoniodenebrija.mostoles\/2024\/07\/IES-Antonio-de-Nebrija-foto-fachada-25-aniversario-scaled.jpg\" alt=\"\" title=\"\" loading=\"lazy\" class=\"skip-lazy\" data-skip-lazy=\"1\"><\/picture><\/div><div data-color=\"RGBA(255,255,255,0)\" style=\"background-color: RGBA(255,255,255,0);\" class=\"n2-ss-slide-background-color\"><\/div><\/div><div class=\"n2-ss-slide-background\" data-public-id=\"4\" data-mode=\"fill\"><div class=\"n2-ss-slide-background-image\" data-blur=\"0\" data-opacity=\"100\" data-x=\"50\" data-y=\"50\" data-alt=\"\" data-title=\"\"><picture class=\"skip-lazy\" data-skip-lazy=\"1\"><img decoding=\"async\" src=\"\/\/site.educa.madrid.org\/ies.antoniodenebrija.mostoles\/\/wp-content\/uploads\/ies.antoniodenebrija.mostoles\/2024\/07\/IES-Antonio-de-Nebrija-foto-aerea.jpg\" alt=\"\" title=\"\" loading=\"lazy\" class=\"skip-lazy\" data-skip-lazy=\"1\"><\/picture><\/div><div data-color=\"RGBA(255,255,255,0)\" style=\"background-color: RGBA(255,255,255,0);\" class=\"n2-ss-slide-background-color\"><\/div><\/div><div class=\"n2-ss-slide-background\" data-public-id=\"5\" data-mode=\"fill\"><div class=\"n2-ss-slide-background-image\" data-blur=\"0\" data-opacity=\"100\" data-x=\"50\" data-y=\"50\" data-alt=\"\" data-title=\"\"><picture class=\"skip-lazy\" data-skip-lazy=\"1\"><img decoding=\"async\" src=\"\/\/site.educa.madrid.org\/ies.antoniodenebrija.mostoles\/\/wp-content\/uploads\/ies.antoniodenebrija.mostoles\/2024\/07\/IES-Antonio-de-Nebrija-Cervantes.jpg\" alt=\"\" title=\"\" loading=\"lazy\" class=\"skip-lazy\" data-skip-lazy=\"1\"><\/picture><\/div><div data-color=\"RGBA(255,255,255,0)\" style=\"background-color: RGBA(255,255,255,0);\" class=\"n2-ss-slide-background-color\"><\/div><\/div><\/div>                    <div class=\"n2-ss-slider-4 n2-ow\">\n                        <svg xmlns=\"http:\/\/www.w3.org\/2000\/svg\" viewBox=\"0 0 1200 600\" data-related-device=\"desktopPortrait\" class=\"n2-ow n2-ss-preserve-size n2-ss-preserve-size--slider n2-ss-slide-limiter\"><\/svg><div data-slide-duration=\"0\" data-id=\"115\" data-slide-public-id=\"1\" data-title=\"IES Antonio de Nebrija Quijote\" class=\"n2-ss-slide n2-ow  n2-ss-slide-115\"><div role=\"note\" class=\"n2-ss-slide--focus\" tabindex=\"-1\">IES Antonio de Nebrija Quijote<\/div><div class=\"n2-ss-layers-container n2-ss-slide-limiter n2-ow\"><div class=\"n2-ss-layer n2-ow n-uc-SyyxP87lUdou\" data-sstype=\"slide\" data-pm=\"default\"><\/div><\/div><\/div><div data-slide-duration=\"0\" data-id=\"116\" data-slide-public-id=\"2\" data-title=\"IES Antonio de Nebrija meninas\" class=\"n2-ss-slide n2-ow  n2-ss-slide-116\"><div role=\"note\" class=\"n2-ss-slide--focus\" tabindex=\"-1\">IES Antonio de Nebrija meninas<\/div><div class=\"n2-ss-layers-container n2-ss-slide-limiter n2-ow\"><div class=\"n2-ss-layer n2-ow n-uc-oJ144cZJt2xb\" data-sstype=\"slide\" data-pm=\"default\"><\/div><\/div><\/div><div data-first=\"1\" data-slide-duration=\"0\" data-id=\"117\" data-slide-public-id=\"3\" data-title=\"IES Antonio de Nebrija foto fachada 25 aniversario\" class=\"n2-ss-slide n2-ow  n2-ss-slide-117\"><div role=\"note\" class=\"n2-ss-slide--focus\" tabindex=\"-1\">IES Antonio de Nebrija foto fachada 25 aniversario<\/div><div class=\"n2-ss-layers-container n2-ss-slide-limiter n2-ow\"><div class=\"n2-ss-layer n2-ow n-uc-UBSg2hs1OCUy\" data-sstype=\"slide\" data-pm=\"default\"><\/div><\/div><\/div><div data-slide-duration=\"0\" data-id=\"118\" data-slide-public-id=\"4\" data-title=\"IES Antonio de Nebrija foto a\u00e9rea\" class=\"n2-ss-slide n2-ow  n2-ss-slide-118\"><div role=\"note\" class=\"n2-ss-slide--focus\" tabindex=\"-1\">IES Antonio de Nebrija foto a\u00e9rea<\/div><div class=\"n2-ss-layers-container n2-ss-slide-limiter n2-ow\"><div class=\"n2-ss-layer n2-ow n-uc-bMonqcRPmZhu\" data-sstype=\"slide\" data-pm=\"default\"><\/div><\/div><\/div><div data-slide-duration=\"0\" data-id=\"119\" data-slide-public-id=\"5\" data-title=\"IES Antonio de Nebrija Cervantes\" class=\"n2-ss-slide n2-ow  n2-ss-slide-119\"><div role=\"note\" class=\"n2-ss-slide--focus\" tabindex=\"-1\">IES Antonio de Nebrija Cervantes<\/div><div class=\"n2-ss-layers-container n2-ss-slide-limiter n2-ow\"><div class=\"n2-ss-layer n2-ow n-uc-r0VgVpDagy4J\" data-sstype=\"slide\" data-pm=\"default\"><\/div><\/div><\/div>                    <\/div>\n\n                                    <\/div>\n            <\/div>\n        <\/div>\n        <div class=\"n2-ss-slider-controls n2-ss-slider-controls-absolute-left-center\"><div style=\"--widget-offset:15px;\" class=\"n2-ss-widget nextend-arrow n2-ow-all nextend-arrow-previous  nextend-arrow-animated-fade\" data-hide-mobileportrait=\"1\" id=\"n2-ss-3-arrow-previous\" role=\"button\" aria-label=\"previous arrow\" tabindex=\"0\"><img loading=\"lazy\" decoding=\"async\" width=\"32\" height=\"32\" class=\"skip-lazy\" data-skip-lazy=\"1\" src=\"data:image\/svg+xml;base64,PHN2ZyB3aWR0aD0iMzIiIGhlaWdodD0iMzIiIHZpZXdCb3g9IjAgMCAzMiAzMiIgeG1sbnM9Imh0dHA6Ly93d3cudzMub3JnLzIwMDAvc3ZnIj4KICAgIDxwYXRoIGQ9Ik0xMS40MzMgMTUuOTkyTDIyLjY5IDUuNzEyYy4zOTMtLjM5LjM5My0xLjAzIDAtMS40Mi0uMzkzLS4zOS0xLjAzLS4zOS0xLjQyMyAwbC0xMS45OCAxMC45NGMtLjIxLjIxLS4zLjQ5LS4yODUuNzYtLjAxNS4yOC4wNzUuNTYuMjg0Ljc3bDExLjk4IDEwLjk0Yy4zOTMuMzkgMS4wMy4zOSAxLjQyNCAwIC4zOTMtLjQuMzkzLTEuMDMgMC0xLjQybC0xMS4yNTctMTAuMjkiCiAgICAgICAgICBmaWxsPSIjZmZmZmZmIiBvcGFjaXR5PSIwLjgiIGZpbGwtcnVsZT0iZXZlbm9kZCIvPgo8L3N2Zz4=\" alt=\"previous arrow\"><\/div><\/div><div class=\"n2-ss-slider-controls n2-ss-slider-controls-absolute-right-center\"><div style=\"--widget-offset:15px;\" class=\"n2-ss-widget nextend-arrow n2-ow-all nextend-arrow-next  nextend-arrow-animated-fade\" data-hide-mobileportrait=\"1\" id=\"n2-ss-3-arrow-next\" role=\"button\" aria-label=\"next arrow\" tabindex=\"0\"><img loading=\"lazy\" decoding=\"async\" width=\"32\" height=\"32\" class=\"skip-lazy\" data-skip-lazy=\"1\" src=\"data:image\/svg+xml;base64,PHN2ZyB3aWR0aD0iMzIiIGhlaWdodD0iMzIiIHZpZXdCb3g9IjAgMCAzMiAzMiIgeG1sbnM9Imh0dHA6Ly93d3cudzMub3JnLzIwMDAvc3ZnIj4KICAgIDxwYXRoIGQ9Ik0xMC43MjIgNC4yOTNjLS4zOTQtLjM5LTEuMDMyLS4zOS0xLjQyNyAwLS4zOTMuMzktLjM5MyAxLjAzIDAgMS40MmwxMS4yODMgMTAuMjgtMTEuMjgzIDEwLjI5Yy0uMzkzLjM5LS4zOTMgMS4wMiAwIDEuNDIuMzk1LjM5IDEuMDMzLjM5IDEuNDI3IDBsMTIuMDA3LTEwLjk0Yy4yMS0uMjEuMy0uNDkuMjg0LS43Ny4wMTQtLjI3LS4wNzYtLjU1LS4yODYtLjc2TDEwLjcyIDQuMjkzeiIKICAgICAgICAgIGZpbGw9IiNmZmZmZmYiIG9wYWNpdHk9IjAuOCIgZmlsbC1ydWxlPSJldmVub2RkIi8+Cjwvc3ZnPg==\" alt=\"next arrow\"><\/div><\/div><\/div><\/div><ss3-loader><\/ss3-loader><\/div><\/div><div class=\"n2_clear\"><\/div><\/div><\/ss3-force-full-width><\/div>\n\n<p>\u00a0<\/p>\n<p style=\"text-align: center;\"><strong>El Claustro de Profesores\u00a0\u00a0<\/strong><img loading=\"lazy\" decoding=\"async\" class=\"aligncenter\" src=\"https:\/\/www.educa2.madrid.org\/web\/educamadrid\/principal\/files\/66623827-d211-4823-8a9f-c3ece461b4e5\/arton15.jpg?thumbnail=true\" width=\"200\" height=\"120\" \/><\/p>\n<p style=\"text-align: center;\">El Claustro de Profesores, \u00f3rgano propio de participaci\u00f3n de los profesores en el Instituto, tiene la responsabilidad de planificar, coordinar, decidir e informar sobre todos los aspectos docentes del mismo.<br \/>El Claustro ser\u00e1 presidido por la Directora y estar\u00e1 integrado por la totalidad de los profesores que presten servicios en el I.E.S. \u201cAntonio de Nebrija\u201d.<\/p>\n<p style=\"text-align: center;\">Son competencias del Claustro, seg\u00fan la LOMLOE:<\/p>\n<ul>\n<li>Formular al equipo directivo y al Consejo Escolar propuestas para la elaboraci\u00f3n de los proyectos del centro y de la programaci\u00f3n general anual.<\/li>\n<li>Aprobar y evaluar la concreci\u00f3n del curr\u00edculo y todos los aspectos educativos de los proyectos y de la programaci\u00f3n general anual.<\/li>\n<li>Fijar los criterios referentes a la orientaci\u00f3n, tutor\u00eda, evaluaci\u00f3n y recuperaci\u00f3n de los alumnos.<\/li>\n<li>Promover iniciativas en el \u00e1mbito de la experimentaci\u00f3n y de la investigaci\u00f3n pedag\u00f3gica y en la formaci\u00f3n del profesorado del centro.<\/li>\n<li>Elegir sus representantes en el Consejo Escolar del centro y participar en la selecci\u00f3n del director en los t\u00e9rminos establecidos por la presente Ley.<\/li>\n<li>Conocer las candidaturas a la direcci\u00f3n y los proyectos de direcci\u00f3n presentados por los candidatos.<\/li>\n<li>Analizar y valorar el funcionamiento general del centro, la evoluci\u00f3n del rendimiento escolar y los resultados de las evaluaciones internas y externas en las que participe el centro.<\/li>\n<li>Informar las normas de organizaci\u00f3n y funcionamiento del centro.<\/li>\n<li>Conocer la resoluci\u00f3n de conflictos disciplinarios y la imposici\u00f3n de sanciones y velar porque \u00e9stas se atengan a la normativa vigente.<\/li>\n<li>Proponer medidas e iniciativas que favorezcan la convivencia en el centro.<\/li>\n<li>Cualesquiera otras que le sean atribuidas por la Administraci\u00f3n educativa o por las respectivas normas de organizaci\u00f3n y funcionamiento.<\/li>\n<\/ul>","protected":false},"excerpt":{"rendered":"<p>\u00a0 El Claustro de Profesores\u00a0\u00a0 El Claustro de Profesores, \u00f3rgano propio de participaci\u00f3n de los profesores en el Instituto, tiene la responsabilidad de planificar, coordinar, decidir e informar sobre todos &#8230;<\/p>\n","protected":false},"author":4,"featured_media":0,"parent":116,"menu_order":0,"comment_status":"closed","ping_status":"closed","template":"","meta":{"footnotes":""},"folder":[],"class_list":["post-414","page","type-page","status-publish","hentry"],"rttpg_featured_image_url":null,"rttpg_author":{"display_name":"Carmina Marti Herraiz","author_link":"https:\/\/site.educa.madrid.org\/ies.antoniodenebrija.mostoles\/index.php\/author\/m-carmen_marti-herraiz\/"},"rttpg_comment":0,"rttpg_category":false,"rttpg_excerpt":"\u00a0 El Claustro de Profesores\u00a0\u00a0 El Claustro de Profesores, \u00f3rgano propio de participaci\u00f3n de los profesores en el Instituto, tiene la responsabilidad de planificar, coordinar, decidir e informar sobre todos ...","post_mailing_queue_ids":[],"_links":{"self":[{"href":"https:\/\/site.educa.madrid.org\/ies.antoniodenebrija.mostoles\/index.php\/wp-json\/wp\/v2\/pages\/414","targetHints":{"allow":["GET"]}}],"collection":[{"href":"https:\/\/site.educa.madrid.org\/ies.antoniodenebrija.mostoles\/index.php\/wp-json\/wp\/v2\/pages"}],"about":[{"href":"https:\/\/site.educa.madrid.org\/ies.antoniodenebrija.mostoles\/index.php\/wp-json\/wp\/v2\/types\/page"}],"author":[{"embeddable":true,"href":"https:\/\/site.educa.madrid.org\/ies.antoniodenebrija.mostoles\/index.php\/wp-json\/wp\/v2\/users\/4"}],"replies":[{"embeddable":true,"href":"https:\/\/site.educa.madrid.org\/ies.antoniodenebrija.mostoles\/index.php\/wp-json\/wp\/v2\/comments?post=414"}],"version-history":[{"count":3,"href":"https:\/\/site.educa.madrid.org\/ies.antoniodenebrija.mostoles\/index.php\/wp-json\/wp\/v2\/pages\/414\/revisions"}],"predecessor-version":[{"id":2991,"href":"https:\/\/site.educa.madrid.org\/ies.antoniodenebrija.mostoles\/index.php\/wp-json\/wp\/v2\/pages\/414\/revisions\/2991"}],"up":[{"embeddable":true,"href":"https:\/\/site.educa.madrid.org\/ies.antoniodenebrija.mostoles\/index.php\/wp-json\/wp\/v2\/pages\/116"}],"wp:attachment":[{"href":"https:\/\/site.educa.madrid.org\/ies.antoniodenebrija.mostoles\/index.php\/wp-json\/wp\/v2\/media?parent=414"}],"wp:term":[{"taxonomy":"folder","embeddable":true,"href":"https:\/\/site.educa.madrid.org\/ies.antoniodenebrija.mostoles\/index.php\/wp-json\/wp\/v2\/folder?post=414"}],"curies":[{"name":"wp","href":"https:\/\/api.w.org\/{rel}","templated":true}]}}