{"id":416,"date":"2022-03-03T16:22:35","date_gmt":"2022-03-03T15:22:35","guid":{"rendered":"https:\/\/site.educa.madrid.org\/ies.antoniodenebrija.mostoles\/?page_id=416"},"modified":"2025-03-09T16:13:51","modified_gmt":"2025-03-09T15:13:51","slug":"consejo-escolar","status":"publish","type":"page","link":"https:\/\/site.educa.madrid.org\/ies.antoniodenebrija.mostoles\/index.php\/consejo-escolar\/","title":{"rendered":"Consejo escolar"},"content":{"rendered":"<div class=\"n2_clear\"><ss3-force-full-width data-overflow-x=\"body\" data-horizontal-selector=\"body\"><div class=\"n2-section-smartslider fitvidsignore  n2_clear\" data-ssid=\"3\"><div id=\"n2-ss-3-align\" class=\"n2-ss-align\"><div class=\"n2-padding\"><div id=\"n2-ss-3\" data-creator=\"Smart Slider 3\" data-responsive=\"fullwidth\" class=\"n2-ss-slider n2-ow n2-has-hover n2notransition  \"><div class=\"n2-ss-slider-wrapper-inside\">\n        <div class=\"n2-ss-slider-1 n2_ss__touch_element n2-ow\">\n            <div class=\"n2-ss-slider-2 n2-ow\">\n                                                <div class=\"n2-ss-slider-3 n2-ow\">\n\n                    <div class=\"n2-ss-slide-backgrounds n2-ow-all\"><div class=\"n2-ss-slide-background\" data-public-id=\"1\" data-mode=\"fill\"><div class=\"n2-ss-slide-background-image\" data-blur=\"0\" data-opacity=\"100\" data-x=\"50\" data-y=\"50\" data-alt=\"\" data-title=\"\"><picture class=\"skip-lazy\" data-skip-lazy=\"1\"><img decoding=\"async\" src=\"\/\/site.educa.madrid.org\/ies.antoniodenebrija.mostoles\/\/wp-content\/uploads\/ies.antoniodenebrija.mostoles\/2024\/07\/IES-Antonio-de-Nebrija-Quijote.jpg\" alt=\"\" title=\"\" loading=\"lazy\" class=\"skip-lazy\" data-skip-lazy=\"1\"><\/picture><\/div><div data-color=\"RGBA(255,255,255,0)\" style=\"background-color: RGBA(255,255,255,0);\" class=\"n2-ss-slide-background-color\"><\/div><\/div><div class=\"n2-ss-slide-background\" data-public-id=\"2\" data-mode=\"fill\"><div class=\"n2-ss-slide-background-image\" data-blur=\"0\" data-opacity=\"100\" data-x=\"50\" data-y=\"50\" data-alt=\"\" data-title=\"\"><picture class=\"skip-lazy\" data-skip-lazy=\"1\"><img decoding=\"async\" src=\"\/\/site.educa.madrid.org\/ies.antoniodenebrija.mostoles\/\/wp-content\/uploads\/ies.antoniodenebrija.mostoles\/2024\/07\/IES-Antonio-de-Nebrija-meninas-scaled.jpg\" alt=\"\" title=\"\" loading=\"lazy\" class=\"skip-lazy\" data-skip-lazy=\"1\"><\/picture><\/div><div data-color=\"RGBA(255,255,255,0)\" style=\"background-color: RGBA(255,255,255,0);\" class=\"n2-ss-slide-background-color\"><\/div><\/div><div class=\"n2-ss-slide-background\" data-public-id=\"3\" data-mode=\"fill\"><div class=\"n2-ss-slide-background-image\" data-blur=\"0\" data-opacity=\"100\" data-x=\"50\" data-y=\"50\" data-alt=\"\" data-title=\"\"><picture class=\"skip-lazy\" data-skip-lazy=\"1\"><img decoding=\"async\" src=\"\/\/site.educa.madrid.org\/ies.antoniodenebrija.mostoles\/\/wp-content\/uploads\/ies.antoniodenebrija.mostoles\/2024\/07\/IES-Antonio-de-Nebrija-foto-fachada-25-aniversario-scaled.jpg\" alt=\"\" title=\"\" loading=\"lazy\" class=\"skip-lazy\" data-skip-lazy=\"1\"><\/picture><\/div><div data-color=\"RGBA(255,255,255,0)\" style=\"background-color: RGBA(255,255,255,0);\" class=\"n2-ss-slide-background-color\"><\/div><\/div><div class=\"n2-ss-slide-background\" data-public-id=\"4\" data-mode=\"fill\"><div class=\"n2-ss-slide-background-image\" data-blur=\"0\" data-opacity=\"100\" data-x=\"50\" data-y=\"50\" data-alt=\"\" data-title=\"\"><picture class=\"skip-lazy\" data-skip-lazy=\"1\"><img decoding=\"async\" src=\"\/\/site.educa.madrid.org\/ies.antoniodenebrija.mostoles\/\/wp-content\/uploads\/ies.antoniodenebrija.mostoles\/2024\/07\/IES-Antonio-de-Nebrija-foto-aerea.jpg\" alt=\"\" title=\"\" loading=\"lazy\" class=\"skip-lazy\" data-skip-lazy=\"1\"><\/picture><\/div><div data-color=\"RGBA(255,255,255,0)\" style=\"background-color: RGBA(255,255,255,0);\" class=\"n2-ss-slide-background-color\"><\/div><\/div><div class=\"n2-ss-slide-background\" data-public-id=\"5\" data-mode=\"fill\"><div class=\"n2-ss-slide-background-image\" data-blur=\"0\" data-opacity=\"100\" data-x=\"50\" data-y=\"50\" data-alt=\"\" data-title=\"\"><picture class=\"skip-lazy\" data-skip-lazy=\"1\"><img decoding=\"async\" src=\"\/\/site.educa.madrid.org\/ies.antoniodenebrija.mostoles\/\/wp-content\/uploads\/ies.antoniodenebrija.mostoles\/2024\/07\/IES-Antonio-de-Nebrija-Cervantes.jpg\" alt=\"\" title=\"\" loading=\"lazy\" class=\"skip-lazy\" data-skip-lazy=\"1\"><\/picture><\/div><div data-color=\"RGBA(255,255,255,0)\" style=\"background-color: RGBA(255,255,255,0);\" class=\"n2-ss-slide-background-color\"><\/div><\/div><\/div>                    <div class=\"n2-ss-slider-4 n2-ow\">\n                        <svg xmlns=\"http:\/\/www.w3.org\/2000\/svg\" viewBox=\"0 0 1200 600\" data-related-device=\"desktopPortrait\" class=\"n2-ow n2-ss-preserve-size n2-ss-preserve-size--slider n2-ss-slide-limiter\"><\/svg><div data-slide-duration=\"0\" data-id=\"115\" data-slide-public-id=\"1\" data-title=\"IES Antonio de Nebrija Quijote\" class=\"n2-ss-slide n2-ow  n2-ss-slide-115\"><div role=\"note\" class=\"n2-ss-slide--focus\" tabindex=\"-1\">IES Antonio de Nebrija Quijote<\/div><div class=\"n2-ss-layers-container n2-ss-slide-limiter n2-ow\"><div class=\"n2-ss-layer n2-ow n-uc-SyyxP87lUdou\" data-sstype=\"slide\" data-pm=\"default\"><\/div><\/div><\/div><div data-slide-duration=\"0\" data-id=\"116\" data-slide-public-id=\"2\" data-title=\"IES Antonio de Nebrija meninas\" class=\"n2-ss-slide n2-ow  n2-ss-slide-116\"><div role=\"note\" class=\"n2-ss-slide--focus\" tabindex=\"-1\">IES Antonio de Nebrija meninas<\/div><div class=\"n2-ss-layers-container n2-ss-slide-limiter n2-ow\"><div class=\"n2-ss-layer n2-ow n-uc-oJ144cZJt2xb\" data-sstype=\"slide\" data-pm=\"default\"><\/div><\/div><\/div><div data-first=\"1\" data-slide-duration=\"0\" data-id=\"117\" data-slide-public-id=\"3\" data-title=\"IES Antonio de Nebrija foto fachada 25 aniversario\" class=\"n2-ss-slide n2-ow  n2-ss-slide-117\"><div role=\"note\" class=\"n2-ss-slide--focus\" tabindex=\"-1\">IES Antonio de Nebrija foto fachada 25 aniversario<\/div><div class=\"n2-ss-layers-container n2-ss-slide-limiter n2-ow\"><div class=\"n2-ss-layer n2-ow n-uc-UBSg2hs1OCUy\" data-sstype=\"slide\" data-pm=\"default\"><\/div><\/div><\/div><div data-slide-duration=\"0\" data-id=\"118\" data-slide-public-id=\"4\" data-title=\"IES Antonio de Nebrija foto a\u00e9rea\" class=\"n2-ss-slide n2-ow  n2-ss-slide-118\"><div role=\"note\" class=\"n2-ss-slide--focus\" tabindex=\"-1\">IES Antonio de Nebrija foto a\u00e9rea<\/div><div class=\"n2-ss-layers-container n2-ss-slide-limiter n2-ow\"><div class=\"n2-ss-layer n2-ow n-uc-bMonqcRPmZhu\" data-sstype=\"slide\" data-pm=\"default\"><\/div><\/div><\/div><div data-slide-duration=\"0\" data-id=\"119\" data-slide-public-id=\"5\" data-title=\"IES Antonio de Nebrija Cervantes\" class=\"n2-ss-slide n2-ow  n2-ss-slide-119\"><div role=\"note\" class=\"n2-ss-slide--focus\" tabindex=\"-1\">IES Antonio de Nebrija Cervantes<\/div><div class=\"n2-ss-layers-container n2-ss-slide-limiter n2-ow\"><div class=\"n2-ss-layer n2-ow n-uc-r0VgVpDagy4J\" data-sstype=\"slide\" data-pm=\"default\"><\/div><\/div><\/div>                    <\/div>\n\n                                    <\/div>\n            <\/div>\n        <\/div>\n        <div class=\"n2-ss-slider-controls n2-ss-slider-controls-absolute-left-center\"><div style=\"--widget-offset:15px;\" class=\"n2-ss-widget nextend-arrow n2-ow-all nextend-arrow-previous  nextend-arrow-animated-fade\" data-hide-mobileportrait=\"1\" id=\"n2-ss-3-arrow-previous\" role=\"button\" aria-label=\"previous arrow\" tabindex=\"0\"><img loading=\"lazy\" decoding=\"async\" width=\"32\" height=\"32\" class=\"skip-lazy\" data-skip-lazy=\"1\" src=\"data:image\/svg+xml;base64,PHN2ZyB3aWR0aD0iMzIiIGhlaWdodD0iMzIiIHZpZXdCb3g9IjAgMCAzMiAzMiIgeG1sbnM9Imh0dHA6Ly93d3cudzMub3JnLzIwMDAvc3ZnIj4KICAgIDxwYXRoIGQ9Ik0xMS40MzMgMTUuOTkyTDIyLjY5IDUuNzEyYy4zOTMtLjM5LjM5My0xLjAzIDAtMS40Mi0uMzkzLS4zOS0xLjAzLS4zOS0xLjQyMyAwbC0xMS45OCAxMC45NGMtLjIxLjIxLS4zLjQ5LS4yODUuNzYtLjAxNS4yOC4wNzUuNTYuMjg0Ljc3bDExLjk4IDEwLjk0Yy4zOTMuMzkgMS4wMy4zOSAxLjQyNCAwIC4zOTMtLjQuMzkzLTEuMDMgMC0xLjQybC0xMS4yNTctMTAuMjkiCiAgICAgICAgICBmaWxsPSIjZmZmZmZmIiBvcGFjaXR5PSIwLjgiIGZpbGwtcnVsZT0iZXZlbm9kZCIvPgo8L3N2Zz4=\" alt=\"previous arrow\"><\/div><\/div><div class=\"n2-ss-slider-controls n2-ss-slider-controls-absolute-right-center\"><div style=\"--widget-offset:15px;\" class=\"n2-ss-widget nextend-arrow n2-ow-all nextend-arrow-next  nextend-arrow-animated-fade\" data-hide-mobileportrait=\"1\" id=\"n2-ss-3-arrow-next\" role=\"button\" aria-label=\"next arrow\" tabindex=\"0\"><img loading=\"lazy\" decoding=\"async\" width=\"32\" height=\"32\" class=\"skip-lazy\" data-skip-lazy=\"1\" src=\"data:image\/svg+xml;base64,PHN2ZyB3aWR0aD0iMzIiIGhlaWdodD0iMzIiIHZpZXdCb3g9IjAgMCAzMiAzMiIgeG1sbnM9Imh0dHA6Ly93d3cudzMub3JnLzIwMDAvc3ZnIj4KICAgIDxwYXRoIGQ9Ik0xMC43MjIgNC4yOTNjLS4zOTQtLjM5LTEuMDMyLS4zOS0xLjQyNyAwLS4zOTMuMzktLjM5MyAxLjAzIDAgMS40MmwxMS4yODMgMTAuMjgtMTEuMjgzIDEwLjI5Yy0uMzkzLjM5LS4zOTMgMS4wMiAwIDEuNDIuMzk1LjM5IDEuMDMzLjM5IDEuNDI3IDBsMTIuMDA3LTEwLjk0Yy4yMS0uMjEuMy0uNDkuMjg0LS43Ny4wMTQtLjI3LS4wNzYtLjU1LS4yODYtLjc2TDEwLjcyIDQuMjkzeiIKICAgICAgICAgIGZpbGw9IiNmZmZmZmYiIG9wYWNpdHk9IjAuOCIgZmlsbC1ydWxlPSJldmVub2RkIi8+Cjwvc3ZnPg==\" alt=\"next arrow\"><\/div><\/div><\/div><\/div><ss3-loader><\/ss3-loader><\/div><\/div><div class=\"n2_clear\"><\/div><\/div><\/ss3-force-full-width><\/div>\n\n\n<div style=\"height:23px\" aria-hidden=\"true\" class=\"wp-block-spacer\"><\/div>\n\n\n<header class=\"header options\">\n<div class=\"content-options cms-content-3a73ee43-b21b-440e-abae-fba7bbfd97a9 autoclear\">El Consejo Escolar del I.E.S. \u201cAntonio de Nebrija\u201d es el \u00f3rgano propio de participaci\u00f3n en el Centro, de cuantos constituyen la Comunidad Escolar.<\/div>\n<\/header>\n<div class=\"description autoclear\">\n<div class=\"main-content autoclear\">\n<p>Estar\u00e1 compuesto por los siguientes miembros:<\/p>\n<ul>\n<li><img loading=\"lazy\" decoding=\"async\" class=\"alignright\" src=\"https:\/\/www.educa2.madrid.org\/web\/educamadrid\/principal\/files\/73e46487-1694-4e23-8b3f-954a4372a890\/consejo%20escolar.jpg?largeSize=true\" width=\"124\" height=\"124\" \/>La Directora del Instituto que ser\u00e1 su presidenta.<\/li>\n<li>La\u00a0 Jefa de Estudios.<\/li>\n<li>Siete profesores elegidos por el claustro.<\/li>\n<li>Tres representantes de los padres de alumnos.<\/li>\n<li>Cuatro representantes de los alumnos.<\/li>\n<li>Un representante del personal de Administraci\u00f3n y Servicios.<\/li>\n<li>Un concejal o representante del ayuntamiento de M\u00f3stoles.<\/li>\n<li>El Secretario del Instituto, que actuar\u00e1 como secretario del consejo escolar, con voz pero sin voto.<\/li>\n<\/ul>\n<p>Las atribuciones del Consejo Escolar est\u00e1n definidas en el Art\u00edculo 127 de la LOMLOE<\/p>\n<p>El Consejo Escolar del Centro tendr\u00e1 las siguientes competencias:<\/p>\n<p class=\"sangrado_2\" style=\"padding-left: 40px;\">a) Aprobar y evaluar los proyectos y las normas a los que se refiere el cap\u00edtulo II del t\u00edtulo V de la presente Ley.<\/p>\n<p class=\"sangrado\" style=\"padding-left: 40px;\">b) Aprobar y evaluar la programaci\u00f3n general anual del centro, sin perjuicio de las competencias del Claustro del profesorado en relaci\u00f3n con la planificaci\u00f3n y organizaci\u00f3n docente.<\/p>\n<p class=\"sangrado\" style=\"padding-left: 40px;\">c) Conocer las candidaturas a la direcci\u00f3n y los proyectos de direcci\u00f3n presentados por los candidatos.<\/p>\n<p class=\"sangrado\" style=\"padding-left: 40px;\">d) Participar en la selecci\u00f3n del director o directora del centro en los t\u00e9rminos que la presente Ley establece. Ser informado del nombramiento y cese de los dem\u00e1s miembros del equipo directivo. En su caso, previo acuerdo de sus miembros, adoptado por mayor\u00eda de dos tercios, proponer la revocaci\u00f3n del nombramiento del director o directora.<\/p>\n<p class=\"sangrado\" style=\"padding-left: 40px;\">e) Decidir sobre la admisi\u00f3n del alumnado con sujeci\u00f3n a lo establecido en esta Ley y disposiciones que la desarrollen.<\/p>\n<p class=\"sangrado\" style=\"padding-left: 40px;\">f) Impulsar la adopci\u00f3n y seguimiento de medidas educativas que fomenten el reconocimiento y protecci\u00f3n de los derechos de la infancia.<\/p>\n<p class=\"sangrado\" style=\"padding-left: 40px;\">g) Proponer medidas e iniciativas que favorezcan los estilos de vida saludable, la convivencia en el centro, la igualdad efectiva de mujeres y hombres, la no discriminaci\u00f3n, la prevenci\u00f3n del acoso escolar y de la violencia de g\u00e9nero y la resoluci\u00f3n pac\u00edfica de conflictos en todos los \u00e1mbitos de la vida personal, familiar y social.<\/p>\n<p class=\"sangrado\" style=\"padding-left: 40px;\">h) Conocer las conductas contrarias a la convivencia y la aplicaci\u00f3n de las medidas educativas, de mediaci\u00f3n y correctoras velando por que se ajusten a la normativa vigente. Cuando las medidas correctoras adoptadas por el director o directora correspondan a conductas del alumnado que perjudiquen gravemente la convivencia del centro, el Consejo Escolar, a instancia de padres, madres o tutores legales o, en su caso, del alumnado, podr\u00e1 revisar la decisi\u00f3n adoptada y proponer, en su caso, las medidas oportunas.<\/p>\n<p class=\"sangrado\" style=\"padding-left: 40px;\">i) Promover progresivamente la conservaci\u00f3n y renovaci\u00f3n de las instalaciones y equipo escolar para la mejora de la calidad y la sostenibilidad y aprobar la obtenci\u00f3n de recursos complementarios de acuerdo con lo establecido en el art\u00edculo 122.3.<\/p>\n<p class=\"sangrado\" style=\"padding-left: 40px;\">j) Fijar las directrices para la colaboraci\u00f3n, con fines educativos y culturales, con las Administraciones locales y con otros centros, entidades y organismos.<\/p>\n<p class=\"sangrado\" style=\"padding-left: 40px;\">k) Analizar y valorar el funcionamiento general del centro, la evoluci\u00f3n del rendimiento escolar y los resultados de las evaluaciones internas y externas en las que participe el centro.<\/p>\n<p class=\"sangrado\" style=\"padding-left: 40px;\">l) Elaborar propuestas e informes, a iniciativa propia o a petici\u00f3n de la Administraci\u00f3n competente, sobre el funcionamiento del centro y la mejora de la calidad de la gesti\u00f3n, as\u00ed como sobre aquellos otros aspectos relacionados con la calidad de la misma.<\/p>\n<p class=\"sangrado\" style=\"padding-left: 40px;\">m) Aprobar el proyecto de presupuesto del centro.<\/p>\n<p class=\"sangrado\" style=\"padding-left: 40px;\">n) Cualesquiera otras que le sean atribuidas por la Administraci\u00f3n educativa.<\/p>\n<\/div>\n<\/div>","protected":false},"excerpt":{"rendered":"<p>El Consejo Escolar del I.E.S. \u201cAntonio de Nebrija\u201d es el \u00f3rgano propio de participaci\u00f3n en el Centro, de cuantos constituyen la Comunidad Escolar. Estar\u00e1 compuesto por los siguientes miembros: La &#8230;<\/p>\n","protected":false},"author":4,"featured_media":0,"parent":0,"menu_order":0,"comment_status":"closed","ping_status":"closed","template":"","meta":{"footnotes":""},"folder":[],"class_list":["post-416","page","type-page","status-publish","hentry"],"rttpg_featured_image_url":null,"rttpg_author":{"display_name":"Carmina Marti Herraiz","author_link":"https:\/\/site.educa.madrid.org\/ies.antoniodenebrija.mostoles\/index.php\/author\/m-carmen_marti-herraiz\/"},"rttpg_comment":0,"rttpg_category":false,"rttpg_excerpt":"El Consejo Escolar del I.E.S. \u201cAntonio de Nebrija\u201d es el \u00f3rgano propio de participaci\u00f3n en el Centro, de cuantos constituyen la Comunidad Escolar. Estar\u00e1 compuesto por los siguientes miembros: La ...","post_mailing_queue_ids":[],"_links":{"self":[{"href":"https:\/\/site.educa.madrid.org\/ies.antoniodenebrija.mostoles\/index.php\/wp-json\/wp\/v2\/pages\/416","targetHints":{"allow":["GET"]}}],"collection":[{"href":"https:\/\/site.educa.madrid.org\/ies.antoniodenebrija.mostoles\/index.php\/wp-json\/wp\/v2\/pages"}],"about":[{"href":"https:\/\/site.educa.madrid.org\/ies.antoniodenebrija.mostoles\/index.php\/wp-json\/wp\/v2\/types\/page"}],"author":[{"embeddable":true,"href":"https:\/\/site.educa.madrid.org\/ies.antoniodenebrija.mostoles\/index.php\/wp-json\/wp\/v2\/users\/4"}],"replies":[{"embeddable":true,"href":"https:\/\/site.educa.madrid.org\/ies.antoniodenebrija.mostoles\/index.php\/wp-json\/wp\/v2\/comments?post=416"}],"version-history":[{"count":5,"href":"https:\/\/site.educa.madrid.org\/ies.antoniodenebrija.mostoles\/index.php\/wp-json\/wp\/v2\/pages\/416\/revisions"}],"predecessor-version":[{"id":2993,"href":"https:\/\/site.educa.madrid.org\/ies.antoniodenebrija.mostoles\/index.php\/wp-json\/wp\/v2\/pages\/416\/revisions\/2993"}],"wp:attachment":[{"href":"https:\/\/site.educa.madrid.org\/ies.antoniodenebrija.mostoles\/index.php\/wp-json\/wp\/v2\/media?parent=416"}],"wp:term":[{"taxonomy":"folder","embeddable":true,"href":"https:\/\/site.educa.madrid.org\/ies.antoniodenebrija.mostoles\/index.php\/wp-json\/wp\/v2\/folder?post=416"}],"curies":[{"name":"wp","href":"https:\/\/api.w.org\/{rel}","templated":true}]}}