{"id":4397,"date":"2026-01-07T14:07:29","date_gmt":"2026-01-07T13:07:29","guid":{"rendered":"https:\/\/site.educa.madrid.org\/ies.antoniodenebrija.mostoles\/?page_id=4397"},"modified":"2026-01-15T12:20:19","modified_gmt":"2026-01-15T11:20:19","slug":"pruebas-acceso-grado-superior-26","status":"publish","type":"page","link":"https:\/\/site.educa.madrid.org\/ies.antoniodenebrija.mostoles\/index.php\/pruebas-acceso-grado-superior-26\/","title":{"rendered":"Pruebas acceso a C.F. de G. S. de F. P. curso 25-26"},"content":{"rendered":"\n<p class=\"has-text-align-center has-black-color has-text-color has-link-color has-small-font-size wp-elements-e7675e5ae972b10bcccc97c57de5654f\">Periodo de inscripci\u00f3n a las pruebas: del&nbsp;<strong>8 al 21 de enero de 2026<\/strong>.<\/p>\n\n\n\n<p class=\"has-text-align-center has-black-color has-text-color has-link-color has-small-font-size wp-elements-945c5d773e624866f234dfc336d66eee\">Enlace para la inscripci\u00f3n de los interesados: <a href=\"https:\/\/raices.madrid.org\/secretariavirtual\" target=\"_blank\" rel=\"noreferrer noopener\"><mark style=\"background-color:rgba(0, 0, 0, 0)\" class=\"has-inline-color has-vivid-cyan-blue-color\">https:\/\/raices.madrid.org\/secretariavirtual<\/mark><\/a><\/p>\n\n\n\n<p class=\"has-text-align-center has-black-color has-text-color has-link-color has-small-font-size wp-elements-f442d250158b1f7700a91ad9c3bdd88b\">Tambi\u00e9n podr\u00e1 efectuarse la inscripci\u00f3n para pruebas de acceso a ciclos formativos de <strong>Grado Superior<\/strong> a trav\u00e9s de la direcci\u00f3n electr\u00f3nica: <\/p>\n\n\n\n<p class=\"has-text-align-center has-black-color has-text-color has-link-color has-small-font-size wp-elements-876a2a5089e847e95ecd0edb2b547f5a\"><a href=\"https:\/\/sede.comunidad.madrid\/ofertas-formacion\/pruebas-acceso-ciclos-grado-superior-0\" target=\"_blank\" rel=\"noreferrer noopener\"><mark style=\"background-color:rgba(0, 0, 0, 0)\" class=\"has-inline-color has-vivid-cyan-blue-color\">https:\/\/sede.comunidad.madrid\/ofertas-formacion\/pruebas-acceso-ciclos-grado-superior-0<\/mark><\/a><\/p>\n\n\n\n<p class=\"has-text-align-center has-black-color has-text-color has-link-color has-small-font-size wp-elements-1691557fb2f7e3586d027e8a5abfcafa\">M\u00e1s <strong>informaci\u00f3n<\/strong> y <strong>modelos de ex\u00e1menes <\/strong>pinchando&nbsp;<a href=\"https:\/\/www.comunidad.madrid\/servicios\/educacion\/pruebas-acceso\" target=\"_blank\" rel=\"noreferrer noopener\"><mark style=\"background-color:rgba(0, 0, 0, 0)\" class=\"has-inline-color has-vivid-cyan-blue-color\">aqu\u00ed, en la p\u00e1gina correspondiente de la Comunidad de Madrid<\/mark><\/a><mark style=\"background-color:rgba(0, 0, 0, 0)\" class=\"has-inline-color has-vivid-cyan-blue-color\">.<\/mark><\/p>\n\n\n\n<div class=\"wp-block-buttons is-content-justification-center is-layout-flex wp-container-core-buttons-is-layout-16018d1d wp-block-buttons-is-layout-flex\">\n<div class=\"wp-block-button is-style-outline is-style-outline--1\"><a class=\"wp-block-button__link has-vivid-red-color has-very-light-gray-to-cyan-bluish-gray-gradient-background has-text-color has-background has-link-color wp-element-button\" href=\"https:\/\/site.educa.madrid.org\/ies.antoniodenebrija.mostoles\/\/wp-content\/uploads\/ies.antoniodenebrija.mostoles\/2026\/01\/EXTRACTOS-ANEXO-IV-y-VII-DECRETO-187-2021.pdf\" target=\"_blank\" rel=\"noreferrer noopener\"><strong>Competencias, contenidos y criterios de evaluaci\u00f3n de la prueba com\u00fan y de la parte espec\u00edfica de acceso a Ciclo Formativos de Grado Superior<\/strong> (anexos IV y V Decreto 187\/2021)<\/a><\/div>\n<\/div>\n\n\n\n<\/br>\n\n\n\n<div class=\"wp-block-buttons is-content-justification-center is-layout-flex wp-container-core-buttons-is-layout-16018d1d wp-block-buttons-is-layout-flex\">\n<div class=\"wp-block-button is-style-outline is-style-outline--2\"><a class=\"wp-block-button__link has-vivid-red-color has-very-light-gray-to-cyan-bluish-gray-gradient-background has-text-color has-background has-link-color wp-element-button\" href=\"https:\/\/site.educa.madrid.org\/ies.antoniodenebrija.mostoles\/\/wp-content\/uploads\/ies.antoniodenebrija.mostoles\/2026\/01\/DOMINIOS-COMPETENCIALES-NIVEL-3-y-4.pdf\"><strong>Marco de referencia para evaluaci\u00f3n y acreditaci\u00f3n de Competencias B\u00e1sicas de personas adultas<\/strong><\/a><\/div>\n<\/div>\n\n\n\n<\/br>\n\n\n\n<div class=\"wp-block-buttons is-content-justification-center is-layout-flex wp-container-core-buttons-is-layout-16018d1d wp-block-buttons-is-layout-flex\">\n<div class=\"wp-block-button is-style-outline is-style-outline--3\"><a class=\"wp-block-button__link has-vivid-red-color has-very-light-gray-to-cyan-bluish-gray-gradient-background has-text-color has-background has-link-color wp-element-button\" href=\"https:\/\/site.educa.madrid.org\/ies.antoniodenebrija.mostoles\/\/wp-content\/uploads\/ies.antoniodenebrija.mostoles\/2026\/01\/ANEXO-6-INSTRUCCIONES-25-26.pdf\"><strong>Listado de centros para la inscripci\u00f3n<\/strong> (anexo 6)<\/a><\/div>\n\n\n\n<div class=\"wp-block-button is-style-outline is-style-outline--4\"><a class=\"wp-block-button__link has-vivid-red-color has-very-light-gray-to-cyan-bluish-gray-gradient-background has-text-color has-background has-link-color wp-element-button\" href=\"https:\/\/site.educa.madrid.org\/ies.antoniodenebrija.mostoles\/\/wp-content\/uploads\/ies.antoniodenebrija.mostoles\/2026\/01\/ANEXO-1-INSTRUCCIONES-25-26.pdf\"><strong>Plazos de inscripci\u00f3n y fechas de pruebas<\/strong> (anexo 1)<\/a><\/div>\n<\/div>\n\n\n\n<\/br>\n\n\n\n<p class=\"has-text-align-center has-vivid-red-color has-text-color has-link-color has-medium-font-size wp-elements-591c5734d47face3dc6d70c25883bde3\"><strong>EX\u00c1MENES D\u00cdAS 12 Y 13 DE MAYO<\/strong><\/p>\n\n\n\n<p class=\"has-text-align-center has-black-color has-text-color has-link-color has-small-font-size wp-elements-3a9de50d5afa98528e29878d11baffc1\"><strong><u>D\u00cdA 12 DE MAYO<\/u><\/strong><\/p>\n\n\n\n<p class=\"has-text-align-center has-black-color has-text-color has-link-color has-small-font-size wp-elements-2334ae228efd5ba94d2f9d90285e850f\">15:30 CITACI\u00d3N Y ACREDITACI\u00d3N DE LOS PARTICIPANTES<\/p>\n\n\n\n<p class=\"has-text-align-center has-black-color has-text-color has-link-color has-small-font-size wp-elements-2183c9626b2e5df9c1dfa35c2114968b\">16:00-17:30 EJERCICIO DE<strong> LENGUA CASTELLANA<\/strong>. DURCI\u00d3N 90 MINUTOS<\/p>\n\n\n\n<p class=\"has-text-align-center has-black-color has-text-color has-link-color has-small-font-size wp-elements-eee37a7bf726fb05c199b53622be3704\">18:00-19:00 EJERCICIO DE <strong>INGL\u00c9S<\/strong>. DURACI\u00d3N 60 MINUTOS<\/p>\n\n\n\n<p class=\"has-text-align-center has-black-color has-text-color has-link-color has-small-font-size wp-elements-79773c265b79271e1c21fcfc06cfc2dd\">19:30-20:30 EJERCICIO DE <strong>DIGITALIZACI\u00d3N<\/strong>. DURACI\u00d3N 60 MINUTOS<\/p>\n\n\n\n<p class=\"has-text-align-center has-black-color has-text-color has-link-color has-small-font-size wp-elements-4eae0cc735da4bea8097c407fb88eac5\"><strong><u>D\u00cdA 13 DE MAYO<\/u><\/strong><\/p>\n\n\n\n<p class=\"has-text-align-center has-black-color has-text-color has-link-color has-small-font-size wp-elements-dbf4d5f55690b028aa650db617322c27\">15:30 HORAS CITACI\u00d3N Y ACREDITACI\u00d3N DE LOS PARTICIPANTES<\/p>\n\n\n\n<p class=\"has-text-align-center has-black-color has-text-color has-link-color has-small-font-size wp-elements-53e589de3e6483906dda2c6afb6af20e\">16:00-17:30 EJERCICIO DE <strong>MATEM\u00c1TICAS<\/strong> \/\/ EJERCICIO DE <strong>HISTORIA DE ESPA\u00d1A<\/strong> (para los inscritos por la v\u00eda de artes pl\u00e1stica y dise\u00f1o con esta elecci\u00f3n). DURACI\u00d3N 90 MINUTOS<\/p>\n\n\n\n<p class=\"has-text-align-center has-black-color has-text-color has-link-color has-small-font-size wp-elements-46c2b3369b3d0e8110d3a466a6826c5a\">18:00-19:30 EJERCICIO DE <strong>COMPETENCIA CLAVE ESPEC\u00cdFICA DE LIBRE ELECCI\u00d3N<\/strong> (para los inscritos por la v\u00eda de formaci\u00f3n profesional) \/\/ EJERCICIO DE <strong>BIOLOG\u00cdA<\/strong> (para los inscritos por la v\u00eda de ense\u00f1anzas deportivas y habi\u00e9ndolo elegido en lugar del de Matem\u00e1ticas). DURACI\u00d3N 90 MINUTOS<\/p>\n\n\n\n<div style=\"height:53px\" aria-hidden=\"true\" class=\"wp-block-spacer\"><\/div>\n\n\n\n<div class=\"wp-block-buttons is-content-justification-center is-layout-flex wp-container-core-buttons-is-layout-16018d1d wp-block-buttons-is-layout-flex\">\n<div class=\"wp-block-button is-style-outline is-style-outline--5\"><a class=\"wp-block-button__link has-vivid-red-color has-very-light-gray-to-cyan-bluish-gray-gradient-background has-text-color has-background has-link-color wp-element-button\" href=\"https:\/\/site.educa.madrid.org\/ies.antoniodenebrija.mostoles\/\/wp-content\/uploads\/ies.antoniodenebrija.mostoles\/2026\/01\/informacion-pruebas-acceso-cfgm-2025.pdf\" target=\"_blank\" rel=\"noreferrer noopener\"><strong>Resumen infogr\u00e1fico pruebas CF<\/strong><\/a><\/div>\n\n\n\n<div class=\"wp-block-button is-style-outline is-style-outline--6\"><a class=\"wp-block-button__link has-vivid-red-color has-very-light-gray-to-cyan-bluish-gray-gradient-background has-text-color has-background has-link-color wp-element-button\" href=\"https:\/\/site.educa.madrid.org\/ies.antoniodenebrija.mostoles\/\/wp-content\/uploads\/ies.antoniodenebrija.mostoles\/2026\/01\/BOCM-20251128-33.pdf\" target=\"_blank\" rel=\"noreferrer noopener\"><strong>BOCM<\/strong><\/a><\/div>\n<\/div>\n\n\n\n<p class=\"has-text-align-center\"><\/p>\n\n\n\n<p class=\"has-text-align-center has-black-color has-text-color has-link-color has-medium-font-size wp-elements-4b2225fb737fef7c3932b96bd3a62691\"><\/p>\n","protected":false},"excerpt":{"rendered":"<p>Periodo de inscripci\u00f3n a las pruebas: del&nbsp;8 al 21 de enero de 2026. Enlace para la inscripci\u00f3n de los interesados: https:\/\/raices.madrid.org\/secretariavirtual Tambi\u00e9n podr\u00e1 efectuarse la inscripci\u00f3n para pruebas de acceso &#8230;<\/p>\n","protected":false},"author":11,"featured_media":0,"parent":0,"menu_order":0,"comment_status":"closed","ping_status":"closed","template":"","meta":{"footnotes":""},"folder":[],"class_list":["post-4397","page","type-page","status-publish","hentry"],"rttpg_featured_image_url":null,"rttpg_author":{"display_name":"Alicia C\u00e1ceres Garc\u00eda","author_link":"https:\/\/site.educa.madrid.org\/ies.antoniodenebrija.mostoles\/index.php\/author\/alicia_caceres-garcia\/"},"rttpg_comment":0,"rttpg_category":false,"rttpg_excerpt":"Periodo de inscripci\u00f3n a las pruebas: del&nbsp;8 al 21 de enero de 2026. Enlace para la inscripci\u00f3n de los interesados: https:\/\/raices.madrid.org\/secretariavirtual Tambi\u00e9n podr\u00e1 efectuarse la inscripci\u00f3n para pruebas de acceso ...","post_mailing_queue_ids":[],"_links":{"self":[{"href":"https:\/\/site.educa.madrid.org\/ies.antoniodenebrija.mostoles\/index.php\/wp-json\/wp\/v2\/pages\/4397","targetHints":{"allow":["GET"]}}],"collection":[{"href":"https:\/\/site.educa.madrid.org\/ies.antoniodenebrija.mostoles\/index.php\/wp-json\/wp\/v2\/pages"}],"about":[{"href":"https:\/\/site.educa.madrid.org\/ies.antoniodenebrija.mostoles\/index.php\/wp-json\/wp\/v2\/types\/page"}],"author":[{"embeddable":true,"href":"https:\/\/site.educa.madrid.org\/ies.antoniodenebrija.mostoles\/index.php\/wp-json\/wp\/v2\/users\/11"}],"replies":[{"embeddable":true,"href":"https:\/\/site.educa.madrid.org\/ies.antoniodenebrija.mostoles\/index.php\/wp-json\/wp\/v2\/comments?post=4397"}],"version-history":[{"count":29,"href":"https:\/\/site.educa.madrid.org\/ies.antoniodenebrija.mostoles\/index.php\/wp-json\/wp\/v2\/pages\/4397\/revisions"}],"predecessor-version":[{"id":4467,"href":"https:\/\/site.educa.madrid.org\/ies.antoniodenebrija.mostoles\/index.php\/wp-json\/wp\/v2\/pages\/4397\/revisions\/4467"}],"wp:attachment":[{"href":"https:\/\/site.educa.madrid.org\/ies.antoniodenebrija.mostoles\/index.php\/wp-json\/wp\/v2\/media?parent=4397"}],"wp:term":[{"taxonomy":"folder","embeddable":true,"href":"https:\/\/site.educa.madrid.org\/ies.antoniodenebrija.mostoles\/index.php\/wp-json\/wp\/v2\/folder?post=4397"}],"curies":[{"name":"wp","href":"https:\/\/api.w.org\/{rel}","templated":true}]}}