{"id":4760,"date":"2026-02-24T22:46:29","date_gmt":"2026-02-24T21:46:29","guid":{"rendered":"https:\/\/site.educa.madrid.org\/ies.antoniodenebrija.mostoles\/?page_id=4760"},"modified":"2026-02-24T22:46:29","modified_gmt":"2026-02-24T21:46:29","slug":"proyecto-musical-ubuntu-zircus","status":"publish","type":"page","link":"https:\/\/site.educa.madrid.org\/ies.antoniodenebrija.mostoles\/index.php\/proyecto-musical-ubuntu-zircus\/","title":{"rendered":"Proyecto musical Ubunt\u00fa Zircus"},"content":{"rendered":"<p>Estamos felices de anunciar que el alumnado de Taller de M\u00fasica de 2\u00ba de ESO participar\u00e1 en el proyecto musical Ubunt\u00fa Zircus en colaboraci\u00f3n con la Orquesta Carlos III.<\/p>\n<p>Ubunt\u00fa es un proyecto reconocido por la UNESCO por sus valores y objetivos y galardonado con el Premio Defensor del Menor de la Comunidad de Madrid.<\/p>\n<p>En esta ocasi\u00f3n nuestros alumnos pondr\u00e1n en escena el 10 de mayo en el Teatro Buero Vallejo de Alcorc\u00f3n un musical colaborativo que trabajar\u00e1n vocalmente en clase con su profesora Esther Bautista.<\/p>\n<p>Con m\u00fasica original de los compositores @juanmanuelalonso.dir y @by_albertofrias, Ubunt\u00fa Zircus est\u00e1 ambientada en un circo cl\u00e1sico y se centra en el valor de la risa y el poder transformador de la amistad: la risa puede cambiar el mundo y el bullying solo se derrota juntos.<\/p>\n<p>\u00a1Qu\u00e9 ganas de empezar a trabajar! \u00a1Qu\u00e9 no pare la m\u00fasica!<\/p>\n<p>&nbsp;<\/p>\n<div class=\"wp-block-image\">\n<figure class=\"aligncenter size-full\"><a href=\"https:\/\/somosubuntu.es\/el-musical\/\" target=\"_blank\" rel=\"noreferrer noopener\"><img loading=\"lazy\" decoding=\"async\" class=\"wp-image-4193\" src=\"https:\/\/site.educa.madrid.org\/ies.antoniodenebrija.mostoles\/\/wp-content\/uploads\/ies.antoniodenebrija.mostoles\/2025\/10\/images.jpeg\" alt=\"\" width=\"462\" height=\"662\" srcset=\"https:\/\/site.educa.madrid.org\/ies.antoniodenebrija.mostoles\/\/wp-content\/uploads\/ies.antoniodenebrija.mostoles\/2025\/10\/images.jpeg 462w, https:\/\/site.educa.madrid.org\/ies.antoniodenebrija.mostoles\/\/wp-content\/uploads\/ies.antoniodenebrija.mostoles\/2025\/10\/images-209x300.jpeg 209w\" sizes=\"auto, (max-width: 462px) 100vw, 462px\" \/><\/a><\/figure>\n<\/div>\n","protected":false},"excerpt":{"rendered":"<p>Estamos felices de anunciar que el alumnado de Taller de M\u00fasica de 2\u00ba de ESO participar\u00e1 en el proyecto musical Ubunt\u00fa Zircus en colaboraci\u00f3n con la Orquesta Carlos III. Ubunt\u00fa &#8230;<\/p>\n","protected":false},"author":11,"featured_media":0,"parent":0,"menu_order":0,"comment_status":"closed","ping_status":"closed","template":"","meta":{"footnotes":""},"folder":[],"class_list":["post-4760","page","type-page","status-publish","hentry"],"rttpg_featured_image_url":null,"rttpg_author":{"display_name":"Alicia C\u00e1ceres Garc\u00eda","author_link":"https:\/\/site.educa.madrid.org\/ies.antoniodenebrija.mostoles\/index.php\/author\/alicia_caceres-garcia\/"},"rttpg_comment":0,"rttpg_category":false,"rttpg_excerpt":"Estamos felices de anunciar que el alumnado de Taller de M\u00fasica de 2\u00ba de ESO participar\u00e1 en el proyecto musical Ubunt\u00fa Zircus en colaboraci\u00f3n con la Orquesta Carlos III. Ubunt\u00fa ...","post_mailing_queue_ids":[],"_links":{"self":[{"href":"https:\/\/site.educa.madrid.org\/ies.antoniodenebrija.mostoles\/index.php\/wp-json\/wp\/v2\/pages\/4760","targetHints":{"allow":["GET"]}}],"collection":[{"href":"https:\/\/site.educa.madrid.org\/ies.antoniodenebrija.mostoles\/index.php\/wp-json\/wp\/v2\/pages"}],"about":[{"href":"https:\/\/site.educa.madrid.org\/ies.antoniodenebrija.mostoles\/index.php\/wp-json\/wp\/v2\/types\/page"}],"author":[{"embeddable":true,"href":"https:\/\/site.educa.madrid.org\/ies.antoniodenebrija.mostoles\/index.php\/wp-json\/wp\/v2\/users\/11"}],"replies":[{"embeddable":true,"href":"https:\/\/site.educa.madrid.org\/ies.antoniodenebrija.mostoles\/index.php\/wp-json\/wp\/v2\/comments?post=4760"}],"version-history":[{"count":1,"href":"https:\/\/site.educa.madrid.org\/ies.antoniodenebrija.mostoles\/index.php\/wp-json\/wp\/v2\/pages\/4760\/revisions"}],"predecessor-version":[{"id":4761,"href":"https:\/\/site.educa.madrid.org\/ies.antoniodenebrija.mostoles\/index.php\/wp-json\/wp\/v2\/pages\/4760\/revisions\/4761"}],"wp:attachment":[{"href":"https:\/\/site.educa.madrid.org\/ies.antoniodenebrija.mostoles\/index.php\/wp-json\/wp\/v2\/media?parent=4760"}],"wp:term":[{"taxonomy":"folder","embeddable":true,"href":"https:\/\/site.educa.madrid.org\/ies.antoniodenebrija.mostoles\/index.php\/wp-json\/wp\/v2\/folder?post=4760"}],"curies":[{"name":"wp","href":"https:\/\/api.w.org\/{rel}","templated":true}]}}