{"id":4863,"date":"2026-03-04T23:06:42","date_gmt":"2026-03-04T22:06:42","guid":{"rendered":"https:\/\/site.educa.madrid.org\/ies.antoniodenebrija.mostoles\/?page_id=4863"},"modified":"2026-03-04T23:51:29","modified_gmt":"2026-03-04T22:51:29","slug":"ipafd","status":"publish","type":"page","link":"https:\/\/site.educa.madrid.org\/ies.antoniodenebrija.mostoles\/index.php\/ipafd\/","title":{"rendered":"IPAFD"},"content":{"rendered":"<h2 class=\"has-text-align-center\" style=\"text-align: center;\"><strong>Institutos promotores de actividad f\u00edsica y deporte<\/strong><\/h2>\n<p class=\"has-text-align-center\" style=\"text-align: center;\">\u00a1Empezamos! Inicio el\u00a0<strong>2 de octubre<\/strong>\u00a0con<strong>\u00a0f\u00fatbol<\/strong>, el\u00a0<strong>6 de octubre<\/strong>\u00a0con\u00a0<strong>baloncesto y balonmano<\/strong>\u00a0y el\u00a0<strong>7 de octubre\u00a0<\/strong>con voleibol. Matr\u00edcula abierta. La hoja de inscripci\u00f3n puede\u00a0<a href=\"https:\/\/site.educa.madrid.org\/ies.antoniodenebrija.mostoles\/\/wp-content\/uploads\/ies.antoniodenebrija.mostoles\/2025\/09\/hoja-inscripcion-ipafd-25_26-1.pdf\" target=\"_blank\" rel=\"noreferrer noopener\">descargarse aqu\u00ed<\/a>.<\/p>\n<p class=\"has-text-align-center\" style=\"text-align: center;\">Baloncesto LX 16.00-17.30<\/p>\n<p class=\"has-text-align-center\" style=\"text-align: center;\">Balonmano LX 16-17.30<\/p>\n<p class=\"has-text-align-center\" style=\"text-align: center;\">F\u00fatbol MJ 16.30-18<\/p>\n<p class=\"has-text-align-center\" style=\"text-align: center;\">Voleibol: MJ G1 (1-2 ESO): 16-17:15. G2 (3-4 ESO): 17:15-18:30.<\/p>\n<p class=\"has-text-align-center\" style=\"text-align: center;\">Debido a ciertas circunstancias (alta demanda de la escuela de voleibol, nuevas incorporaciones, cambios de entrenador, etc.) los horarios se han ido modificando desde octubre (actualizado a 12 de enero de 2026).<\/p>\n<h3 class=\"has-text-align-center has-vivid-red-color has-text-color has-link-color wp-elements-38d45083c602446f1eba072df8aa3a80\" style=\"text-align: center;\"><strong>Aviso importante<\/strong><\/h3>\n<p class=\"has-text-align-center\" style=\"text-align: center;\">Recordamos tambi\u00e9n que existe un Google Classroom donde se actualizan todas las novedades relacionadas con los entrenamientos. Por ejemplo, si por causas ajenas fuera necesario cancelar un entrenamiento, se avisar\u00e1 a trav\u00e9s de dicho Classroom. Las claves de acceso para el Google Classroom se pueden solicitar a cualquier profesor del departamento de Educaci\u00f3n F\u00edsica.<\/p>\n\n\n<div class=\"wp-block-columns is-layout-flex wp-container-core-columns-is-layout-9d6595d7 wp-block-columns-is-layout-flex\">\n<div class=\"wp-block-column is-layout-flow wp-block-column-is-layout-flow\"><div class=\"wp-block-image\">\n<figure class=\"aligncenter size-full is-resized\"><img loading=\"lazy\" decoding=\"async\" width=\"177\" height=\"231\" src=\"https:\/\/site.educa.madrid.org\/ies.antoniodenebrija.mostoles\/\/wp-content\/uploads\/ies.antoniodenebrija.mostoles\/2026\/03\/IPAFD-LOGO-SIN-PRECIO.png\" alt=\"\" class=\"wp-image-4879\" style=\"width:259px;height:auto\"\/><\/figure>\n<\/div><\/div>\n\n\n\n<div class=\"wp-block-column is-layout-flow wp-block-column-is-layout-flow\">\n<p class=\"has-text-align-center\">El deporte se ha convertido en una parte fundamental de la vida de nuestros alumnos y de su salud. Desde la Comunidad de Madrid y la Direcci\u00f3n General de Deportes han puesto en marcha este programa para dar vida a los centros escolares por las tardes haciendo que el alumnado pueda practicar deporte a un precio simb\u00f3lico, con monitores especializados en cada deporte.<\/p>\n\n\n\n<p class=\"has-text-align-center\">Para ello, cada centro participante ha tenido que preparar a conciencia este proyecto hasta conseguir involucrar a un m\u00ednimo de su alumnado. El IES Antonio de Nebrija lo ha conseguido gracias al empe\u00f1o del departamento de Educaci\u00f3n F\u00edsica y de su responsable V\u00edctor Bravo.<\/p>\n\n\n\n<p class=\"has-text-align-center\"><\/p>\n<\/div>\n<\/div>\n\n\n<div class=\"wp-block-image\">\n<figure class=\"aligncenter size-full\"><img loading=\"lazy\" decoding=\"async\" width=\"767\" height=\"389\" src=\"https:\/\/site.educa.madrid.org\/ies.antoniodenebrija.mostoles\/\/wp-content\/uploads\/ies.antoniodenebrija.mostoles\/2026\/03\/ipafd-I.png\" alt=\"\" class=\"wp-image-4882\" srcset=\"https:\/\/site.educa.madrid.org\/ies.antoniodenebrija.mostoles\/\/wp-content\/uploads\/ies.antoniodenebrija.mostoles\/2026\/03\/ipafd-I.png 767w, https:\/\/site.educa.madrid.org\/ies.antoniodenebrija.mostoles\/\/wp-content\/uploads\/ies.antoniodenebrija.mostoles\/2026\/03\/ipafd-I-300x152.png 300w\" sizes=\"auto, (max-width: 767px) 100vw, 767px\" \/><\/figure>\n<\/div>","protected":false},"excerpt":{"rendered":"<p>Institutos promotores de actividad f\u00edsica y deporte \u00a1Empezamos! Inicio el\u00a02 de octubre\u00a0con\u00a0f\u00fatbol, el\u00a06 de octubre\u00a0con\u00a0baloncesto y balonmano\u00a0y el\u00a07 de octubre\u00a0con voleibol. Matr\u00edcula abierta. La hoja de inscripci\u00f3n puede\u00a0descargarse aqu\u00ed. Baloncesto &#8230;<\/p>\n","protected":false},"author":11,"featured_media":4023,"parent":0,"menu_order":0,"comment_status":"closed","ping_status":"closed","template":"","meta":{"footnotes":""},"folder":[],"class_list":["post-4863","page","type-page","status-publish","has-post-thumbnail","hentry"],"rttpg_featured_image_url":{"full":["https:\/\/site.educa.madrid.org\/ies.antoniodenebrija.mostoles\/\/wp-content\/uploads\/ies.antoniodenebrija.mostoles\/2025\/09\/infografia-ipafd.png",1024,1536,false],"landscape":["https:\/\/site.educa.madrid.org\/ies.antoniodenebrija.mostoles\/\/wp-content\/uploads\/ies.antoniodenebrija.mostoles\/2025\/09\/infografia-ipafd.png",1024,1536,false],"portraits":["https:\/\/site.educa.madrid.org\/ies.antoniodenebrija.mostoles\/\/wp-content\/uploads\/ies.antoniodenebrija.mostoles\/2025\/09\/infografia-ipafd.png",1024,1536,false],"thumbnail":["https:\/\/site.educa.madrid.org\/ies.antoniodenebrija.mostoles\/\/wp-content\/uploads\/ies.antoniodenebrija.mostoles\/2025\/09\/infografia-ipafd-150x150.png",150,150,true],"medium":["https:\/\/site.educa.madrid.org\/ies.antoniodenebrija.mostoles\/\/wp-content\/uploads\/ies.antoniodenebrija.mostoles\/2025\/09\/infografia-ipafd-200x300.png",200,300,true],"large":["https:\/\/site.educa.madrid.org\/ies.antoniodenebrija.mostoles\/\/wp-content\/uploads\/ies.antoniodenebrija.mostoles\/2025\/09\/infografia-ipafd-683x1024.png",683,1024,true],"thumblist":["https:\/\/site.educa.madrid.org\/ies.antoniodenebrija.mostoles\/\/wp-content\/uploads\/ies.antoniodenebrija.mostoles\/2025\/09\/infografia-ipafd-300x300.png",300,300,true],"thumbrelated":["https:\/\/site.educa.madrid.org\/ies.antoniodenebrija.mostoles\/\/wp-content\/uploads\/ies.antoniodenebrija.mostoles\/2025\/09\/infografia-ipafd-500x500.png",500,500,true],"meccarouselthumb":["https:\/\/site.educa.madrid.org\/ies.antoniodenebrija.mostoles\/\/wp-content\/uploads\/ies.antoniodenebrija.mostoles\/2025\/09\/infografia-ipafd-474x324.png",474,324,true],"gridsquare":["https:\/\/site.educa.madrid.org\/ies.antoniodenebrija.mostoles\/\/wp-content\/uploads\/ies.antoniodenebrija.mostoles\/2025\/09\/infografia-ipafd-391x260.png",391,260,true],"tileview":["https:\/\/site.educa.madrid.org\/ies.antoniodenebrija.mostoles\/\/wp-content\/uploads\/ies.antoniodenebrija.mostoles\/2025\/09\/infografia-ipafd-300x400.png",300,400,true],"1536x1536":["https:\/\/site.educa.madrid.org\/ies.antoniodenebrija.mostoles\/\/wp-content\/uploads\/ies.antoniodenebrija.mostoles\/2025\/09\/infografia-ipafd.png",1024,1536,false],"2048x2048":["https:\/\/site.educa.madrid.org\/ies.antoniodenebrija.mostoles\/\/wp-content\/uploads\/ies.antoniodenebrija.mostoles\/2025\/09\/infografia-ipafd.png",1024,1536,false],"onepress-blog-small":["https:\/\/site.educa.madrid.org\/ies.antoniodenebrija.mostoles\/\/wp-content\/uploads\/ies.antoniodenebrija.mostoles\/2025\/09\/infografia-ipafd-300x150.png",300,150,true],"onepress-small":["https:\/\/site.educa.madrid.org\/ies.antoniodenebrija.mostoles\/\/wp-content\/uploads\/ies.antoniodenebrija.mostoles\/2025\/09\/infografia-ipafd-480x300.png",480,300,true],"onepress-medium":["https:\/\/site.educa.madrid.org\/ies.antoniodenebrija.mostoles\/\/wp-content\/uploads\/ies.antoniodenebrija.mostoles\/2025\/09\/infografia-ipafd-640x400.png",640,400,true],"sow-carousel-default":["https:\/\/site.educa.madrid.org\/ies.antoniodenebrija.mostoles\/\/wp-content\/uploads\/ies.antoniodenebrija.mostoles\/2025\/09\/infografia-ipafd-272x182.png",272,182,true],"sow-post-carousel-overlay-theme":["https:\/\/site.educa.madrid.org\/ies.antoniodenebrija.mostoles\/\/wp-content\/uploads\/ies.antoniodenebrija.mostoles\/2025\/09\/infografia-ipafd.png",317,476,false],"sow-post-carousel-cards-theme":["https:\/\/site.educa.madrid.org\/ies.antoniodenebrija.mostoles\/\/wp-content\/uploads\/ies.antoniodenebrija.mostoles\/2025\/09\/infografia-ipafd.png",160,240,false],"rt_custom":["https:\/\/site.educa.madrid.org\/ies.antoniodenebrija.mostoles\/\/wp-content\/uploads\/ies.antoniodenebrija.mostoles\/2025\/09\/infografia-ipafd.png",1024,1536,false]},"rttpg_author":{"display_name":"Alicia C\u00e1ceres Garc\u00eda","author_link":"https:\/\/site.educa.madrid.org\/ies.antoniodenebrija.mostoles\/index.php\/author\/alicia_caceres-garcia\/"},"rttpg_comment":0,"rttpg_category":false,"rttpg_excerpt":"Institutos promotores de actividad f\u00edsica y deporte \u00a1Empezamos! Inicio el\u00a02 de octubre\u00a0con\u00a0f\u00fatbol, el\u00a06 de octubre\u00a0con\u00a0baloncesto y balonmano\u00a0y el\u00a07 de octubre\u00a0con voleibol. Matr\u00edcula abierta. La hoja de inscripci\u00f3n puede\u00a0descargarse aqu\u00ed. Baloncesto ...","post_mailing_queue_ids":[],"_links":{"self":[{"href":"https:\/\/site.educa.madrid.org\/ies.antoniodenebrija.mostoles\/index.php\/wp-json\/wp\/v2\/pages\/4863","targetHints":{"allow":["GET"]}}],"collection":[{"href":"https:\/\/site.educa.madrid.org\/ies.antoniodenebrija.mostoles\/index.php\/wp-json\/wp\/v2\/pages"}],"about":[{"href":"https:\/\/site.educa.madrid.org\/ies.antoniodenebrija.mostoles\/index.php\/wp-json\/wp\/v2\/types\/page"}],"author":[{"embeddable":true,"href":"https:\/\/site.educa.madrid.org\/ies.antoniodenebrija.mostoles\/index.php\/wp-json\/wp\/v2\/users\/11"}],"replies":[{"embeddable":true,"href":"https:\/\/site.educa.madrid.org\/ies.antoniodenebrija.mostoles\/index.php\/wp-json\/wp\/v2\/comments?post=4863"}],"version-history":[{"count":9,"href":"https:\/\/site.educa.madrid.org\/ies.antoniodenebrija.mostoles\/index.php\/wp-json\/wp\/v2\/pages\/4863\/revisions"}],"predecessor-version":[{"id":4883,"href":"https:\/\/site.educa.madrid.org\/ies.antoniodenebrija.mostoles\/index.php\/wp-json\/wp\/v2\/pages\/4863\/revisions\/4883"}],"wp:featuredmedia":[{"embeddable":true,"href":"https:\/\/site.educa.madrid.org\/ies.antoniodenebrija.mostoles\/index.php\/wp-json\/wp\/v2\/media\/4023"}],"wp:attachment":[{"href":"https:\/\/site.educa.madrid.org\/ies.antoniodenebrija.mostoles\/index.php\/wp-json\/wp\/v2\/media?parent=4863"}],"wp:term":[{"taxonomy":"folder","embeddable":true,"href":"https:\/\/site.educa.madrid.org\/ies.antoniodenebrija.mostoles\/index.php\/wp-json\/wp\/v2\/folder?post=4863"}],"curies":[{"name":"wp","href":"https:\/\/api.w.org\/{rel}","templated":true}]}}